{"id":1003,"date":"2018-08-31T09:39:02","date_gmt":"2018-08-31T09:39:02","guid":{"rendered":"https:\/\/glazbena.hr\/wp\/?page_id=1003"},"modified":"2024-08-25T08:59:12","modified_gmt":"2024-08-25T07:59:12","slug":"podrucni-odjel-u-ivancu","status":"publish","type":"page","link":"https:\/\/glazbena.hr\/gb\/podrucni-odjel-u-ivancu\/","title":{"rendered":"Ivanec regional department"},"content":{"rendered":"<p><strong>HEAD OF THE DEPARTMENT<\/strong><\/p>\n<p><strong>Sandra \u0160incek<\/strong><\/p>\n<p>Sandra \u0160incek was born in Vara\u017edin on 17 February 1984. She completed her secondary education as a music theory major and in 2002 she pursued her studies at the Academy of Music in Pula as a Music Culture major.<\/p>\n<p>Upon graduation, she started working at the Vara\u017edin School of Music, and 2 years later she was appointed Head of the Lepoglava Regional Department, where she also teaches solfeggio and piano, and leads the choir.<\/p>\n","protected":false},"excerpt":{"rendered":"<p>HEAD OF THE DEPARTMENT Sandra \u0160incek Sandra \u0160incek was born in Vara\u017edin on 17 February 1984. She completed her secondary education as a music theory major and in 2002 she pursued her studies at the Academy of Music in Pula as a Music Culture major. Upon graduation, she started working at the Vara\u017edin School of [&hellip;]<\/p>\n","protected":false},"author":5,"featured_media":0,"parent":0,"menu_order":0,"comment_status":"closed","ping_status":"closed","template":"","meta":{"footnotes":""},"class_list":["post-1003","page","type-page","status-publish","hentry"],"translation":{"provider":"WPGlobus","version":"3.0.0","language":"gb","enabled_languages":["hr","gb"],"languages":{"hr":{"title":true,"content":true,"excerpt":false},"gb":{"title":true,"content":true,"excerpt":false}}},"_links":{"self":[{"href":"https:\/\/glazbena.hr\/gb\/wp-json\/wp\/v2\/pages\/1003","targetHints":{"allow":["GET"]}}],"collection":[{"href":"https:\/\/glazbena.hr\/gb\/wp-json\/wp\/v2\/pages"}],"about":[{"href":"https:\/\/glazbena.hr\/gb\/wp-json\/wp\/v2\/types\/page"}],"author":[{"embeddable":true,"href":"https:\/\/glazbena.hr\/gb\/wp-json\/wp\/v2\/users\/5"}],"replies":[{"embeddable":true,"href":"https:\/\/glazbena.hr\/gb\/wp-json\/wp\/v2\/comments?post=1003"}],"version-history":[{"count":3,"href":"https:\/\/glazbena.hr\/gb\/wp-json\/wp\/v2\/pages\/1003\/revisions"}],"predecessor-version":[{"id":31625,"href":"https:\/\/glazbena.hr\/gb\/wp-json\/wp\/v2\/pages\/1003\/revisions\/31625"}],"wp:attachment":[{"href":"https:\/\/glazbena.hr\/gb\/wp-json\/wp\/v2\/media?parent=1003"}],"curies":[{"name":"wp","href":"https:\/\/api.w.org\/{rel}","templated":true}]}}