{"id":1005,"date":"2018-08-31T09:39:31","date_gmt":"2018-08-31T09:39:31","guid":{"rendered":"https:\/\/glazbena.hr\/wp\/?page_id=1005"},"modified":"2018-09-04T11:29:32","modified_gmt":"2018-09-04T11:29:32","slug":"voditelj-odjela","status":"publish","type":"page","link":"https:\/\/glazbena.hr\/gb\/podrucni-odjel-u-ivancu\/voditelj-odjela\/","title":{"rendered":"Voditelj odjela"},"content":{"rendered":"<p><strong>Danijel Ljubi\u0107<\/strong><\/p>\n<p>Zavr\u0161io je osnovnu glazbenu \u0161kolu kod nastavnice Danice Ljubi\u0107, a srednju \u0161kolu u Vara\u017edinu u klasi profesorice Olimpije Vojvoda. Diplomirao je na Muzi\u010dkoj akademiji u Zagrebu u klasi profesora Vladimira Krpana, te je svoj diplomski koncert u maloj dvorani Hrvatskog glazbenog zavoda potvrdio odli\u010dnim uspjehom, umjetni\u010dkim dojmom izrazite koncertne dispozicije, prvorazredne koncentracije i ogromne stvarala\u010dke energije.<br \/>\nTijekom \u0161kolovanja nastupao je na brojnim produkcijama \u0161kole kao i prigodnim koncertima \u017dupanije i Grada te Muzi\u010dke akademije. Bio je stipendist Vara\u017edinske \u017eupanije za posebno talentirane glazbenike.<br \/>\nNa hrvatskim natjecanjima u Zagrebu, Dubrovniku i Karlovcu osvojio je prve, drugu i \u010detvrte nagrade. Sudjelovao je i na me\u0111unarodnom natjecanju u Marsali (Italija &#8211; Sicilija), gdje je kao najmla\u0111i sudionik primio posebnu diplomu uz izvrsne kritike \u017eirija.<br \/>\nNastupio je na Dubrova\u010dkom ljetnom festivalu u sklopu me\u0111unarodne EPTA-ine pijanisti\u010dke \u0161kole u Dubrovniku, gdje je od 1996. &#8211; 2001. godine bio redoviti polaznik seminara uglednih europskih pedagoga (Benda, Grindea, Jacobson, Baranyay, Muraro, Pavarana, Antonioli).<br \/>\nPoha\u0111ao je seminare kod prof. Rubena Dalibaltayana (Armenija) u Makarskoj i Zagrebu na Me\u0111unarodnoj \u0161koli Clavis, te kod prof. Franca Scale u Bardonechii (Italija), kod kojeg upisuje poslijediplomski studij na Muzi\u010dkoj akademiji u Pinerolu (Italija). Ubrzo upisuje i drugi poslijediplomski studij- magisterij na Muzi\u010dkoj akademiji u Zagrebu u klasi prof. Vladimira Krpana. Nakon zavr\u0161enih poslijediplomskih studija &#8211; magisterija dobiva titulu magistra klavira. Na magisteriju u\u010di i \u010dembalo kod prof. Vi\u0161nje Ma\u017euran.<br \/>\nOdr\u017eao je brojne recitale u zemlji i inozemstvu. Na 34. Vara\u017edinskim baroknim ve\u010derima nastupio je sa Zagreba\u010dkim solistima kao 1. klavir u Bachovu koncertu za 4 klavira i guda\u010de u a-molu, uz odli\u010dne kritike za nastup.<br \/>\nOd 2004. godine do danas zaposlen je kao profesor klavira, komorne glazbe (klavirski duo) i korepeticije u Glazbenoj \u0161koli u Vara\u017edinu. Od 2017. godine radi i u podru\u010dnom glazbenom odjeljenju u Ivancu kao profesor klavira, a od 2018. godine je i voditelj Glazbene \u0161kole u Ivancu.<br \/>\nU\u010denici iz njegove klase s uspjehom upisuju ugledne muzi\u010dke akademije u Hrvatskoj i inozemstvu, \u010desto sudjeluju na seminarima uglednih profesora, koncertima s Vara\u017edinskim komornim orkestom, Festivalu mladih pijanista, te osvajaju brojne nagrade na natjecanjima u Hrvatskoj (Vara\u017edin, Zagreb &#8211; Sesvete, Split, Dubrovnik, Kri\u017eevci, Sisak, Opatija, Pore\u010d) i inozemstvu (Italija: Venezia &#8211; Musile di Piave, Brescia, Palmanova; Slovenija: Radlje ob Dravi; Srbija: Beograd, Sremska Mitrovica, Be\u010dej).<\/p>\n","protected":false},"excerpt":{"rendered":"<p>Danijel Ljubi\u0107 Zavr\u0161io je osnovnu glazbenu \u0161kolu kod nastavnice Danice Ljubi\u0107, a srednju \u0161kolu u Vara\u017edinu u klasi profesorice Olimpije Vojvoda. Diplomirao je na Muzi\u010dkoj akademiji u Zagrebu u klasi profesora Vladimira Krpana, te je svoj diplomski koncert u maloj dvorani Hrvatskog glazbenog zavoda potvrdio odli\u010dnim uspjehom, umjetni\u010dkim dojmom izrazite koncertne dispozicije, prvorazredne koncentracije i [&hellip;]<\/p>\n","protected":false},"author":5,"featured_media":0,"parent":1003,"menu_order":0,"comment_status":"closed","ping_status":"closed","template":"","meta":{"footnotes":""},"class_list":["post-1005","page","type-page","status-publish","hentry"],"translation":{"provider":"WPGlobus","version":"3.0.0","language":"gb","enabled_languages":["hr","gb"],"languages":{"hr":{"title":true,"content":true,"excerpt":false},"gb":{"title":false,"content":false,"excerpt":false}}},"_links":{"self":[{"href":"https:\/\/glazbena.hr\/gb\/wp-json\/wp\/v2\/pages\/1005","targetHints":{"allow":["GET"]}}],"collection":[{"href":"https:\/\/glazbena.hr\/gb\/wp-json\/wp\/v2\/pages"}],"about":[{"href":"https:\/\/glazbena.hr\/gb\/wp-json\/wp\/v2\/types\/page"}],"author":[{"embeddable":true,"href":"https:\/\/glazbena.hr\/gb\/wp-json\/wp\/v2\/users\/5"}],"replies":[{"embeddable":true,"href":"https:\/\/glazbena.hr\/gb\/wp-json\/wp\/v2\/comments?post=1005"}],"version-history":[{"count":0,"href":"https:\/\/glazbena.hr\/gb\/wp-json\/wp\/v2\/pages\/1005\/revisions"}],"up":[{"embeddable":true,"href":"https:\/\/glazbena.hr\/gb\/wp-json\/wp\/v2\/pages\/1003"}],"wp:attachment":[{"href":"https:\/\/glazbena.hr\/gb\/wp-json\/wp\/v2\/media?parent=1005"}],"curies":[{"name":"wp","href":"https:\/\/api.w.org\/{rel}","templated":true}]}}