{"id":1007,"date":"2018-08-31T09:40:01","date_gmt":"2018-08-31T09:40:01","guid":{"rendered":"https:\/\/glazbena.hr\/wp\/?page_id=1007"},"modified":"2025-06-02T13:53:44","modified_gmt":"2025-06-02T12:53:44","slug":"profesori","status":"publish","type":"page","link":"https:\/\/glazbena.hr\/gb\/podrucni-odjel-u-ivancu\/profesori\/","title":{"rendered":"Teachers"},"content":{"rendered":"<p><img loading=\"lazy\" decoding=\"async\" class=\"aligncenter wp-image-2314\" src=\"https:\/\/glazbena.hr\/wp-content\/uploads\/2018\/10\/glazbena_skola_ivanec-3-300x200.jpg\" alt=\"\" width=\"450\" height=\"300\" srcset=\"https:\/\/glazbena.hr\/wp-content\/uploads\/2018\/10\/glazbena_skola_ivanec-3-300x200.jpg 300w, https:\/\/glazbena.hr\/wp-content\/uploads\/2018\/10\/glazbena_skola_ivanec-3-768x513.jpg 768w, https:\/\/glazbena.hr\/wp-content\/uploads\/2018\/10\/glazbena_skola_ivanec-3-1024x684.jpg 1024w, https:\/\/glazbena.hr\/wp-content\/uploads\/2018\/10\/glazbena_skola_ivanec-3.jpg 1170w\" sizes=\"auto, (max-width: 450px) 100vw, 450px\" \/><\/p>\n<p style=\"text-align: center;\">Valentina Ba\u0161nec, teacher mentor \u2013 Accordion<br \/>\nLana Buba\u0161, M. Mus. &#8211; Piano<br \/>\nMia Mihali\u0107, M. Mus. &#8211; Piano<br \/>\nLidija Skender, teacher &#8211; Clarinet<br \/>\nBranka Stankovi\u0107, teacher \u2013 Accordion<br \/>\nSandra \u0160incek, teacher &#8211; Solfeggio and Choir<br \/>\nMislav Vudjan, teacher \u2013 Guitar<br \/>\nAnka \u017duli\u0107, teacher \u2013 Piano<\/p>\n<p><img loading=\"lazy\" decoding=\"async\" class=\"aligncenter wp-image-2312\" src=\"https:\/\/glazbena.hr\/wp-content\/uploads\/2018\/10\/glazbena_skola_ivanec-1-300x200.jpg\" alt=\"\" width=\"450\" height=\"300\" srcset=\"https:\/\/glazbena.hr\/wp-content\/uploads\/2018\/10\/glazbena_skola_ivanec-1-300x200.jpg 300w, https:\/\/glazbena.hr\/wp-content\/uploads\/2018\/10\/glazbena_skola_ivanec-1-768x513.jpg 768w, https:\/\/glazbena.hr\/wp-content\/uploads\/2018\/10\/glazbena_skola_ivanec-1-1024x684.jpg 1024w, https:\/\/glazbena.hr\/wp-content\/uploads\/2018\/10\/glazbena_skola_ivanec-1.jpg 1170w\" sizes=\"auto, (max-width: 450px) 100vw, 450px\" \/><\/p>\n","protected":false},"excerpt":{"rendered":"<p>Valentina Ba\u0161nec, teacher mentor \u2013 Accordion Lana Buba\u0161, M. Mus. &#8211; Piano Mia Mihali\u0107, M. Mus. &#8211; Piano Lidija Skender, teacher &#8211; Clarinet Branka Stankovi\u0107, teacher \u2013 Accordion Sandra \u0160incek, teacher &#8211; Solfeggio and Choir Mislav Vudjan, teacher \u2013 Guitar Anka \u017duli\u0107, teacher \u2013 Piano<\/p>\n","protected":false},"author":5,"featured_media":0,"parent":1003,"menu_order":0,"comment_status":"closed","ping_status":"closed","template":"","meta":{"footnotes":""},"class_list":["post-1007","page","type-page","status-publish","hentry"],"translation":{"provider":"WPGlobus","version":"3.0.0","language":"gb","enabled_languages":["hr","gb"],"languages":{"hr":{"title":true,"content":true,"excerpt":false},"gb":{"title":true,"content":true,"excerpt":false}}},"_links":{"self":[{"href":"https:\/\/glazbena.hr\/gb\/wp-json\/wp\/v2\/pages\/1007","targetHints":{"allow":["GET"]}}],"collection":[{"href":"https:\/\/glazbena.hr\/gb\/wp-json\/wp\/v2\/pages"}],"about":[{"href":"https:\/\/glazbena.hr\/gb\/wp-json\/wp\/v2\/types\/page"}],"author":[{"embeddable":true,"href":"https:\/\/glazbena.hr\/gb\/wp-json\/wp\/v2\/users\/5"}],"replies":[{"embeddable":true,"href":"https:\/\/glazbena.hr\/gb\/wp-json\/wp\/v2\/comments?post=1007"}],"version-history":[{"count":13,"href":"https:\/\/glazbena.hr\/gb\/wp-json\/wp\/v2\/pages\/1007\/revisions"}],"predecessor-version":[{"id":39021,"href":"https:\/\/glazbena.hr\/gb\/wp-json\/wp\/v2\/pages\/1007\/revisions\/39021"}],"up":[{"embeddable":true,"href":"https:\/\/glazbena.hr\/gb\/wp-json\/wp\/v2\/pages\/1003"}],"wp:attachment":[{"href":"https:\/\/glazbena.hr\/gb\/wp-json\/wp\/v2\/media?parent=1007"}],"curies":[{"name":"wp","href":"https:\/\/api.w.org\/{rel}","templated":true}]}}