{"id":1013,"date":"2018-08-31T09:41:11","date_gmt":"2018-08-31T09:41:11","guid":{"rendered":"https:\/\/glazbena.hr\/wp\/?page_id=1013"},"modified":"2018-09-04T11:33:09","modified_gmt":"2018-09-04T11:33:09","slug":"voditelj-odjela","status":"publish","type":"page","link":"https:\/\/glazbena.hr\/gb\/podrucni-odjel-u-lepoglavi\/voditelj-odjela\/","title":{"rendered":"Voditelj odjela"},"content":{"rendered":"<p><strong>Sandra \u0160incek<\/strong><\/p>\n<p>Ro\u0111ena 17.02.1984.godine u Vara\u017edinu. Srednju glazbenu \u0161kolu zavr\u0161ila je u Vara\u017edinu, teorijski smjer. 2002.upisala je Muzi\u010dku akademiju u Puli, smjer glazbena kultura. Po zavr\u0161etku fakulteta zaposlila se u Glazbenoj \u0161koli u Vara\u017edinu. 2 godine kasnije postaje voditelj Podru\u010dnog odjela u Lepoglavi te nastavnik solfeggia, zbora i klavira.<\/p>\n","protected":false},"excerpt":{"rendered":"<p>Sandra \u0160incek Ro\u0111ena 17.02.1984.godine u Vara\u017edinu. Srednju glazbenu \u0161kolu zavr\u0161ila je u Vara\u017edinu, teorijski smjer. 2002.upisala je Muzi\u010dku akademiju u Puli, smjer glazbena kultura. Po zavr\u0161etku fakulteta zaposlila se u Glazbenoj \u0161koli u Vara\u017edinu. 2 godine kasnije postaje voditelj Podru\u010dnog odjela u Lepoglavi te nastavnik solfeggia, zbora i klavira.<\/p>\n","protected":false},"author":5,"featured_media":0,"parent":1011,"menu_order":0,"comment_status":"closed","ping_status":"closed","template":"","meta":{"footnotes":""},"class_list":["post-1013","page","type-page","status-publish","hentry"],"translation":{"provider":"WPGlobus","version":"3.0.0","language":"gb","enabled_languages":["hr","gb"],"languages":{"hr":{"title":true,"content":true,"excerpt":false},"gb":{"title":false,"content":false,"excerpt":false}}},"_links":{"self":[{"href":"https:\/\/glazbena.hr\/gb\/wp-json\/wp\/v2\/pages\/1013","targetHints":{"allow":["GET"]}}],"collection":[{"href":"https:\/\/glazbena.hr\/gb\/wp-json\/wp\/v2\/pages"}],"about":[{"href":"https:\/\/glazbena.hr\/gb\/wp-json\/wp\/v2\/types\/page"}],"author":[{"embeddable":true,"href":"https:\/\/glazbena.hr\/gb\/wp-json\/wp\/v2\/users\/5"}],"replies":[{"embeddable":true,"href":"https:\/\/glazbena.hr\/gb\/wp-json\/wp\/v2\/comments?post=1013"}],"version-history":[{"count":0,"href":"https:\/\/glazbena.hr\/gb\/wp-json\/wp\/v2\/pages\/1013\/revisions"}],"up":[{"embeddable":true,"href":"https:\/\/glazbena.hr\/gb\/wp-json\/wp\/v2\/pages\/1011"}],"wp:attachment":[{"href":"https:\/\/glazbena.hr\/gb\/wp-json\/wp\/v2\/media?parent=1013"}],"curies":[{"name":"wp","href":"https:\/\/api.w.org\/{rel}","templated":true}]}}