{"id":1019,"date":"2018-08-31T09:42:42","date_gmt":"2018-08-31T09:42:42","guid":{"rendered":"https:\/\/glazbena.hr\/wp\/?page_id=1019"},"modified":"2018-10-06T14:37:45","modified_gmt":"2018-10-06T14:37:45","slug":"nastavni-planovi-i-kurikulum","status":"publish","type":"page","link":"https:\/\/glazbena.hr\/gb\/nastavni-planovi-i-kurikulum\/","title":{"rendered":"Nastavni planovi i kurikulum"},"content":{"rendered":"<p>Godi\u0161nji plan i program rada Glazbene \u0161kole u Vara\u017edinu<\/p>\n<p><a href=\"https:\/\/glazbena.hr\/wp-content\/uploads\/2018\/10\/Godi\u0161nji-plan-i-program-rada-Glazbene-\u0161kole-u-Vara\u017edinu-za-\u0161k.god_.2018.2019.pdf\">Godi\u0161nji-plan-i-program-rada-Glazbene-\u0161kole-u-Vara\u017edinu-za-\u0161k.god_.2018.2019<\/a><\/p>\n<p>\u0160kolski kurikulum Glazbene \u0161kole u Vara\u017edinu<\/p>\n<p><a href=\"https:\/\/glazbena.hr\/wp-content\/uploads\/2018\/10\/\u0160kolski-kurikulum-Glazbena-\u0161kola-u-Vara\u017edinu-2018-2019.pdf\">\u0160kolski-kurikulum-Glazbena-\u0161kola-u-Vara\u017edinu-2018-2019<\/a><\/p>\n","protected":false},"excerpt":{"rendered":"<p>Godi\u0161nji plan i program rada Glazbene \u0161kole u Vara\u017edinu Godi\u0161nji-plan-i-program-rada-Glazbene-\u0161kole-u-Vara\u017edinu-za-\u0161k.god_.2018.2019 \u0160kolski kurikulum Glazbene \u0161kole u Vara\u017edinu \u0160kolski-kurikulum-Glazbena-\u0161kola-u-Vara\u017edinu-2018-2019<\/p>\n","protected":false},"author":5,"featured_media":0,"parent":0,"menu_order":0,"comment_status":"closed","ping_status":"closed","template":"","meta":{"footnotes":""},"class_list":["post-1019","page","type-page","status-publish","hentry"],"translation":{"provider":"WPGlobus","version":"3.0.0","language":"gb","enabled_languages":["hr","gb"],"languages":{"hr":{"title":true,"content":true,"excerpt":false},"gb":{"title":false,"content":false,"excerpt":false}}},"_links":{"self":[{"href":"https:\/\/glazbena.hr\/gb\/wp-json\/wp\/v2\/pages\/1019","targetHints":{"allow":["GET"]}}],"collection":[{"href":"https:\/\/glazbena.hr\/gb\/wp-json\/wp\/v2\/pages"}],"about":[{"href":"https:\/\/glazbena.hr\/gb\/wp-json\/wp\/v2\/types\/page"}],"author":[{"embeddable":true,"href":"https:\/\/glazbena.hr\/gb\/wp-json\/wp\/v2\/users\/5"}],"replies":[{"embeddable":true,"href":"https:\/\/glazbena.hr\/gb\/wp-json\/wp\/v2\/comments?post=1019"}],"version-history":[{"count":0,"href":"https:\/\/glazbena.hr\/gb\/wp-json\/wp\/v2\/pages\/1019\/revisions"}],"wp:attachment":[{"href":"https:\/\/glazbena.hr\/gb\/wp-json\/wp\/v2\/media?parent=1019"}],"curies":[{"name":"wp","href":"https:\/\/api.w.org\/{rel}","templated":true}]}}