{"id":1046,"date":"2018-08-31T09:47:52","date_gmt":"2018-08-31T09:47:52","guid":{"rendered":"https:\/\/glazbena.hr\/wp\/?page_id=1046"},"modified":"2023-07-31T19:19:39","modified_gmt":"2023-07-31T18:19:39","slug":"cesto-postavljena-pitanja-i-odgovori","status":"publish","type":"page","link":"https:\/\/glazbena.hr\/gb\/music-education-2\/cesto-postavljena-pitanja-i-odgovori\/","title":{"rendered":"\u010cesto postavljena pitanja i odgovori"},"content":{"rendered":"<p><strong>Osnovna glazbena \u0161kola<\/strong><\/p>\n<p><strong>P: Tko mo\u017ee upisati osnovnu glazbenu \u0161kolu i koliko traje?<\/strong><br \/>\n<strong>O:<\/strong> Pravo upisa u 1. razred osnovnoga glazbenog obrazovanja imaju djeca koja su u pravilu navr\u0161ila sedam godina \u017eivota i zadovoljila na prijamnoj audiciji.<br \/>\nOsnovna glazbena \u0161kola traje 6 godina pa se preporu\u010da upis u 1. razred glazbene \u0161kole paralelno s upisom u 3. razred op\u0107eobrazovne \u0161kole kako bi se istovremeno zavr\u0161ile i osnovna op\u0107eobrazovna \u0161kola i osnovna glazbena \u0161kola, iako zadnjih godina bilje\u017eimo upis u glazbenu \u0161kolu i ranije.<\/p>\n<p><strong>P: Koji obrazovni programi se mogu upisati?<\/strong><br \/>\n<strong>O:<\/strong> U Glazbenoj \u0161koli u Vara\u017edinu u osnovnoj glazbenoj \u0161koli mogu se upisati sljede\u0107i instrumenti: klavir, violina, viola, violon\u010delo, gitara, kontrabas, tambure, harmonika, udaraljke, flauta, klarinet, saksofon, oboa, fagot, truba, trombon, rog i tuba.<br \/>\nInstrumenti koji se mogu upisati navedeni su u Natje\u010daju za upis u\u010denika u osnovnu glazbenu \u0161kolu za pojedinu \u0161kolsku godinu.<\/p>\n<p><strong>P: Postupak upisa<\/strong><br \/>\n<strong>O:<\/strong> Za upis u osnovnu glazbenu \u0161kolu potrebno je pristupiti prijamnoj audiciji koja se organizira u dva ispitna roka: ljetni (svibanj\/lipanj) i jesenski rok (kolovoz).<br \/>\nPostupak upisa propisan je Pravilnikom o organizaciji i provo\u0111enju prijemne audicije za upis u\u010denika u osnovnu glazbenu \u0161kolu i pred\u0161kolske programe koji se nalazi na mre\u017enoj stranici \u0160kole te Natje\u010dajem za upis za svaku pojedinu \u0161kolsku godinu.<\/p>\n<p><strong>P: \u0160to nakon zavr\u0161enog osnovnog glazbenog obrazovanja?<\/strong><br \/>\n<strong>O:<\/strong> Nakon zavr\u0161enog osnovnog glazbenog obrazovanja u\u010denik mo\u017ee upisati srednju glazbenu \u0161kolu (sa op\u0107eobrazovnim dijelom ili glazbenu \u0161kolu uz neku drugu op\u0107eobrazovnu \u010detverogodi\u0161nju \u0161kolu). Postupak upisa je opisan u kartici \u201cUpisi\u201c pod nazivom \u201eSrednja glazbena \u0161kola\u201c.<\/p>\n<p><strong>Pripremno obrazovanje<\/strong><\/p>\n<p><strong>P: Tko mo\u017ee upisati pripremno obrazovanje i koliko traje?<\/strong><br \/>\n<strong>O:<\/strong> Pripremno obrazovanje traje dvije godine i prvenstveno je namijenjeno u\u010denicima bez prethodno zavr\u0161enog osnovnog glazbenog obrazovanja.<br \/>\nU prvi razred pripremnog obrazovanja mogu se upisati kandidati nakon uspje\u0161no polo\u017eenog prijamnog ispita glazbene darovitosti (ispit sluha, glazbenog pam\u0107enja i ritma).<br \/>\nU prvi razred pripremnog obrazovanja mogu se upisati kandidati do navr\u0161enih 15 godina \u017eivota, a iznimku \u010dine temeljni predmeti: tuba, kontrabas i fagot do navr\u0161enih 18 godina \u017eivota te solo pjevanje do navr\u0161enih 20 godina za u\u010denice i solo pjevanje do navr\u0161ene 22 godine \u017eivota za u\u010denike.<\/p>\n<p><strong>P: Koji se obrazovni programi mogu upisati?<\/strong><br \/>\n<strong>O:<\/strong> Upisujemo sljede\u0107e obrazovne programe za prvi razred pripremnog obrazovanja:<br \/>\n\u2022 flauta,<br \/>\n\u2022 klarinet,<br \/>\n\u2022 saksofon,<br \/>\n\u2022 udaraljke,<br \/>\n\u2022 oboa,<br \/>\n\u2022 fagot,<br \/>\n\u2022 truba,<br \/>\n\u2022 trombon,<br \/>\n\u2022 rog,<br \/>\n\u2022 tuba,<br \/>\n\u2022 kontrabas,<br \/>\n\u2022 tambure,<br \/>\n\u2022 solo pjevanje i<br \/>\n\u2022 teorijski smjer.<\/p>\n<p><strong>P: Kako izgleda postupak upisa u prvi razred pripremnog obrazovanja?<\/strong><br \/>\n<strong>O:<\/strong> Kandidati se za upis u prvi razred pripremnog obrazovanja prijavljuju putem aplikacije www.upisi.hr (kao i kandidati koji se upisuju u prvi razred srednje \u0161kole).<br \/>\nPrije prijave obrazovnog programa u aplikaciji, svi kandidati koji nisu 8. razred obvezni su javiti se upisnom koordinatoru Glazbene \u0161kole u Vara\u017edinu kako bi se aktivirala mogu\u0107nost prijave kandidata. Tek nakon aktivacije, kandidat \u0107e biti u mogu\u0107nosti prijaviti obrazovni program. Kandidati se prijavljuju putem elektroni\u010dkog identiteta iz sustava AAi@EduHr (CARNET lozinka iz O\u0160).<\/p>\n<p><strong>P: \u0160to nakon zavr\u0161enog pripremnog obrazovanja?<\/strong><br \/>\n<strong>O:<\/strong> Nakon uspje\u0161no zavr\u0161enog 1. i 2. razreda pripremnog obrazovanja mogu\u0107e je upisati prvi razred srednje glazbene \u0161kole.<\/p>\n<p><strong>Srednja glazbena \u0161kola<\/strong><\/p>\n<p><strong>P<\/strong>:<strong> Tko mo\u017ee upisati prvi razred srednje glazbene \u0161kole?<\/strong><br \/>\n<strong>O<\/strong>: U prvi razred \u010detverogodi\u0161njeg srednjo\u0161kolskog glazbenog obrazovanja upisuju se u\u010denici koji su uspje\u0161no zavr\u0161ili osnovno glazbeno obrazovanje ili drugi razred pripremnog obrazovanja nakon uspje\u0161no polo\u017eenog prijamnog ispita glazbene darovitosti koji obuhva\u0107a provjeru iz temeljnog predmeta struke i solfeggia za instrumentaliste i pjeva\u010de, odnosno provjeru iz klavira i solfeggia za teorijski smjer.<br \/>\nRedoviti u\u010denici upisuju prvi razred srednje glazbene \u0161kole u dobi do navr\u0161enih 17 godina \u017eivota, a najkasnije do navr\u0161enih 18 godina \u017eivota. Izuzetak od ove odredbe se odnosi na zanimanja glazbenik fagotist, glazbenih tubist i glazbenik kontrabasist do navr\u0161enih 20 godina \u017eivota, a za zanimanje glazbenica pjeva\u010dica do navr\u0161enih 22 godine \u017eivota, odnosno glazbenik pjeva\u010d do navr\u0161ene 24 godine \u017eivota.<\/p>\n<p><strong>P: Koji se obrazovni programi mogu upisati?<\/strong><br \/>\n<strong>O:<\/strong> Upisujemo sljede\u0107e obrazovne programe za prvi razred srednje glazbene \u0161kole:<br \/>\n\u2022 glazbenik klavirist<br \/>\n\u2022 glazbenik violinist<br \/>\n\u2022 glazbenik violist<br \/>\n\u2022 glazbenik violon\u010delist<br \/>\n\u2022 glazbenik gitarist<br \/>\n\u2022 glazbenik oboist<br \/>\n\u2022 glazbenik flautist<br \/>\n\u2022 glazbenik klarinetist<br \/>\n\u2022 glazbenik saksofonist<br \/>\n\u2022 glazbenik truba\u010d<br \/>\n\u2022 glazbenik trombonist<br \/>\n\u2022 glazbenik tubist<br \/>\n\u2022 glazbenik udaraljka\u0161<br \/>\n\u2022 glazbenik harmonika\u0161<br \/>\n\u2022 glazbenik solo pjeva\u010d<br \/>\n\u2022 glazbenik teorijski smjer<br \/>\n\u2022 glazbenik tambura\u0161<br \/>\n\u2022 glazbenik orgulja\u0161<br \/>\n\u2022 glazbenik rogist<\/p>\n<p><strong>P: Postoji li mogu\u0107nosti upisa isklju\u010divo u srednju glazbenu \u0161kolu ili se srednja glazbena \u0161kola upisuje uz poha\u0111anje neke druge \u010detverogodi\u0161nje \u0161kole?<\/strong><br \/>\n<strong>O:<\/strong> U Glazbenoj \u0161koli u Vara\u017edinu mo\u017ee se upisati:<br \/>\n\u2022 program glazbene umjetnosti s op\u0107eobrazovnim dijelom (glazbeni i op\u0107eobrazovni predmeti) \u2013 u\u010denici koji upisuju programe glazbene umjetnosti s op\u0107eobrazovnim dijelom poha\u0111aju dva obvezna strana jezika: engleski ili njema\u010dki jezik kao prvi strani jezik te talijanski jezik kao drugi strani jezik.<br \/>\n\u2022 program glazbene umjetnosti paralelno uz drugi obrazovni program (samo glazbeni predmeti) \u2013 u\u010denici koji upisuju obrazovni program bez op\u0107eobrazovnog dijela du\u017eni su poha\u0111ati i neki drugi op\u0107eobrazovni program (gimnazijski ili \u010detverogodi\u0161nji program).<\/p>\n<p><strong>P: Kako izgleda postupak upisa u prvi razred srednje glazbene \u0161kole?<\/strong><br \/>\n<strong>O:<\/strong> Kandidati se za upis u prvi razred srednje glazbene \u0161kole prijavljuju putem aplikacije www.upisi.hr.<br \/>\nPrije prijave obrazovnog programa u aplikaciji, svi kandidati koji nisu 8. razred obvezni su javiti se upisnom koordinatoru Glazbene \u0161kole u Vara\u017edinu kako bi se aktivirala mogu\u0107nost prijave kandidata. Tek nakon aktivacije, kandidat \u0107e biti u mogu\u0107nosti prijaviti obrazovni program. Kandidati se prijavljuju putem elektroni\u010dkog identiteta iz sustava AAi@EduHr (CARNET lozinka iz O\u0160).<\/p>\n<p><strong>P: Na koji se na\u010din vrednuje uspjeh u\u010denika prilikom upisa u prvi razred srednje glazbene \u0161kole?<\/strong><br \/>\n<strong>O:<\/strong> Kandidatu koji je uspje\u0161no zavr\u0161io osnovno glazbeno obrazovanje ili drugi pripremni razred srednje glazbene \u0161kole za upis u prvi razred \u010detverogodi\u0161njeg srednjeg glazbenog programa vrednuju se:<br \/>\n\u2022 zajedni\u010dki, dodatni i poseban element vrednovanja<br \/>\n\u2022 postignuti op\u0107i uspjeh iz petoga i \u0161estoga razreda glazbene \u0161kole ili dva razreda pripremnoga obrazovanja<br \/>\n\u2022 kona\u010dni rezultati ostvareni na prijamnome ispitu glazbene darovitosti.<\/p>\n<p><strong>P: Postoji li mogu\u0107nost prijave paralelnih umjetni\u010dkih programa?<\/strong><br \/>\n<strong>O:<\/strong> Kandidati s odgovaraju\u0107im preduvjetima imaju mogu\u0107nost prijave kombinacije op\u0107eobrazovnih i umjetni\u010dkih programa obrazovanja &#8211; nakon odabira op\u0107eobrazovnoga ili umjetni\u010dkoga programa obrazovanja mogu\u0107e je prijaviti paralelni umjetni\u010dki program. U slu\u010daju zadovoljenja uvjeta za upis na samo jedan od programa iz kombinacije, kandidat ne mo\u017ee upisati niti jedan program iz takve kombinacije. <strong>Naravno, mogu\u0107e je svaki od tih programa prijaviti i samostalno kako bi, u slu\u010daju nezadovoljenja potrebnih preduvjeta za upis obaju programa iz kombinacije, kandidat ostao u konkurenciji za upis na pojedina\u010dni program.<\/strong><\/p>\n<p><strong>P: Pola\u017eu li se ispiti dr\u017eavne mature nakon uspje\u0161no zavr\u0161enog \u010detvrtog razreda srednje glazbene \u0161kole?<\/strong><br \/>\n<strong>O:<\/strong> U\u010denici koji poha\u0111aju program glazbene umjetnosti s op\u0107eobrazovnim dijelom (op\u0107eobrazovni i glazbeni predmeti) imaju mogu\u0107nost polaganja ispita dr\u017eavne mature s ciljem upisa na \u017eeljene fakultete i akademije. <strong>Vrlo smo ponosni na uspjehe svih na\u0161ih u\u010denika bez obzira na daljnji nastavak njihovog obrazovanja, neovisno o tome uklju\u010duje li on profesionalno bavljenje glazbom i umjetno\u0161\u0107u (muzi\u010dka akademija, ADU) ili pak \u0161kolovanje na nekom od dru\u0161tveno &#8211; humanisti\u010dkih fakulteta.<\/strong><\/p>\n","protected":false},"excerpt":{"rendered":"<p>Osnovna glazbena \u0161kola P: Tko mo\u017ee upisati osnovnu glazbenu \u0161kolu i koliko traje? O: Pravo upisa u 1. razred osnovnoga glazbenog obrazovanja imaju djeca koja su u pravilu navr\u0161ila sedam godina \u017eivota i zadovoljila na prijamnoj audiciji. Osnovna glazbena \u0161kola traje 6 godina pa se preporu\u010da upis u 1. razred glazbene \u0161kole paralelno s upisom [&hellip;]<\/p>\n","protected":false},"author":5,"featured_media":0,"parent":1109,"menu_order":0,"comment_status":"closed","ping_status":"closed","template":"","meta":{"footnotes":""},"class_list":["post-1046","page","type-page","status-publish","hentry"],"translation":{"provider":"WPGlobus","version":"3.0.0","language":"gb","enabled_languages":["hr","gb"],"languages":{"hr":{"title":true,"content":true,"excerpt":false},"gb":{"title":false,"content":false,"excerpt":false}}},"_links":{"self":[{"href":"https:\/\/glazbena.hr\/gb\/wp-json\/wp\/v2\/pages\/1046","targetHints":{"allow":["GET"]}}],"collection":[{"href":"https:\/\/glazbena.hr\/gb\/wp-json\/wp\/v2\/pages"}],"about":[{"href":"https:\/\/glazbena.hr\/gb\/wp-json\/wp\/v2\/types\/page"}],"author":[{"embeddable":true,"href":"https:\/\/glazbena.hr\/gb\/wp-json\/wp\/v2\/users\/5"}],"replies":[{"embeddable":true,"href":"https:\/\/glazbena.hr\/gb\/wp-json\/wp\/v2\/comments?post=1046"}],"version-history":[{"count":1,"href":"https:\/\/glazbena.hr\/gb\/wp-json\/wp\/v2\/pages\/1046\/revisions"}],"predecessor-version":[{"id":24907,"href":"https:\/\/glazbena.hr\/gb\/wp-json\/wp\/v2\/pages\/1046\/revisions\/24907"}],"up":[{"embeddable":true,"href":"https:\/\/glazbena.hr\/gb\/wp-json\/wp\/v2\/pages\/1109"}],"wp:attachment":[{"href":"https:\/\/glazbena.hr\/gb\/wp-json\/wp\/v2\/media?parent=1046"}],"curies":[{"name":"wp","href":"https:\/\/api.w.org\/{rel}","templated":true}]}}