{"id":1055,"date":"2018-08-31T09:51:56","date_gmt":"2018-08-31T09:51:56","guid":{"rendered":"https:\/\/glazbena.hr\/wp\/?page_id=1055"},"modified":"2018-10-25T13:19:15","modified_gmt":"2018-10-25T11:19:15","slug":"2017-2018","status":"publish","type":"page","link":"https:\/\/glazbena.hr\/gb\/natjecanja\/2017-2018\/","title":{"rendered":"2017.\/2018."},"content":{"rendered":"<p><a href=\"https:\/\/glazbena.hr\/wp-content\/uploads\/2018\/09\/20180120-Istria-Cantat-Pula-Hrvatska.pdf\">20 01 2018 &#8211; Istria Cantat &#8211; Pula &#8211; Hrvatska\u00a0<\/a><\/p>\n<p><a href=\"https:\/\/glazbena.hr\/wp-content\/uploads\/2018\/09\/20180128-7.-me\u0111unarodno-pijanisti\u010dko-natjecanje-Ivan-Rijavec-Roga\u0161ka-Slatina-Slovenija.pdf\">28 01 2018 &#8211; 7. me\u0111unarodno pijanisti\u010dko natjecanje Ivan Rijavec &#8211; Roga\u0161ka Slatina &#8211; Slovenija<\/a><\/p>\n<p><a href=\"https:\/\/glazbena.hr\/wp-content\/uploads\/2018\/09\/20180211-Natjecanje-mladih-glazbenika-Sonus-op.4-Kri\u017eevci-Hrvatska.pdf\">11 02 2018 &#8211; Natjecanje mladih glazbenika Sonus, op.4 &#8211; Kri\u017eevci &#8211; Hrvatska<\/a><\/p>\n<p><a href=\"https:\/\/glazbena.hr\/wp-content\/uploads\/2018\/09\/20180217-Dr\u017eavno-natjecanje-Mladi-Padovec-Novi-Marof-Hrvatska.pdf\">17 02 2018 &#8211; Dr\u017eavno natjecanje Mladi Padovec &#8211; Novi Marof &#8211; Hrvatska<\/a><\/p>\n<p><a href=\"https:\/\/glazbena.hr\/wp-content\/uploads\/2018\/09\/20180218-Mladi-Virtuozi-Zagreb-Hrvatska.pdf\">18 02 2018 &#8211; Mladi Virtuozi &#8211; Zagreb &#8211; Hrvatska<\/a><\/p>\n<p><a href=\"https:\/\/glazbena.hr\/wp-content\/uploads\/2018\/09\/20180223-Druga-hrvatska-glazbena-olimpijada-Pregrada-Hrvatska.pdf\">23 02 2018 &#8211; Druga hrvatska glazbena olimpijada &#8211; Pregrada &#8211; Hrvatska<\/a><\/p>\n<p><a href=\"https:\/\/glazbena.hr\/wp-content\/uploads\/2018\/09\/20180225-9.-me\u0111unarodno-gitaristi\u010dko-i-violinisti\u010dko-natjecanje-Pore\u010d-fest-2018.pdf\">25 02 2018 &#8211; 9. me\u0111unarodno gitaristi\u010dko i violinisti\u010dko natjecanje Pore\u010d fest 2018<\/a><\/p>\n<p><a href=\"https:\/\/glazbena.hr\/wp-content\/uploads\/2018\/09\/20180304-3.-Internacionalni-festival-muzike-Primavera-Bijeljina-BiH.pdf\">04 03 2018 &#8211; 3. Internacionalni festival muzike Primavera &#8211; Bijeljina -BiH<\/a><\/p>\n<p><a href=\"https:\/\/glazbena.hr\/wp-content\/uploads\/2018\/09\/20180311-Me\u0111unarodno-natjecanje-Davorin-Jenko-Beograd-Srbija-\u2013-puha\u010di.pdf\">11 03 2018 &#8211; Me\u0111unarodno natjecanje Davorin Jenko &#8211; Beograd &#8211; Srbija \u2013 puha\u010di<\/a><\/p>\n<p><a href=\"https:\/\/glazbena.hr\/wp-content\/uploads\/2018\/09\/20180317-Accordion-Fest-2018.-Vara\u017edin-Hrvatska.pdf\">17 03 2018 &#8211; Accordion Fest 2018. &#8211; Vara\u017edin &#8211; Hrvatska<\/a><\/p>\n<p><a href=\"https:\/\/glazbena.hr\/wp-content\/uploads\/2018\/09\/20180318-Sirmium-Music-Fest-Sremska-Mitrovica-Srbija.pdf\">18 03 2018 &#8211; Sirmium Music Fest &#8211; Sremska Mitrovica &#8211; Srbija<\/a><\/p>\n<p><a href=\"https:\/\/glazbena.hr\/wp-content\/uploads\/2018\/09\/20180327-5.-me\u0111unarodno-natjecanje-tambura\u0161a-solista-Po\u017eega-Hrvatska-2.pdf\">27 03 2018-5. me\u0111unarodno natjecanje tambura\u0161a solista &#8211; Po\u017eega &#8211; Hrvatska<\/a><\/p>\n<p><a href=\"https:\/\/glazbena.hr\/wp-content\/uploads\/2018\/09\/20180408-Zagreb-Guitar-Fest-Hrvatska.pdf\">08 04 2018- Zagreb Guitar Fest &#8211; Hrvatska<\/a><\/p>\n<p><a href=\"https:\/\/glazbena.hr\/wp-content\/uploads\/2018\/09\/20180408-me\u0111unarodno-natjecanje-Svirel-Nova-Gorica-Slovenija.pdf\">08 04 2018- me\u0111unarodno natjecanje Svirel &#8211; Nova Gorica &#8211; Slovenija<\/a><\/p>\n<p><a href=\"https:\/\/glazbena.hr\/wp-content\/uploads\/2018\/09\/20180418-23.-me\u0111unarodno-natjecanje-mladih-glazbenika-2018.-Daleki-akordi-Split-Hrvatska.pdf\">18 04 2018 &#8211; 23. me\u0111unarodno natjecanje mladih glazbenika 2018. Daleki akordi &#8211; Split &#8211; Hrvatska<\/a><\/p>\n<p><a href=\"https:\/\/glazbena.hr\/wp-content\/uploads\/2018\/09\/20180420-4th-International-Music-Olympiad-Tallin-Estonija.pdf\">20 04 2018 &#8211; 4th International Music Olympiad &#8211; Tallin &#8211; Estonija<\/a><\/p>\n<p><a href=\"https:\/\/glazbena.hr\/wp-content\/uploads\/2018\/09\/20180422-4.-me\u0111unarodno-natjecanje-iz-solfeggia-i-teorije-glazbe-Beograd-Srbija.pdf\">22 04 2018 &#8211; 4. me\u0111unarodno natjecanje iz solfeggia i teorije glazbe &#8211; Beograd &#8211; Srbija<\/a><\/p>\n<p><a href=\"https:\/\/glazbena.hr\/wp-content\/uploads\/2018\/09\/20180428-4.-me\u0111unarodno-natjecanje-pijanista-Memorijal-Jurica-Murai.pdf\">28 04 2018- 4. me\u0111unarodno natjecanje pijanista Memorijal Jurica Murai<\/a><\/p>\n<p><a href=\"https:\/\/glazbena.hr\/wp-content\/uploads\/2018\/09\/20180429-Giovani-Talenti-Gorizia-Italija.pdf\">29 04 2018 &#8211; Giovani Talenti &#8211; Gorizia &#8211; Italija<\/a><\/p>\n<p><a href=\"https:\/\/glazbena.hr\/wp-content\/uploads\/2018\/09\/20180430-concorso-internazionale-Musica-Insieme-Musile-di-Piave-Italija.pdf\">30 04 2018- concorso internazionale Musica Insieme &#8211; Musile di Piave &#8211; Italija<\/a><\/p>\n<p><a href=\"https:\/\/glazbena.hr\/wp-content\/uploads\/2018\/09\/20180430-Sarajevo-International-Guitar-Festival.pdf\">30 04 2018- Sarajevo International Guitar Festival<\/a><\/p>\n<p><a href=\"https:\/\/glazbena.hr\/wp-content\/uploads\/2018\/09\/20180505-14.-natjecanje-hrvatskih-pjeva\u010dkih-zborova-Zagreb-Hrvatska.pdf\">05 05 2018 &#8211; 14. natjecanje hrvatskih pjeva\u010dkih zborova &#8211; Zagreb &#8211; Hrvatska<\/a><\/p>\n<p><a href=\"https:\/\/glazbena.hr\/wp-content\/uploads\/2018\/09\/20180506-Bisti\u010dki-zvukolik-Marija-Bistrica-Hrvatska.pdf\">06 05 2018- Bisti\u010dki zvukolik &#8211; Marija Bistrica &#8211; Hrvatska<\/a><\/p>\n<p><a href=\"https:\/\/glazbena.hr\/wp-content\/uploads\/2018\/09\/20180506-Internacionalni-susreti-violinista-Sremski-Karlovci-Srbija.pdf\">06 05 2018- Internacionalni susreti violinista &#8211; Sremski Karlovci &#8211; Srbija<\/a><\/p>\n<p><a href=\"https:\/\/glazbena.hr\/wp-content\/uploads\/2018\/09\/20180506-me\u0111unarodno-natjecanje-solo-pjeva\u010da-Lav-Mirski-Osijek-Hrvatska.pdf\">06 05 2018 &#8211; me\u0111unarodno natjecanje solo pjeva\u010da Lav Mirski &#8211; Osijek &#8211; Hrvatska<\/a><\/p>\n<p><a href=\"https:\/\/glazbena.hr\/wp-content\/uploads\/2018\/09\/20180509-Europa-u-\u0160koli-Zagreb-Hrvatska.pdf\">09 05 2018- Europa u \u0160koli &#8211; Zagreb &#8211; Hrvatska<\/a><\/p>\n<p><a href=\"https:\/\/glazbena.hr\/wp-content\/uploads\/2018\/09\/20180510-PannoniAccordion-2018-Murska-Sobota-Slovenija.pdf\">10 05 2018- PannoniAccordion 2018 &#8211; Murska Sobota &#8211; Slovenija<\/a><\/p>\n<p><a href=\"https:\/\/glazbena.hr\/wp-content\/uploads\/2018\/09\/20180511-9.-hrvatsko-natjecanje-harmonika\u0161a-Daruvar-Hrvatska.pdf\">11 05 2018 &#8211; 9. hrvatsko natjecanje harmonika\u0161a &#8211; Daruvar &#8211; Hrvatska<\/a><\/p>\n<p><a href=\"https:\/\/glazbena.hr\/wp-content\/uploads\/2018\/09\/20180513-Festival-pijanizma-Sremska-Mitrovica-Srbija.pdf\">13 05 2018- Festival pijanizma &#8211; Sremska Mitrovica &#8211; Srbija<\/a><\/p>\n<p><a href=\"https:\/\/glazbena.hr\/wp-content\/uploads\/2018\/09\/20180513-me\u0111unarodno-natjecanje-Kornelije-Beograd-Srbija.pdf\">13 05 2018- me\u0111unarodno natjecanje Kornelije -Beograd &#8211; Srbija<\/a><\/p>\n<p><a href=\"https:\/\/glazbena.hr\/wp-content\/uploads\/2018\/09\/20180519-6.-Pula-Guitar-Fest-Pula-Hrvatska.pdf\">19 05 2018- 6. Pula Guitar Fest &#8211; Pula &#8211; Hrvatska<\/a><\/p>\n<p><a href=\"https:\/\/glazbena.hr\/wp-content\/uploads\/2018\/09\/20180524-7.-me\u0111unarodno-muzi\u010dko-takmi\u010denje-Fantast-Be\u010dej-Srbija.pdf\">24 05 2018 &#8211; 7. me\u0111unarodno muzi\u010dko takmi\u010denje Fantast &#8211; Be\u010dej &#8211; Srbija<\/a><\/p>\n<p><a href=\"https:\/\/glazbena.hr\/wp-content\/uploads\/2018\/09\/20180526-4.-me\u0111unarodno-Premio-Isola-di-Sole-Grado-Italija.pdf\">26 05 2018 -4. me\u0111unarodno Premio Isola di Sole &#8211; Grado &#8211; Italija<\/a><\/p>\n<p><a href=\"https:\/\/glazbena.hr\/wp-content\/uploads\/2018\/09\/20180528-2.-me\u0111unarodno-natjecanje-solo-pjeva\u010da-IMMCC-Maribor-Slovenija-1.pdf\">28 05 2018 &#8211; 2. me\u0111unarodno natjecanje solo pjeva\u010da IMMCC &#8211; Maribor &#8211; Slovenija<\/a><\/p>\n<p><a href=\"https:\/\/glazbena.hr\/wp-content\/uploads\/2018\/09\/20180528-4.-me\u0111unarodno-Premio-Isola-di-Sole-Grado-Italija.pdf\">28 05 2018 -4. me\u0111unarodno Premio Isola di Sole &#8211; Grado &#8211; Italija<\/a><\/p>\n<p><a href=\"https:\/\/glazbena.hr\/wp-content\/uploads\/2018\/09\/20180528-8.-Koro\u0161ko-klavirsko-tekmovanje-Radlje-ob-Dravi-Slovenija-2.pdf\">28 05 2018 -8. Koro\u0161ko klavirsko tekmovanje &#8211; Radlje ob Dravi &#8211; Slovenija<\/a><\/p>\n<p><a href=\"https:\/\/glazbena.hr\/wp-content\/uploads\/2018\/09\/20180610-2.-me\u0111unarodno-natjecanje-mladih-violinista-i-pijanista-Tartini-Piran-Slovenija-2.pdf\">10 06 2018 -2. me\u0111unarodno natjecanje mladih violinista i pijanista Tartini &#8211; Piran &#8211; Slovenija<\/a><\/p>\n","protected":false},"excerpt":{"rendered":"<p>20 01 2018 &#8211; Istria Cantat &#8211; Pula &#8211; Hrvatska\u00a0 28 01 2018 &#8211; 7. me\u0111unarodno pijanisti\u010dko natjecanje Ivan Rijavec &#8211; Roga\u0161ka Slatina &#8211; Slovenija 11 02 2018 &#8211; Natjecanje mladih glazbenika Sonus, op.4 &#8211; Kri\u017eevci &#8211; Hrvatska 17 02 2018 &#8211; Dr\u017eavno natjecanje Mladi Padovec &#8211; Novi Marof &#8211; Hrvatska 18 02 2018 &#8211; [&hellip;]<\/p>\n","protected":false},"author":5,"featured_media":0,"parent":1122,"menu_order":0,"comment_status":"closed","ping_status":"closed","template":"","meta":{"footnotes":""},"class_list":["post-1055","page","type-page","status-publish","hentry"],"translation":{"provider":"WPGlobus","version":"3.0.0","language":"gb","enabled_languages":["hr","gb"],"languages":{"hr":{"title":true,"content":true,"excerpt":false},"gb":{"title":false,"content":false,"excerpt":false}}},"_links":{"self":[{"href":"https:\/\/glazbena.hr\/gb\/wp-json\/wp\/v2\/pages\/1055","targetHints":{"allow":["GET"]}}],"collection":[{"href":"https:\/\/glazbena.hr\/gb\/wp-json\/wp\/v2\/pages"}],"about":[{"href":"https:\/\/glazbena.hr\/gb\/wp-json\/wp\/v2\/types\/page"}],"author":[{"embeddable":true,"href":"https:\/\/glazbena.hr\/gb\/wp-json\/wp\/v2\/users\/5"}],"replies":[{"embeddable":true,"href":"https:\/\/glazbena.hr\/gb\/wp-json\/wp\/v2\/comments?post=1055"}],"version-history":[{"count":0,"href":"https:\/\/glazbena.hr\/gb\/wp-json\/wp\/v2\/pages\/1055\/revisions"}],"up":[{"embeddable":true,"href":"https:\/\/glazbena.hr\/gb\/wp-json\/wp\/v2\/pages\/1122"}],"wp:attachment":[{"href":"https:\/\/glazbena.hr\/gb\/wp-json\/wp\/v2\/media?parent=1055"}],"curies":[{"name":"wp","href":"https:\/\/api.w.org\/{rel}","templated":true}]}}