{"id":1061,"date":"2018-08-31T09:53:13","date_gmt":"2018-08-31T09:53:13","guid":{"rendered":"https:\/\/glazbena.hr\/wp\/?page_id=1061"},"modified":"2023-11-07T19:06:16","modified_gmt":"2023-11-07T18:06:16","slug":"materijali","status":"publish","type":"page","link":"https:\/\/glazbena.hr\/gb\/ispiti-prema-osobnim-potrebama\/materijali\/","title":{"rendered":"Materijali"},"content":{"rendered":"<p>Materijali za ispite prema osobnim potrebama<\/p>\n<p>&nbsp;<\/p>\n<p>1.razred osnovne glazbene \u0161kole<\/p>\n<p><a href=\"https:\/\/glazbena.hr\/wp-content\/uploads\/2018\/09\/Ispitni-primjeri-za-solfeggio-1.r.-osnove-glazbene-\u0161kole.pdf\">Ispitni primjeri za solfeggio-1.r. osnove glazbene \u0161kole<\/a><\/p>\n<p>2. razred osnovne glazbene \u0161kole<\/p>\n<p><a href=\"https:\/\/glazbena.hr\/wp-content\/uploads\/2018\/09\/Ispitni-primjeri-za-solfeggio-2.r.-osnovne-glazbene-\u0161kole.pdf\">Ispitni primjeri za solfeggio-2.r. osnovne glazbene \u0161kole<\/a><\/p>\n<p>3.razred osnovne glazbene \u0161kole<\/p>\n<p><a href=\"https:\/\/glazbena.hr\/wp-content\/uploads\/2018\/09\/Ispitni-primjeri-za-solfeggio-3.r-osnovne-glazbene-\u0161kole.pdf\">Ispitni primjeri za solfeggio-3.r osnovne glazbene \u0161kole<\/a><\/p>\n<p><a href=\"https:\/\/glazbena.hr\/wp-content\/uploads\/2023\/11\/Zbor-3.-ogs-sk.god_.-2022.2023.pdf\" target=\"_blank\" rel=\"noopener\">Zbor 3. og\u0161 &#8211; \u0161k.god. 2022.2023<\/a><\/p>\n<p>4.razred osnovne glazbene \u0161kole<\/p>\n<p><a href=\"https:\/\/glazbena.hr\/wp-content\/uploads\/2018\/09\/Ispitni-primjeri-za-solfeggio-4.r.-osnovne-glazbene-\u0161kole.pdf\">Ispitni primjeri za solfeggio-4.r. osnovne glazbene \u0161kole<\/a><\/p>\n<p><a href=\"https:\/\/glazbena.hr\/wp-content\/uploads\/2023\/11\/Zbor-4.-ogs-sk.god_.-2022.2023.pdf\" target=\"_blank\" rel=\"noopener\">Zbor 4. og\u0161 &#8211; \u0161k.god. 2022.2023<\/a><\/p>\n<p>5.razred osnovne glazbene \u0161kole<\/p>\n<p><a href=\"https:\/\/glazbena.hr\/wp-content\/uploads\/2018\/09\/Ispitni-primjeri-za-solfeggio-5.r.-osnovne-glazbene-\u0161kole.pdf\">Ispitni primjeri za solfeggio-5.r. osnovne glazbene \u0161kole<\/a><\/p>\n<p><a href=\"https:\/\/glazbena.hr\/wp-content\/uploads\/2023\/11\/Zbor-5.ogs-sk.god_.-2022.2023.pdf\" target=\"_blank\" rel=\"noopener\">Zbor 5.og\u0161 &#8211; \u0161k.god. 2022.2023<\/a><\/p>\n<p>6.razred osnovne glazbene \u0161kole<\/p>\n<p><a href=\"https:\/\/glazbena.hr\/wp-content\/uploads\/2018\/09\/Ispitni-primjeri-za-solfeggio-6.r.-osnovne-glazbene-\u0161kole.pdf\">Ispitni primjeri za solfeggio-6.r. osnovne glazbene \u0161kole<\/a><\/p>\n<p><a href=\"https:\/\/glazbena.hr\/wp-content\/uploads\/2023\/11\/Zbor-6.-ogs-sk.god_.-2022.2023.pdf\" target=\"_blank\" rel=\"noopener\">Zbor 6. og\u0161 &#8211; \u0161k.god. 2022.2023<\/a><\/p>\n","protected":false},"excerpt":{"rendered":"<p>Materijali za ispite prema osobnim potrebama &nbsp; 1.razred osnovne glazbene \u0161kole Ispitni primjeri za solfeggio-1.r. osnove glazbene \u0161kole 2. razred osnovne glazbene \u0161kole Ispitni primjeri za solfeggio-2.r. osnovne glazbene \u0161kole 3.razred osnovne glazbene \u0161kole Ispitni primjeri za solfeggio-3.r osnovne glazbene \u0161kole Zbor 3. og\u0161 &#8211; \u0161k.god. 2022.2023 4.razred osnovne glazbene \u0161kole Ispitni primjeri za solfeggio-4.r. [&hellip;]<\/p>\n","protected":false},"author":5,"featured_media":0,"parent":1137,"menu_order":0,"comment_status":"closed","ping_status":"closed","template":"","meta":{"footnotes":""},"class_list":["post-1061","page","type-page","status-publish","hentry"],"translation":{"provider":"WPGlobus","version":"3.0.0","language":"gb","enabled_languages":["hr","gb"],"languages":{"hr":{"title":true,"content":true,"excerpt":false},"gb":{"title":false,"content":false,"excerpt":false}}},"_links":{"self":[{"href":"https:\/\/glazbena.hr\/gb\/wp-json\/wp\/v2\/pages\/1061","targetHints":{"allow":["GET"]}}],"collection":[{"href":"https:\/\/glazbena.hr\/gb\/wp-json\/wp\/v2\/pages"}],"about":[{"href":"https:\/\/glazbena.hr\/gb\/wp-json\/wp\/v2\/types\/page"}],"author":[{"embeddable":true,"href":"https:\/\/glazbena.hr\/gb\/wp-json\/wp\/v2\/users\/5"}],"replies":[{"embeddable":true,"href":"https:\/\/glazbena.hr\/gb\/wp-json\/wp\/v2\/comments?post=1061"}],"version-history":[{"count":1,"href":"https:\/\/glazbena.hr\/gb\/wp-json\/wp\/v2\/pages\/1061\/revisions"}],"predecessor-version":[{"id":29011,"href":"https:\/\/glazbena.hr\/gb\/wp-json\/wp\/v2\/pages\/1061\/revisions\/29011"}],"up":[{"embeddable":true,"href":"https:\/\/glazbena.hr\/gb\/wp-json\/wp\/v2\/pages\/1137"}],"wp:attachment":[{"href":"https:\/\/glazbena.hr\/gb\/wp-json\/wp\/v2\/media?parent=1061"}],"curies":[{"name":"wp","href":"https:\/\/api.w.org\/{rel}","templated":true}]}}