{"id":1067,"date":"2018-08-31T09:54:47","date_gmt":"2018-08-31T09:54:47","guid":{"rendered":"https:\/\/glazbena.hr\/wp\/?page_id=1067"},"modified":"2018-10-23T15:03:49","modified_gmt":"2018-10-23T13:03:49","slug":"cesto-postavljena-pitanja-i-odgovori","status":"publish","type":"page","link":"https:\/\/glazbena.hr\/gb\/ispiti-prema-osobnim-potrebama\/cesto-postavljena-pitanja-i-odgovori\/","title":{"rendered":"\u010cesta pitanja"},"content":{"rendered":"<p><strong>P: Tko mo\u017ee polagati ispit po posebnom postupku<\/strong>?<\/p>\n<p style=\"text-align: left;\"><strong>O<\/strong>: Ispit po posebnom postupku mogu polagati svi kandidati koji nisu u\u010denici Glazbene \u0161kole tog temeljnog predmeta koji pola\u017eu i oni koji se godi\u0161tem ne razlikuju od redovnih\u00a0 u\u010denika.<\/p>\n<p>&nbsp;<\/p>\n<p><strong>P: Koji su dokumenti potrebni?<\/strong><\/p>\n<p><strong>O: <\/strong>Za prijavu ispita za osobne potrebe potrebna je:<\/p>\n<ul>\n<li>ispunjena prijavnica ( obrazac se nalazi na stranici \u0160kole)<\/li>\n<li>kopija rodnog lista i kopija domovnice<\/li>\n<li>OIB<\/li>\n<li>kopija svjedod\u017ebe zadnjeg zavr\u0161enog razreda ili potvrde zadnjeg polo\u017eenog ispita ( za u\u010denike koji su ve\u0107 neki od predmeta\/razreda polo\u017eili)<\/li>\n<\/ul>\n<p>&nbsp;<\/p>\n<p><strong>P: Mogu li prijaviti ispit ukoliko sam redovni u\u010denik neke druge Glazbene \u0161kole<\/strong>?<\/p>\n<p><strong>O<\/strong>: Ako je u\u010denik istog temeljnog predmeta, on mora dostaviti potvrdu o ispisu iz te redovne Glazbene \u0161kole. Ukoliko \u017eeli polagati neki drugi temeljni predmet, potvrda o ispisu nije potrebna.<\/p>\n<p>&nbsp;<\/p>\n<p><strong>P: Mogu li se priznavati ocjene iz nekih predmeta (zbor, solfeggio\u2026)?<\/strong><\/p>\n<p><strong>O: <\/strong>Mogu\u0107e je priznati ocjenu iz druge Glazbene \u0161kole, ali je to potrebno navesti uz prijavu te je potrebno prilo\u017eiti dokument s navedenom ocjenom za priznavanje.<\/p>\n<p>&nbsp;<\/p>\n<p><strong>P:Treba li polo\u017eiti predmet Teorija glazbe, za 6. razred Osnovne glazbene \u0161kole?<\/strong><\/p>\n<p><strong>O: <\/strong>Predmet teorija glazbe je izborni predmet stoga se ne mora polagati da bi se izdala svjedod\u017eba. Me\u0111utim, ispit iz solfeggia se sastoji od teorijskog, slu\u0161nog i pjevanog djela.<\/p>\n<p>&nbsp;<\/p>\n<p>Navedeni odgovori isklju\u010divo su informativnog karaktera, a za sve detaljnije upute obratite nam se putem maila.<\/p>\n<p>Email za privatne ispite: privatniispiti@glazbena.hr<\/p>\n","protected":false},"excerpt":{"rendered":"<p>P: Tko mo\u017ee polagati ispit po posebnom postupku? O: Ispit po posebnom postupku mogu polagati svi kandidati koji nisu u\u010denici Glazbene \u0161kole tog temeljnog predmeta koji pola\u017eu i oni koji se godi\u0161tem ne razlikuju od redovnih\u00a0 u\u010denika. &nbsp; P: Koji su dokumenti potrebni? O: Za prijavu ispita za osobne potrebe potrebna je: ispunjena prijavnica ( [&hellip;]<\/p>\n","protected":false},"author":5,"featured_media":0,"parent":1137,"menu_order":0,"comment_status":"closed","ping_status":"closed","template":"","meta":{"footnotes":""},"class_list":["post-1067","page","type-page","status-publish","hentry"],"translation":{"provider":"WPGlobus","version":"3.0.0","language":"gb","enabled_languages":["hr","gb"],"languages":{"hr":{"title":true,"content":true,"excerpt":false},"gb":{"title":false,"content":false,"excerpt":false}}},"_links":{"self":[{"href":"https:\/\/glazbena.hr\/gb\/wp-json\/wp\/v2\/pages\/1067","targetHints":{"allow":["GET"]}}],"collection":[{"href":"https:\/\/glazbena.hr\/gb\/wp-json\/wp\/v2\/pages"}],"about":[{"href":"https:\/\/glazbena.hr\/gb\/wp-json\/wp\/v2\/types\/page"}],"author":[{"embeddable":true,"href":"https:\/\/glazbena.hr\/gb\/wp-json\/wp\/v2\/users\/5"}],"replies":[{"embeddable":true,"href":"https:\/\/glazbena.hr\/gb\/wp-json\/wp\/v2\/comments?post=1067"}],"version-history":[{"count":0,"href":"https:\/\/glazbena.hr\/gb\/wp-json\/wp\/v2\/pages\/1067\/revisions"}],"up":[{"embeddable":true,"href":"https:\/\/glazbena.hr\/gb\/wp-json\/wp\/v2\/pages\/1137"}],"wp:attachment":[{"href":"https:\/\/glazbena.hr\/gb\/wp-json\/wp\/v2\/media?parent=1067"}],"curies":[{"name":"wp","href":"https:\/\/api.w.org\/{rel}","templated":true}]}}