{"id":1069,"date":"2018-08-31T09:55:10","date_gmt":"2018-08-31T09:55:10","guid":{"rendered":"https:\/\/glazbena.hr\/wp\/?page_id=1069"},"modified":"2020-04-21T11:58:19","modified_gmt":"2020-04-21T09:58:19","slug":"zakoni","status":"publish","type":"page","link":"https:\/\/glazbena.hr\/gb\/informacije\/law\/","title":{"rendered":"Law"},"content":{"rendered":"<p><strong>Law and Regulations<\/strong><\/p>\n<p><a href=\"https:\/\/glazbena.hr\/wp-content\/uploads\/2018\/10\/PRAVILNIK-O-RADU-Glazbena-\u0161kola-u-Vara\u017edinu.pdf\">Pravilnik o radu &#8211; Glazbena-\u0161kola-u-Vara\u017edinu<\/a><\/p>\n<p><a href=\"https:\/\/glazbena.hr\/wp-content\/uploads\/2018\/10\/Izmjene-i-dopuna-Pravilnika-o-radu-30.09.2015..pdf\">Izmjene-i-dopuna-Pravilnika-o-radu-30.09.2015.<\/a><\/p>\n<p><a href=\"https:\/\/glazbena.hr\/wp-content\/uploads\/2018\/10\/Pravilnik-o-unutarnjem-ustrojstvu-nacinu-rada-i-sistematizaciji-radnih-mjesta-30.9.2015..pdf\">Pravilnik-o-unutarnjem-ustrojstvu-nacinu-rada-i-sistematizaciji-radnih-mjesta-30.9.2015.<\/a><\/p>\n<p><a href=\"https:\/\/glazbena.hr\/wp-content\/uploads\/2018\/10\/Pravilnik-o-oslobo\u0111enju-pla\u0107anja-participacije-za-u\u010denike-Glazbene-\u0161kole-u-Vara\u017edinu.pdf\">Pravilnik-o-oslobo\u0111enju-pla\u0107anja-participacije-za-u\u010denike-Glazbene-\u0161kole-u-Vara\u017edinu<\/a><\/p>\n<p><a href=\"https:\/\/glazbena.hr\/wp-content\/uploads\/2018\/10\/Pravilnik-o-slu\u017ebenim-putovanjima-Glazbena-\u0161kola-u-Vara\u017edinu.pdf\">Pravilnik-o-slu\u017ebenim-putovanjima-Glazbena-\u0161kola-u-Vara\u017edinu<\/a><\/p>\n<p>&nbsp;<\/p>\n<p><strong>Primary and Secondary School Education Act<\/strong><\/p>\n<p><a href=\"https:\/\/glazbena.hr\/wp-content\/uploads\/2018\/10\/zakon_o_odgoju_i_obrazovanju_u_osnovnoj_i_srednjoj_skoli.pdf\">Zakon o odgoju i obrazovanju u osnovnoj i srednjoj \u0161koli<\/a><\/p>\n<p><a href=\"https:\/\/glazbena.hr\/wp-content\/uploads\/2018\/10\/zakon_o_izmjenama_i_dopuni_zakona_o_odgoju_i_obrazovanju_u_osnovnoj_i_srednjoj_skoli.pdf\">Zakon o izmjenama i dopuni zakona o odgoju i obrazovanju u osnovnoj i srednjoj \u0161koli<\/a><\/p>\n<p><a href=\"https:\/\/glazbena.hr\/wp-content\/uploads\/2018\/10\/zakon_o_izmjenama_i_dopunama_zakona_o_odgoju_i_obrazovanju_u_osnovnoj_i_srednjoj_skoli.pdf\">Zakon o izmjenama i dopunama zakona o odgoju i <\/a><a href=\"https:\/\/glazbena.hr\/wp-content\/uploads\/2018\/10\/zakon_o_izmjenama_i_dopunama_zakona_o_odgoju_i_obrazovanju_u_osnovnoj_i_srednjoj_skoli.pdf\">obrazovanju u osnovnoj i srednjoj \u0161koli<\/a><\/p>\n<p><a href=\"https:\/\/glazbena.hr\/wp-content\/uploads\/2018\/10\/ispravak_zakona_o_izmjenama_i_dopunama_zakona_o_odgoju_i_obrazovanju_u_osnovnoj_i_srednjoj_skoli.pdf\">Ispravak zakona o izmjenama i dopunama zakona o odgoju i obrazovanju u osnovnoj i srednjoj \u0161koli<\/a><\/p>\n<p>&nbsp;<\/p>\n","protected":false},"excerpt":{"rendered":"<p>Law and Regulations Pravilnik o radu &#8211; Glazbena-\u0161kola-u-Vara\u017edinu Izmjene-i-dopuna-Pravilnika-o-radu-30.09.2015. Pravilnik-o-unutarnjem-ustrojstvu-nacinu-rada-i-sistematizaciji-radnih-mjesta-30.9.2015. Pravilnik-o-oslobo\u0111enju-pla\u0107anja-participacije-za-u\u010denike-Glazbene-\u0161kole-u-Vara\u017edinu Pravilnik-o-slu\u017ebenim-putovanjima-Glazbena-\u0161kola-u-Vara\u017edinu &nbsp; Primary and Secondary School Education Act Zakon o odgoju i obrazovanju u osnovnoj i srednjoj \u0161koli Zakon o izmjenama i dopuni zakona o odgoju i obrazovanju u osnovnoj i srednjoj \u0161koli Zakon o izmjenama i dopunama zakona o odgoju i obrazovanju u [&hellip;]<\/p>\n","protected":false},"author":5,"featured_media":0,"parent":1813,"menu_order":0,"comment_status":"closed","ping_status":"closed","template":"","meta":{"footnotes":""},"class_list":["post-1069","page","type-page","status-publish","hentry"],"translation":{"provider":"WPGlobus","version":"3.0.0","language":"gb","enabled_languages":["hr","gb"],"languages":{"hr":{"title":true,"content":true,"excerpt":false},"gb":{"title":true,"content":true,"excerpt":false}}},"_links":{"self":[{"href":"https:\/\/glazbena.hr\/gb\/wp-json\/wp\/v2\/pages\/1069","targetHints":{"allow":["GET"]}}],"collection":[{"href":"https:\/\/glazbena.hr\/gb\/wp-json\/wp\/v2\/pages"}],"about":[{"href":"https:\/\/glazbena.hr\/gb\/wp-json\/wp\/v2\/types\/page"}],"author":[{"embeddable":true,"href":"https:\/\/glazbena.hr\/gb\/wp-json\/wp\/v2\/users\/5"}],"replies":[{"embeddable":true,"href":"https:\/\/glazbena.hr\/gb\/wp-json\/wp\/v2\/comments?post=1069"}],"version-history":[{"count":0,"href":"https:\/\/glazbena.hr\/gb\/wp-json\/wp\/v2\/pages\/1069\/revisions"}],"up":[{"embeddable":true,"href":"https:\/\/glazbena.hr\/gb\/wp-json\/wp\/v2\/pages\/1813"}],"wp:attachment":[{"href":"https:\/\/glazbena.hr\/gb\/wp-json\/wp\/v2\/media?parent=1069"}],"curies":[{"name":"wp","href":"https:\/\/api.w.org\/{rel}","templated":true}]}}