{"id":1071,"date":"2018-08-31T09:55:35","date_gmt":"2018-08-31T09:55:35","guid":{"rendered":"https:\/\/glazbena.hr\/wp\/?page_id=1071"},"modified":"2025-12-10T13:42:57","modified_gmt":"2025-12-10T12:42:57","slug":"statuti-i-pravilnici","status":"publish","type":"page","link":"https:\/\/glazbena.hr\/gb\/informacije\/statute-and-regulations\/","title":{"rendered":"Statute and regulations"},"content":{"rendered":"<p><strong>Statute<\/strong><\/p>\n<p><a href=\"https:\/\/glazbena.hr\/wp-content\/uploads\/2018\/10\/Statut-Glazbene-\u0161kole-u-Vara\u017edinu-28.11.2016-pro\u010di\u0161\u0107eni-tekst.pdf\">Statut Glazbene \u0161kole u Vara\u017edinu 28.11.2016. &#8211; pro\u010di\u0161\u0107eni-tekst<\/a><\/p>\n<p><a href=\"https:\/\/glazbena.hr\/wp-content\/uploads\/2018\/10\/Izmjene-i-dopune-Statuta-30.9.2016.pdf\">Izmjene i dopune Statuta &#8211; 30.9.2016.<\/a><\/p>\n<p><a href=\"https:\/\/glazbena.hr\/wp-content\/uploads\/2018\/10\/Izmjene_i_dopune_Statuta_Glazbene_skole_u_Varazdinu-22.3.2017.pdf\">Izmjene i dopune Statuta Glazbene \u0161kole u Vara\u017edinu &#8211; 22.3.2017.<\/a><\/p>\n<p>&nbsp;<\/p>\n<p><strong>Regulations<\/strong><\/p>\n<p><a href=\"https:\/\/glazbena.hr\/wp-content\/uploads\/2019\/09\/Pravilnik-o-na\u010dinu-i-postopku-zapo\u0161ljavanja-u-Glazbenoj-\u0161koli-u-Vara\u017edinu.pdf\">Pravilnik o na\u010dinu i postupku zapo\u0161ljavanja u Glazbenoj \u0161koli u Vara\u017edinu<\/a><\/p>\n<p><a href=\"https:\/\/glazbena.hr\/wp-content\/uploads\/2018\/10\/pravilnik_o_izradbi_i_obrani_zavrsnoga_rada.pdf\">Pravilnik o izradi i obrani zavr\u0161noga rada<\/a><\/p>\n<p><a href=\"https:\/\/glazbena.hr\/wp-content\/uploads\/2018\/10\/pravilnik_o_polaganju_drzavne_mature.pdf\">Pravilnik o polaganju dr\u017eavne mature<\/a><\/p>\n<p><a href=\"https:\/\/glazbena.hr\/wp-content\/uploads\/2018\/10\/Pravilnik-o-uvjetima-i-na\u010dinu-stjecanja-osnovno\u0161kolskog-i-srednjo\u0161kolskog-obrazovanja-polaganjem-razrednih-i-zavr\u0161nih-ispita-prema-osobnim-potrebama.pdf\">Pravilnik o uvjetima i na\u010dinu stjecanja osnovno\u0161kolskog i srednjo\u0161kolskog obrazovanja polaganjem razrednih i zavr\u0161nih ispita prema osobnim potrebama<\/a><\/p>\n<p><a href=\"https:\/\/glazbena.hr\/wp-content\/uploads\/2019\/02\/Ku\u0107ni-red-Glazbene-\u0161kole-u-Vara\u017edinu-7.2.2019.pdf\">Ku\u0107ni red Glazbene \u0161kole u Vara\u017edinu &#8211; 7.2.2019<\/a><\/p>\n<p><a href=\"https:\/\/glazbena.hr\/wp-content\/uploads\/2019\/02\/Eti\u010dki-kodeks-Glazbena-\u0161kola-u-Vara\u017edinu-2012.pdf\">Eti\u010dki kodeks &#8211; Glazbena \u0161kola u Vara\u017edinu 2012<\/a><\/p>\n<p>&nbsp;<\/p>\n","protected":false},"excerpt":{"rendered":"<p>Statute Statut Glazbene \u0161kole u Vara\u017edinu 28.11.2016. &#8211; pro\u010di\u0161\u0107eni-tekst Izmjene i dopune Statuta &#8211; 30.9.2016. Izmjene i dopune Statuta Glazbene \u0161kole u Vara\u017edinu &#8211; 22.3.2017. &nbsp; Regulations Pravilnik o na\u010dinu i postupku zapo\u0161ljavanja u Glazbenoj \u0161koli u Vara\u017edinu Pravilnik o izradi i obrani zavr\u0161noga rada Pravilnik o polaganju dr\u017eavne mature Pravilnik o uvjetima i na\u010dinu [&hellip;]<\/p>\n","protected":false},"author":5,"featured_media":0,"parent":1813,"menu_order":0,"comment_status":"closed","ping_status":"closed","template":"","meta":{"footnotes":""},"class_list":["post-1071","page","type-page","status-publish","hentry"],"translation":{"provider":"WPGlobus","version":"3.0.0","language":"gb","enabled_languages":["hr","gb"],"languages":{"hr":{"title":true,"content":true,"excerpt":false},"gb":{"title":true,"content":true,"excerpt":false}}},"_links":{"self":[{"href":"https:\/\/glazbena.hr\/gb\/wp-json\/wp\/v2\/pages\/1071","targetHints":{"allow":["GET"]}}],"collection":[{"href":"https:\/\/glazbena.hr\/gb\/wp-json\/wp\/v2\/pages"}],"about":[{"href":"https:\/\/glazbena.hr\/gb\/wp-json\/wp\/v2\/types\/page"}],"author":[{"embeddable":true,"href":"https:\/\/glazbena.hr\/gb\/wp-json\/wp\/v2\/users\/5"}],"replies":[{"embeddable":true,"href":"https:\/\/glazbena.hr\/gb\/wp-json\/wp\/v2\/comments?post=1071"}],"version-history":[{"count":13,"href":"https:\/\/glazbena.hr\/gb\/wp-json\/wp\/v2\/pages\/1071\/revisions"}],"predecessor-version":[{"id":40105,"href":"https:\/\/glazbena.hr\/gb\/wp-json\/wp\/v2\/pages\/1071\/revisions\/40105"}],"up":[{"embeddable":true,"href":"https:\/\/glazbena.hr\/gb\/wp-json\/wp\/v2\/pages\/1813"}],"wp:attachment":[{"href":"https:\/\/glazbena.hr\/gb\/wp-json\/wp\/v2\/media?parent=1071"}],"curies":[{"name":"wp","href":"https:\/\/api.w.org\/{rel}","templated":true}]}}