{"id":1073,"date":"2018-08-31T09:56:01","date_gmt":"2018-08-31T09:56:01","guid":{"rendered":"https:\/\/glazbena.hr\/wp\/?page_id=1073"},"modified":"2026-02-02T09:46:41","modified_gmt":"2026-02-02T08:46:41","slug":"financijski-dokumenti","status":"publish","type":"page","link":"https:\/\/glazbena.hr\/gb\/informacije\/financial-documents\/","title":{"rendered":"Financial documents"},"content":{"rendered":"<p><a href=\"https:\/\/glazbena.hr\/wp-content\/uploads\/2020\/02\/FINANCIJSKI-IZVJE\u0160TAJ-I-XII-2019..xls\">Financijski izvje\u0161taj I-XII 2019.<\/a><\/p>\n<p><a href=\"https:\/\/glazbena.hr\/wp-content\/uploads\/2020\/02\/REFERENTNA-STRANICA.pdf\">Referentna stranica<\/a><\/p>\n<p><a href=\"https:\/\/glazbena.hr\/wp-content\/uploads\/2020\/02\/Bilje\u0161ke-Financijski-izvje\u0161taj-za-2019.-godinu.pdf\">Bilje\u0161ke &#8211; Financijski izvje\u0161taj za 2019. godinu<\/a><\/p>\n<p><a href=\"https:\/\/glazbena.hr\/wp-content\/uploads\/2020\/02\/Plan-nabave-roba-radova-i-usluga-za-2020.-godinu-za-web.pdf\">Plan nabave roba, radova i usluga za 2020. godinu za web<\/a><\/p>\n<p><a href=\"https:\/\/glazbena.hr\/wp-content\/uploads\/2020\/02\/Financijski-plan-2020-2022.xlsx\">Financijski plan 2020-2022<\/a><\/p>\n<p><a href=\"https:\/\/glazbena.hr\/wp-content\/uploads\/2020\/02\/Obrazlo\u017eenje-Financijskog-plana-za-2020.-i-projekcije-za-2021.-i-2022..pdf\">Obrazlo\u017eenje Financijskog plana za 2020. i projekcije za 2021. i 2022.<\/a><\/p>\n<p><a href=\"https:\/\/glazbena.hr\/wp-content\/uploads\/2019\/08\/Druge-izmjene-Plana-nabave-roba-radova-i-usluga-za-2019.-28.8.2019..xls\">Druge izmjene Plana nabave roba, radova i usluga za 2019. &#8211; 28.8.2019.<\/a><\/p>\n<p><a href=\"https:\/\/glazbena.hr\/wp-content\/uploads\/2019\/07\/Prve-izmjene-i-dopune-plana-nabave-roba-radova-i-usluga-za-2019.-godinu.pdf\">Prve izmjene i dopune plana nabave roba, radova i usluga za 2019. godinu<\/a><\/p>\n<p><a href=\"https:\/\/glazbena.hr\/wp-content\/uploads\/2019\/01\/FINANCIJSKI-IZVJE\u0160TAJ-2018..xls\">Financijski izvje\u0161taj 2018.<\/a><\/p>\n<p><a href=\"https:\/\/glazbena.hr\/wp-content\/uploads\/2019\/01\/REFERENTNA-STRANICA.pdf\">Referentna stranica<\/a><\/p>\n<p><a href=\"https:\/\/glazbena.hr\/wp-content\/uploads\/2019\/01\/scan-Bilje\u0161ke-uz-Financijski-izvje\u0161taj-za-2018..pdf\">scan Bilje\u0161ke uz Financijski izvje\u0161taj za 2018.<\/a><\/p>\n<p><a href=\"https:\/\/glazbena.hr\/wp-content\/uploads\/2019\/01\/Financijski-plan-za-2019.-i-projekcije-plana-za-2020.-i-2021.-scan-1.str_.pdf\">Financijski plan za 2019. i projekcije plana za 2020. i 2021. &#8211; scan 1.str<\/a><\/p>\n<p><a href=\"https:\/\/glazbena.hr\/wp-content\/uploads\/2019\/01\/Financijski-plan-za-2019..xls\">Financijski plan za 2019.<\/a><\/p>\n<p><a href=\"https:\/\/glazbena.hr\/wp-content\/uploads\/2018\/10\/FINANCIJSKI-PLAN-2018-2020.pdf\">Financijski plan 2018-2020<\/a><\/p>\n<p><a href=\"https:\/\/glazbena.hr\/wp-content\/uploads\/2018\/10\/FINANCIJSKI-PLAN-2018-2020-plan-prihoda.pdf\">Financijski plan &#8211; 2018-2020 &#8211; plan prihoda<\/a><\/p>\n<p><a href=\"https:\/\/glazbena.hr\/wp-content\/uploads\/2018\/10\/FINANCIJSKI-PLAN-2018-2020-plan-rashoda.pdf\">Financijski plan &#8211; 2018-2020 &#8211; plan rashoda<\/a><\/p>\n<p><a href=\"https:\/\/glazbena.hr\/wp-content\/uploads\/2018\/10\/FINANCIJSKI-IZVJE\u0160TAJ-2017.xls\">Financijski izvje\u0161taj 2017<\/a><\/p>\n<p><a href=\"https:\/\/glazbena.hr\/wp-content\/uploads\/2018\/10\/Bilje\u0161ke-uz-godi\u0161nje-financijsko-izvje\u0161\u0107e-za-2017.pdf\">Bilje\u0161ke uz godi\u0161nje financijsko izvje\u0161\u0107e za 2017<\/a><\/p>\n","protected":false},"excerpt":{"rendered":"<p>Financijski izvje\u0161taj I-XII 2019. Referentna stranica Bilje\u0161ke &#8211; Financijski izvje\u0161taj za 2019. godinu Plan nabave roba, radova i usluga za 2020. godinu za web Financijski plan 2020-2022 Obrazlo\u017eenje Financijskog plana za 2020. i projekcije za 2021. i 2022. Druge izmjene Plana nabave roba, radova i usluga za 2019. &#8211; 28.8.2019. Prve izmjene i dopune plana [&hellip;]<\/p>\n","protected":false},"author":5,"featured_media":0,"parent":1813,"menu_order":0,"comment_status":"closed","ping_status":"closed","template":"","meta":{"footnotes":""},"class_list":["post-1073","page","type-page","status-publish","hentry"],"translation":{"provider":"WPGlobus","version":"3.0.0","language":"gb","enabled_languages":["hr","gb"],"languages":{"hr":{"title":true,"content":true,"excerpt":false},"gb":{"title":true,"content":true,"excerpt":false}}},"_links":{"self":[{"href":"https:\/\/glazbena.hr\/gb\/wp-json\/wp\/v2\/pages\/1073","targetHints":{"allow":["GET"]}}],"collection":[{"href":"https:\/\/glazbena.hr\/gb\/wp-json\/wp\/v2\/pages"}],"about":[{"href":"https:\/\/glazbena.hr\/gb\/wp-json\/wp\/v2\/types\/page"}],"author":[{"embeddable":true,"href":"https:\/\/glazbena.hr\/gb\/wp-json\/wp\/v2\/users\/5"}],"replies":[{"embeddable":true,"href":"https:\/\/glazbena.hr\/gb\/wp-json\/wp\/v2\/comments?post=1073"}],"version-history":[{"count":22,"href":"https:\/\/glazbena.hr\/gb\/wp-json\/wp\/v2\/pages\/1073\/revisions"}],"predecessor-version":[{"id":40367,"href":"https:\/\/glazbena.hr\/gb\/wp-json\/wp\/v2\/pages\/1073\/revisions\/40367"}],"up":[{"embeddable":true,"href":"https:\/\/glazbena.hr\/gb\/wp-json\/wp\/v2\/pages\/1813"}],"wp:attachment":[{"href":"https:\/\/glazbena.hr\/gb\/wp-json\/wp\/v2\/media?parent=1073"}],"curies":[{"name":"wp","href":"https:\/\/api.w.org\/{rel}","templated":true}]}}