{"id":1077,"date":"2018-08-31T09:56:46","date_gmt":"2018-08-31T09:56:46","guid":{"rendered":"https:\/\/glazbena.hr\/wp\/?page_id=1077"},"modified":"2026-02-02T11:49:28","modified_gmt":"2026-02-02T10:49:28","slug":"javna-i-jednostavna-nabava","status":"publish","type":"page","link":"https:\/\/glazbena.hr\/gb\/informacije\/public-procurement\/","title":{"rendered":"Public procurement"},"content":{"rendered":"<p><a href=\"https:\/\/glazbena.hr\/wp-content\/uploads\/2023\/03\/Obavijest-o-jednostavnoj-nabavi-opskrba-elektricnom-energijom.pdf\" target=\"_blank\" rel=\"noopener\">Obavijest o jednostavnoj nabavi &#8211; opskrba elektri\u010dnom energijom<\/a><\/p>\n<p><a href=\"https:\/\/glazbena.hr\/wp-content\/uploads\/2020\/02\/Registar-Ugovora-u-2019.-godinu.pdf\">Registar Ugovora u 2019. godinu<\/a><\/p>\n<p><a href=\"https:\/\/glazbena.hr\/wp-content\/uploads\/2019\/11\/Obavijest-o-sprje\u010davanju-sukoba-interesa-prema-Zakonu-o-javnoj-nabavi.pdf\">Obavijest o sprje\u010davanju sukoba interesa prema Zakonu o javnoj nabavi<\/a><\/p>\n<p><a href=\"https:\/\/glazbena.hr\/wp-content\/uploads\/2019\/11\/Tre\u0107e-Izmjene-Plana-robe-radova-i-usluga-za-2019.-godinu-31.10.2019.pdf\">Tre\u0107e Izmjene Plana robe, radova i usluga za 2019. godinu &#8211; 31.10.2019<\/a><\/p>\n<p><a href=\"https:\/\/glazbena.hr\/wp-content\/uploads\/2019\/11\/Druge-Izmjene-Plana-robe-radova-i-usluga-za-2019.-godinu-28.8.2019.pdf\">Druge Izmjene Plana robe, radova i usluga za 2019. godinu &#8211; 28.8.2019<\/a><\/p>\n<p><a href=\"https:\/\/glazbena.hr\/wp-content\/uploads\/2019\/07\/Prve-izmjene-i-dopune-plana-nabave-roba-radova-i-usluga-za-2019.-godinu.pdf\">Prve izmjene i dopune plana nabave roba, radova i usluga za 2019. godinu<\/a><\/p>\n<p><a href=\"https:\/\/glazbena.hr\/wp-content\/uploads\/2019\/01\/Plan-nabave-roba-radova-i-usluga-za-2019..pdf\">Plan nabave roba, radova i usluga za 2019.<\/a><\/p>\n<p><a href=\"https:\/\/glazbena.hr\/wp-content\/uploads\/2018\/10\/PLAN-NABAVE-ROBA-RADOVA-I-USLUGA-ZA-2018.-GODINU.pdf\">Plan nabave roba, radova i usluga za 2018. godinu<\/a><\/p>\n<p><a href=\"https:\/\/glazbena.hr\/wp-content\/uploads\/2018\/10\/Pravilnik-o-provedbi-postupaka-jednostavne-nabave.pdf\">Pravilnik o provedbi postupaka jednostavne nabave<\/a><\/p>\n<p><a href=\"https:\/\/glazbena.hr\/wp-content\/uploads\/2018\/10\/Pravilnik-o-izmjeni-Pravilnika-o-provedbi-postupaka-jednostavne-nabave-28.02.2018.pdf\">Pravilnik o izmjeni Pravilnika o provedbi postupaka jednostavne nabave 28.02.2018<\/a><\/p>\n<p><a href=\"https:\/\/glazbena.hr\/wp-content\/uploads\/2018\/10\/Plan-nabave-roba-radova-i-usluga-za-2017.pdf\">Plan nabave roba radova i usluga za 2017<\/a><\/p>\n<p><a href=\"https:\/\/glazbena.hr\/wp-content\/uploads\/2018\/10\/Prve-izmjene-i-dopune-Plana-nabave-za-2017..pdf\">Prve izmjene i dopune Plana nabave za 2017.<\/a><\/p>\n<p><a href=\"https:\/\/glazbena.hr\/wp-content\/uploads\/2018\/10\/registar_ugovora_o_javnoj_nabavi.pdf\">Registar ugovora o javnoj nabavi<\/a><\/p>\n<p><a href=\"https:\/\/glazbena.hr\/wp-content\/uploads\/2018\/10\/izjava_odgovorne_osobe_narucitelja.pdf\">Izjava odgovorne osoben naru\u010ditelja<\/a><\/p>\n<p><a href=\"https:\/\/glazbena.hr\/wp-content\/uploads\/2018\/10\/izjava_o_sukobu_interesa_narucitelja.pdf\">Izjava o sukobu interesa naru\u010ditelja<\/a><\/p>\n<p><a href=\"https:\/\/glazbena.hr\/wp-content\/uploads\/2018\/10\/procedura_stvaranja_ugovornih_obveza.pdf\">Procedura stvaranja ugovornih obveza<\/a><\/p>\n<p><a href=\"https:\/\/glazbena.hr\/wp-content\/uploads\/2018\/10\/procedura_zaprimanja_racuna_te_placanja_po_racunima.pdf\">Procedura zaprimanja ra\u010duna te pla\u0107anja po ra\u010dunima<\/a><\/p>\n<p>&nbsp;<\/p>\n","protected":false},"excerpt":{"rendered":"<p>Obavijest o jednostavnoj nabavi &#8211; opskrba elektri\u010dnom energijom Registar Ugovora u 2019. godinu Obavijest o sprje\u010davanju sukoba interesa prema Zakonu o javnoj nabavi Tre\u0107e Izmjene Plana robe, radova i usluga za 2019. godinu &#8211; 31.10.2019 Druge Izmjene Plana robe, radova i usluga za 2019. godinu &#8211; 28.8.2019 Prve izmjene i dopune plana nabave roba, radova [&hellip;]<\/p>\n","protected":false},"author":5,"featured_media":0,"parent":1813,"menu_order":0,"comment_status":"closed","ping_status":"closed","template":"","meta":{"footnotes":""},"class_list":["post-1077","page","type-page","status-publish","hentry"],"translation":{"provider":"WPGlobus","version":"3.0.0","language":"gb","enabled_languages":["hr","gb"],"languages":{"hr":{"title":true,"content":true,"excerpt":false},"gb":{"title":true,"content":true,"excerpt":false}}},"_links":{"self":[{"href":"https:\/\/glazbena.hr\/gb\/wp-json\/wp\/v2\/pages\/1077","targetHints":{"allow":["GET"]}}],"collection":[{"href":"https:\/\/glazbena.hr\/gb\/wp-json\/wp\/v2\/pages"}],"about":[{"href":"https:\/\/glazbena.hr\/gb\/wp-json\/wp\/v2\/types\/page"}],"author":[{"embeddable":true,"href":"https:\/\/glazbena.hr\/gb\/wp-json\/wp\/v2\/users\/5"}],"replies":[{"embeddable":true,"href":"https:\/\/glazbena.hr\/gb\/wp-json\/wp\/v2\/comments?post=1077"}],"version-history":[{"count":14,"href":"https:\/\/glazbena.hr\/gb\/wp-json\/wp\/v2\/pages\/1077\/revisions"}],"predecessor-version":[{"id":40370,"href":"https:\/\/glazbena.hr\/gb\/wp-json\/wp\/v2\/pages\/1077\/revisions\/40370"}],"up":[{"embeddable":true,"href":"https:\/\/glazbena.hr\/gb\/wp-json\/wp\/v2\/pages\/1813"}],"wp:attachment":[{"href":"https:\/\/glazbena.hr\/gb\/wp-json\/wp\/v2\/media?parent=1077"}],"curies":[{"name":"wp","href":"https:\/\/api.w.org\/{rel}","templated":true}]}}