{"id":1079,"date":"2018-08-31T09:57:13","date_gmt":"2018-08-31T09:57:13","guid":{"rendered":"https:\/\/glazbena.hr\/wp\/?page_id=1079"},"modified":"2025-11-27T13:07:12","modified_gmt":"2025-11-27T12:07:12","slug":"ponude-izleti","status":"publish","type":"page","link":"https:\/\/glazbena.hr\/gb\/informacije\/school-trips\/","title":{"rendered":"School trips"},"content":{"rendered":"<p><a href=\"https:\/\/glazbena.hr\/wp-content\/uploads\/2019\/10\/Odluka-o-poni\u0161tenju-javnog-poziva-02.2019.pdf\">Odluka o poni\u0161tenju javnog poziva 02.2019<\/a><\/p>\n<p><a href=\"https:\/\/glazbena.hr\/wp-content\/uploads\/2019\/10\/Odluka-o-odabiru-ponude-koje-\u0107e-biti-predstavljene-roditeljima-od-21.10.2019..pdf\">Odluka o odabiru ponude koje \u0107e biti predstavljene roditeljima od 21.10.2019.<\/a><\/p>\n<p><a href=\"https:\/\/glazbena.hr\/wp-content\/uploads\/2019\/10\/Obrazac-poziva-za-organizaciju-vi\u0161ednevne-izvanu\u010dioni\u010dke-nastave-M\u0171nchen-i-dvorci-Bavarske-02.2019.pdf\">Obrazac poziva za organizaciju vi\u0161ednevne izvanu\u010dioni\u010dke nastave &#8211; M\u0171nchen i dvorci Bavarske &#8211; 02.2019<\/a><\/p>\n<p><a href=\"https:\/\/glazbena.hr\/wp-content\/uploads\/2018\/10\/Obrazac_poziva_za_organizaciju_visednevne_izvanucionicke_nastave-3.-A-Be\u010d-Bratislava-Prag-01.2018-.pdf\">Obrazac poziva za organizaciju vi\u0161ednevne izvanu\u010dioni\u010dke nastave 3.A &#8211; Be\u010d-Bratislava-Prag &#8211; 01.2018<\/a><\/p>\n<p><a href=\"https:\/\/glazbena.hr\/wp-content\/uploads\/2018\/12\/Odluka-o-odabiru-ponude-Vara\u017edintours-01.2018.pdf\">Odluka o odabiru ponude &#8211; Vara\u017edintours &#8211; 01.2018<\/a><\/p>\n<p><a href=\"https:\/\/glazbena.hr\/wp-content\/uploads\/2018\/11\/Ponovljeni-poziv-za-organizaciju-visednevne-izvanucionicke-nastave-3.-A-Be\u010d-Bratislava-Prag-01.2018-.pdf\">Ponovljeni poziv za organizaciju visednevne izvanucionicke nastave &#8211; 3. A Be\u010d &#8211; Bratislava &#8211; Prag &#8211; 01.2018<\/a><\/p>\n<p><a href=\"https:\/\/glazbena.hr\/wp-content\/uploads\/2018\/11\/Odluka-o-poni\u0161tenju-javnog-poziva-01.2018.pdf\">Odluka o poni\u0161tenju javnog poziva 01.2018<\/a><\/p>\n<p>&nbsp;<\/p>\n","protected":false},"excerpt":{"rendered":"<p>Odluka o poni\u0161tenju javnog poziva 02.2019 Odluka o odabiru ponude koje \u0107e biti predstavljene roditeljima od 21.10.2019. Obrazac poziva za organizaciju vi\u0161ednevne izvanu\u010dioni\u010dke nastave &#8211; M\u0171nchen i dvorci Bavarske &#8211; 02.2019 Obrazac poziva za organizaciju vi\u0161ednevne izvanu\u010dioni\u010dke nastave 3.A &#8211; Be\u010d-Bratislava-Prag &#8211; 01.2018 Odluka o odabiru ponude &#8211; Vara\u017edintours &#8211; 01.2018 Ponovljeni poziv za organizaciju [&hellip;]<\/p>\n","protected":false},"author":5,"featured_media":0,"parent":1813,"menu_order":0,"comment_status":"closed","ping_status":"closed","template":"","meta":{"footnotes":""},"class_list":["post-1079","page","type-page","status-publish","hentry"],"translation":{"provider":"WPGlobus","version":"3.0.0","language":"gb","enabled_languages":["hr","gb"],"languages":{"hr":{"title":true,"content":true,"excerpt":false},"gb":{"title":true,"content":true,"excerpt":false}}},"_links":{"self":[{"href":"https:\/\/glazbena.hr\/gb\/wp-json\/wp\/v2\/pages\/1079","targetHints":{"allow":["GET"]}}],"collection":[{"href":"https:\/\/glazbena.hr\/gb\/wp-json\/wp\/v2\/pages"}],"about":[{"href":"https:\/\/glazbena.hr\/gb\/wp-json\/wp\/v2\/types\/page"}],"author":[{"embeddable":true,"href":"https:\/\/glazbena.hr\/gb\/wp-json\/wp\/v2\/users\/5"}],"replies":[{"embeddable":true,"href":"https:\/\/glazbena.hr\/gb\/wp-json\/wp\/v2\/comments?post=1079"}],"version-history":[{"count":14,"href":"https:\/\/glazbena.hr\/gb\/wp-json\/wp\/v2\/pages\/1079\/revisions"}],"predecessor-version":[{"id":39994,"href":"https:\/\/glazbena.hr\/gb\/wp-json\/wp\/v2\/pages\/1079\/revisions\/39994"}],"up":[{"embeddable":true,"href":"https:\/\/glazbena.hr\/gb\/wp-json\/wp\/v2\/pages\/1813"}],"wp:attachment":[{"href":"https:\/\/glazbena.hr\/gb\/wp-json\/wp\/v2\/media?parent=1079"}],"curies":[{"name":"wp","href":"https:\/\/api.w.org\/{rel}","templated":true}]}}