{"id":1081,"date":"2018-08-31T09:58:04","date_gmt":"2018-08-31T09:58:04","guid":{"rendered":"https:\/\/glazbena.hr\/wp\/?page_id=1081"},"modified":"2026-01-27T21:11:30","modified_gmt":"2026-01-27T20:11:30","slug":"pristup-informacijama","status":"publish","type":"page","link":"https:\/\/glazbena.hr\/gb\/informacije\/acces-to-information\/","title":{"rendered":"Acces to information"},"content":{"rendered":"<p><a href=\"https:\/\/glazbena.hr\/wp-content\/uploads\/2020\/01\/Izvje\u0161\u0107e-o-provedbi-Zakona-o-pravu-na-pristup-informacijama-za-2019.-godinu.pdf\">Izvje\u0161\u0107e o provedbi Zakona o pravu na pristup informacijama za 2019. godinu<\/a><\/p>\n<p><a href=\"https:\/\/glazbena.hr\/wp-content\/uploads\/2019\/01\/Godisnje_izvjesce.pdf\">Godi\u0161nje izvje\u0161\u0107e<\/a><\/p>\n<p><a href=\"https:\/\/glazbena.hr\/wp-content\/uploads\/2018\/10\/katalog_informacija_glazbene_skole_u_varazdinu.pdf\">Katalog informacija Glazbene \u0161kole u Vara\u017edinu<\/a><\/p>\n<p><a href=\"https:\/\/glazbena.hr\/wp-content\/uploads\/2018\/10\/odluka_o_imenovanju_sluzbenika_za_informiranje.pdf\">Odluka o imenovanju slu\u017ebenika za informiranje<\/a><\/p>\n<p><a href=\"https:\/\/glazbena.hr\/wp-content\/uploads\/2018\/10\/obrazac-zahtjev_za_pristup_informaciji.doc\">Obrazac &#8211; zahtjev za pristup informaciji<\/a><\/p>\n","protected":false},"excerpt":{"rendered":"<p>Izvje\u0161\u0107e o provedbi Zakona o pravu na pristup informacijama za 2019. godinu Godi\u0161nje izvje\u0161\u0107e Katalog informacija Glazbene \u0161kole u Vara\u017edinu Odluka o imenovanju slu\u017ebenika za informiranje Obrazac &#8211; zahtjev za pristup informaciji<\/p>\n","protected":false},"author":5,"featured_media":0,"parent":1813,"menu_order":0,"comment_status":"closed","ping_status":"closed","template":"","meta":{"footnotes":""},"class_list":["post-1081","page","type-page","status-publish","hentry"],"translation":{"provider":"WPGlobus","version":"3.0.0","language":"gb","enabled_languages":["hr","gb"],"languages":{"hr":{"title":true,"content":true,"excerpt":false},"gb":{"title":true,"content":true,"excerpt":false}}},"_links":{"self":[{"href":"https:\/\/glazbena.hr\/gb\/wp-json\/wp\/v2\/pages\/1081","targetHints":{"allow":["GET"]}}],"collection":[{"href":"https:\/\/glazbena.hr\/gb\/wp-json\/wp\/v2\/pages"}],"about":[{"href":"https:\/\/glazbena.hr\/gb\/wp-json\/wp\/v2\/types\/page"}],"author":[{"embeddable":true,"href":"https:\/\/glazbena.hr\/gb\/wp-json\/wp\/v2\/users\/5"}],"replies":[{"embeddable":true,"href":"https:\/\/glazbena.hr\/gb\/wp-json\/wp\/v2\/comments?post=1081"}],"version-history":[{"count":6,"href":"https:\/\/glazbena.hr\/gb\/wp-json\/wp\/v2\/pages\/1081\/revisions"}],"predecessor-version":[{"id":40326,"href":"https:\/\/glazbena.hr\/gb\/wp-json\/wp\/v2\/pages\/1081\/revisions\/40326"}],"up":[{"embeddable":true,"href":"https:\/\/glazbena.hr\/gb\/wp-json\/wp\/v2\/pages\/1813"}],"wp:attachment":[{"href":"https:\/\/glazbena.hr\/gb\/wp-json\/wp\/v2\/media?parent=1081"}],"curies":[{"name":"wp","href":"https:\/\/api.w.org\/{rel}","templated":true}]}}