{"id":1094,"date":"2018-08-31T09:58:59","date_gmt":"2018-08-31T09:58:59","guid":{"rendered":"https:\/\/glazbena.hr\/wp\/?page_id=1094"},"modified":"2018-09-04T07:41:56","modified_gmt":"2018-09-04T07:41:56","slug":"alumni-glazbene-skole","status":"publish","type":"page","link":"https:\/\/glazbena.hr\/gb\/the-alumni\/alumni-glazbene-skole\/","title":{"rendered":"Alumni Glazbene \u0161kole"},"content":{"rendered":"<p><strong>ALUMNI GLAZBENE \u0160KOLE U VARA\u017dDINU<\/strong><\/p>\n<p>Alumni Glazbene \u0161kole u Vara\u017edinu je \u017eivopisna zajednica \u2013 klub biv\u0161ih u\u010denika osnovne, odnosno srednje glazbene \u0161kole. Naziv alumni latinskog je porijekla alumnus, \u0161to u prijevodu zna\u010di \u0161ti\u0107enik. Biti alumni neke obrazovne ustanove zna\u010di biti biv\u0161i pripadnik\/u\u010denik iste. Neka svjetska sveu\u010dili\u0161ta i presti\u017ene \u0161kole njeguju tradiciju alumni klubova sa stogodi\u0161njom tradicijom. Glazbena \u0161kola u Vara\u017edinu izuzetno je ponosna na sve svoje biv\u0161e u\u010denike. Neki od njih proslavili su ime \u0160kole diljem svijeta i na tome smo im vje\u010dno zahvalni. No, \u017eelja nam je ostati u trajnom kontaktu sa svim svojim biv\u0161im u\u010denicima koji su zavr\u0161ili osnovno\u0161kolsko odnosno srednjo\u0161kolsko obrazovanje. Iako su alumni klubovi \u010de\u0161\u0107i na visoko\u0161kolskim institucijama, nama je kao \u0161koli sa dugogodi\u0161njom tradicijom izuzetno bitno odr\u017eavanje veza s biv\u0161im u\u010denicima. Stoga je poha\u0111anje Glazbene \u0161kole u Vara\u017edinu tek po\u010detak dugogodi\u0161njeg prijateljstva, a Alumni klub je ovdje kao poveznica i kontinuirana podr\u0161ka nakon \u0161to jednog dana uspje\u0161no zavr\u0161ite svoje \u0161kolovanje kod nas. Klub \u0107e pomo\u0107i i u me\u0111usobnom povezivanju i kontaktu, a nama \u0107e uvijek biti drago pratiti \u017eivotni put na\u0161ih u\u010denika. U\u010denici zavr\u0161nih razreda osnovne i srednje glazbene \u0161kole \u0107e po zavr\u0161etku svojeg \u0161kolovanja u 2018.\/19. godini automatski postati \u010dlanovi Alumni kluba, a sve ostale pozivamo da se samostalno uklju\u010de i a\u017euriraju svoje podatke.<br \/>\n\u010clanove Alumni kluba vrlo rado \u0107emo ugostiti u na\u0161oj \u0160koli te obavje\u0161tavati o svim va\u017enijim doga\u0111anjima (koncertima, seminarima, gostovanjima, razgovorima).<br \/>\nMolimo Vas da odvojite trenutak i a\u017eurirate svoje podatke \u2026<br \/>\nObradovati \u0107emo se ukoliko pomognete a\u017euriranjem va\u0161ih podataka ispunjavanjem online obrasca kako bismo mogli ostati u kontaktu.<\/p>\n<p>Ime i prezime nastavnika zadu\u017eenog za Alumni klub<br \/>\nkontakt<\/p>\n","protected":false},"excerpt":{"rendered":"<p>ALUMNI GLAZBENE \u0160KOLE U VARA\u017dDINU Alumni Glazbene \u0161kole u Vara\u017edinu je \u017eivopisna zajednica \u2013 klub biv\u0161ih u\u010denika osnovne, odnosno srednje glazbene \u0161kole. Naziv alumni latinskog je porijekla alumnus, \u0161to u prijevodu zna\u010di \u0161ti\u0107enik. Biti alumni neke obrazovne ustanove zna\u010di biti biv\u0161i pripadnik\/u\u010denik iste. Neka svjetska sveu\u010dili\u0161ta i presti\u017ene \u0161kole njeguju tradiciju alumni klubova sa stogodi\u0161njom [&hellip;]<\/p>\n","protected":false},"author":5,"featured_media":0,"parent":1164,"menu_order":0,"comment_status":"closed","ping_status":"closed","template":"","meta":{"footnotes":""},"class_list":["post-1094","page","type-page","status-publish","hentry"],"translation":{"provider":"WPGlobus","version":"3.0.0","language":"gb","enabled_languages":["hr","gb"],"languages":{"hr":{"title":true,"content":true,"excerpt":false},"gb":{"title":false,"content":false,"excerpt":false}}},"_links":{"self":[{"href":"https:\/\/glazbena.hr\/gb\/wp-json\/wp\/v2\/pages\/1094","targetHints":{"allow":["GET"]}}],"collection":[{"href":"https:\/\/glazbena.hr\/gb\/wp-json\/wp\/v2\/pages"}],"about":[{"href":"https:\/\/glazbena.hr\/gb\/wp-json\/wp\/v2\/types\/page"}],"author":[{"embeddable":true,"href":"https:\/\/glazbena.hr\/gb\/wp-json\/wp\/v2\/users\/5"}],"replies":[{"embeddable":true,"href":"https:\/\/glazbena.hr\/gb\/wp-json\/wp\/v2\/comments?post=1094"}],"version-history":[{"count":0,"href":"https:\/\/glazbena.hr\/gb\/wp-json\/wp\/v2\/pages\/1094\/revisions"}],"up":[{"embeddable":true,"href":"https:\/\/glazbena.hr\/gb\/wp-json\/wp\/v2\/pages\/1164"}],"wp:attachment":[{"href":"https:\/\/glazbena.hr\/gb\/wp-json\/wp\/v2\/media?parent=1094"}],"curies":[{"name":"wp","href":"https:\/\/api.w.org\/{rel}","templated":true}]}}