{"id":1098,"date":"2018-08-31T09:59:40","date_gmt":"2018-08-31T09:59:40","guid":{"rendered":"https:\/\/glazbena.hr\/wp\/?page_id=1098"},"modified":"2024-12-01T19:28:38","modified_gmt":"2024-12-01T18:28:38","slug":"kontakti","status":"publish","type":"page","link":"https:\/\/glazbena.hr\/gb\/contacts\/","title":{"rendered":"Contacts"},"content":{"rendered":"<p>[vc_row][vc_column][vc_single_image image=&#8221;15491&#8243; img_size=&#8221;500&#215;334&#8243; alignment=&#8221;center&#8221;][vc_empty_space][\/vc_column][\/vc_row][vc_row][vc_column][vc_column_text]<\/p>\n<p style=\"text-align: center;\"><strong>VARA\u017dDIN SCHOOL OF MUSIC<\/strong><\/p>\n<p style=\"text-align: center;\"><strong>Kapucinski trg 8, 42000 Vara\u017edin<br \/>\nOIB: 53107915745<\/strong><\/p>\n<p style=\"text-align: center;\"><strong>WORKING HOURS<\/strong><\/p>\n<p style=\"text-align: center;\">07.00-21.00<\/p>\n<p style=\"text-align: center;\"><strong>Principal:<\/strong><\/p>\n<p style=\"text-align: center;\">Davor Mata\u010di\u0107, principal of Vara\u017edin School of Music<\/p>\n<p style=\"text-align: center;\"><strong>Secretary:<\/strong><\/p>\n<p style=\"text-align: center;\">Sun\u010dana Medved, secretary<\/p>\n<p style=\"text-align: center;\"><strong>Accountant:<\/strong><\/p>\n<p style=\"text-align: center;\">Mirka Varga, accountant<\/p>\n<p style=\"text-align: center;\"><strong>Time table assistant:<\/strong><\/p>\n<p style=\"text-align: center;\">Nikola Novak, time table assistant<\/p>\n<p style=\"text-align: center;\"><strong>School Counsellor:<\/strong><\/p>\n<p style=\"text-align: center;\">Marina Sokol, school counsellor pedagogue<\/p>\n<p style=\"text-align: center;\">Leonarda Bosilj, school counsellor psychologist<\/p>\n<p style=\"text-align: center;\"><strong>Project coordinator:<\/strong><\/p>\n<p style=\"text-align: center;\">Sanja Buhin, project coordinator, Erasmus coordinator<\/p>\n<p style=\"text-align: center;\"><strong>Administration:<\/strong><\/p>\n<p style=\"text-align: center;\">Barbara Zdelar, administration<\/p>\n<p style=\"text-align: center;\"><strong>Working hours of the administrative office (secretary, administration and accountant):<\/strong><\/p>\n<p style=\"text-align: center;\">Monday, Wednesday and Thursday:<\/p>\n<p style=\"text-align: center;\">07.30 &#8211; 15.30<\/p>\n<p style=\"text-align: center;\">Tuesday<\/p>\n<p style=\"text-align: center;\">07,00 &#8211; 17,00<\/p>\n<p style=\"text-align: center;\">Friday<\/p>\n<p style=\"text-align: center;\">07,00 &#8211; 13.00<\/p>\n<p style=\"text-align: center;\"><strong>Account details:<\/strong><\/p>\n<p style=\"text-align: center;\">ZAGREBA\u010cKA BANKA D.D.<br \/>\nSWIFT CODE: ZABAHR2X<br \/>\nGLAZBENA \u0160KOLA U VARA\u017dDINU<br \/>\nIBAN: HR5123600001102718441<\/p>\n<p><strong>School e-mail contacts<\/strong>:<\/p>\n<table>\n<tbody>\n<tr>\n<td width=\"146\"><strong>Office<\/strong><\/td>\n<td width=\"176\"><strong>Phone number<\/strong><\/td>\n<td width=\"237\"><strong>E-mail<\/strong><\/td>\n<\/tr>\n<tr>\n<td width=\"146\">Principal<\/td>\n<td width=\"176\">042\/213-123<\/td>\n<td width=\"237\"><a href=\"mailto:ravnatelj@glazbena.hr\">ravnatelj@glazbena.hr<\/a><\/td>\n<\/tr>\n<tr>\n<td width=\"146\">Secretary<\/td>\n<td width=\"176\">042\/200-940<\/td>\n<td width=\"237\"><a href=\"mailto:tajnistvo@glazbena.hr\">tajnistvo@glazbena.hr<\/a>; <a href=\"mailto:glazbena-skola@vz.t-com.hr\">glazbena-skola@vz.t-com.hr<\/a><\/td>\n<\/tr>\n<tr>\n<td width=\"146\">Administration<\/td>\n<td width=\"176\">042\/213-123<\/td>\n<td width=\"237\"><a href=\"mailto:administrator@glazbena.hr\">administrator@glazbena.hr<\/a>; <a href=\"mailto:ured@ogs-varazdin.skole.hr\">ured@ogs-varazdin.skole.hr<\/a><\/td>\n<\/tr>\n<tr>\n<td width=\"146\">Pedagogue<\/td>\n<td width=\"176\">042\/200-942<\/td>\n<td width=\"237\"><a href=\"mailto:pedagog@glazbena.hr\">pedagog@glazbena.hr<\/a><\/td>\n<\/tr>\n<tr>\n<td width=\"146\">Psychologist<\/td>\n<td width=\"176\">042\/213-123<\/td>\n<td width=\"237\"><\/td>\n<\/tr>\n<tr>\n<td width=\"146\">Examination coordinator of the state matriculation exam<\/td>\n<td width=\"176\">042\/213-123<\/td>\n<td width=\"237\"><a href=\"mailto:drzavnamatura@glazbena.hr\">drzavnamatura@glazbena.hr<\/a><\/td>\n<\/tr>\n<tr>\n<td width=\"146\">Time table assistant<\/td>\n<td width=\"176\">042\/213-123<\/td>\n<td width=\"237\"><a href=\"mailto:voditeljsmjene@glazbena.hr\">voditeljsmjene@glazbena.hr<\/a><\/td>\n<\/tr>\n<tr>\n<td width=\"146\">Accountant<\/td>\n<td width=\"176\">042\/200-125<\/td>\n<td width=\"237\"><a href=\"mailto:racunovodstvo@glazbena.hr\">racunovodstvo@glazbena.hr<\/a><\/td>\n<\/tr>\n<tr>\n<td width=\"146\">Project coordinator<\/td>\n<td width=\"176\">042\/213-123<\/td>\n<td width=\"237\"><a href=\"mailto:glazbenaskola190@gmail.com\">glazbenaskola190@gmail.com<\/a>; <a href=\"mailto:info@glazbena.hr\">info@glazbena.hr<\/a>;<\/td>\n<\/tr>\n<tr>\n<td width=\"146\">Information on admissions to the 1st grade<\/td>\n<td width=\"176\">042\/200-940<\/td>\n<td width=\"237\"><a href=\"mailto:upisi@glazbena.hr\">upisi@glazbena.hr<\/a><\/td>\n<\/tr>\n<tr>\n<td width=\"146\">International Competitions<\/td>\n<td width=\"176\">042\/213-123<\/td>\n<td width=\"237\"><a href=\"mailto:memorijal.jurica.murai@gmail.com\">memorijal.jurica.murai@gmail.com<\/a>;<\/p>\n<p><a href=\"mailto:vz.woodwind.brass@gmail.com\">vz.woodwind.brass@gmail.com<\/a><\/td>\n<\/tr>\n<tr>\n<td width=\"146\">Hall<\/td>\n<td width=\"176\">042\/200-941<\/td>\n<td width=\"237\"><\/td>\n<\/tr>\n<tr>\n<td width=\"146\">Fax<\/td>\n<td width=\"176\">042\/213-715<\/td>\n<td width=\"237\"><\/td>\n<\/tr>\n<\/tbody>\n<\/table>\n<p>&nbsp;<\/p>\n<p>[\/vc_column_text][\/vc_column][vc_column][\/vc_column][\/vc_row][vc_row][vc_column width=&#8221;1\/3&#8243;][\/vc_column][vc_column width=&#8221;1\/3&#8243;][vc_gmaps link=&#8221;#E-8_JTNDaWZyYW1lJTIwc3JjJTNEJTIyaHR0cHMlM0ElMkYlMkZ3d3cuZ29vZ2xlLmNvbSUyRm1hcHMlMkZlbWJlZCUzRnBiJTNEJTIxMW0xOCUyMTFtMTIlMjExbTMlMjExZDI3NTYuMjExNjc0NTY0NzEyJTIxMmQxNi4zMzE3NTk5NTEzODE1NDYlMjEzZDQ2LjMwNTYzMzQ4NDgyMDg2NiUyMTJtMyUyMTFmMCUyMTJmMCUyMTNmMCUyMTNtMiUyMTFpMTAyNCUyMTJpNzY4JTIxNGYxMy4xJTIxM20zJTIxMW0yJTIxMXMweDQ3NjhhYWQ1ZTI0ZDg3ZGYlMjUzQTB4ZjZkYmIyZTc0OGY4N2FlMiUyMTJzR2xhemJlbmElMkIlMjVDNSUyNUExa29sYSUyMTVlMCUyMTNtMiUyMTFzaHIlMjEyc2hyJTIxNHYxNTQwMjIyOTkzMjc1JTIyJTIwd2lkdGglM0QlMjI2MDAlMjIlMjBoZWlnaHQlM0QlMjI0NTAlMjIlMjBmcmFtZWJvcmRlciUzRCUyMjAlMjIlMjBzdHlsZSUzRCUyMmJvcmRlciUzQTAlMjIlMjBhbGxvd2Z1bGxzY3JlZW4lM0UlM0MlMkZpZnJhbWUlM0U=&#8221; size=&#8221;500x334px&#8221;][\/vc_column][vc_column width=&#8221;1\/3&#8243;][\/vc_column][\/vc_row]<\/p>\n","protected":false},"excerpt":{"rendered":"<p>[vc_row][vc_column][vc_single_image image=&#8221;15491&#8243; img_size=&#8221;500&#215;334&#8243; alignment=&#8221;center&#8221;][vc_empty_space][\/vc_column][\/vc_row][vc_row][vc_column][vc_column_text] VARA\u017dDIN SCHOOL OF MUSIC Kapucinski trg 8, 42000 Vara\u017edin OIB: 53107915745 WORKING HOURS 07.00-21.00 Principal: Davor Mata\u010di\u0107, principal of Vara\u017edin School of Music Secretary: Sun\u010dana Medved, secretary Accountant: Mirka Varga, accountant Time table assistant: Nikola Novak, time table assistant School Counsellor: Marina Sokol, school counsellor pedagogue Leonarda Bosilj, school counsellor psychologist [&hellip;]<\/p>\n","protected":false},"author":5,"featured_media":0,"parent":0,"menu_order":0,"comment_status":"closed","ping_status":"closed","template":"","meta":{"footnotes":""},"class_list":["post-1098","page","type-page","status-publish","hentry"],"translation":{"provider":"WPGlobus","version":"3.0.0","language":"gb","enabled_languages":["hr","gb"],"languages":{"hr":{"title":true,"content":true,"excerpt":false},"gb":{"title":true,"content":true,"excerpt":false}}},"_links":{"self":[{"href":"https:\/\/glazbena.hr\/gb\/wp-json\/wp\/v2\/pages\/1098","targetHints":{"allow":["GET"]}}],"collection":[{"href":"https:\/\/glazbena.hr\/gb\/wp-json\/wp\/v2\/pages"}],"about":[{"href":"https:\/\/glazbena.hr\/gb\/wp-json\/wp\/v2\/types\/page"}],"author":[{"embeddable":true,"href":"https:\/\/glazbena.hr\/gb\/wp-json\/wp\/v2\/users\/5"}],"replies":[{"embeddable":true,"href":"https:\/\/glazbena.hr\/gb\/wp-json\/wp\/v2\/comments?post=1098"}],"version-history":[{"count":21,"href":"https:\/\/glazbena.hr\/gb\/wp-json\/wp\/v2\/pages\/1098\/revisions"}],"predecessor-version":[{"id":37350,"href":"https:\/\/glazbena.hr\/gb\/wp-json\/wp\/v2\/pages\/1098\/revisions\/37350"}],"wp:attachment":[{"href":"https:\/\/glazbena.hr\/gb\/wp-json\/wp\/v2\/media?parent=1098"}],"curies":[{"name":"wp","href":"https:\/\/api.w.org\/{rel}","templated":true}]}}