{"id":1585,"date":"2018-10-02T09:52:48","date_gmt":"2018-10-02T09:52:48","guid":{"rendered":"https:\/\/glazbena.hr\/wp\/?page_id=1585"},"modified":"2023-02-13T22:22:43","modified_gmt":"2023-02-13T20:22:43","slug":"ravnatelj","status":"publish","type":"page","link":"https:\/\/glazbena.hr\/gb\/principal\/","title":{"rendered":"Principal"},"content":{"rendered":"<p><img loading=\"lazy\" decoding=\"async\" class=\"aligncenter wp-image-7320\" src=\"https:\/\/glazbena.hr\/wp-content\/uploads\/2020\/11\/Davor_Matacic-1024x682.jpg\" alt=\"\" width=\"450\" height=\"300\" srcset=\"https:\/\/glazbena.hr\/wp-content\/uploads\/2020\/11\/Davor_Matacic-1024x682.jpg 1024w, https:\/\/glazbena.hr\/wp-content\/uploads\/2020\/11\/Davor_Matacic-300x200.jpg 300w, https:\/\/glazbena.hr\/wp-content\/uploads\/2020\/11\/Davor_Matacic-768x511.jpg 768w, https:\/\/glazbena.hr\/wp-content\/uploads\/2020\/11\/Davor_Matacic-1536x1022.jpg 1536w, https:\/\/glazbena.hr\/wp-content\/uploads\/2020\/11\/Davor_Matacic.jpg 1600w\" sizes=\"auto, (max-width: 450px) 100vw, 450px\" \/><\/p>\n<h4 style=\"text-align: center;\">Davor Mata\u010di\u0107<\/h4>\n<p>Davor Mata\u010di\u0107 was born in Vara\u017edin. He enrolled in the Vara\u017edin School of Music at an early age, and began to study piano under Tatjana Majnari\u0107. He graduated from both Vara\u017edin First Grammar School and the Vara\u017edin School of Music (where he majored in piano) under Olimpija Vojvoda.<br \/>\nAt the 29th Croatian Competition for Music and Dance Students he won the 1st prize, and as a successful student he represented the Vara\u017edin School of Music at the national television (HRT). He enrolled in the Music Academy in Zagreb under Professor \u0110or\u0111e Stanetti, where he graduated with honours in 2002.<br \/>\nAmong many concerts he took part in, some of the most prestigious venues he performed at are: Dubrovnik Summer Festival, the Festival of St. Mark in Zagreb, the Croatian Music Institute in Zagreb. He also performed with the Zagreb soloists at the 34th Vara\u017edin Baroque Evenings.<br \/>\nHe has taken numerous master courses with eminent music educators, such as R. Kehrer, S. Benda, L. Baranyay, K. Richter and K. H. K\u00e4mmerling. He has also recorded for the Croatian Radio and Television educational programme.<br \/>\nHe has worked at the Vara\u017edin School of Music since 2002 and has achieved remarkable results as a music teacher and piano accompanist. He has also served as a jury member at piano competitions in Croatia, Slovenia, Italy as well as at the prestigious International Hans Gabor Belvedere Singing Competition.<br \/>\nHe established the Vara\u017edin Woodwind &amp; Brass International Competition and the Tribute to Jurica Murai and Murai Grand Prix International Piano Competition, which, shortly after its founding, joined the prestigious Alink Argerich Foundation. He also serves as the chairman of the Organizing Committee of the two competitions.<br \/>\nHe completed his postgraduate studies in International Relations at the Faculty of Political Science in Zagreb, with a thesis on the role of UNESCO in international cooperation.<br \/>\nHe is a lecturer at the Music and Media Studies at the University of the North, where he has been working since 2021<br \/>\nHe is a member of the Croatian Society for the United Nations. He was a student at the UN Academy organized by the Ministry of Foreign and European Affairs and the US Embassy in the Republic of Croatia.<br \/>\nHe was appointed to the Vara\u017edin Baroque Evenings Jury on several occasions, and is part of the jury panel of this oldest European festival dedicated to baroque music for three years now. In September 2018, he received the Vara\u017edin County Award on behalf of the Vara\u017edin School of Music for outstanding achievements in the previous year and in the year 2020 he recived the same award for the organisation of Carl Orff\u00b4s Carmina Burana in Vara\u017edin. In May 2022 he participated at the S\u00e9joure culture programe in the organisation of the French Ministry of Culture and the Maisons des Cultures du Monde.<br \/>\nBy the decision of His Majesty King Felipe VI of Spain, in occasion of the 30th anniversary of the establishment of diplomatic relations between The Kingdom of Spain and the Republic of Croatia, he was given the Order of Isabella the Catholic in recognition of extraodinary service in promotion of international cultural relations.<\/p>\n<p>&nbsp;<\/p>\n<p>&nbsp;<\/p>\n","protected":false},"excerpt":{"rendered":"<p>Davor Mata\u010di\u0107 Davor Mata\u010di\u0107 was born in Vara\u017edin. He enrolled in the Vara\u017edin School of Music at an early age, and began to study piano under Tatjana Majnari\u0107. He graduated from both Vara\u017edin First Grammar School and the Vara\u017edin School of Music (where he majored in piano) under Olimpija Vojvoda. At the 29th Croatian Competition [&hellip;]<\/p>\n","protected":false},"author":5,"featured_media":0,"parent":0,"menu_order":0,"comment_status":"closed","ping_status":"closed","template":"","meta":{"footnotes":""},"class_list":["post-1585","page","type-page","status-publish","hentry"],"translation":{"provider":"WPGlobus","version":"3.0.0","language":"gb","enabled_languages":["hr","gb"],"languages":{"hr":{"title":true,"content":true,"excerpt":false},"gb":{"title":true,"content":true,"excerpt":false}}},"_links":{"self":[{"href":"https:\/\/glazbena.hr\/gb\/wp-json\/wp\/v2\/pages\/1585","targetHints":{"allow":["GET"]}}],"collection":[{"href":"https:\/\/glazbena.hr\/gb\/wp-json\/wp\/v2\/pages"}],"about":[{"href":"https:\/\/glazbena.hr\/gb\/wp-json\/wp\/v2\/types\/page"}],"author":[{"embeddable":true,"href":"https:\/\/glazbena.hr\/gb\/wp-json\/wp\/v2\/users\/5"}],"replies":[{"embeddable":true,"href":"https:\/\/glazbena.hr\/gb\/wp-json\/wp\/v2\/comments?post=1585"}],"version-history":[{"count":5,"href":"https:\/\/glazbena.hr\/gb\/wp-json\/wp\/v2\/pages\/1585\/revisions"}],"predecessor-version":[{"id":23629,"href":"https:\/\/glazbena.hr\/gb\/wp-json\/wp\/v2\/pages\/1585\/revisions\/23629"}],"wp:attachment":[{"href":"https:\/\/glazbena.hr\/gb\/wp-json\/wp\/v2\/media?parent=1585"}],"curies":[{"name":"wp","href":"https:\/\/api.w.org\/{rel}","templated":true}]}}