{"id":16937,"date":"2021-10-10T11:41:06","date_gmt":"2021-10-10T09:41:06","guid":{"rendered":"https:\/\/glazbena.hr\/?page_id=16937"},"modified":"2024-04-01T16:13:52","modified_gmt":"2024-04-01T15:13:52","slug":"2021-2022","status":"publish","type":"page","link":"https:\/\/glazbena.hr\/gb\/2021-2022\/","title":{"rendered":"2021.\/2022."},"content":{"rendered":"<p><a href=\"https:\/\/glazbena.hr\/wp-content\/uploads\/2024\/04\/20220329-8.-medunarodno-natjecanje-tamburasa-Pozega-Hrvatska.pdf\" target=\"_blank\" rel=\"noopener\">29.03.2022. &#8211; 8. me\u0111unarodno natjecanje tambura\u0161a &#8211; Po\u017eega &#8211; Hrvatska.<\/a><\/p>\n<p><a href=\"https:\/\/glazbena.hr\/wp-content\/uploads\/2022\/07\/20220612-2nd-International-Piano-Competition-Great-Piano-Masters-Rudolf-Kehrer-Edition-online.pdf\" target=\"_blank\" rel=\"noopener\">12.06.2022. &#8211; 2nd International Piano Competition Great Piano Masters Rudolf Kehrer Edition &#8211; online<\/a><\/p>\n<p><a href=\"https:\/\/glazbena.hr\/wp-content\/uploads\/2022\/07\/20220602-Oskar-Rieding-6th-International-Competition-for-Young-Musicians-Rogaska-Slatina-Slovenija.pdf\" target=\"_blank\" rel=\"noopener\">02.06.2022. &#8211; Oskar Rieding 6th International Competition for Young Musicians &#8211; Roga\u0161ka Slatina &#8211; Slovenija<\/a><\/p>\n<p><a href=\"https:\/\/glazbena.hr\/wp-content\/uploads\/2022\/07\/20220621-11th-International-Piano-Competition-Ivan-Rijavec-Rogaska-Slatina-Slovenija-1.pdf\" target=\"_blank\" rel=\"noopener\">21.06.2022. &#8211; 11th International Piano Competition Ivan Rijavec &#8211; Roga\u0161ka Slatina- Slovenija<\/a><\/p>\n<p><a href=\"https:\/\/glazbena.hr\/wp-content\/uploads\/2022\/07\/20220605-Tartini-International-Competition-2022-Piran-Slovenija.pdf\" target=\"_blank\" rel=\"noopener\">05.06.2022. &#8211; Tartini International Competition 2022 &#8211; Piran &#8211; Slovenija<\/a><\/p>\n<p><a href=\"https:\/\/glazbena.hr\/wp-content\/uploads\/2022\/07\/20220603-AKORDEON-ART-plus-4.-medunarodno-takmicenje-pijanista-Sarajevo-BIH.pdf\" target=\"_blank\" rel=\"noopener\">03.06.2022.- AKORDEON ART plus &#8211; 4. me\u0111unarodno takmi\u010denje pijanista &#8211; Sarajevo &#8211; BIH<\/a><\/p>\n<p><a href=\"https:\/\/glazbena.hr\/wp-content\/uploads\/2022\/10\/20220530-Korosko-klavirsko-tekmovanje-2022-Radlje-ob-Dravi-Slovenija.pdf\" target=\"_blank\" rel=\"noopener\">30.05.2022. &#8211; Koro\u0161ko klavirsko tekmovanje 2022 &#8211; Radlje ob Dravi &#8211; Slovenija<\/a><\/p>\n<p><a href=\"https:\/\/glazbena.hr\/wp-content\/uploads\/2022\/06\/20220515-13.-medunarodno-pijanisticko-natjecanje-Slavenski-Novi-Sad-Srbija.pdf\" target=\"_blank\" rel=\"noopener\">15.05.2022. &#8211; 13. me\u0111unarodno pijanisti\u010dko natjecanje Slavenski &#8211; Novi Sad &#8211; Srbija<\/a><\/p>\n<p><a href=\"https:\/\/glazbena.hr\/wp-content\/uploads\/2022\/06\/20220531-Medunarodno-natjecanje-klavirista-osnovnoskolskog-uzrasta-Una-Corda-2022-Kastav-online.pdf\" target=\"_blank\" rel=\"noopener\">31.05.2022. &#8211; Me\u0111unarodno natjecanje klavirista osnovno\u0161kolskog uzrasta Una Corda 2022 &#8211; Kastav &#8211; online<\/a><\/p>\n<p><a href=\"https:\/\/glazbena.hr\/wp-content\/uploads\/2022\/06\/20220522-9.-medunarodno-glazbeno-natjecanje-Fantast-2022-Becej-RS.pdf\" target=\"_blank\" rel=\"noopener\">22.05.2022. &#8211; 9. me\u0111unarodno glazbeno natjecanje Fantast 2022 &#8211; Be\u010dej &#8211; RS<\/a><\/p>\n<p><a href=\"https:\/\/glazbena.hr\/wp-content\/uploads\/2022\/05\/20220519-International-Solo-Singer-Competition-Stojan-Stojanov-Gancev-Zagreb.pdf\" target=\"_blank\" rel=\"noopener\">19.05.2022. &#8211; International Solo Singer Competition Stojan Stojanov Gan\u010dev &#8211; Zagreb<\/a><\/p>\n<p><a href=\"https:\/\/glazbena.hr\/wp-content\/uploads\/2022\/05\/20220515-5.-medunarodno-pijanisticko-natjecanje-Memorijal-Jurica-Murai-i-Murai-Grand-Prix-Varazdin.pdf\" target=\"_blank\" rel=\"noopener\">15.05.2022.- 5. me\u0111unarodno pijanisti\u010dko natjecanje Memorijal Jurica Murai i Murai Grand Prix &#8211; Vara\u017edin<\/a><\/p>\n<p><a href=\"https:\/\/glazbena.hr\/wp-content\/uploads\/2022\/05\/20220516-14th-International-music-competition-Luigi-Cerritelli-Marcello-Abbado-prizes-Italija-online.pdf\" target=\"_blank\" rel=\"noopener\">16.05.2022. &#8211; 14th International music competition Luigi Cerritelli &amp; Marcello Abbado prizes &#8211; Italija &#8211; online<\/a><\/p>\n<p><a href=\"https:\/\/glazbena.hr\/wp-content\/uploads\/2022\/05\/20220510-16.-mednarodno-srecanje-harmonikarjev-Pannoni-Accordion-Murska-Sobota-Slovenija.pdf\" target=\"_blank\" rel=\"noopener\">10.05.2022. &#8211; 16.05.2022. Mednarodno sre\u010danje harmonikarjev Pannoni Accordion &#8211; Murska Sobota &#8211; Slovenija<\/a><\/p>\n<p><a href=\"https:\/\/glazbena.hr\/wp-content\/uploads\/2022\/05\/20220505-XXV.-jubilarno-natjecanje-mladih-glazbenika-Daleki-Akordi-Split-Hrvatska.pdf\" target=\"_blank\" rel=\"noopener\">05.05.2022. &#8211; XXV. jubilarno natjecanje mladih glazbenika Daleki Akordi &#8211; Split &#8211; Hrvatska<\/a><\/p>\n<p><a href=\"https:\/\/glazbena.hr\/wp-content\/uploads\/2022\/05\/20220508-2.-internacionalno-pijanisticko-takmicenje-Memorijal-Matusja-Blum-Sarajevo-BIH.pdf\" target=\"_blank\" rel=\"noopener\">08.05.2022. &#8211; 2. internacionalno pijanisti\u010dko takmi\u010denje Memorijal Matusja Blum &#8211; Sarajevo &#8211; BIH<\/a><\/p>\n<p><a href=\"https:\/\/glazbena.hr\/wp-content\/uploads\/2022\/04\/20220410-Natjecanje-Damir-Sekosan-za-mlade-klaviriste-Osijek-Hrvatska.pdf\" target=\"_blank\" rel=\"noopener\">10.04.2022. &#8211; Natjecanje Damir Seko\u0161an za mlade klaviriste &#8211; Osijek &#8211; Hrvatska<\/a><\/p>\n<p><a href=\"https:\/\/glazbena.hr\/wp-content\/uploads\/2022\/04\/20220410-AccordionFest-2022.-Varazdin-Hrvatska.pdf\" target=\"_blank\" rel=\"noopener\">10.04.2022. &#8211; AccordionFest 2022. &#8211; Vara\u017edin &#8211; Hrvatska<\/a><\/p>\n<p><a href=\"https:\/\/glazbena.hr\/wp-content\/uploads\/2022\/04\/20220408-International-Solfeggio-ONLINE-Competition-Solfeggio-Creativity-and-Music-Theory-Maribor-Slovenija.pdf\" target=\"_blank\" rel=\"noopener\">08.04.2022. &#8211; International Solfeggio ONLINE Competition &#8211; Solfeggio, Creativity and Music Theory &#8211; Maribor &#8211; Slovenija<\/a><\/p>\n<p><a href=\"https:\/\/glazbena.hr\/wp-content\/uploads\/2022\/04\/20220408-60.-HRVATSKO-NATJECANJE-UCENIKA-I-STUDENATA-GLAZBE-I-PLESA-drzavna-razina-Zagreb.pdf\" target=\"_blank\" rel=\"noopener\">08.04.2022. &#8211; 60. HRVATSKO NATJECANJE U\u010cENIKA I STUDENATA GLAZBE I PLESA- dr\u017eavna razina &#8211; Zagreb<\/a><\/p>\n<p><a href=\"https:\/\/glazbena.hr\/wp-content\/uploads\/2022\/04\/20220403-8.-International-Competition-in-Solfeggio-and-Music-Theory-online-Srbija.pdf\" target=\"_blank\" rel=\"noopener\">03.04.2022. &#8211; 8. International Competition in Solfeggio and Music Theory &#8211; online &#8211; Srbija<\/a><\/p>\n<p><a href=\"https:\/\/glazbena.hr\/wp-content\/uploads\/2022\/04\/20220322-51.-tekmovanje-mladih-glasbenikov-Republike-Slovenije-TEMSIG-Maribor-Slovenija.pdf\" target=\"_blank\" rel=\"noopener\">22.03.2022. &#8211; 51. tekmovanje mladih glasbenikov Republike Slovenije &#8211; TEMSIG &#8211; Maribor &#8211; Slovenija<\/a><\/p>\n<p><a href=\"https:\/\/glazbena.hr\/wp-content\/uploads\/2022\/04\/20220306-Franz-Liszt-Center-International-Piano-Competition-online.pdf\" target=\"_blank\" rel=\"noopener\">06.03.2022. &#8211; Franz Liszt Center International Piano Competition &#8211; online<\/a><\/p>\n<p><a href=\"https:\/\/glazbena.hr\/wp-content\/uploads\/2022\/03\/20220320-Trece-medunarodno-natjecanje-Maksa-Popov-za-mlade-glazbenike-Pancevo-Srbija.pdf\">20.03.2022. &#8211; Tre\u0107e me\u0111unarodno natjecanje Maksa Popov za mlade glazbenike &#8211; Pan\u010devo &#8211; Srbija<\/a><\/p>\n<p><a href=\"https:\/\/glazbena.hr\/wp-content\/uploads\/2022\/03\/20220315-60.-HRVATSKO-NATJECANJE-UCENIKA-I-STUDENATA-GLAZBE-I-PLESA-zupanijska-razina.pdf\" target=\"_blank\" rel=\"noopener\">15.03.2022. &#8211; 60. HRVATSKO NATJECANJE U\u010cENIKA I STUDENATA GLAZBE I PLESA &#8211; \u017eupanijska razina<\/a><\/p>\n<p><a href=\"https:\/\/glazbena.hr\/wp-content\/uploads\/2022\/03\/20220220-28.-medunarodno-natjecanje-MLADI-VIRTUOZI-ZAGREB-2022.pdf\">20.02.2022. &#8211; 28. me\u0111unarodno natjecanje MLADI VIRTUOZI, ZAGREB 2022<\/a><\/p>\n<p><a href=\"https:\/\/glazbena.hr\/wp-content\/uploads\/2022\/03\/20220210-Golden-Piano-Talents-Competition-Makedonija-online.pdf\">10.02.2022. &#8211; Golden Piano Talents Competition &#8211; Makedonija &#8211; online<\/a><\/p>\n<p><a href=\"https:\/\/glazbena.hr\/wp-content\/uploads\/2022\/02\/20211220-USA-Artist-Of-The-Year-International-Youth-Music-Competitions.pdf\" target=\"_blank\" rel=\"noopener\">20.12.2021. &#8211; USA Artist Of The Year &#8211; International Youth Music Competitions<\/a><\/p>\n<p><a href=\"https:\/\/glazbena.hr\/wp-content\/uploads\/2022\/01\/20211208-5th-International-Competiton-Varazdin-Woodwind-Brass-Varazdin-Hrvatska.pdf\" target=\"_blank\" rel=\"noopener\">08.12.2021. &#8211; 5th International Competiton Vara\u017edin Woodwind &amp; Brass &#8211; Vara\u017edin &#8211; Hrvatska<\/a><\/p>\n<p><a href=\"https:\/\/glazbena.hr\/wp-content\/uploads\/2022\/01\/20211207-Medunarodno-natjecanje-Davorin-Jenko-Beograd-Srbija.pdf\" target=\"_blank\" rel=\"noopener\">07.12.2021. &#8211; Me\u0111unarodno natjecanje Davorin Jenko &#8211; Beograd &#8211; Srbija<\/a><\/p>\n<p><a href=\"https:\/\/glazbena.hr\/wp-content\/uploads\/2022\/01\/20211101-International-Youth-Music-Competition-Atlanta-USA.pdf\" target=\"_blank\" rel=\"noopener\">01.11.2021. &#8211; International Youth Music Competition &#8211; Atlanta &#8211; USA<\/a><\/p>\n<p><a href=\"https:\/\/glazbena.hr\/wp-content\/uploads\/2021\/11\/20211025-Confederation-mondiale-de-l\u00b4accordeon.pdf\" target=\"_blank\" rel=\"noopener\">25.10.2021. &#8211; Confederation mondiale de l\u00b4accordeon<\/a><\/p>\n<p><a href=\"https:\/\/glazbena.hr\/wp-content\/uploads\/2021\/10\/20210919-Vienna-Classical-Music-Academy-International-Classical-Music-Competition-2021-Bec-Austrija.pdf\" target=\"_blank\" rel=\"noopener\">19.09.2021. &#8211; Vienna Classical Music Academy International Classical Music Competition 2021 &#8211; Be\u010d &#8211; Austrija<\/a><\/p>\n","protected":false},"excerpt":{"rendered":"<p>29.03.2022. &#8211; 8. me\u0111unarodno natjecanje tambura\u0161a &#8211; Po\u017eega &#8211; Hrvatska. 12.06.2022. &#8211; 2nd International Piano Competition Great Piano Masters Rudolf Kehrer Edition &#8211; online 02.06.2022. &#8211; Oskar Rieding 6th International Competition for Young Musicians &#8211; Roga\u0161ka Slatina &#8211; Slovenija 21.06.2022. &#8211; 11th International Piano Competition Ivan Rijavec &#8211; Roga\u0161ka Slatina- Slovenija 05.06.2022. &#8211; Tartini International [&hellip;]<\/p>\n","protected":false},"author":5,"featured_media":0,"parent":0,"menu_order":0,"comment_status":"closed","ping_status":"closed","template":"","meta":{"footnotes":""},"class_list":["post-16937","page","type-page","status-publish","hentry"],"translation":{"provider":"WPGlobus","version":"3.0.0","language":"gb","enabled_languages":["hr","gb"],"languages":{"hr":{"title":true,"content":true,"excerpt":false},"gb":{"title":false,"content":false,"excerpt":false}}},"_links":{"self":[{"href":"https:\/\/glazbena.hr\/gb\/wp-json\/wp\/v2\/pages\/16937","targetHints":{"allow":["GET"]}}],"collection":[{"href":"https:\/\/glazbena.hr\/gb\/wp-json\/wp\/v2\/pages"}],"about":[{"href":"https:\/\/glazbena.hr\/gb\/wp-json\/wp\/v2\/types\/page"}],"author":[{"embeddable":true,"href":"https:\/\/glazbena.hr\/gb\/wp-json\/wp\/v2\/users\/5"}],"replies":[{"embeddable":true,"href":"https:\/\/glazbena.hr\/gb\/wp-json\/wp\/v2\/comments?post=16937"}],"version-history":[{"count":23,"href":"https:\/\/glazbena.hr\/gb\/wp-json\/wp\/v2\/pages\/16937\/revisions"}],"predecessor-version":[{"id":30398,"href":"https:\/\/glazbena.hr\/gb\/wp-json\/wp\/v2\/pages\/16937\/revisions\/30398"}],"wp:attachment":[{"href":"https:\/\/glazbena.hr\/gb\/wp-json\/wp\/v2\/media?parent=16937"}],"curies":[{"name":"wp","href":"https:\/\/api.w.org\/{rel}","templated":true}]}}