{"id":1816,"date":"2018-10-12T13:02:05","date_gmt":"2018-10-12T11:02:05","guid":{"rendered":"https:\/\/glazbena.hr\/wp\/?page_id=1816"},"modified":"2019-11-02T12:21:40","modified_gmt":"2019-11-02T10:21:40","slug":"dokumenti","status":"publish","type":"page","link":"https:\/\/glazbena.hr\/gb\/informacije\/legal-documents\/","title":{"rendered":"Legal documents"},"content":{"rendered":"<p><strong>Academic year 2019\/2020<\/strong><\/p>\n<p><a href=\"https:\/\/glazbena.hr\/wp-content\/uploads\/2019\/10\/GODI\u0160NJI-PLAN-I-PROGRAM-RADA-2019.-2020.-najnovije-7.10.2019.pdf\">Godi\u0161nji plan i program rada &#8211; 2019.-2020. &#8211; 7.10.2019<\/a><\/p>\n<p><a href=\"https:\/\/glazbena.hr\/wp-content\/uploads\/2019\/10\/\u0160kolski-kurikulum-Glazbena-\u0161kola-u-Vara\u017edinu-2019-2020..pdf\">\u0160kolski kurikulum &#8211; Glazbena \u0161kola u Vara\u017edinu &#8211; 2019-2020.<\/a><\/p>\n<p><strong>Academic year 2018\/2019<\/strong><\/p>\n<p><a href=\"https:\/\/glazbena.hr\/wp-content\/uploads\/2018\/10\/Godi\u0161nji-plan-i-program-rada-Glazbene-\u0161kole-u-Vara\u017edinu-za-\u0161k.god_.2018.2019.pdf\">Godi\u0161nji-plan-i-program-rada-Glazbene-\u0161kole-u-Vara\u017edinu-za-\u0161k.god_.2018.2019<\/a><\/p>\n<p><a href=\"https:\/\/glazbena.hr\/wp-content\/uploads\/2018\/10\/\u0160kolski-kurikulum-Glazbena-\u0161kola-u-Vara\u017edinu-2018-2019.pdf\">\u0160kolski-kurikulum-Glazbena-\u0161kola-u-Vara\u017edinu-2018-2019<\/a><\/p>\n<p><a href=\"https:\/\/glazbena.hr\/wp-content\/uploads\/2019\/02\/Ku\u0107ni-red-Glazbene-\u0161kole-u-Vara\u017edinu-7.2.2019.pdf\">Ku\u0107ni red Glazbene \u0161kole u Vara\u017edinu &#8211; 7.2.2019<\/a><\/p>\n<p><a href=\"https:\/\/glazbena.hr\/wp-content\/uploads\/2019\/02\/Eti\u010dki-kodeks-Glazbena-\u0161kola-u-Vara\u017edinu-2012.pdf\">Eti\u010dki kodeks &#8211; Glazbena \u0161kola u Vara\u017edinu 2012<\/a><\/p>\n","protected":false},"excerpt":{"rendered":"<p>Academic year 2019\/2020 Godi\u0161nji plan i program rada &#8211; 2019.-2020. &#8211; 7.10.2019 \u0160kolski kurikulum &#8211; Glazbena \u0161kola u Vara\u017edinu &#8211; 2019-2020. Academic year 2018\/2019 Godi\u0161nji-plan-i-program-rada-Glazbene-\u0161kole-u-Vara\u017edinu-za-\u0161k.god_.2018.2019 \u0160kolski-kurikulum-Glazbena-\u0161kola-u-Vara\u017edinu-2018-2019 Ku\u0107ni red Glazbene \u0161kole u Vara\u017edinu &#8211; 7.2.2019 Eti\u010dki kodeks &#8211; Glazbena \u0161kola u Vara\u017edinu 2012<\/p>\n","protected":false},"author":5,"featured_media":0,"parent":1813,"menu_order":0,"comment_status":"closed","ping_status":"closed","template":"","meta":{"footnotes":""},"class_list":["post-1816","page","type-page","status-publish","hentry"],"translation":{"provider":"WPGlobus","version":"3.0.0","language":"gb","enabled_languages":["hr","gb"],"languages":{"hr":{"title":true,"content":true,"excerpt":false},"gb":{"title":true,"content":true,"excerpt":false}}},"_links":{"self":[{"href":"https:\/\/glazbena.hr\/gb\/wp-json\/wp\/v2\/pages\/1816","targetHints":{"allow":["GET"]}}],"collection":[{"href":"https:\/\/glazbena.hr\/gb\/wp-json\/wp\/v2\/pages"}],"about":[{"href":"https:\/\/glazbena.hr\/gb\/wp-json\/wp\/v2\/types\/page"}],"author":[{"embeddable":true,"href":"https:\/\/glazbena.hr\/gb\/wp-json\/wp\/v2\/users\/5"}],"replies":[{"embeddable":true,"href":"https:\/\/glazbena.hr\/gb\/wp-json\/wp\/v2\/comments?post=1816"}],"version-history":[{"count":0,"href":"https:\/\/glazbena.hr\/gb\/wp-json\/wp\/v2\/pages\/1816\/revisions"}],"up":[{"embeddable":true,"href":"https:\/\/glazbena.hr\/gb\/wp-json\/wp\/v2\/pages\/1813"}],"wp:attachment":[{"href":"https:\/\/glazbena.hr\/gb\/wp-json\/wp\/v2\/media?parent=1816"}],"curies":[{"name":"wp","href":"https:\/\/api.w.org\/{rel}","templated":true}]}}