{"id":22994,"date":"2023-01-17T13:55:50","date_gmt":"2023-01-17T11:55:50","guid":{"rendered":"https:\/\/glazbena.hr\/?page_id=22994"},"modified":"2026-01-03T14:19:17","modified_gmt":"2026-01-03T13:19:17","slug":"2022-2023","status":"publish","type":"page","link":"https:\/\/glazbena.hr\/gb\/2022-2023\/","title":{"rendered":"2022.\/2023."},"content":{"rendered":"<p><a href=\"https:\/\/glazbena.hr\/wp-content\/uploads\/2023\/08\/20230604-Medunarodno-natjecanje-za-mlade-gitariste-Kastav-Strings-Kastav.pdf\" target=\"_blank\" rel=\"noopener\">04.06.2023. &#8211; Me\u0111unarodno natjecanje za mlade gitariste Kastav Strings &#8211; Kastav<\/a><\/p>\n<p><a href=\"https:\/\/glazbena.hr\/wp-content\/uploads\/2023\/08\/20230529-Korosko-klavirsko-tekmovanje-Radlje-ob-Dravi-Slovenija.pdf\" target=\"_blank\" rel=\"noopener\">29.05.2023.- Koro\u0161ko klavirsko tekmovanje &#8211; Radlje ob Dravi &#8211; Slovenija<\/a><\/p>\n<p><a href=\"https:\/\/glazbena.hr\/wp-content\/uploads\/2023\/08\/20230507-International-Singing-Competition-Lav-Mirski-Osijek.pdf\" target=\"_blank\" rel=\"noopener\">07.05.2023. &#8211; International Singing Competition Lav Mirski &#8211; Osijek<\/a><\/p>\n<p><a href=\"https:\/\/glazbena.hr\/wp-content\/uploads\/2023\/08\/20230423-XV.-International-Competition-Giovani-Musicisti-Citta-di-Treviso-Italija.pdf\">23.04.2023. &#8211; XV. International Competition Giovani Musicisti &#8211; Citt\u00e0 di Treviso &#8211; Italija<\/a><\/p>\n<p><a href=\"https:\/\/glazbena.hr\/wp-content\/uploads\/2023\/08\/20230427-26.-medunarodno-natjecanje-mladih-glazbenika-Daleki-akordi-2023.-Split-Hrvatska.pdf\" target=\"_blank\" rel=\"noopener\">27.04.2023. &#8211; 26. me\u0111unarodno natjecanje mladih glazbenika Daleki akordi 2023. &#8211; Split &#8211; Hrvatska<\/a><\/p>\n<p><a href=\"https:\/\/glazbena.hr\/wp-content\/uploads\/2023\/08\/20230430-1.-medunarodno-natjecanje-iz-solfeggia-i-teorije-glazbe-DO-RE-MI-FA-Drnis.pdf\" target=\"_blank\" rel=\"noopener\">30.04.2023. &#8211; 1. me\u0111unarodno natjecanje iz solfeggia i teorije glazbe DO, RE, MI, FA &#8211; Drni\u0161<\/a><\/p>\n<p><a href=\"https:\/\/glazbena.hr\/wp-content\/uploads\/2023\/08\/202305-9.-medunarodni-Festival-pijanizma-Sremska-Mitrovica.pdf\" target=\"_blank\" rel=\"noopener\">05.2023. &#8211; 9. me\u0111unarodni Festival pijanizma &#8211; Sremska Mitrovica<\/a><\/p>\n<p><a href=\"https:\/\/glazbena.hr\/wp-content\/uploads\/2023\/08\/202304-2nd-Golden-Piano-Talents-Competition-2023-online.pdf\" target=\"_blank\" rel=\"noopener\">04.2023. &#8211; 2nd Golden Piano Talents Competition 2023 &#8211; online<\/a><\/p>\n<p><a href=\"https:\/\/glazbena.hr\/wp-content\/uploads\/2023\/05\/20230418-4th-International-Competition-Celeia-2023-Celje-Slovenija.pdf\" target=\"_blank\" rel=\"noopener\">18.04.2023. &#8211; 4th International Competition Celeia 2023 &#8211; Celje &#8211; Slovenija<\/a><\/p>\n<p><a href=\"https:\/\/glazbena.hr\/wp-content\/uploads\/2023\/05\/20230415-International-Music-Masterclass-and-Competition-IMMC-Maribor-Slovenija.pdf\" target=\"_blank\" rel=\"noopener\">15.04.2023. &#8211; International Music Masterclass and Competition IMMC &#8211; Maribor &#8211; Slovenija<\/a><\/p>\n<p><a href=\"https:\/\/glazbena.hr\/wp-content\/uploads\/2023\/04\/20230404-2nd-Golden-Piano-Talents-Competition-2023.pdf\" target=\"_blank\" rel=\"noopener\">04.04.2023.- 2nd Golden Piano Talents Competition 2023<\/a><\/p>\n<p><a href=\"https:\/\/glazbena.hr\/wp-content\/uploads\/2023\/05\/20230416-Medunarodno-natjecanje-glazbene-mladezi-28-Grand-Prix-Lions-Grand-Prix-Rijeka-Hrvatska.pdf\" target=\"_blank\" rel=\"noopener\">16.04.2023. &#8211; Me\u0111unarodno natjecanje glazbene mlade\u017ei 28 Grand Prix- Lions Grand Prix &#8211; Rijeka &#8211; Hrvatska<\/a><\/p>\n<p><a href=\"https:\/\/glazbena.hr\/wp-content\/uploads\/2023\/04\/20230409-3rd-International-Piano-Competition-Sergei-Rachmaninoff-Sarajevo-BIH.pdf\" target=\"_blank\" rel=\"noopener\">09.04.2023. &#8211; 3rd International Piano Competition Sergei Rachmaninoff &#8211; Sarajevo &#8211; BIH<\/a><\/p>\n<p><a href=\"https:\/\/glazbena.hr\/wp-content\/uploads\/2023\/04\/20230404-2nd-Golden-Piano-Talents-Competition-2023.pdf\" target=\"_blank\" rel=\"noopener\">04.04.2023.- 2nd Golden Piano Talents Competition<\/a><\/p>\n<p><a href=\"https:\/\/glazbena.hr\/wp-content\/uploads\/2023\/04\/20230402-International-Art-Festival-Abanico-Sofija-Bugarska.pdf\" target=\"_blank\" rel=\"noopener\">02.04.2023. &#8211; International Art Festival Abanico &#8211; Sofija &#8211; Bugarska<\/a><\/p>\n<p><a href=\"https:\/\/glazbena.hr\/wp-content\/uploads\/2023\/04\/20230402-VII.-Internacionalni-festival-muzike-Primavera-Bijeljina-BiH.pdf\" target=\"_blank\" rel=\"noopener\">02.04.2023. &#8211; VII. Internacionalni festival muzike Primavera &#8211; Bijeljina &#8211; BiH<\/a><\/p>\n<p><a href=\"https:\/\/glazbena.hr\/wp-content\/uploads\/2023\/04\/20230401-Natjecanje-harmonikasa-AccordionFest-2023-Varazdin-RH.pdf\" target=\"_blank\" rel=\"noopener\">01.04.2023. &#8211; Natjecanje harmonika\u0161a AccordionFest 2023 &#8211; Vara\u017edin &#8211; RH<\/a><\/p>\n<p><a href=\"https:\/\/glazbena.hr\/wp-content\/uploads\/2023\/04\/20230331-6th-International-Competiton-Varazdin-Woodwind-Brass-Varazdin-Hrvatska.pdf\" target=\"_blank\" rel=\"noopener\">31.03.2023. &#8211; 6th International Competiton Vara\u017edin Woodwind &amp; Brass &#8211; Vara\u017edin &#8211; Hrvatska<\/a><\/p>\n<p><a href=\"https:\/\/glazbena.hr\/wp-content\/uploads\/2023\/04\/20230321-Medunarodno-natjecanje-tamburasa-solista-na-instrumentima-i-komornih-sastava-Subotica-Srbija.pdf\" target=\"_blank\" rel=\"noopener\">21.03.2023. &#8211; Me\u0111unarodno natjecanje tambura\u0161a solista na instrumentima i komornih sastava &#8211; Subotica, Srbija<\/a><\/p>\n<p><a href=\"https:\/\/glazbena.hr\/wp-content\/uploads\/2023\/04\/20230326-3.-International-Competition-For-Young-Pianists-Piccolo-Piano-Talents.pdf\" target=\"_blank\" rel=\"noopener\">26.03.2023. &#8211; 3. International Competition For Young Pianists &#8211; Piccolo Piano Talents<\/a><\/p>\n<p><a href=\"https:\/\/glazbena.hr\/wp-content\/uploads\/2026\/01\/20230320-Franz-Liszt-Center-Piano-Competition-2023-Spain-online-.pdf\" target=\"_blank\" rel=\"noopener\">20.03.2023.- Franz Liszt Center Piano Competition 2023 &#8211; Spain online<\/a><\/p>\n<p><a href=\"https:\/\/glazbena.hr\/wp-content\/uploads\/2023\/03\/20230305-61.-hrvatsko-zupanijsko-natjecanje-ucenika-i-studenata-glazbe-solfeggio-klavir-i-solo-pjevanje-Zadar-Karlovac-Novska.pdf\" target=\"_blank\" rel=\"noopener\">05.03.2023. &#8211; 61. hrvatsko \u017eupanijsko natjecanje u\u010denika i studenata glazbe &#8211; solfeggio, klavir i solo pjevanje &#8211; Zadar, Karlovac, Novska<\/a><\/p>\n<p><a href=\"https:\/\/glazbena.hr\/wp-content\/uploads\/2023\/03\/20230214-Angel-Voice-online-contest.pdf\" target=\"_blank\" rel=\"noopener\">14.02.2023. &#8211; Angel Voice &#8211; online contest<\/a><\/p>\n<p><a href=\"https:\/\/glazbena.hr\/wp-content\/uploads\/2023\/03\/20230217-Medunarodno-natjecanje-ucenika-osnovnih-glazbenih-skola-Mladi-Padovec-Novi-Marof.pdf\" target=\"_blank\" rel=\"noopener\">17.02.2023. &#8211; Me\u0111unarodno natjecanje u\u010denika osnovnih glazbenih \u0161kola Mladi Padovec &#8211; Novi Marof<\/a><\/p>\n<p><a href=\"https:\/\/glazbena.hr\/wp-content\/uploads\/2023\/02\/Rezultati-skolska-razina-61.-natjecanje-ucenika-i-studenata-glazbe-i-plesa-solfeggio-klavir-i-solo-pjevanje.pdf\" target=\"_blank\" rel=\"noopener\">Rezultati &#8211; \u0161kolska razina -61. natjecanje u\u010denika i studenata glazbe i plesa- solfeggio, klavir i solo pjevanje<\/a><\/p>\n<p><a href=\"https:\/\/glazbena.hr\/wp-content\/uploads\/2023\/02\/20230129-12.-medunarodno-natjecanje-za-pijaniste-Ivan-Rijavec-ROgaska-Slatina-SLO.pdf\" target=\"_blank\" rel=\"noopener\">29.01.2023. &#8211; 12. me\u0111unarodno natjecanje za pijaniste Ivan Rijavec &#8211; Roga\u0161ka Slatina &#8211; SLO<\/a><\/p>\n<p><a href=\"https:\/\/glazbena.hr\/wp-content\/uploads\/2023\/01\/20221106-60.-hrvatsko-zupanijsko-natjecanje-ucenika-i-studenata-glazbe-komorni-sastavi-Opatija-RH.pdf\" target=\"_blank\" rel=\"noopener\">06.11.2022. &#8211; 60. hrvatsko \u017eupanijsko natjecanje u\u010denika i studenata glazbe &#8211; komorni sastavi &#8211; Opatija &#8211; RH<\/a><\/p>\n<p><a href=\"https:\/\/glazbena.hr\/wp-content\/uploads\/2023\/01\/20221127-Birmingham-International-Music-Competition-2022-online.pdf\" target=\"_blank\" rel=\"noopener\">27.11.2022. &#8211; Birmingham International Music Competition 2022 &#8211; online<\/a><\/p>\n<p><a href=\"https:\/\/glazbena.hr\/wp-content\/uploads\/2023\/01\/20221210-60.-hrvatsko-drzavno-natjecanje-ucenika-i-studenata-glazbe-komorni-sastavi-Jastrebarsko.pdf\">10.12.2022. &#8211; 60. hrvatsko dr\u017eavno natjecanje u\u010denika i studenata glazbe &#8211; komorni sastavi &#8211; Jastrebarsko<\/a><\/p>\n","protected":false},"excerpt":{"rendered":"<p>04.06.2023. &#8211; Me\u0111unarodno natjecanje za mlade gitariste Kastav Strings &#8211; Kastav 29.05.2023.- Koro\u0161ko klavirsko tekmovanje &#8211; Radlje ob Dravi &#8211; Slovenija 07.05.2023. &#8211; International Singing Competition Lav Mirski &#8211; Osijek 23.04.2023. &#8211; XV. International Competition Giovani Musicisti &#8211; Citt\u00e0 di Treviso &#8211; Italija 27.04.2023. &#8211; 26. me\u0111unarodno natjecanje mladih glazbenika Daleki akordi 2023. &#8211; Split [&hellip;]<\/p>\n","protected":false},"author":5,"featured_media":0,"parent":0,"menu_order":0,"comment_status":"closed","ping_status":"closed","template":"","meta":{"footnotes":""},"class_list":["post-22994","page","type-page","status-publish","hentry"],"translation":{"provider":"WPGlobus","version":"3.0.0","language":"gb","enabled_languages":["hr","gb"],"languages":{"hr":{"title":true,"content":true,"excerpt":false},"gb":{"title":false,"content":false,"excerpt":false}}},"_links":{"self":[{"href":"https:\/\/glazbena.hr\/gb\/wp-json\/wp\/v2\/pages\/22994","targetHints":{"allow":["GET"]}}],"collection":[{"href":"https:\/\/glazbena.hr\/gb\/wp-json\/wp\/v2\/pages"}],"about":[{"href":"https:\/\/glazbena.hr\/gb\/wp-json\/wp\/v2\/types\/page"}],"author":[{"embeddable":true,"href":"https:\/\/glazbena.hr\/gb\/wp-json\/wp\/v2\/users\/5"}],"replies":[{"embeddable":true,"href":"https:\/\/glazbena.hr\/gb\/wp-json\/wp\/v2\/comments?post=22994"}],"version-history":[{"count":17,"href":"https:\/\/glazbena.hr\/gb\/wp-json\/wp\/v2\/pages\/22994\/revisions"}],"predecessor-version":[{"id":40288,"href":"https:\/\/glazbena.hr\/gb\/wp-json\/wp\/v2\/pages\/22994\/revisions\/40288"}],"wp:attachment":[{"href":"https:\/\/glazbena.hr\/gb\/wp-json\/wp\/v2\/media?parent=22994"}],"curies":[{"name":"wp","href":"https:\/\/api.w.org\/{rel}","templated":true}]}}