{"id":23797,"date":"2023-03-01T15:40:15","date_gmt":"2023-03-01T14:40:15","guid":{"rendered":"https:\/\/glazbena.hr\/?page_id=23797"},"modified":"2023-03-01T15:53:40","modified_gmt":"2023-03-01T14:53:40","slug":"istvan-romer","status":"publish","type":"page","link":"https:\/\/glazbena.hr\/gb\/istvan-romer\/","title":{"rendered":"Istv\u00e1n R\u00f6mer"},"content":{"rendered":"<p><img loading=\"lazy\" decoding=\"async\" class=\"alignnone wp-image-23798 size-medium\" src=\"https:\/\/glazbena.hr\/wp-content\/uploads\/2023\/03\/Istvan-Romer-foto-181x300.jpg\" alt=\"\" width=\"181\" height=\"300\" srcset=\"https:\/\/glazbena.hr\/wp-content\/uploads\/2023\/03\/Istvan-Romer-foto-181x300.jpg 181w, https:\/\/glazbena.hr\/wp-content\/uploads\/2023\/03\/Istvan-Romer-foto-619x1024.jpg 619w, https:\/\/glazbena.hr\/wp-content\/uploads\/2023\/03\/Istvan-Romer-foto-768x1271.jpg 768w, https:\/\/glazbena.hr\/wp-content\/uploads\/2023\/03\/Istvan-Romer-foto-928x1536.jpg 928w, https:\/\/glazbena.hr\/wp-content\/uploads\/2023\/03\/Istvan-Romer-foto-1238x2048.jpg 1238w, https:\/\/glazbena.hr\/wp-content\/uploads\/2023\/03\/Istvan-Romer-foto.jpg 1337w\" sizes=\"auto, (max-width: 181px) 100vw, 181px\" \/><\/p>\n<p>Istv\u00e1n R\u00f6mer (Zagreb 1962.) studirao je gitaru kod Marge B\u00e4uml-Klasinc na Hochschule f\u00fcr Musik und darstellende Kunst u Grazu (diplomirao 1984.) i na zagreba\u010dkoj Muzi\u010dkoj akademiji, gdje je diplomirao 1983. u razredu Darka Petrinjaka. Njegova je karijera briljantno zapo\u010dela brojnim nagradama na me\u0111unarodnim natjecanjima, od kojih valja izdvojiti prve nagrade koje je osvojio sredinom osamdesetih u Mettmannu (Njema\u010dka), na Segovijinom natjecanju u Palma de Mallorci, te, ne\u0161to poslije, u Vi\u00f1i del Mar u \u010cileu. Nakon toga intenzivno koncertira u Europi, Ju\u017enoj Americi i Aziji kao solist, u duu s violon\u010delistom Valterom De\u0161paljem i klarinetistom Milkom Pravdi\u0107em, violinisticom Laurom Vadjon i sopranisticom Lidijom Horvat \u2013 Dunjko te, u zadnje vrijeme, s oboistom Zolt\u00e1nom Hornyanszkim. \u010clan je Zagreba\u010dkoga gitarskog trija u kojem uz Darka Petrinjaka i Gorana Liste\u0161a neprekinuto djeluje od osnutka ansambla, 1984. godine pa do iznenadnog kraja njegovog djelovanja 2020. Nastupao je i kao solist uz orkestre kao \u0161to su Zagreba\u010dki solisti, Zagreba\u010dki simfoni\u010dari, Festivalski orkestar Dubrovnik, Simfonijski orkestar \u010cilea, Makedonska i Sarajevska filharmonija, Vara\u017edinski i Zadarski komorni orkestar.<\/p>\n<p>U njegovom opse\u017enom solisti\u010dkom i komornom repertoaru va\u017ean udio imaju djela hrvatskih skladatelja. Tako je premijerno izveo skladbe za gitaru solo \u017deljka Brkanovi\u0107a, An\u0111elka Klobu\u010dara, Tomislava Uhlika i Sre\u0107ka Bradi\u0107a. Praizveo je i skladbe Rafeta Rudija (Kosovo), Vlastimira Trajkovi\u0107a (Srbija) i Vojislava Ivanovi\u0107a (Bosna i Hercegovina). Ipak, posebno mjesto u njegovu repertoaru zauzima ciklus sonata i partita za violinu solo J.S.Bacha (u obradi za gitaru Valtera De\u0161palja), koje prije njega nitko od gitarista u svijetu nije integralno izvodio. Dva su R\u00f6merova solisti\u010dka koncerta u Zagrebu 2001. i 2005. godine uvr\u0161tena u izbor pet najboljih koncerata u Hrvatskoj tih godina, u novinama Vijenac (2001.) i Vjesnik (2005.). Kao solist i kao komorni glazbenik ostvario je deset diskografskih izdanja.<\/p>\n<p>Redoviti je profesor na zagreba\u010dkoj Muzi\u010dkoj akademiji na kojoj je zaposlen od 1993. Od 1980. do 1993. predavao je na glazbenim \u0161kolama u Zagrebu, a od 1984. sura\u0111uje na zagreba\u010dkoj Muzi\u010dkoj akademiji. Od 1995. do 2005. predaje i na Glazbenoj \u0161koli u Velenju (Slovenija), gdje je od 1985. do 1995. predavao na ljetnoj \u0161koli, a od 1995. do 2005. predavao je na ljetnoj \u0161koli u okviru festivala Glasbeni julij na Obali u Kopru, Slovenija. Majstorske te\u010dajeve vodio je i u Volosu (Gr\u010dka), Beogradu, Grazu, Gevelsbergu (Njema\u010dka), Funchalu (Portugal) i Postojni (Slovenija). Dobitnik je Nagrade \u201eMilka Trnina\u201c Hrvatskoga dru\u0161tva glazbenih umjetnika kao solist, te iste nagrade \u201eTrnina\u201c, dr\u017eavne nagrade za umjetnost \u201eVladimir Nazor\u201c i \u0161est diskografskih nagrada \u201ePorin\u201c kao \u010dlan Zagreba\u010dkoga gitarskog trija.<\/p>\n","protected":false},"excerpt":{"rendered":"<p>Istv\u00e1n R\u00f6mer (Zagreb 1962.) studirao je gitaru kod Marge B\u00e4uml-Klasinc na Hochschule f\u00fcr Musik und darstellende Kunst u Grazu (diplomirao 1984.) i na zagreba\u010dkoj Muzi\u010dkoj akademiji, gdje je diplomirao 1983. u razredu Darka Petrinjaka. Njegova je karijera briljantno zapo\u010dela brojnim nagradama na me\u0111unarodnim natjecanjima, od kojih valja izdvojiti prve nagrade koje je osvojio sredinom osamdesetih [&hellip;]<\/p>\n","protected":false},"author":5,"featured_media":0,"parent":0,"menu_order":0,"comment_status":"closed","ping_status":"closed","template":"","meta":{"footnotes":""},"class_list":["post-23797","page","type-page","status-publish","hentry"],"translation":{"provider":"WPGlobus","version":"3.0.0","language":"gb","enabled_languages":["hr","gb"],"languages":{"hr":{"title":true,"content":true,"excerpt":false},"gb":{"title":false,"content":false,"excerpt":false}}},"_links":{"self":[{"href":"https:\/\/glazbena.hr\/gb\/wp-json\/wp\/v2\/pages\/23797","targetHints":{"allow":["GET"]}}],"collection":[{"href":"https:\/\/glazbena.hr\/gb\/wp-json\/wp\/v2\/pages"}],"about":[{"href":"https:\/\/glazbena.hr\/gb\/wp-json\/wp\/v2\/types\/page"}],"author":[{"embeddable":true,"href":"https:\/\/glazbena.hr\/gb\/wp-json\/wp\/v2\/users\/5"}],"replies":[{"embeddable":true,"href":"https:\/\/glazbena.hr\/gb\/wp-json\/wp\/v2\/comments?post=23797"}],"version-history":[{"count":2,"href":"https:\/\/glazbena.hr\/gb\/wp-json\/wp\/v2\/pages\/23797\/revisions"}],"predecessor-version":[{"id":23803,"href":"https:\/\/glazbena.hr\/gb\/wp-json\/wp\/v2\/pages\/23797\/revisions\/23803"}],"wp:attachment":[{"href":"https:\/\/glazbena.hr\/gb\/wp-json\/wp\/v2\/media?parent=23797"}],"curies":[{"name":"wp","href":"https:\/\/api.w.org\/{rel}","templated":true}]}}