{"id":23801,"date":"2023-03-01T15:52:07","date_gmt":"2023-03-01T14:52:07","guid":{"rendered":"https:\/\/glazbena.hr\/?page_id=23801"},"modified":"2023-03-01T15:52:07","modified_gmt":"2023-03-01T14:52:07","slug":"anton-crnugelj","status":"publish","type":"page","link":"https:\/\/glazbena.hr\/gb\/anton-crnugelj\/","title":{"rendered":"Anton \u010crnugelj"},"content":{"rendered":"<p><img loading=\"lazy\" decoding=\"async\" class=\"alignnone wp-image-23792 size-medium\" src=\"https:\/\/glazbena.hr\/wp-content\/uploads\/2023\/03\/Anton-Crnugelj-slika-200x300.jpg\" alt=\"\" width=\"200\" height=\"300\" srcset=\"https:\/\/glazbena.hr\/wp-content\/uploads\/2023\/03\/Anton-Crnugelj-slika-200x300.jpg 200w, https:\/\/glazbena.hr\/wp-content\/uploads\/2023\/03\/Anton-Crnugelj-slika-683x1024.jpg 683w, https:\/\/glazbena.hr\/wp-content\/uploads\/2023\/03\/Anton-Crnugelj-slika-768x1152.jpg 768w, https:\/\/glazbena.hr\/wp-content\/uploads\/2023\/03\/Anton-Crnugelj-slika.jpg 800w\" sizes=\"auto, (max-width: 200px) 100vw, 200px\" \/><\/p>\n<p>Anton \u010crnugelj studirao je gitaru na Akademiji za glasbo u Ljubljani, na po\u010detku u klasi Andreja Grafenauera, a kasnije u klasi Toma\u017ea Rajteri\u010da. Tijekom studija poha\u0111ao je nastavu kod renomiranih u\u010ditelja, kao \u0161to su Istv\u00e1n R\u00f6mer, Jordi Codina, Konrad Ragossnig, David Russell i Costas Cotsiolis. Kao solist ili \u010dlan ansambala razli\u010ditih \u017eanrova nastupao je u zemlji i inozemstvu. Diplomirao je i elektroniku na Fakultetu elektrotehnike i ra\u010dunarstva u Ljubljani.<br \/>\nPredaje gitaru na Konzervatoriju za glazbu i balet u Ljubljani gdje je trenutno pro\u010delnik katedre za trzala\u010dka guda\u010dka glazbala. Njegovi su u\u010denici s velikim uspjehom javno nastupali, koncertirali po Sloveniji, snimali radijske i televizijske emisije i za arhivu Slovenskog nacionalnog radija, sudjelovali na me\u0111unarodnim festivalima i nacionalnim i me\u0111unarodnim natjecanjima, gdje su osvojili preko 70 nagrada.<br \/>\nAnton \u010crnugelj prvi je slovenski profesor gitare \u010diji su u\u010denici uspje\u0161no sudjelovali na najpresti\u017enijim natjecanjima u Njema\u010dkoj i Austriji. Na me\u0111unarodnim natjecanjima u Be\u010du, Weimaru, Velbertu, Kutn\u00e1 Hori, Genovi, Goriziji, Beogradu, Zagrebu, Trstu i Ljubljani njegovi su u\u010denici osvojili 56 nagrada u razli\u010ditim kategorijama. Njegovi uspjesi na natjecanjima zna\u010dajno su pridonijeli prepoznatljivosti slovenske gitaristi\u010dke scene u Europi. Za svoj doprinos dobio je \u0160kerjan\u010devu diplomu za iznimna postignu\u0107a na podru\u010dju glazbenog obrazovanja, najve\u0107u nagradu koju dodjeljuje Konzervatorij za glasbo i balet u Ljubljani. Mnogi od njegovih biv\u0161ih u\u010denika danas su poznate li\u010dnosti u modernom svijetu gitare i nastavljaju posao promicanja gitare na najvi\u0161im javnim mjestima u svijetu.<br \/>\nAnton \u010crnugelj objavio je brojne \u010dlanke u glazbenim \u010dasopisima i organizirao gostovanja renomiranih pedagoga u Sloveniji. Osim toga, \u010dlan je \u017eirija na dr\u017eavnim i me\u0111unarodnim natjecanjima, kao i tehni\u010dki savjetnik dr\u017eavnog natjecanja mladih glazbenika TEMSIG. Redoviti je gost me\u0111unarodnih festivala gitare i umjetni\u010dki voditelj me\u0111unarodnog festivala gitare \u201eTjedan gitare u Postojni\u201c. Za promociju grada Postojne u me\u0111unarodnom okru\u017eenju dobio je &#8220;Srebrnu nagradu Op\u0107ine Postojna&#8221; i &#8220;Vilharovu nagradu&#8221;, najvi\u0161e op\u0107insko kulturno priznanje za iznimna postignu\u0107a na podru\u010dju glazbene umjetnosti.<\/p>\n","protected":false},"excerpt":{"rendered":"<p>Anton \u010crnugelj studirao je gitaru na Akademiji za glasbo u Ljubljani, na po\u010detku u klasi Andreja Grafenauera, a kasnije u klasi Toma\u017ea Rajteri\u010da. Tijekom studija poha\u0111ao je nastavu kod renomiranih u\u010ditelja, kao \u0161to su Istv\u00e1n R\u00f6mer, Jordi Codina, Konrad Ragossnig, David Russell i Costas Cotsiolis. Kao solist ili \u010dlan ansambala razli\u010ditih \u017eanrova nastupao je u [&hellip;]<\/p>\n","protected":false},"author":5,"featured_media":0,"parent":0,"menu_order":0,"comment_status":"closed","ping_status":"closed","template":"","meta":{"footnotes":""},"class_list":["post-23801","page","type-page","status-publish","hentry"],"translation":{"provider":"WPGlobus","version":"3.0.0","language":"gb","enabled_languages":["hr","gb"],"languages":{"hr":{"title":true,"content":true,"excerpt":false},"gb":{"title":false,"content":false,"excerpt":false}}},"_links":{"self":[{"href":"https:\/\/glazbena.hr\/gb\/wp-json\/wp\/v2\/pages\/23801","targetHints":{"allow":["GET"]}}],"collection":[{"href":"https:\/\/glazbena.hr\/gb\/wp-json\/wp\/v2\/pages"}],"about":[{"href":"https:\/\/glazbena.hr\/gb\/wp-json\/wp\/v2\/types\/page"}],"author":[{"embeddable":true,"href":"https:\/\/glazbena.hr\/gb\/wp-json\/wp\/v2\/users\/5"}],"replies":[{"embeddable":true,"href":"https:\/\/glazbena.hr\/gb\/wp-json\/wp\/v2\/comments?post=23801"}],"version-history":[{"count":1,"href":"https:\/\/glazbena.hr\/gb\/wp-json\/wp\/v2\/pages\/23801\/revisions"}],"predecessor-version":[{"id":23802,"href":"https:\/\/glazbena.hr\/gb\/wp-json\/wp\/v2\/pages\/23801\/revisions\/23802"}],"wp:attachment":[{"href":"https:\/\/glazbena.hr\/gb\/wp-json\/wp\/v2\/media?parent=23801"}],"curies":[{"name":"wp","href":"https:\/\/api.w.org\/{rel}","templated":true}]}}