{"id":23850,"date":"2023-03-06T19:55:08","date_gmt":"2023-03-06T18:55:08","guid":{"rendered":"https:\/\/glazbena.hr\/?page_id=23850"},"modified":"2025-02-15T11:50:20","modified_gmt":"2025-02-15T10:50:20","slug":"medunarodna-smotra-gitarista-ivan-padovec-prijavnica","status":"publish","type":"page","link":"https:\/\/glazbena.hr\/gb\/medunarodna-smotra-gitarista-ivan-padovec-prijavnica\/","title":{"rendered":"Me\u0111unarodna Smotra gitarista Ivan Padovec &#8211; prijavnica"},"content":{"rendered":"<p>Glazbena \u0161kola u Vara\u017edinu i ove \u0107e godine organizirati Me\u0111unarodnu smotru gitarista. Me\u0111unarodna Smotra gitarista, koja \u0107e se odr\u017eati <strong>od 31. o\u017eujka 2025. godine do 2. travnja 2025.<\/strong> godine godine u Glazbenoj \u0161koli u Vara\u017edinu posve\u0107ena je velikom hrvatskom gitaristu i skladatelju, Vara\u017edincu Ivanu Padovcu (1800.-1873.). Me\u0111unarodna Smotra gitarista, u\u010denika osnovnih i srednjih glazbenih \u0161kola, zami\u0161ljena je kao niz \u0161est revijalnih koncerata, po dva svakog dana, za soliste i komorne sastave. To\u010dan raspored bit \u0107e objavljen na web stranicama po zavr\u0161etku prijava. <strong>Rok za prijavu u\u010denika je 15. o\u017eujka 2025. godine.<\/strong><\/p>\n<p>&nbsp;<\/p>\n\n<div class=\"wpcf7 no-js\" id=\"wpcf7-f23852-o1\" lang=\"en-US\" dir=\"ltr\" data-wpcf7-id=\"23852\">\n<div class=\"screen-reader-response\"><p role=\"status\" aria-live=\"polite\" aria-atomic=\"true\"><\/p> <ul><\/ul><\/div>\n<form action=\"\/gb\/wp-json\/wp\/v2\/pages\/23850#wpcf7-f23852-o1\" method=\"post\" class=\"wpcf7-form init\" aria-label=\"Contact form\" novalidate=\"novalidate\" data-status=\"init\">\n<fieldset class=\"hidden-fields-container\"><input type=\"hidden\" name=\"_wpcf7\" value=\"23852\" \/><input type=\"hidden\" name=\"_wpcf7_version\" value=\"6.1.1\" \/><input type=\"hidden\" name=\"_wpcf7_locale\" value=\"en_US\" \/><input type=\"hidden\" name=\"_wpcf7_unit_tag\" value=\"wpcf7-f23852-o1\" \/><input type=\"hidden\" name=\"_wpcf7_container_post\" value=\"0\" \/><input type=\"hidden\" name=\"_wpcf7_posted_data_hash\" value=\"\" \/><input type=\"hidden\" name=\"_wpcf7_recaptcha_response\" value=\"\" \/>\n<\/fieldset>\n<style>\ninput[type=\"checkbox\"] { display: inline-block !important; } \nspan.wpcf7-list-item { margin: 0; }\nh1, h2, p, hr { margin-bottom: 40px !important; }\ninput { text-transform: inherit !important; }\ninput, select { cursor: pointer; margin-left: 10px; }\ntextarea { cursor: pointer; text-transform: none; }\n.tekstic { height: 50px; }\n<\/style>\n<h1>Me\u0111unarodna Smotra gitarista - prijavnica\n<\/h1>\n<p>Ime: <span class=\"wpcf7-form-control-wrap\" data-name=\"ime\"><input size=\"40\" maxlength=\"400\" class=\"wpcf7-form-control wpcf7-text wpcf7-validates-as-required\" aria-required=\"true\" aria-invalid=\"false\" value=\"\" type=\"text\" name=\"ime\" \/><\/span>\n<\/p>\n<p>Prezime: <span class=\"wpcf7-form-control-wrap\" data-name=\"prezime\"><input size=\"40\" maxlength=\"400\" class=\"wpcf7-form-control wpcf7-text wpcf7-validates-as-required\" aria-required=\"true\" aria-invalid=\"false\" value=\"\" type=\"text\" name=\"prezime\" \/><\/span>\n<\/p>\n<p>Razred koji trenutno polazi: &nbsp; <span class=\"wpcf7-form-control-wrap\" data-name=\"razred\"><select class=\"wpcf7-form-control wpcf7-select wpcf7-validates-as-required\" aria-required=\"true\" aria-invalid=\"false\" name=\"razred\"><option value=\"\"><\/option><option value=\"1. osnovne \u0161kole\">1. osnovne \u0161kole<\/option><option value=\"2. osnovne \u0161kole\">2. osnovne \u0161kole<\/option><option value=\"3. osnovne \u0161kole\">3. osnovne \u0161kole<\/option><option value=\"4. osnovne \u0161kole\">4. osnovne \u0161kole<\/option><option value=\"5. osnovne \u0161kole\">5. osnovne \u0161kole<\/option><option value=\"6. osnovne \u0161kole\">6. osnovne \u0161kole<\/option><option value=\"1. srednje \u0161kole\">1. srednje \u0161kole<\/option><option value=\"2. srednje \u0161kole\">2. srednje \u0161kole<\/option><option value=\"3. srednje \u0161kole\">3. srednje \u0161kole<\/option><option value=\"4. srednje \u0161kole\">4. srednje \u0161kole<\/option><\/select><\/span>\n<\/p>\n<p>Ime nastavnika: <span class=\"wpcf7-form-control-wrap\" data-name=\"ime_nastavnika\"><input size=\"40\" maxlength=\"400\" class=\"wpcf7-form-control wpcf7-text wpcf7-validates-as-required\" aria-required=\"true\" aria-invalid=\"false\" value=\"\" type=\"text\" name=\"ime_nastavnika\" \/><\/span>\n<\/p>\n<p>Prezime nastavnika: <span class=\"wpcf7-form-control-wrap\" data-name=\"prezime_nastavnika\"><input size=\"40\" maxlength=\"400\" class=\"wpcf7-form-control wpcf7-text wpcf7-validates-as-required\" aria-required=\"true\" aria-invalid=\"false\" value=\"\" type=\"text\" name=\"prezime_nastavnika\" \/><\/span>\n<\/p>\n<p>Zvanje nastavnika: <span class=\"wpcf7-form-control-wrap\" data-name=\"zvanje\"><select class=\"wpcf7-form-control wpcf7-select wpcf7-validates-as-required\" aria-required=\"true\" aria-invalid=\"false\" name=\"zvanje\"><option value=\"\"><\/option><option value=\"nastavnik\">nastavnik<\/option><option value=\"profesor\">profesor<\/option><option value=\"profesor savjetnik\">profesor savjetnik<\/option><option value=\"profesor mentor\">profesor mentor<\/option><option value=\"profesor izvrsni savjetnik\">profesor izvrsni savjetnik<\/option><option value=\"ostalo\">ostalo<\/option><\/select><\/span>\n<\/p>\n<p>\u0160kola: <span class=\"wpcf7-form-control-wrap\" data-name=\"skola\"><input size=\"40\" maxlength=\"400\" class=\"wpcf7-form-control wpcf7-text wpcf7-validates-as-required\" aria-required=\"true\" aria-invalid=\"false\" value=\"\" type=\"text\" name=\"skola\" \/><\/span>\n<\/p>\n<p>Va\u0161 email: <span class=\"wpcf7-form-control-wrap\" data-name=\"email\"><input size=\"40\" maxlength=\"400\" class=\"wpcf7-form-control wpcf7-email wpcf7-validates-as-required wpcf7-text wpcf7-validates-as-email\" aria-required=\"true\" aria-invalid=\"false\" value=\"\" type=\"email\" name=\"email\" \/><\/span>\n<\/p>\n<p>Broj telefona (neobavezno): <span class=\"wpcf7-form-control-wrap\" data-name=\"telefon\"><input size=\"40\" maxlength=\"400\" class=\"wpcf7-form-control wpcf7-text\" aria-invalid=\"false\" value=\"\" type=\"text\" name=\"telefon\" \/><\/span>\n<\/p>\n<p>&nbsp;\n<\/p>\n<p>Ime i prezime skladatelja: <span class=\"wpcf7-form-control-wrap\" data-name=\"ime_skladatelja_1\"><input size=\"40\" maxlength=\"400\" class=\"wpcf7-form-control wpcf7-text wpcf7-validates-as-required\" aria-required=\"true\" aria-invalid=\"false\" value=\"\" type=\"text\" name=\"ime_skladatelja_1\" \/><\/span>\n<\/p>\n<p>Naziv skladbe: <span class=\"wpcf7-form-control-wrap\" data-name=\"naziv_1\"><input size=\"40\" maxlength=\"400\" class=\"wpcf7-form-control wpcf7-text wpcf7-validates-as-required\" aria-required=\"true\" aria-invalid=\"false\" value=\"\" type=\"text\" name=\"naziv_1\" \/><\/span>\n<\/p>\n<p>Trajanje skladbe: <span class=\"wpcf7-form-control-wrap\" data-name=\"trajanje_1\"><input size=\"40\" maxlength=\"400\" class=\"wpcf7-form-control wpcf7-text wpcf7-validates-as-required\" aria-required=\"true\" aria-invalid=\"false\" value=\"\" type=\"text\" name=\"trajanje_1\" \/><\/span>\n<\/p>\n<p>&nbsp;\n<\/p>\n<p>Ime i prezime skladatelja: <span class=\"wpcf7-form-control-wrap\" data-name=\"ime_skladatelja_2\"><input size=\"40\" maxlength=\"400\" class=\"wpcf7-form-control wpcf7-text wpcf7-validates-as-required\" aria-required=\"true\" aria-invalid=\"false\" value=\"\" type=\"text\" name=\"ime_skladatelja_2\" \/><\/span>\n<\/p>\n<p>Naziv skladbe: <span class=\"wpcf7-form-control-wrap\" data-name=\"naziv_2\"><input size=\"40\" maxlength=\"400\" class=\"wpcf7-form-control wpcf7-text wpcf7-validates-as-required\" aria-required=\"true\" aria-invalid=\"false\" value=\"\" type=\"text\" name=\"naziv_2\" \/><\/span>\n<\/p>\n<p>Trajanje skladbe: <span class=\"wpcf7-form-control-wrap\" data-name=\"trajanje_2\"><input size=\"40\" maxlength=\"400\" class=\"wpcf7-form-control wpcf7-text wpcf7-validates-as-required\" aria-required=\"true\" aria-invalid=\"false\" value=\"\" type=\"text\" name=\"trajanje_2\" \/><\/span>\n<\/p>\n<p>&nbsp;\n<\/p>\n<p>Ime i prezime skladatelja: <span class=\"wpcf7-form-control-wrap\" data-name=\"ime_skladatelja_3\"><input size=\"40\" maxlength=\"400\" class=\"wpcf7-form-control wpcf7-text wpcf7-validates-as-required\" aria-required=\"true\" aria-invalid=\"false\" value=\"\" type=\"text\" name=\"ime_skladatelja_3\" \/><\/span>\n<\/p>\n<p>Naziv skladbe: <span class=\"wpcf7-form-control-wrap\" data-name=\"naziv_3\"><input size=\"40\" maxlength=\"400\" class=\"wpcf7-form-control wpcf7-text wpcf7-validates-as-required\" aria-required=\"true\" aria-invalid=\"false\" value=\"\" type=\"text\" name=\"naziv_3\" \/><\/span>\n<\/p>\n<p>Trajanje skladbe: <span class=\"wpcf7-form-control-wrap\" data-name=\"trajanje_3\"><input size=\"40\" maxlength=\"400\" class=\"wpcf7-form-control wpcf7-text wpcf7-validates-as-required\" aria-required=\"true\" aria-invalid=\"false\" value=\"\" type=\"text\" name=\"trajanje_3\" \/><\/span>\n<\/p>\n<p>&nbsp;\n<\/p>\n<p>Odaberite dan kada \u017eelite nastupati na koncertu: <span class=\"wpcf7-form-control-wrap\" data-name=\"dan\"><select class=\"wpcf7-form-control wpcf7-select wpcf7-validates-as-required\" aria-required=\"true\" aria-invalid=\"false\" name=\"dan\"><option value=\"\"><\/option><option value=\"ponedjeljak, 23. o\u017eujak 2026.\">ponedjeljak, 23. o\u017eujak 2026.<\/option><option value=\"utorak, 24. o\u017eujak 2026.\">utorak, 24. o\u017eujak 2026.<\/option><option value=\"srijeda, 25. o\u017eujak 2026.\">srijeda, 25. o\u017eujak 2026.<\/option><\/select><\/span>\n<\/p>\n<p>Napomena:<br \/>\n<span class=\"wpcf7-form-control-wrap\" data-name=\"napomena\"><textarea cols=\"40\" rows=\"10\" maxlength=\"2000\" class=\"wpcf7-form-control wpcf7-textarea tekstic\" aria-invalid=\"false\" name=\"napomena\"><\/textarea><\/span>\n<\/p>\n<span class=\"wpcf7-form-control-wrap recaptcha\" data-name=\"recaptcha\"><span data-sitekey=\"6Lfjz7UUAAAAAP0PjFdAnzhPA1TQ9SR3lvs5d4Z2\" class=\"wpcf7-form-control wpcf7-recaptcha g-recaptcha\"><\/span>\r\n<noscript>\r\n\t<div class=\"grecaptcha-noscript\">\r\n\t\t<iframe loading=\"lazy\" src=\"https:\/\/www.google.com\/recaptcha\/api\/fallback?k=6Lfjz7UUAAAAAP0PjFdAnzhPA1TQ9SR3lvs5d4Z2\" frameborder=\"0\" scrolling=\"no\" width=\"310\" height=\"430\">\r\n\t\t<\/iframe>\r\n\t\t<textarea name=\"g-recaptcha-response\" rows=\"3\" cols=\"40\" placeholder=\"reCaptcha Response Here\">\r\n\t\t<\/textarea>\r\n\t<\/div>\r\n<\/noscript>\r\n<\/span>\n<p>&nbsp;\n<\/p>\n<p><input class=\"wpcf7-form-control wpcf7-submit has-spinner forma8\" type=\"submit\" value=\"Po\u0161alji\/Send\" \/>\n<\/p><div class=\"wpcf7-response-output\" aria-hidden=\"true\"><\/div>\n<\/form>\n<\/div>\n\n","protected":false},"excerpt":{"rendered":"<p>Glazbena \u0161kola u Vara\u017edinu i ove \u0107e godine organizirati Me\u0111unarodnu smotru gitarista. Me\u0111unarodna Smotra gitarista, koja \u0107e se odr\u017eati od 31. o\u017eujka 2025. godine do 2. travnja 2025. godine godine u Glazbenoj \u0161koli u Vara\u017edinu posve\u0107ena je velikom hrvatskom gitaristu i skladatelju, Vara\u017edincu Ivanu Padovcu (1800.-1873.). Me\u0111unarodna Smotra gitarista, u\u010denika osnovnih i srednjih glazbenih \u0161kola, [&hellip;]<\/p>\n","protected":false},"author":5,"featured_media":0,"parent":0,"menu_order":0,"comment_status":"closed","ping_status":"closed","template":"","meta":{"footnotes":""},"class_list":["post-23850","page","type-page","status-publish","hentry"],"translation":{"provider":"WPGlobus","version":"3.0.0","language":"gb","enabled_languages":["hr","gb"],"languages":{"hr":{"title":true,"content":true,"excerpt":false},"gb":{"title":false,"content":false,"excerpt":false}}},"_links":{"self":[{"href":"https:\/\/glazbena.hr\/gb\/wp-json\/wp\/v2\/pages\/23850","targetHints":{"allow":["GET"]}}],"collection":[{"href":"https:\/\/glazbena.hr\/gb\/wp-json\/wp\/v2\/pages"}],"about":[{"href":"https:\/\/glazbena.hr\/gb\/wp-json\/wp\/v2\/types\/page"}],"author":[{"embeddable":true,"href":"https:\/\/glazbena.hr\/gb\/wp-json\/wp\/v2\/users\/5"}],"replies":[{"embeddable":true,"href":"https:\/\/glazbena.hr\/gb\/wp-json\/wp\/v2\/comments?post=23850"}],"version-history":[{"count":5,"href":"https:\/\/glazbena.hr\/gb\/wp-json\/wp\/v2\/pages\/23850\/revisions"}],"predecessor-version":[{"id":38052,"href":"https:\/\/glazbena.hr\/gb\/wp-json\/wp\/v2\/pages\/23850\/revisions\/38052"}],"wp:attachment":[{"href":"https:\/\/glazbena.hr\/gb\/wp-json\/wp\/v2\/media?parent=23850"}],"curies":[{"name":"wp","href":"https:\/\/api.w.org\/{rel}","templated":true}]}}