{"id":24063,"date":"2023-04-18T19:32:02","date_gmt":"2023-04-18T18:32:02","guid":{"rendered":"https:\/\/glazbena.hr\/?page_id=24063"},"modified":"2023-04-18T18:34:23","modified_gmt":"2023-04-18T17:34:23","slug":"zgrada-glazbene-skole-u-varazdinu","status":"publish","type":"page","link":"https:\/\/glazbena.hr\/gb\/zgrada-glazbene-skole-u-varazdinu\/","title":{"rendered":"Zgrada Glazbene \u0161kole u Vara\u017edinu"},"content":{"rendered":"<p><a href=\"https:\/\/glazbena.hr\/wp-content\/uploads\/2023\/04\/01.-Rjesenje-Ministarstva-kulture-Uprave-za-zastitu-kulturne-bastine-Klasa_-UP_I-612-08_03-01-06_188-Urbroj_-532-10-1_8JB-03-2-od-9.-travnja-2003.-o-upisu-Palace-Erdody-Patacic-u-Registar-kulturnih-dobara.pdf\" target=\"_blank\" rel=\"noopener\">Rje\u0161enje Ministarstva kulture, Uprave za za\u0161titu kulturne ba\u0161tine, Klasa_ UP_I-612-08_03-01-06_188, Urbroj_ 532-10-1_8(JB)-03-2 od 9. travnja 2003. o upisu Pala\u010de Erd\u00f6dy &#8211; Pata\u010di\u0107 u Registar kulturnih dobara<\/a><\/p>\n<p><a href=\"https:\/\/glazbena.hr\/wp-content\/uploads\/2023\/04\/02.-Rjesenje-Ministarstva-kulture-Uprave-za-zastitu-kulturne-bastine-Klasa_-UP_I-612-08_11-06_0076-Urbroj_-532-04-01-1_3-11-1-od-1.-srpnja-2011.-o-upisu-Kulturno-povijesne-cjeline-grada-Varazdina.pdf\" target=\"_blank\" rel=\"noopener\">Rje\u0161enje Ministarstva kulture, Uprave za za\u0161titu kulturne ba\u0161tine, Klasa_ UP_I-612-08_11-06_0076, Urbroj_ 532-04-01-1_3-11-1 od 1. srpnja 2011. o upisu Kulturno &#8211; povijesne cjeline grada Vara\u017edina<br \/>\n<\/a><\/p>\n<p>&nbsp;<\/p>\n<p><strong>Konzervatorski elaborati i istra\u017eivanja:<\/strong><\/p>\n<p><a href=\"https:\/\/glazbena.hr\/wp-content\/uploads\/2023\/04\/Konzervatorsko-istrazivanje-prizemlje-i-kat-1997.pdf\" target=\"_blank\" rel=\"noopener\">Konzervatorsko istra\u017eivanje &#8211; prizemlje i kat 1997. godina<\/a><\/p>\n<p>Izradili: Trifora d.o.o.<\/p>\n<p><a href=\"https:\/\/glazbena.hr\/wp-content\/uploads\/2023\/04\/Konzervatorsko-istrazivanje-dvorisno-procelje-1998.g..pdf\" target=\"_blank\" rel=\"noopener\">Konzervatorsko istra\u017eivanje &#8211; dvori\u0161no pro\u010delje 1998. godina<\/a><\/p>\n<p>Izradili: Trifora d.o.o<\/p>\n<p><a href=\"https:\/\/glazbena.hr\/wp-content\/uploads\/2023\/04\/03.-Konzervatorski-elaborat-2020.-Petar-Puhmajer-Kristina-Vujica-Filip-Stekovic_compressed-1.pdf\" target=\"_blank\" rel=\"noopener\">Konzervatorski elaborat, 2020. Petar Puhmajer, Kristina Vujica, Filip Stekovi\u0107<\/a><\/p>\n<p>Izradili: ZIP arhitektonski studio j.d.o.o., Autori: konzervator savjetnik, povjesni\u010dar umjetnosti dr.sc. Petar Puhmajer, ovla\u0161tena arhitektica Kristina Vujica, dipl.ing.arh. i ovla\u0161teni arhitekt Filip Stekovi\u0107, dipl.ing.arh.<\/p>\n<p>&nbsp;<\/p>\n<p><strong>Participativno planiranje:<\/strong><\/p>\n<p><a href=\"https:\/\/glazbena.hr\/wp-content\/uploads\/2023\/04\/Glazbena-1.-faza.pdf\" target=\"_blank\" rel=\"noopener\">Provedba stru\u010dnog koordiniranog participativnog procesa &#8211; izvje\u0161taj prve faze<\/a><\/p>\n<p>Provoditelji projekta: dr.sc. Mia Roth \u010cerina, dipl.ing.arh. (Arhitektonski fakultet u Zagrebu), Branimir Raj\u010di\u0107, dipl.ing.arh. (Arhitektonski fakultet u Zagrebu), dr.sc. Kristina Careva, dipl.ing.arh. (Arhitektonski fakultet u Zagrebu), dr.sc. Rene Lisac, dipl.ing.arh. (Arhitektonski fakultet u Zagrebu) Larisa \u010ci\u0161i\u0107, mag.ing.arh.i urb. (Arhitektonski fakultet u Zagrebu), Johanna Treberspurg, Arch.DI Mag. art. (nonconform, Be\u010d), Eldin Kabaklija, Arch. DI (schluder architektur, Be\u010d), Radovan Radoman, spec.sci.arch. (schluder architektur, Be\u010d), dr.sc. Antonija Bogadi, dipl.ing.arh. (Vara\u017edin\/Be\u010d), Dora Gorenak, dipl.ing.arh. Vara\u017edin, Nevena Kere\u0161a, arch.DI (Udruga NuSynergetic Vara\u017edin\/Be\u010d), Ivan Chytil, student (Tehni\u010dko sveu\u010dili\u0161te u Be\u010du, Vara\u017edin \/ Be\u010d)<\/p>\n<p><a href=\"https:\/\/glazbena.hr\/wp-content\/uploads\/2023\/04\/04.-Participativno-planiranje-Glazbene-skole-i-Konzervatorija-u-Varazdinu-2021.-Kristina-Careva-Ivan-Chytil-Dora-Gorenak-Nevena-Keresa-Rene-Lisac-Branimir-Rajcic-Mia-Roth-Cerina_compressed.pdf\" target=\"_blank\" rel=\"noopener\">Participativno planiranje Glazbene \u0161kole <\/a><\/p>\n<p><strong>Provedba participativnih radionica u Glazbenoj \u0161koli u Vara\u017edinu<br \/>\n<\/strong>Izradila:<br \/>\ndoc. dr.sc. Kristina Careva, dipl.ing.arh., Arhitektonski fakultet u Zagrebu<br \/>\nDijelove izvje\u0161\u0107a izradili:<br \/>\ndoc. dr.sc. Rene Lisac, dipl.ing.arh., Arhitektonski fakultet u Zagrebu<br \/>\nizv.prof. Branimir Raj\u010di\u0107, dipl.ing.arh., Arhitektonski fakultet u Zagrebu<br \/>\nizv.prof. dr.sc. Mia Roth \u010cerina, dipl.ing.arh., Arhitektonski fakultet u Zagrebu<br \/>\nIvan Chytil, stud.arh.<br \/>\nNevena Kere\u0161a, dipl.ing.arh.<br \/>\nLarisa \u010ci\u0161i\u0107, mag.ing.arh.i urb.<br \/>\nDora Gorenak, mag.ing.arh.i urb.<br \/>\nRadionicu prema metodi \u201cAkupunkture grada\u201d osmislili:<br \/>\ndoc. dr.sc. Kristina Careva, dipl.ing.arh., Arhitektonski fakultet u Zagrebu<br \/>\ndoc. dr.sc. Rene Lisac, dipl.ing.arh., Arhitektonski fakultet u Zagrebu<br \/>\nPredradioni\u010dke aktivnosti prema metodi \u201cNon-conform\u201d osmislili:<br \/>\nIvan Chytil, stud.arh.<br \/>\nNevena Kere\u0161a, dipl.ing.arh.<br \/>\nDora Gorenak, mag.ing.arh.i urb.<\/p>\n<p><strong>Analiza adekvatnosti postoje\u0107ih prostora<\/strong><br \/>\nIvan Chytil<br \/>\nDora Gorenak, mag.ing.arh.i urb.<br \/>\nNevena Kere\u0161a, dipl.ing.arh.<br \/>\nizv.prof. Branimir Raj\u010di\u0107, dipl.ing.arh., Arhitektonski fakultet u Zagrebu<br \/>\nizv.prof. dr.sc. Mia Roth \u010cerina, dipl.ing.arh., Arhitektonski fakultet u Zagrebu<\/p>\n<p><strong>Analiza optere\u0107enosti nastavnih prostorija\u00a0<\/strong><br \/>\nIvan Chytil, stud.arh.<br \/>\nDora Gorenak, mag.ing.arh.i urb.<br \/>\nNevena Kere\u0161a, dipl.ing.arh.<\/p>\n<p><strong>Preliminarni program prema rezultatima radionice<\/strong><br \/>\nizv. prof. Branimir Raj\u010di\u0107, dipl.ing.arh., Arhitektonski fakultet u Zagrebu<br \/>\nizv. prof. dr.sc. Mia Roth \u010cerina, dipl.ing.arh., Arhitektonski fakultet u Zagrebu<\/p>\n<p>&nbsp;<\/p>\n<p><strong>Analize nulte faze\u00a0<\/strong><\/p>\n<p><a href=\"https:\/\/glazbena.hr\/wp-content\/uploads\/2023\/04\/GSV_ANF_mapa_1_nk.pdf\" target=\"_blank\" rel=\"noopener\">Glazbena \u0161kola u Vara\u017edinu &#8211; analiza nulte faze 1<\/a><\/p>\n<p>Autorica: Nevena Kere\u0161a, dipl.ing.arh.<\/p>\n<p><a href=\"https:\/\/glazbena.hr\/wp-content\/uploads\/2023\/04\/GSV_ANF_mapa_2_nk_FIN.pdf\" target=\"_blank\" rel=\"noopener\">Glazbena \u0161kola u Vara\u017edinu &#8211; analiza nulte faze 2<\/a><\/p>\n<p>Autorica: Nevena Kere\u0161a, dipl.ing.arh.<\/p>\n<p><a href=\"https:\/\/glazbena.hr\/wp-content\/uploads\/2023\/04\/GSV_ANF_mapa_3_nk_FIN.pdf\" target=\"_blank\" rel=\"noopener\">Glazbena \u0161kola u Vara\u017edinu &#8211; analiza nulte faze 3<\/a><\/p>\n<p>Autorica: Nevena Kere\u0161a, dipl.ing.arh.<\/p>\n<p>&nbsp;<\/p>\n<p><strong>Natje\u010dajni program za izradu idejnog arhitektonskog-urbanisti\u010dkog rje\u0161enja\u00a0 dogradnje i rekonstrukcije Glazbene \u0161kole u Vara\u017edinu<\/strong><\/p>\n<p><a href=\"https:\/\/glazbena.hr\/wp-content\/uploads\/2023\/04\/GSV_Natjecajni-elaborat_20230403-1.pdf\" target=\"_blank\" rel=\"noopener\">Natje\u010dajni program za izradu idejnog arhitektonskog-urbanisti\u010dkog rje\u0161enja\u00a0 dogradnje i rekonstrukcije Glazbene \u0161kole u Vara\u017edinu<\/a><\/p>\n<p>Izradili:\u00a0Branimir Raj\u010di\u0107, Mia Roth-\u010cerina, Nevena Kere\u0161a, Ivan Chytil, Arhitektonski fakultet, 2022.<\/p>\n<p>&nbsp;<\/p>\n<p><strong>Ostala dokumentacija:<\/strong><\/p>\n<p><a href=\"https:\/\/glazbena.hr\/wp-content\/uploads\/2023\/04\/06.-Geodetska-situacija-u-.dwg-formatu-zapisa-i-mjerilu-1_250-2018.-Vektra-d.o.o.-20230418T073534Z-001.zip\" target=\"_blank\" rel=\"noopener\">Geodetska situacija u .dwg formatu zapisa i mjerilu 1_250, 2018. Vektra d.o.o.<\/a><\/p>\n<p><a href=\"https:\/\/glazbena.hr\/wp-content\/uploads\/2023\/04\/07.-Arhitektonski-snimak-Palace-i-sjevernog-krila-2018.-Vektra-d.o.o.-20230418T074444Z-001.zip\" target=\"_blank\" rel=\"noopener\">Arhitektonski snimak Pala\u010de i sjevernog krila, 2018. Vektra d.o.o.<\/a><\/p>\n<p><a href=\"https:\/\/glazbena.hr\/wp-content\/uploads\/2023\/04\/08.-Snimak-postojeceg-stanja-jugozapadnog-krila-kompleksa-2021.-Zelena-gradnja-20230418T073035Z-001.zip\" target=\"_blank\" rel=\"noopener\">Snimak postoje\u0107eg stanja jugozapadnog krila kompleksa, 2021. Zelena gradnja<\/a><\/p>\n<p>&nbsp;<\/p>\n<p><strong>Dokumentacija dostupna na uvid u Glazbenoj \u0161koli u Vara\u017edinu, Kapucinski trg 8, Vara\u017edin:<\/strong><\/p>\n<ul>\n<li>Urbanisti\u010dko-arhitektonska valorizacija jugozapadnog dijela povijesne jezgre grada Vara\u017edina s kompleksom Glazbene \u0161kole smje\u0161tene u nekada\u0161njoj baroknoj pala\u010di Erd\u00f6dy, 2021. Marijana Petre\u0161evi\u0107, Darja Radovi\u0107 Mahe\u010di\u0107<\/li>\n<li>Idejno rje\u0161enje dogradnje dvori\u0161nog krila, Arhimetrik d.o.o., autorski tim: Nevena Kere\u0161a, dia, Mario \u0160karijot, dia, Marko Zeko, dia<\/li>\n<li>Projekt pje\u0161a\u010dkog mosta iznad glavnog stubi\u0161ta, \u0160karijot arhitektura d.o.o., Marijo \u0160karijot, dia, Marko Zeko, dia<\/li>\n<li>Projekt rekonstrukcije dvori\u0161nog pro\u010delja pala\u010de Erd\u00f6dy, Dia d.o.o., Reno Vrbanec i Luga projekt d.o.o., Gabrijela Mati\u0107<\/li>\n<\/ul>\n","protected":false},"excerpt":{"rendered":"<p>Rje\u0161enje Ministarstva kulture, Uprave za za\u0161titu kulturne ba\u0161tine, Klasa_ UP_I-612-08_03-01-06_188, Urbroj_ 532-10-1_8(JB)-03-2 od 9. travnja 2003. o upisu Pala\u010de Erd\u00f6dy &#8211; Pata\u010di\u0107 u Registar kulturnih dobara Rje\u0161enje Ministarstva kulture, Uprave za za\u0161titu kulturne ba\u0161tine, Klasa_ UP_I-612-08_11-06_0076, Urbroj_ 532-04-01-1_3-11-1 od 1. srpnja 2011. o upisu Kulturno &#8211; povijesne cjeline grada Vara\u017edina &nbsp; Konzervatorski elaborati i istra\u017eivanja: [&hellip;]<\/p>\n","protected":false},"author":5,"featured_media":0,"parent":0,"menu_order":0,"comment_status":"closed","ping_status":"closed","template":"","meta":{"footnotes":""},"class_list":["post-24063","page","type-page","status-publish","hentry"],"translation":{"provider":"WPGlobus","version":"3.0.0","language":"gb","enabled_languages":["hr","gb"],"languages":{"hr":{"title":true,"content":true,"excerpt":false},"gb":{"title":false,"content":false,"excerpt":false}}},"_links":{"self":[{"href":"https:\/\/glazbena.hr\/gb\/wp-json\/wp\/v2\/pages\/24063","targetHints":{"allow":["GET"]}}],"collection":[{"href":"https:\/\/glazbena.hr\/gb\/wp-json\/wp\/v2\/pages"}],"about":[{"href":"https:\/\/glazbena.hr\/gb\/wp-json\/wp\/v2\/types\/page"}],"author":[{"embeddable":true,"href":"https:\/\/glazbena.hr\/gb\/wp-json\/wp\/v2\/users\/5"}],"replies":[{"embeddable":true,"href":"https:\/\/glazbena.hr\/gb\/wp-json\/wp\/v2\/comments?post=24063"}],"version-history":[{"count":6,"href":"https:\/\/glazbena.hr\/gb\/wp-json\/wp\/v2\/pages\/24063\/revisions"}],"predecessor-version":[{"id":24085,"href":"https:\/\/glazbena.hr\/gb\/wp-json\/wp\/v2\/pages\/24063\/revisions\/24085"}],"wp:attachment":[{"href":"https:\/\/glazbena.hr\/gb\/wp-json\/wp\/v2\/media?parent=24063"}],"curies":[{"name":"wp","href":"https:\/\/api.w.org\/{rel}","templated":true}]}}