{"id":2540,"date":"2018-10-25T10:40:45","date_gmt":"2018-10-25T08:40:45","guid":{"rendered":"https:\/\/glazbena.hr\/wp\/?page_id=2540"},"modified":"2019-11-01T22:12:31","modified_gmt":"2019-11-01T20:12:31","slug":"voditelj-smjene","status":"publish","type":"page","link":"https:\/\/glazbena.hr\/gb\/time-table-assistant\/","title":{"rendered":"Time table assistant"},"content":{"rendered":"<p>[vc_row][vc_column][vc_single_image image=&#8221;2582&#8243; img_size=&#8221;medium&#8221; alignment=&#8221;center&#8221;][vc_empty_space][vc_column_text]<\/p>\n<p><strong>Nikola Novak<br \/>\n<\/strong><\/p>\n<p>Nikola Novak was born in \u010cakovec. He graduated from Miroslav Magdaleni\u0107 Art School in 2001 under Vjeran Vidovi\u0107, and in the same year enrolled in the Vara\u017edin School of Music. During his secondary education under Stjepan Ruklji\u0107, he won the first prize at the National Competition of Music and Dance Students. Alongside his secondary school music education, he also graduated from Vara\u017edin First Grammar School and in 2005 enrolled in the Music Academy of the University of Zagreb under Professor \u0160ime Vulelija and Assistant Professor Danijel Rajkovi\u0107. He graduated in 2010 and received the title of Master of Music. He has played for the Croatian National Theatre in Zagreb, Osijek and Vara\u017edin, the Kerempuh Satirical Theatre and the NBS Brass Quintet, with which he performed at the Croatian Music Institute. He has taken courses run by a number of eminent music educators.<\/p>\n<p>After earning the title of Bachelor of Music in 2009, he worked at Bruno Bjelinski Daruvar Music School and \u010cakovec Secondary School. Since 2010 he has worked at the Vara\u017edin School of Music as a teacher of tube and chamber music. Since 2014 he has also served as a timetable and planning assistant. As a part-time student at University North in 2015, he completed his studies in Business Economics (International Trade) and earned a Master of Economics degree. He has also completed an additional course thus earning a title of Manager for the design and implementation of EU projects.<\/p>\n<p>He is one of the founders and organizers of the Vara\u017edin Woodwind &amp; Brass International Competition and Tribute to Jurica Murai International Piano Competition.<\/p>\n<p>He was the organizer of the first Croatian Trombontubiada, which was held in 2012 in Vara\u017edin. The project is held every year in a different city bringing together Croatian teachers and students of trombone and tube.<\/p>\n<p>He has been a member of the jury at the regional and national competition organized by the Croatian Society of Music and Dance Educators, as well as a member of the jury of Mladi Padovec National Competitions.<\/p>\n<p>Many of his students have won awards at competitions in Croatia and abroad. Two of his students study at the Music Academy of the University of Zagreb and two at the Kunstuniversit\u00e4t in Graz. He was appointed mentor teacher by the Education and Teacher Training Agency in 2016.<br \/>\nHe is an active musician. He plays with the Nedeli\u0161\u0107e Community Wind Orchestra and the Forza Brass Quartet, and is the conductor of the \u0160trigova Municipality Wind Orchestra. Every year he also takes part in the activities of the Josip Vrhovski Symphony Orchestra.<\/p>\n","protected":false},"excerpt":{"rendered":"<p>[vc_row][vc_column][vc_single_image image=&#8221;2582&#8243; img_size=&#8221;medium&#8221; alignment=&#8221;center&#8221;][vc_empty_space][vc_column_text] Nikola Novak Nikola Novak was born in \u010cakovec. He graduated from Miroslav Magdaleni\u0107 Art School in 2001 under Vjeran Vidovi\u0107, and in the same year enrolled in the Vara\u017edin School of Music. During his secondary education under Stjepan Ruklji\u0107, he won the first prize at the National Competition of Music and [&hellip;]<\/p>\n","protected":false},"author":5,"featured_media":0,"parent":0,"menu_order":0,"comment_status":"closed","ping_status":"closed","template":"","meta":{"footnotes":""},"class_list":["post-2540","page","type-page","status-publish","hentry"],"translation":{"provider":"WPGlobus","version":"3.0.0","language":"gb","enabled_languages":["hr","gb"],"languages":{"hr":{"title":true,"content":true,"excerpt":false},"gb":{"title":true,"content":true,"excerpt":false}}},"_links":{"self":[{"href":"https:\/\/glazbena.hr\/gb\/wp-json\/wp\/v2\/pages\/2540","targetHints":{"allow":["GET"]}}],"collection":[{"href":"https:\/\/glazbena.hr\/gb\/wp-json\/wp\/v2\/pages"}],"about":[{"href":"https:\/\/glazbena.hr\/gb\/wp-json\/wp\/v2\/types\/page"}],"author":[{"embeddable":true,"href":"https:\/\/glazbena.hr\/gb\/wp-json\/wp\/v2\/users\/5"}],"replies":[{"embeddable":true,"href":"https:\/\/glazbena.hr\/gb\/wp-json\/wp\/v2\/comments?post=2540"}],"version-history":[{"count":0,"href":"https:\/\/glazbena.hr\/gb\/wp-json\/wp\/v2\/pages\/2540\/revisions"}],"wp:attachment":[{"href":"https:\/\/glazbena.hr\/gb\/wp-json\/wp\/v2\/media?parent=2540"}],"curies":[{"name":"wp","href":"https:\/\/api.w.org\/{rel}","templated":true}]}}