{"id":2857,"date":"2018-11-13T10:27:05","date_gmt":"2018-11-13T08:27:05","guid":{"rendered":"https:\/\/glazbena.hr\/?page_id=2857"},"modified":"2019-05-24T14:31:21","modified_gmt":"2019-05-24T12:31:21","slug":"2018-2019","status":"publish","type":"page","link":"https:\/\/glazbena.hr\/gb\/natjecanja\/2018-2019\/","title":{"rendered":"2018.\/2019."},"content":{"rendered":"<p><a href=\"https:\/\/glazbena.hr\/wp-content\/uploads\/2019\/05\/20190523-8.-me\u0111unarodno-glazbeno-natjecanje-Fantast-2019.-Be\u010dej-Srbija.pdf\">23 05 2019 &#8211; 8. me\u0111unarodno glazbeno natjecanje Fantast 2019. &#8211; Be\u010dej &#8211; Srbija<\/a><\/p>\n<p><a href=\"https:\/\/glazbena.hr\/wp-content\/uploads\/2019\/05\/20190519-6.-me\u0111unarodno-natjecanje-Kornelije-Beograd-Srbija.pdf\">19 05 2019 &#8211; 6. me\u0111unarodno natjecanje Kornelije &#8211; Beograd &#8211; Srbija<\/a><\/p>\n<p><a href=\"https:\/\/glazbena.hr\/wp-content\/uploads\/2019\/05\/20190517-AKORDEON-ART-PLUS-2019.-2.-me\u0111unarodno-takmi\u010denje-pijanista-Sarajevo-BiH.pdf\">17 05 2019 &#8211; AKORDEON ART PLUS 2019. &#8211; 2. me\u0111unarodno takmi\u010denje pijanista &#8211; Sarajevo &#8211; BiH<\/a><\/p>\n<p><a href=\"https:\/\/glazbena.hr\/wp-content\/uploads\/2019\/05\/20190515-Natjecanje-mladih-gitarista-Kastav-Strings-Kastav-Hrvatska.pdf\">15 05 2019 &#8211; Natjecanje mladih gitarista Kastav Strings &#8211; Kastav &#8211; Hrvatska<\/a><\/p>\n<p><a href=\"https:\/\/glazbena.hr\/wp-content\/uploads\/2019\/05\/20190512-6.-festival-pijanizma-Sremska-Mitrovica-Srbija.pdf\">12 05 2019 &#8211; 6. festival pijanizma &#8211; Sremska Mitrovica &#8211; Srbija<\/a><\/p>\n<p><a href=\"https:\/\/glazbena.hr\/wp-content\/uploads\/2019\/05\/20190512-Me\u0111unarodno-natjecanje-Mihajlo-Nikolovski-Bitola-Makedonija.pdf\">12 05 2019 &#8211; Me\u0111unarodno natjecanje Mihajlo Nikolovski &#8211; Bitola &#8211; Makedonija<\/a><\/p>\n<p><a href=\"https:\/\/glazbena.hr\/wp-content\/uploads\/2019\/05\/20190511-10.-hrvatsko-natjecanje-za-harmoniku-Daruvar-Hrvatska.pdf\">11 05 2019 &#8211; 10. hrvatsko natjecanje za harmoniku &#8211; Daruvar &#8211; Hrvatska<\/a><\/p>\n<p><a href=\"https:\/\/glazbena.hr\/wp-content\/uploads\/2019\/05\/20190508-14.-me\u0111unarodno-natjecanje-za-harmoniku-Pannoniaccordion-Murska-Sobota-Slovenija.pdf\">08 05 2019 &#8211; 14. me\u0111unarodno natjecanje za harmoniku Pannoniaccordion &#8211; Murska Sobota &#8211; Slovenija<\/a><\/p>\n<p><a href=\"https:\/\/glazbena.hr\/wp-content\/uploads\/2019\/05\/20190505-Bistri\u010dki-zvukolik-6.-festival-i-me\u0111unarodno-mje\u0161ovito-natjecanje-glazbenika-Marija-Bistrica-Hrvatska.pdf\">05 05 2019 &#8211; Bistri\u010dki zvukolik &#8211; 6. festival i me\u0111unarodno mje\u0161ovito natjecanje glazbenika &#8211; Marija Bistrica &#8211; Hrvatska<\/a><\/p>\n<p><a href=\"https:\/\/glazbena.hr\/wp-content\/uploads\/2019\/05\/20190505-7.-me\u0111unarodno-pjeva\u010dko-natjecanje-Lav-Mirski-Osijek-Hrvatska.pdf\">05 05 2019 &#8211; 7. me\u0111unarodno pjeva\u010dko natjecanje Lav Mirski &#8211; Osijek &#8211; Hrvatska<\/a><\/p>\n<p><a href=\"https:\/\/glazbena.hr\/wp-content\/uploads\/2019\/05\/20190503-Ortbetello-Piano-Competition-International-Orbetello-Toscana-Italija.pdf\">03 05 2019 &#8211; Ortbetello Piano Competition International &#8211; Orbetello &#8211; Toscana &#8211; Italija<\/a><\/p>\n<p><a href=\"https:\/\/glazbena.hr\/wp-content\/uploads\/2019\/05\/20190503-The-21st-Imrich-Godin-International-Vocal-Competition-IUVENTUS-CANTI-2019-Vr\u00e1ble-Slova\u010dka.pdf\">03 05 2019 &#8211; The 21st Imrich Godin International Vocal Competition IUVENTUS CANTI 2019 &#8211; Vr\u00e1ble &#8211; Slova\u010dka<\/a><\/p>\n<p><a href=\"https:\/\/glazbena.hr\/wp-content\/uploads\/2019\/05\/20190430-International-Music-Competition-Beograd-Srbija.pdf\">30 04 2019 &#8211; International Music Competition &#8211; Beograd &#8211; Srbija<\/a><\/p>\n<p><a href=\"https:\/\/glazbena.hr\/wp-content\/uploads\/2019\/05\/20190429-Europa-u-\u0161koli-Zagreb-Hrvatska.pdf\">29 04 2019 &#8211; Europa u \u0161koli &#8211; Zagreb &#8211; Hrvatska<\/a><\/p>\n<p><a href=\"https:\/\/glazbena.hr\/wp-content\/uploads\/2019\/05\/20190428-Me\u0111unarodno-natjecanje-glazbene-mlade\u017ei-XXV.-Lions-Grand-Prix-2019.-Rijeka-Hrvatska.pdf\">28 04 2019 &#8211; Me\u0111unarodno natjecanje glazbene mlade\u017ei XXV. Lions Grand Prix 2019. &#8211; Rijeka -Hrvatska<\/a><\/p>\n<p><a href=\"https:\/\/glazbena.hr\/wp-content\/uploads\/2019\/05\/20190427-44.-me\u0111unarodni-susret-harmonika\u0161a-Pula-Hrvatska.pdf\">27 04 2019 &#8211; 44. me\u0111unarodni susret harmonika\u0161a &#8211; Pula &#8211; Hrvatska<\/a><\/p>\n<p><a href=\"https:\/\/glazbena.hr\/wp-content\/uploads\/2019\/05\/20190427-11.-EPTA-me\u0111unarodno-natjecanje-za-mlade-pijaniste-Dora-Peja\u010devi\u0107-Osijek-Hrvatska.pdf\">27 04 2019 &#8211; 11. EPTA &#8211; me\u0111unarodno natjecanje za mlade pijaniste Dora Peja\u010devi\u0107 &#8211; Osijek &#8211; Hrvatska<\/a><\/p>\n<p><a href=\"https:\/\/glazbena.hr\/wp-content\/uploads\/2019\/04\/20190420-17.-me\u0111unarodni-festival-Ub-Srbija.pdf\">20 04 2019 &#8211; 17. me\u0111unarodni festival &#8211; Ub &#8211; Srbija<\/a><\/p>\n<p><a href=\"https:\/\/glazbena.hr\/wp-content\/uploads\/2019\/04\/20190417-4th-International-Competiton-Vara\u017edin-Woodwind-Brass-Vara\u017edin-Hrvatska.pdf\">17 04 2019 &#8211; 4th International Competiton Vara\u017edin Woodwind &amp; Brass &#8211; Vara\u017edin &#8211; Hrvatska<\/a><\/p>\n<p><a href=\"https:\/\/glazbena.hr\/wp-content\/uploads\/2019\/04\/20190414-5.-me\u0111unarodno-takmi\u010denje-iz-muzi\u010dkih-predmeta-u-organizaciji-Udru\u017eenja-muzi\u010dkih-i-baletskih-pedagoga-Srbije-Beograd-Srbija.pdf\">14 04 2019 &#8211; 5. me\u0111unarodno takmi\u010denje iz muzi\u010dkih predmeta u organizaciji Udru\u017eenja muzi\u010dkih i baletskih pedagoga Srbije &#8211; Beograd &#8211; Srbija<\/a><\/p>\n<p><a href=\"https:\/\/glazbena.hr\/wp-content\/uploads\/2019\/04\/20190414-X.-me\u0111unarodno-natjecanje-iz-solfeggia-i-teorijskih-predmeta-Viva-La-Musica-Sremska-Mitrovica-Srbija.pdf\">14 04 2019 &#8211; X. me\u0111unarodno natjecanje iz solfeggia i teorijskih predmeta Viva La Musica &#8211; Sremska Mitrovica &#8211; Srbija<\/a><\/p>\n<p><a href=\"https:\/\/glazbena.hr\/wp-content\/uploads\/2019\/04\/20190407-Me\u0111unarodno-natjecanje-XIV.-Concorso-Musica-Insieme-Musile-di-Piave-Italija.pdf\">07 04 2019 &#8211; Me\u0111unarodno natjecanje XIV. Concorso Musica Insieme &#8211; Musile di Piave &#8211; Italija<\/a><\/p>\n<p><a href=\"https:\/\/glazbena.hr\/wp-content\/uploads\/2019\/04\/20190331-Me\u0111unarodno-natjecanje-mladih-glazbenika-Sonus-op.5-Kri\u017eevci-Hrvatska.pdf\">31. 03. 2019. &#8211; Me\u0111unarodno natjecanje mladih glazbenika Sonus op.5 -Kri\u017eevci &#8211; Hrvatska<\/a><\/p>\n<p><a href=\"https:\/\/glazbena.hr\/wp-content\/uploads\/2019\/03\/20190312-Me\u0111unarodno-natjecanje-Davorin-Jenko-Beograd-Srbija.pdf\">12 .03.2019. &#8211; Me\u0111unarodno natjecanje Davorin Jenko &#8211; Beograd &#8211; Srbija<\/a><\/p>\n<p><a href=\"https:\/\/glazbena.hr\/wp-content\/uploads\/2019\/03\/20190302-Prednatjecanje-Kabalevsky-Vara\u017edin-Hrvatska.pdf\">02 03 2019 &#8211; Prednatjecanje Kabalevsky &#8211; Vara\u017edin &#8211; Hrvatska<\/a><\/p>\n<p><a href=\"https:\/\/glazbena.hr\/wp-content\/uploads\/2019\/02\/20190209-me\u0111unarodno-natjecanje-u\u010denika-osnovnih-\u0161kola-Mladi-Padovec-Novi-Marof-Hrvatska-1.pdf\">09. 02. 2019. &#8211; me\u0111unarodno natjecanje u\u010denika osnovnih \u0161kola Mladi Padovec &#8211; Novi Marof &#8211; Hrvatska<\/a><\/p>\n<p><a href=\"https:\/\/glazbena.hr\/wp-content\/uploads\/2019\/02\/20190205-16.-me\u0111unarodno-natjecanje-Davorin-Jenko-Beograd-Srbija.pdf\">05.02.2019. &#8211; 16. me\u0111unarodno natjecanje Davorin Jenko &#8211; Beograd &#8211; Srbija<\/a><\/p>\n<p><a href=\"https:\/\/glazbena.hr\/wp-content\/uploads\/2019\/01\/20190127-8.-me\u0111unarodno-natjecanje-za-pijaniste-Ivan-Rijavec-Roga\u0161ka-Slatina-Slovenija.pdf\">27.01.2019. &#8211; 8. me\u0111unarodno natjecanje za pijaniste Ivan Rijavec, Roga\u0161ka Slatina, Slovenija<\/a><\/p>\n<p><a href=\"https:\/\/glazbena.hr\/wp-content\/uploads\/2018\/12\/20181215-1.-me\u0111unarodno-pijanisti\u010dko-natjecanje-Janez-Mati\u010di\u0107-Ljubljana-Slovenija.pdf\">15 12 2018 &#8211; 1. me\u0111unarodno pijanisti\u010dko natjecanje Janez Mati\u010di\u0107 &#8211; Ljubljana &#8211; Slovenija<\/a><\/p>\n<p><a href=\"https:\/\/glazbena.hr\/wp-content\/uploads\/2018\/12\/20181202-1.-me\u0111unarodno-gitaristi\u010dko-natjecanje-Ida-Presti-Samobor-Hrvatska.pdf\">02. 12. 2018 &#8211; 1. me\u0111unarodno gitaristi\u010dko natjecanje Ida Presti &#8211; Samobor &#8211; Hrvatska<\/a><\/p>\n<p><a href=\"https:\/\/glazbena.hr\/wp-content\/uploads\/2018\/11\/11.-11.-2018-5.-me\u0111unarodno-natjecanje-solo-pjeva\u010da-Vera-Kova\u010d-Vitkai-Novi-Sad-Srbija.pdf\">11. 11. 2018 &#8211; 5. me\u0111unarodno natjecanje solo pjeva\u010da Vera Kova\u010d Vitkai &#8211; Novi Sad &#8211; Srbija<\/a><\/p>\n","protected":false},"excerpt":{"rendered":"<p>23 05 2019 &#8211; 8. me\u0111unarodno glazbeno natjecanje Fantast 2019. &#8211; Be\u010dej &#8211; Srbija 19 05 2019 &#8211; 6. me\u0111unarodno natjecanje Kornelije &#8211; Beograd &#8211; Srbija 17 05 2019 &#8211; AKORDEON ART PLUS 2019. &#8211; 2. me\u0111unarodno takmi\u010denje pijanista &#8211; Sarajevo &#8211; BiH 15 05 2019 &#8211; Natjecanje mladih gitarista Kastav Strings &#8211; Kastav &#8211; [&hellip;]<\/p>\n","protected":false},"author":11,"featured_media":0,"parent":1122,"menu_order":0,"comment_status":"closed","ping_status":"closed","template":"","meta":{"footnotes":""},"class_list":["post-2857","page","type-page","status-publish","hentry"],"translation":{"provider":"WPGlobus","version":"3.0.0","language":"gb","enabled_languages":["hr","gb"],"languages":{"hr":{"title":true,"content":true,"excerpt":false},"gb":{"title":false,"content":false,"excerpt":false}}},"_links":{"self":[{"href":"https:\/\/glazbena.hr\/gb\/wp-json\/wp\/v2\/pages\/2857","targetHints":{"allow":["GET"]}}],"collection":[{"href":"https:\/\/glazbena.hr\/gb\/wp-json\/wp\/v2\/pages"}],"about":[{"href":"https:\/\/glazbena.hr\/gb\/wp-json\/wp\/v2\/types\/page"}],"author":[{"embeddable":true,"href":"https:\/\/glazbena.hr\/gb\/wp-json\/wp\/v2\/users\/11"}],"replies":[{"embeddable":true,"href":"https:\/\/glazbena.hr\/gb\/wp-json\/wp\/v2\/comments?post=2857"}],"version-history":[{"count":0,"href":"https:\/\/glazbena.hr\/gb\/wp-json\/wp\/v2\/pages\/2857\/revisions"}],"up":[{"embeddable":true,"href":"https:\/\/glazbena.hr\/gb\/wp-json\/wp\/v2\/pages\/1122"}],"wp:attachment":[{"href":"https:\/\/glazbena.hr\/gb\/wp-json\/wp\/v2\/media?parent=2857"}],"curies":[{"name":"wp","href":"https:\/\/api.w.org\/{rel}","templated":true}]}}