{"id":29343,"date":"2023-12-11T13:47:57","date_gmt":"2023-12-11T12:47:57","guid":{"rendered":"https:\/\/glazbena.hr\/?page_id=29343"},"modified":"2026-01-03T14:13:24","modified_gmt":"2026-01-03T13:13:24","slug":"2023-2024","status":"publish","type":"page","link":"https:\/\/glazbena.hr\/gb\/2023-2024\/","title":{"rendered":"2023.\/2024."},"content":{"rendered":"<p><a href=\"https:\/\/glazbena.hr\/wp-content\/uploads\/2024\/07\/20240624-Male-zice-Dalmacije-Omis-Hrvatska.pdf\" target=\"_blank\" rel=\"noopener\">24.06.2024. &#8211; Male \u017eice Dalmacije &#8211; Omi\u0161 &#8211; Hrvatska<\/a><\/p>\n<p><a href=\"https:\/\/glazbena.hr\/wp-content\/uploads\/2024\/07\/20240526-Medunarodno-natjecanje-Festival-Isidor-Bajic-Novi-Sad-Srbija.pdf\" target=\"_blank\" rel=\"noopener\">26.05.2024. &#8211; Me\u0111unarodno natjecanje Festival \u201cIsidor Baji\u0107\u201d, Novi Sad, Srbija<\/a><\/p>\n<p><a href=\"https:\/\/glazbena.hr\/wp-content\/uploads\/2024\/07\/20240608-Medunarodno-natjecanje-V.-Internacionalni-festival-muzike-Skala-Brcko-BIH.pdf\" target=\"_blank\" rel=\"noopener\">08.06.2024. &#8211; Me\u0111unarodno natjecanje V. Internacionalni festival muzike \u201cSkala\u201d &#8211; Br\u010dko -BIH<\/a><\/p>\n<p><a href=\"https:\/\/glazbena.hr\/wp-content\/uploads\/2024\/08\/20240608-Mimas-Music-Festival-2024-Procida-Italija.pdf\" target=\"_blank\" rel=\"noopener\">08.06.2024. &#8211; Mimas Music Festival 2024 &#8211; Procida &#8211; Italija<\/a><\/p>\n<p><a href=\"https:\/\/glazbena.hr\/wp-content\/uploads\/2024\/07\/20240526-Festival-pijanizma-Sremska-Mitrovica-Srbija.pdf\" target=\"_blank\" rel=\"noopener\">26.05.2024. &#8211; Festival pijanizma &#8211; Sremska Mitrovica &#8211; Srbija<\/a><\/p>\n<p><a href=\"https:\/\/glazbena.hr\/wp-content\/uploads\/2024\/06\/20240602-Medunarodno-natjecanje-za-mlade-gitariste-Kastav-Strings-Kastav.pdf\" target=\"_blank\" rel=\"noopener\">02.06.2024.- Me\u0111unarodno natjecanje za mlade gitariste Kastav Strings &#8211; Kastav<\/a><\/p>\n<p><a href=\"https:\/\/glazbena.hr\/wp-content\/uploads\/2024\/06\/27052024-13.-medunarodno-Korosko-klavirsko-tekmovanje-Radlje-ob-Dravi-Slovenija.pdf\" target=\"_blank\" rel=\"noopener\">27.05.2024. &#8211; 13. me\u0111unarodno Koro\u0161ko klavirsko tekmovanje &#8211; Radlje ob Dravi &#8211; Slovenija<\/a><\/p>\n<p><a href=\"https:\/\/glazbena.hr\/wp-content\/uploads\/2024\/06\/20240525-ULJUS-IX.-International-Piano-Competition-Smederevo-Srbija.pdf\" target=\"_blank\" rel=\"noopener\">25.05.2024. &#8211; ULJUS IX. International Piano Competition &#8211; Smederevo &#8211; Srbija<\/a><\/p>\n<p><a href=\"https:\/\/glazbena.hr\/wp-content\/uploads\/2024\/06\/20240522-Daruvar-Accordion-Award-Daruvar-Hrvatska.pdf\" target=\"_blank\" rel=\"noopener\">22.05.2024. &#8211; Daruvar Accordion Award &#8211; Daruvar &#8211; Hrvatska<\/a><\/p>\n<p><a href=\"https:\/\/glazbena.hr\/wp-content\/uploads\/2024\/06\/20240512-Concorso-Internazionale-Citta-di-Palmanova-Palmanova-Italija.pdf\" target=\"_blank\" rel=\"noopener\">12.05.2024. &#8211; Concorso Internazionale Citt\u00e0 di Palmanova &#8211; Palmanova &#8211; Italija<\/a><\/p>\n<p><a href=\"https:\/\/glazbena.hr\/wp-content\/uploads\/2024\/06\/20240511-Sferice-literarni-natjecaj-SferaKON-Zagreb-Hrvatska.pdf\" target=\"_blank\" rel=\"noopener\">11.05.2024. &#8211; Sferice &#8211; literarni natje\u010daj SferaKON &#8211; Zagreb &#8211; Hrvatska<\/a><\/p>\n<p><a href=\"https:\/\/glazbena.hr\/wp-content\/uploads\/2024\/06\/20240510-47.-Medunarodni-susret-harmonikasa-Pula-Hrvatska.pdf\" target=\"_blank\" rel=\"noopener\">10.05.2024. &#8211; 47. Me\u0111unarodni susret harmonika\u0161a &#8211; Pula &#8211; Hrvatska<\/a><\/p>\n<p><a href=\"https:\/\/glazbena.hr\/wp-content\/uploads\/2024\/06\/20240505-International-Singing-Competition-Lav-Mirski-Osijek-Hrvatska.pdf\" target=\"_blank\" rel=\"noopener\">05.05.2024. &#8211; International Singing Competition Lav Mirski &#8211; Osijek &#8211; Hrvatska<\/a><\/p>\n<p><a href=\"https:\/\/glazbena.hr\/wp-content\/uploads\/2024\/06\/20240505-Natjecanje-mladih-solista-i-ansambala-LOVE-CLAVI-Samobor-Hrvatska.pdf\" target=\"_blank\" rel=\"noopener\">05.05.2024. &#8211; Natjecanje mladih solista i ansambala LOVE CLAVI &#8211; Samobor &#8211; Hrvatska<\/a><\/p>\n<p><a href=\"https:\/\/glazbena.hr\/wp-content\/uploads\/2024\/06\/20240503-Medunarodno-natjecanje-za-mlade-klaviriste-Una-Corda-Kastav-Hrvatska.pdf\" target=\"_blank\" rel=\"noopener\">03.05.2024. &#8211; Me\u0111unarodno natjecanje za mlade klaviriste Una Corda &#8211; Kastav &#8211; Hrvatska<\/a><\/p>\n<p><a href=\"https:\/\/glazbena.hr\/wp-content\/uploads\/2024\/08\/20240502-Golden-Piano-Talents-Competition-2024-online.pdf\" target=\"_blank\" rel=\"noopener\">02.05.2024. &#8211; Golden Piano Talents Competition 2024 &#8211; online<\/a><\/p>\n<p><a href=\"https:\/\/glazbena.hr\/wp-content\/uploads\/2024\/06\/20240428-Tampere-Flute-Fest-Finska.pdf\" target=\"_blank\" rel=\"noopener\">28.04.2024. &#8211; Tampere Flute Fest &#8211; Finska<\/a><\/p>\n<p><a href=\"https:\/\/glazbena.hr\/wp-content\/uploads\/2024\/05\/20240426-27.-medunarodno-natjecanje-DALEKI-AKORDI-Split-Hrvatska.pdf\" target=\"_blank\" rel=\"noopener\">26.04.2024. &#8211; 27. me\u0111unarodno natjecanje DALEKI AKORDI &#8211; Split &#8211; Hrvatska<\/a><\/p>\n<p><a href=\"https:\/\/glazbena.hr\/wp-content\/uploads\/2024\/05\/20240430-Internacionalni-susreti-violinista-Novi-Sad-Srbija.pdf\" target=\"_blank\" rel=\"noopener\">30.04.2024. &#8211; Internacionalni susreti violinista &#8211; Novi Sad &#8211; Srbija<\/a><\/p>\n<p><a href=\"https:\/\/glazbena.hr\/wp-content\/uploads\/2024\/05\/20240423-Medunarodno-pijanisticko-natjecanje-Memorijal-Jurica-Murai-i-Murai-Grand-Prix.pdf\" target=\"_blank\" rel=\"noopener\">23.04.20024. &#8211; Me\u0111unarodno pijanisti\u010dko natjecanje Memorijal Jurica Murai i Murai Grand Prix<\/a><\/p>\n<p><a href=\"https:\/\/glazbena.hr\/wp-content\/uploads\/2024\/06\/20240406-1.-medunarodno-natjecanje-MOOK-Krk-Hrvatska.pdf\" target=\"_blank\" rel=\"noopener\">06.04.2024. &#8211; 1. me\u0111unarodno natjecanje MOOK &#8211; Krk &#8211; Hrvatska<\/a><\/p>\n<p><a href=\"https:\/\/glazbena.hr\/wp-content\/uploads\/2024\/05\/20240321-Medunarodno-natjecanje-Davorin-Jenko-Beograd-Srbija.pdf\" target=\"_blank\" rel=\"noopener\">21.03.2024.- Me\u0111unarodno natjecanje Davorin Jenko &#8211; Beograd &#8211; Srbija<\/a><\/p>\n<p><a href=\"https:\/\/glazbena.hr\/wp-content\/uploads\/2024\/05\/20240424-62.-hrvatsko-natjecanje-ucenika-i-studenata-glazbe-i-plesa-drzavna-razina.pdf\" target=\"_blank\" rel=\"noopener\">24.04.2024. &#8211; 62. hrvatsko natjecanje u\u010denika i studenata glazbe i plesa &#8211; dr\u017eavna razina<\/a><\/p>\n<p><a href=\"https:\/\/glazbena.hr\/wp-content\/uploads\/2024\/05\/20240412-International-Music-MasterClass-and-Competition-Maribor-Slovenija.pdf\" target=\"_blank\" rel=\"noopener\">12.04.2024. &#8211; International Music MasterClass and Competition &#8211; Maribor &#8211; Slovenija<\/a><\/p>\n<p><a href=\"https:\/\/glazbena.hr\/wp-content\/uploads\/2024\/05\/20240428-2.-medunarodno-natjecanje-iz-solfeggia-i-teorije-glazbe-DO-RE-MI-FA.-Drnis-Hrvatska-1.pdf\" target=\"_blank\" rel=\"noopener\">28.04.2024. &#8211; 2. me\u0111unarodno natjecanje iz solfeggia i teorije glazbe DO, RE, MI, FA&#8230; &#8211; Drni\u0161 &#8211; Hrvatska <\/a><\/p>\n<p><a href=\"https:\/\/glazbena.hr\/wp-content\/uploads\/2024\/05\/20240407-29.-Lions-Grand-Prix-Rijeka.pdf\" target=\"_blank\" rel=\"noopener\">07.04.2024. &#8211; 29. Lions Grand Prix &#8211; Rijeka<\/a><\/p>\n<p><a href=\"https:\/\/glazbena.hr\/wp-content\/uploads\/2024\/08\/20240407-IV.-medunarodno-pijanisticko-natjecanje-Sergej-Rachmaninoff-Sarajevo-BIH.pdf\" target=\"_blank\" rel=\"noopener\">07.04.2024. &#8211; IV. me\u0111unarodno pijanisti\u010dko natjecanje Sergej Rachmaninoff &#8211; Sarajevo &#8211; BIH<\/a><\/p>\n<p><a href=\"https:\/\/glazbena.hr\/wp-content\/uploads\/2024\/08\/20240420-Orbetello-Piano-Competition-International-online.pdf\" target=\"_blank\" rel=\"noopener\">02.04.2024. &#8211; Orbetello Piano Competition International &#8211; online<\/a><\/p>\n<p><a href=\"https:\/\/glazbena.hr\/wp-content\/uploads\/2024\/05\/20240324-Medunarodno-natjecanje-VIII-Internacionalni-festival-muzike-Primavera-Bijeljina-BIH.pdf\" target=\"_blank\" rel=\"noopener\">24.03.2024. -Me\u0111unarodno natjecanje VIII Internacionalni festival muzike Primavera &#8211; Bijeljina &#8211; BIH<\/a><\/p>\n<p><a href=\"https:\/\/glazbena.hr\/wp-content\/uploads\/2024\/05\/20240328-Medunarodno-natjecanje-mladih-glazbenika-Sonus-op.-8-Krizevci-Hrvatska-1.pdf\" target=\"_blank\" rel=\"noopener\">28.03.2024. &#8211; Me\u0111unarodno natjecanje mladih glazbenika Sonus op. 8 &#8211; Kri\u017eevci &#8211; Hrvatska<\/a><\/p>\n<p><a href=\"https:\/\/glazbena.hr\/wp-content\/uploads\/2024\/04\/20240324-62.-hrvatsko-natjecanje-ucenika-i-studenata-glazbe-i-plesa-meduzupanijska-razina-Velika-Gorica-Zagreb-Krizevci.pdf\" target=\"_blank\" rel=\"noopener\">24.03.2024. &#8211; 62. hrvatsko natjecanje u\u010denika i studenata glazbe i plesa &#8211; me\u0111u\u017eupanijska razina &#8211; Velika Gorica &#8211; Zagreb &#8211; Kri\u017eevci<\/a><\/p>\n<p><a href=\"https:\/\/glazbena.hr\/wp-content\/uploads\/2024\/04\/20240317-Festival-Isidor-Bajic-Novi-Sad-Srbija.pdf\" target=\"_blank\" rel=\"noopener\">17.03.2024. &#8211; Festival Isidor Baji\u0107 &#8211; Novi Sad &#8211; Srbija<\/a><\/p>\n<p><a href=\"https:\/\/glazbena.hr\/wp-content\/uploads\/2024\/08\/20240229-4th-Franz-Liszt-Center-International-Piano-Competition-online.pdf\" target=\"_blank\" rel=\"noopener\">29.02.2024. &#8211; 4th Franz Liszt Center International Piano Competition &#8211; online<\/a><\/p>\n<p><a href=\"https:\/\/glazbena.hr\/wp-content\/uploads\/2024\/03\/20240216-Medunarodno-natjecanje-Mladi-Padovec-Novi-Marof-Hrvatska.pdf\" target=\"_blank\" rel=\"noopener\">16.02.2024. &#8211; Me\u0111unarodno natjecanje Mladi Padovec &#8211; Novi Marof &#8211; Hrvatska<\/a><\/p>\n<p><a href=\"https:\/\/glazbena.hr\/wp-content\/uploads\/2026\/01\/20240204-13.-medunarodno-pijanisticko-natjecanje-Ivan-Rijavec-Rogaska-Slatina-Slovenija.pdf\" target=\"_blank\" rel=\"noopener\">04.02.2024. &#8211; 13. me\u0111unarodno pijanisti\u010dko natjecanje Ivan Rijavec &#8211; Roga\u0161ka Slatina &#8211; Slovenija<\/a><\/p>\n<p><a href=\"https:\/\/glazbena.hr\/wp-content\/uploads\/2024\/02\/20231225-Artisti-Della-Voce-Novi-Sad-Srbija.pdf\" target=\"_blank\" rel=\"noopener\">25.12.2023. &#8211; Artisti Della Voce &#8211; Novi Sad &#8211; Srbija<\/a><\/p>\n<p><a href=\"https:\/\/glazbena.hr\/wp-content\/uploads\/2024\/02\/20231217-3.-Memorijal-Matusja-Blum-Sarajevo-BIH.pdf\" target=\"_blank\" rel=\"noopener\">17.12.2023. &#8211; 3. Memorijal Matusja Blum &#8211; Sarajevo &#8211; BIH<\/a><\/p>\n<p><a href=\"https:\/\/glazbena.hr\/wp-content\/uploads\/2024\/02\/20231209-Drzavno-natjecanje-62.-hrvatskog-natjecanja-ucenika-i-studenata-glazbe-KOMORNI-SASTAVI-Pozega.pdf\" target=\"_blank\" rel=\"noopener\">09.12.2023. &#8211; Dr\u017eavno natjecanje 62. hrvatskog natjecanja u\u010denika i studenata glazbe &#8211; KOMORNI SASTAVI &#8211; Po\u017eega<\/a><\/p>\n<p><a href=\"https:\/\/glazbena.hr\/wp-content\/uploads\/2024\/02\/20231126-25.-medunarodno-natjecanje-solo-pjevaca-Nikola-Cvejic-Ruma-Srbija.pdf\" target=\"_blank\" rel=\"noopener\">26.11.2023. &#8211; 25. me\u0111unarodno natjecanje solo pjeva\u010da Nikola Cveji\u0107 &#8211; Ruma &#8211; Srbija<\/a><\/p>\n<p><a href=\"https:\/\/glazbena.hr\/wp-content\/uploads\/2023\/12\/20231117-62.-hrvatsko-zupanijsko-natjecanje-ucenika-i-studenata-glazbe-komorni-sastavi-Opatija-RH.pdf\" target=\"_blank\" rel=\"noopener\">17.11.2023. &#8211; 62. hrvatsko \u017eupanijsko natjecanje u\u010denika i studenata glazbe &#8211; komorni sastavi &#8211; Opatija &#8211; RH<\/a><\/p>\n","protected":false},"excerpt":{"rendered":"<p>24.06.2024. &#8211; Male \u017eice Dalmacije &#8211; Omi\u0161 &#8211; Hrvatska 26.05.2024. &#8211; Me\u0111unarodno natjecanje Festival \u201cIsidor Baji\u0107\u201d, Novi Sad, Srbija 08.06.2024. &#8211; Me\u0111unarodno natjecanje V. Internacionalni festival muzike \u201cSkala\u201d &#8211; Br\u010dko -BIH 08.06.2024. &#8211; Mimas Music Festival 2024 &#8211; Procida &#8211; Italija 26.05.2024. &#8211; Festival pijanizma &#8211; Sremska Mitrovica &#8211; Srbija 02.06.2024.- Me\u0111unarodno natjecanje za mlade [&hellip;]<\/p>\n","protected":false},"author":5,"featured_media":0,"parent":0,"menu_order":0,"comment_status":"closed","ping_status":"closed","template":"","meta":{"footnotes":""},"class_list":["post-29343","page","type-page","status-publish","hentry"],"translation":{"provider":"WPGlobus","version":"3.0.0","language":"gb","enabled_languages":["hr","gb"],"languages":{"hr":{"title":true,"content":true,"excerpt":false},"gb":{"title":false,"content":false,"excerpt":false}}},"_links":{"self":[{"href":"https:\/\/glazbena.hr\/gb\/wp-json\/wp\/v2\/pages\/29343","targetHints":{"allow":["GET"]}}],"collection":[{"href":"https:\/\/glazbena.hr\/gb\/wp-json\/wp\/v2\/pages"}],"about":[{"href":"https:\/\/glazbena.hr\/gb\/wp-json\/wp\/v2\/types\/page"}],"author":[{"embeddable":true,"href":"https:\/\/glazbena.hr\/gb\/wp-json\/wp\/v2\/users\/5"}],"replies":[{"embeddable":true,"href":"https:\/\/glazbena.hr\/gb\/wp-json\/wp\/v2\/comments?post=29343"}],"version-history":[{"count":18,"href":"https:\/\/glazbena.hr\/gb\/wp-json\/wp\/v2\/pages\/29343\/revisions"}],"predecessor-version":[{"id":40287,"href":"https:\/\/glazbena.hr\/gb\/wp-json\/wp\/v2\/pages\/29343\/revisions\/40287"}],"wp:attachment":[{"href":"https:\/\/glazbena.hr\/gb\/wp-json\/wp\/v2\/media?parent=29343"}],"curies":[{"name":"wp","href":"https:\/\/api.w.org\/{rel}","templated":true}]}}