{"id":30004,"date":"2024-02-16T14:49:05","date_gmt":"2024-02-16T13:49:05","guid":{"rendered":"https:\/\/glazbena.hr\/?page_id=30004"},"modified":"2024-02-16T14:49:05","modified_gmt":"2024-02-16T13:49:05","slug":"accordionfest-varazdin-varazdin-2024","status":"publish","type":"page","link":"https:\/\/glazbena.hr\/gb\/accordionfest-varazdin-varazdin-2024\/","title":{"rendered":"VARA\u017dDIN FLUTE FEST 2 &#8211; Application form"},"content":{"rendered":"<p>Dragi natjecatelji u nastavku se nalazi prijavnica za Accordionfest Vara\u017edin 2024.<br \/>\n<strong>Rok za prijave je 03.03.2023. za vi\u0161e informacija molimo vas da kontaktirate \u010dlanove Organizacijskog odbora na mail: accordionfestvz@gmail.com.<\/strong><br \/>\n<strong><em>Kotizacija iznosi 30 Eura za svakog u\u010denika.<\/em><\/strong><\/p>\n<p>Uplata se vr\u0161i na:<br \/>\nGlazbena \u0161kola u Vara\u017edinu<br \/>\nKapucinski trg 8<br \/>\nHR 42000 Vara\u017edin<br \/>\nZAGREBA\u010cKA BANKA D.D.<br \/>\nSWIFT CODE: ZABAHR2X<br \/>\nGLAZBENA \u0160KOLA U VARA\u017dDINU<br \/>\nIBAN: HR5123600001102718441<br \/>\nU opisu pla\u0107anja upisati AccordionFest 2024. i ime\/imena natjecatelja, kategorija.Uz prijavu potrebno je prilo\u017eiti potvrdu o pla\u0107anju kotizacije.<\/p>\n\n<div class=\"wpcf7 no-js\" id=\"wpcf7-f30003-o1\" lang=\"en-US\" dir=\"ltr\" data-wpcf7-id=\"30003\">\n<div class=\"screen-reader-response\"><p role=\"status\" aria-live=\"polite\" aria-atomic=\"true\"><\/p> <ul><\/ul><\/div>\n<form action=\"\/gb\/wp-json\/wp\/v2\/pages\/30004#wpcf7-f30003-o1\" method=\"post\" class=\"wpcf7-form init\" aria-label=\"Contact form\" novalidate=\"novalidate\" data-status=\"init\">\n<fieldset class=\"hidden-fields-container\"><input type=\"hidden\" name=\"_wpcf7\" value=\"30003\" \/><input type=\"hidden\" name=\"_wpcf7_version\" value=\"6.1.1\" \/><input type=\"hidden\" name=\"_wpcf7_locale\" value=\"en_US\" \/><input type=\"hidden\" name=\"_wpcf7_unit_tag\" value=\"wpcf7-f30003-o1\" \/><input type=\"hidden\" name=\"_wpcf7_container_post\" value=\"0\" \/><input type=\"hidden\" name=\"_wpcf7_posted_data_hash\" value=\"\" \/><input type=\"hidden\" name=\"_wpcf7_recaptcha_response\" value=\"\" \/>\n<\/fieldset>\n<style>\ninput[type=\"checkbox\"] { display: inline-block !important; } \nspan.wpcf7-list-item { margin: 0; }\nh1, h2, p, hr { margin-bottom: 40px !important; }\ninput { text-transform: inherit !important; }\ninput, select { cursor: pointer; margin-left: 10px; }\ntextarea { cursor: pointer; text-transform: none; }\n.tekstic { height: 50px; }\n<\/style>\n<h1>ACCORDIONFEST VARA\u017dDIN 2025 - prijavnica\n<\/h1>\n<h2>Natjecatelj\n<\/h2>\n<p>Ime i prezime: <span class=\"wpcf7-form-control-wrap\" data-name=\"ime\"><input size=\"40\" maxlength=\"400\" class=\"wpcf7-form-control wpcf7-text wpcf7-validates-as-required\" aria-required=\"true\" aria-invalid=\"false\" value=\"\" type=\"text\" name=\"ime\" \/><\/span>\n<\/p>\n<p>Datum ro\u0111enja: <span class=\"wpcf7-form-control-wrap\" data-name=\"datum-rodenja\"><input class=\"wpcf7-form-control wpcf7-date wpcf7-validates-as-required wpcf7-validates-as-date\" aria-required=\"true\" aria-invalid=\"false\" value=\"\" type=\"date\" name=\"datum-rodenja\" \/><\/span>\n<\/p>\n<p>Razred glazbene \u0161kole: <span class=\"wpcf7-form-control-wrap\" data-name=\"razred\"><select class=\"wpcf7-form-control wpcf7-select wpcf7-validates-as-required\" aria-required=\"true\" aria-invalid=\"false\" name=\"razred\"><option value=\"\"><\/option><option value=\"Prvi\">Prvi<\/option><option value=\"Drugi\">Drugi<\/option><option value=\"Tre\u0107i\">Tre\u0107i<\/option><option value=\"\u010cetvrti\">\u010cetvrti<\/option><option value=\"Peti\">Peti<\/option><option value=\"\u0160esti\">\u0160esti<\/option><\/select><\/span>\n<\/p>\n<p>Kategorija: <span class=\"wpcf7-form-control-wrap\" data-name=\"kategorija\"><input size=\"40\" maxlength=\"400\" class=\"wpcf7-form-control wpcf7-text wpcf7-validates-as-required\" aria-required=\"true\" aria-invalid=\"false\" value=\"\" type=\"text\" name=\"kategorija\" \/><\/span>\n<\/p>\n<p>Adresa: <span class=\"wpcf7-form-control-wrap\" data-name=\"adresa\"><input size=\"40\" maxlength=\"400\" class=\"wpcf7-form-control wpcf7-text wpcf7-validates-as-required\" aria-required=\"true\" aria-invalid=\"false\" value=\"\" type=\"text\" name=\"adresa\" \/><\/span>\n<\/p>\n<p>Email: <span class=\"wpcf7-form-control-wrap\" data-name=\"email\"><input size=\"40\" maxlength=\"400\" class=\"wpcf7-form-control wpcf7-email wpcf7-validates-as-required wpcf7-text wpcf7-validates-as-email\" aria-required=\"true\" aria-invalid=\"false\" value=\"\" type=\"email\" name=\"email\" \/><\/span>\n<\/p>\n<p>Broj telefona\/mobitela: <span class=\"wpcf7-form-control-wrap\" data-name=\"telefon\"><input size=\"40\" maxlength=\"400\" class=\"wpcf7-form-control wpcf7-text wpcf7-validates-as-required\" aria-required=\"true\" aria-invalid=\"false\" value=\"\" type=\"text\" name=\"telefon\" \/><\/span>\n<\/p>\n<p>Ustanova\/\u0161kola: <span class=\"wpcf7-form-control-wrap\" data-name=\"skola\"><input size=\"40\" maxlength=\"400\" class=\"wpcf7-form-control wpcf7-text wpcf7-validates-as-required\" aria-required=\"true\" aria-invalid=\"false\" value=\"\" type=\"text\" name=\"skola\" \/><\/span>\n<\/p>\n<h2>Nastavnik\n<\/h2>\n<p>Ime i prezime: <span class=\"wpcf7-form-control-wrap\" data-name=\"ime_nastavnik\"><input size=\"40\" maxlength=\"400\" class=\"wpcf7-form-control wpcf7-text wpcf7-validates-as-required\" aria-required=\"true\" aria-invalid=\"false\" value=\"\" type=\"text\" name=\"ime_nastavnik\" \/><\/span>\n<\/p>\n<p>Email nastavnika: <span class=\"wpcf7-form-control-wrap\" data-name=\"email_nastavnik\"><input size=\"40\" maxlength=\"400\" class=\"wpcf7-form-control wpcf7-email wpcf7-validates-as-required wpcf7-text wpcf7-validates-as-email\" aria-required=\"true\" aria-invalid=\"false\" value=\"\" type=\"email\" name=\"email_nastavnik\" \/><\/span>\n<\/p>\n<p>Broj telefona\/mobitela: <span class=\"wpcf7-form-control-wrap\" data-name=\"telefon_nastavnik\"><input size=\"40\" maxlength=\"400\" class=\"wpcf7-form-control wpcf7-text\" aria-invalid=\"false\" value=\"\" type=\"text\" name=\"telefon_nastavnik\" \/><\/span>\n<\/p>\n<h2>Program\n<\/h2>\n<p>Ukupno trajanje programa: <span class=\"wpcf7-form-control-wrap\" data-name=\"trajanje\"><input size=\"40\" maxlength=\"400\" class=\"wpcf7-form-control wpcf7-text wpcf7-validates-as-required\" aria-required=\"true\" aria-invalid=\"false\" value=\"\" type=\"text\" name=\"trajanje\" \/><\/span>\n<\/p>\n<p>Kompozitor, naziv kompozicije:\n<\/p>\n<p>1. <span class=\"wpcf7-form-control-wrap\" data-name=\"kompozicija1\"><input size=\"40\" maxlength=\"400\" class=\"wpcf7-form-control wpcf7-text\" aria-invalid=\"false\" value=\"\" type=\"text\" name=\"kompozicija1\" \/><\/span><br \/>\n2. <span class=\"wpcf7-form-control-wrap\" data-name=\"kompozicija2\"><input size=\"40\" maxlength=\"400\" class=\"wpcf7-form-control wpcf7-text\" aria-invalid=\"false\" value=\"\" type=\"text\" name=\"kompozicija2\" \/><\/span><br \/>\n3. <span class=\"wpcf7-form-control-wrap\" data-name=\"kompozicija3\"><input size=\"40\" maxlength=\"400\" class=\"wpcf7-form-control wpcf7-text\" aria-invalid=\"false\" value=\"\" type=\"text\" name=\"kompozicija3\" \/><\/span><br \/>\n4. <span class=\"wpcf7-form-control-wrap\" data-name=\"kompozicija4\"><input size=\"40\" maxlength=\"400\" class=\"wpcf7-form-control wpcf7-text\" aria-invalid=\"false\" value=\"\" type=\"text\" name=\"kompozicija4\" \/><\/span><br \/>\n5. <span class=\"wpcf7-form-control-wrap\" data-name=\"kompozicija5\"><input size=\"40\" maxlength=\"400\" class=\"wpcf7-form-control wpcf7-text\" aria-invalid=\"false\" value=\"\" type=\"text\" name=\"kompozicija5\" \/><\/span>\n<\/p>\n<span class=\"wpcf7-form-control-wrap recaptcha\" data-name=\"recaptcha\"><span data-sitekey=\"6Lfjz7UUAAAAAP0PjFdAnzhPA1TQ9SR3lvs5d4Z2\" class=\"wpcf7-form-control wpcf7-recaptcha g-recaptcha\"><\/span>\r\n<noscript>\r\n\t<div class=\"grecaptcha-noscript\">\r\n\t\t<iframe loading=\"lazy\" src=\"https:\/\/www.google.com\/recaptcha\/api\/fallback?k=6Lfjz7UUAAAAAP0PjFdAnzhPA1TQ9SR3lvs5d4Z2\" frameborder=\"0\" scrolling=\"no\" width=\"310\" height=\"430\">\r\n\t\t<\/iframe>\r\n\t\t<textarea name=\"g-recaptcha-response\" rows=\"3\" cols=\"40\" placeholder=\"reCaptcha Response Here\">\r\n\t\t<\/textarea>\r\n\t<\/div>\r\n<\/noscript>\r\n<\/span>\n<p>&nbsp;\n<\/p>\n<p><input class=\"wpcf7-form-control wpcf7-submit has-spinner forma8\" type=\"submit\" value=\"Po\u0161alji\/Send\" \/>\n<\/p><div class=\"wpcf7-response-output\" aria-hidden=\"true\"><\/div>\n<\/form>\n<\/div>\n\n","protected":false},"excerpt":{"rendered":"<p>Dragi natjecatelji u nastavku se nalazi prijavnica za Accordionfest Vara\u017edin 2024. Rok za prijave je 03.03.2023. za vi\u0161e informacija molimo vas da kontaktirate \u010dlanove Organizacijskog odbora na mail: accordionfestvz@gmail.com. Kotizacija iznosi 30 Eura za svakog u\u010denika. Uplata se vr\u0161i na: Glazbena \u0161kola u Vara\u017edinu Kapucinski trg 8 HR 42000 Vara\u017edin ZAGREBA\u010cKA BANKA D.D. SWIFT CODE: [&hellip;]<\/p>\n","protected":false},"author":5,"featured_media":0,"parent":0,"menu_order":0,"comment_status":"closed","ping_status":"closed","template":"","meta":{"footnotes":""},"class_list":["post-30004","page","type-page","status-publish","hentry"],"translation":{"provider":"WPGlobus","version":"3.0.0","language":"gb","enabled_languages":["hr","gb"],"languages":{"hr":{"title":true,"content":true,"excerpt":false},"gb":{"title":true,"content":false,"excerpt":false}}},"_links":{"self":[{"href":"https:\/\/glazbena.hr\/gb\/wp-json\/wp\/v2\/pages\/30004","targetHints":{"allow":["GET"]}}],"collection":[{"href":"https:\/\/glazbena.hr\/gb\/wp-json\/wp\/v2\/pages"}],"about":[{"href":"https:\/\/glazbena.hr\/gb\/wp-json\/wp\/v2\/types\/page"}],"author":[{"embeddable":true,"href":"https:\/\/glazbena.hr\/gb\/wp-json\/wp\/v2\/users\/5"}],"replies":[{"embeddable":true,"href":"https:\/\/glazbena.hr\/gb\/wp-json\/wp\/v2\/comments?post=30004"}],"version-history":[{"count":4,"href":"https:\/\/glazbena.hr\/gb\/wp-json\/wp\/v2\/pages\/30004\/revisions"}],"predecessor-version":[{"id":30009,"href":"https:\/\/glazbena.hr\/gb\/wp-json\/wp\/v2\/pages\/30004\/revisions\/30009"}],"wp:attachment":[{"href":"https:\/\/glazbena.hr\/gb\/wp-json\/wp\/v2\/media?parent=30004"}],"curies":[{"name":"wp","href":"https:\/\/api.w.org\/{rel}","templated":true}]}}