{"id":30631,"date":"2024-05-07T15:21:03","date_gmt":"2024-05-07T14:21:03","guid":{"rendered":"https:\/\/glazbena.hr\/?page_id=30631"},"modified":"2025-05-02T19:46:07","modified_gmt":"2025-05-02T18:46:07","slug":"pretprijave-za-upis-u-1-razred-osnovne-glazbene-skole","status":"publish","type":"page","link":"https:\/\/glazbena.hr\/gb\/pretprijave-za-upis-u-1-razred-osnovne-glazbene-skole\/","title":{"rendered":"Pretprijave za upis u 1. razred osnovne glazbene \u0161kole &#8211; ljetni upisni rok"},"content":{"rendered":"<p>Pretprijave su namijenjene u\u010denicima koji \u0107e u \u0161kolskoj godini 2025.\/2026. biti 3. razred osnovne \u0161kole (mogu pristupiti i u\u010denici koji \u0107e u \u0161kolskoj 2025.\/2026. biti 4. razred osnovne \u0161kole) i mla\u0111i (u pravilu ne mla\u0111i od sedam godina). Kandidati se mogu istodobno prijaviti za upis na najvi\u0161e dva instrumenta, a nakon uspje\u0161no polo\u017eene prijemne audicije upisati samo jedan instrument, osim u slu\u010daju iznimno nadarenog djeteta o \u010demu, na prijedlog ispitne komisije, odlu\u010duje ravnatelj.<\/p>\n<p>Za ljetni upisni rok pretprijave \u0107e biti otvorene od 10. svibnja 2025. do 11. lipnja 2025. godine. Po zavr\u0161etku pretprijava svi roditelji\/skrbnici bit \u0107e kontaktirani u vezi dogovora to\u010dnog termina prijemne audicije.<\/p>\n<p>&nbsp;<\/p>\n<p>&nbsp;<\/p>\n<p>&nbsp;<\/p>\n","protected":false},"excerpt":{"rendered":"<p>Pretprijave su namijenjene u\u010denicima koji \u0107e u \u0161kolskoj godini 2025.\/2026. biti 3. razred osnovne \u0161kole (mogu pristupiti i u\u010denici koji \u0107e u \u0161kolskoj 2025.\/2026. biti 4. razred osnovne \u0161kole) i mla\u0111i (u pravilu ne mla\u0111i od sedam godina). Kandidati se mogu istodobno prijaviti za upis na najvi\u0161e dva instrumenta, a nakon uspje\u0161no polo\u017eene prijemne audicije [&hellip;]<\/p>\n","protected":false},"author":5,"featured_media":0,"parent":0,"menu_order":0,"comment_status":"closed","ping_status":"closed","template":"","meta":{"footnotes":""},"class_list":["post-30631","page","type-page","status-publish","hentry"],"translation":{"provider":"WPGlobus","version":"3.0.0","language":"gb","enabled_languages":["hr","gb"],"languages":{"hr":{"title":true,"content":true,"excerpt":false},"gb":{"title":false,"content":false,"excerpt":false}}},"_links":{"self":[{"href":"https:\/\/glazbena.hr\/gb\/wp-json\/wp\/v2\/pages\/30631","targetHints":{"allow":["GET"]}}],"collection":[{"href":"https:\/\/glazbena.hr\/gb\/wp-json\/wp\/v2\/pages"}],"about":[{"href":"https:\/\/glazbena.hr\/gb\/wp-json\/wp\/v2\/types\/page"}],"author":[{"embeddable":true,"href":"https:\/\/glazbena.hr\/gb\/wp-json\/wp\/v2\/users\/5"}],"replies":[{"embeddable":true,"href":"https:\/\/glazbena.hr\/gb\/wp-json\/wp\/v2\/comments?post=30631"}],"version-history":[{"count":10,"href":"https:\/\/glazbena.hr\/gb\/wp-json\/wp\/v2\/pages\/30631\/revisions"}],"predecessor-version":[{"id":38652,"href":"https:\/\/glazbena.hr\/gb\/wp-json\/wp\/v2\/pages\/30631\/revisions\/38652"}],"wp:attachment":[{"href":"https:\/\/glazbena.hr\/gb\/wp-json\/wp\/v2\/media?parent=30631"}],"curies":[{"name":"wp","href":"https:\/\/api.w.org\/{rel}","templated":true}]}}