{"id":30901,"date":"2024-06-01T17:30:04","date_gmt":"2024-06-01T16:30:04","guid":{"rendered":"https:\/\/glazbena.hr\/?page_id=30901"},"modified":"2025-07-14T13:28:58","modified_gmt":"2025-07-14T12:28:58","slug":"pretprijave-za-upis-u-prvi-pripremni-razred-glazebne-skole-u-varazdinu","status":"publish","type":"page","link":"https:\/\/glazbena.hr\/gb\/pretprijave-za-upis-u-prvi-pripremni-razred-glazebne-skole-u-varazdinu\/","title":{"rendered":"Pretprijave za upis u prvi pripremni razred Glazebne \u0161kole u Vara\u017edinu"},"content":{"rendered":"<p>Pripremno obrazovanje traje dvije godine i prvenstveno je namijenjeno u\u010denicima bez prethodno zavr\u0161enog osnovnog glazbenog obrazovanja.<br \/>\nU prvi razred pripremnog obrazovanja mogu se upisati kandidati nakon uspje\u0161no polo\u017eenog prijamnog ispita glazbene darovitosti (ispit sluha, glazbenog pam\u0107enja i ritma).<br \/>\nU prvi razred pripremnog obrazovanja mogu se upisati kandidati do navr\u0161enih 15 godina \u017eivota, a iznimku \u010dine temeljni predmeti: tuba, kontrabas i fagot do navr\u0161enih 18 godina \u017eivota te solo pjevanje do navr\u0161enih 20 godina za u\u010denice i solo pjevanje do navr\u0161ene 22 godine \u017eivota za u\u010denike. Upisujemo sljede\u0107e obrazovne programe za prvi razred pripremnog obrazovanja &#8211; harfa. flauta, klarinet, saksofon, udaraljke, oboa, fagot, truba, trombon, rog, tuba, kontrabas, tambure, solo pjevanje i teorijski smjer.<br \/>\nKandidati se za upis u prvi razred pripremnog obrazovanja prijavljuju putem aplikacije www.upisi.hr (kao i kandidati koji se upisuju u prvi razred srednje \u0161kole). Prije prijave obrazovnog programa u aplikaciji, svi kandidati koji nisu 8. razred obvezni su izvr\u0161iti pretprijavu koja se nalazi u nastavku kako bi se aktivirala mogu\u0107nost prijave kandidata. Tek nakon aktivacije, kandidat \u0107e biti u mogu\u0107nosti prijaviti obrazovni program. Kandidati se prijavljuju putem elektroni\u010dkog identiteta iz sustava AAi@EduHr (CARNET lozinka iz O\u0160).<\/p>\n<p><a href=\"https:\/\/glazbena.hr\/wp-content\/uploads\/2025\/06\/Obavijest-o-upisu-u-1.-razred-pripremnog-obrazovanja-za-sk.god_.-2025.2026.-prijave-obrazovnih-programa-i-prijemni-ispiti.pdf\" target=\"_blank\" rel=\"noopener\">Obavijest o upisu u 1. razred pripremnog obrazovanja za \u0161k.god. 2025.2026. &#8211; prijave obrazovnih programa i prijemni ispiti<\/a><\/p>\n<p><a href=\"https:\/\/glazbena.hr\/wp-content\/uploads\/2025\/06\/Pravilnik-o-organizaciji-i-provodenju-klasifikacijskog-postupka-za-upis-ucenika-u-srednju-glazbenu-skolu-procisceni-tekst-od-3.6.2025.-1.pdf\" target=\"_blank\" rel=\"noopener\">Pravilnik o organizaciji i provo\u0111enju klasifikacijskog postupka za upis u\u010denika u srednju glazbenu \u0161kolu &#8211; pro\u010di\u0161\u0107eni tekst od 3.6.2025. <\/a><\/p>\n<p><a href=\"https:\/\/glazbena.hr\/wp-content\/uploads\/2025\/06\/Pravilnik-o-elementima-i-kriterijima-za-izbor-kandidata-za-upis-u-I.-razred-srednje-skole-1.pdf\" target=\"_blank\" rel=\"noopener\">Pravilnik o elementima i kriterijima za izbor kandidata za upis u I. razred srednje \u0161kole <\/a><\/p>\n<p><a href=\"https:\/\/glazbena.hr\/wp-content\/uploads\/2025\/06\/1.-Pravilnik-o-izmjenama-i-dopunama-Pravilnika-o-elementima-i-kriterijima-za-izbor-kandidata-za-upis-u-I.-razred-srednje-skole-1.pdf\" target=\"_blank\" rel=\"noopener\">1. Pravilnik o izmjenama i dopunama Pravilnika o elementima i kriterijima za izbor kandidata za upis u I. razred srednje \u0161kole <\/a><\/p>\n<p><a href=\"https:\/\/glazbena.hr\/wp-content\/uploads\/2025\/06\/2.-Pravilnik-o-izmjenama-i-dopunama-Pravilnika-o-elementima-i-kriterijima-za-izbor-kandidata-za-upis-u-I.-razred-srednje-skole-1.pdf\" target=\"_blank\" rel=\"noopener\">2. Pravilnik o izmjenama i dopunama Pravilnika o elementima i kriterijima za izbor kandidata za upis u I. razred srednje \u0161kole<\/a><\/p>\n<p><a href=\"https:\/\/glazbena.hr\/wp-content\/uploads\/2025\/06\/3.-Pravilnik-o-izmjenama-Pravilnika-o-elementima-i-kriterijima-za-izbor-kandidata-za-upis-u-I.-razred-srednje-skole-1.pdf\" target=\"_blank\" rel=\"noopener\">3. Pravilnik o izmjenama Pravilnika o elementima i kriterijima za izbor kandidata za upis u I. razred srednje \u0161kole <\/a><\/p>\n<p><a href=\"https:\/\/glazbena.hr\/wp-content\/uploads\/2025\/06\/Hodogram_srednje_glazbena-skola-2.pdf\">Hodogram_srednje_glazbena \u0161kola (2)<\/a><\/p>\n<p><a href=\"https:\/\/glazbena.hr\/wp-content\/uploads\/2025\/06\/Hodogram_srednje_izvan-kandidati-engleski-jezik-1.pdf\">Hodogram_srednje_izvan kandidati &#8211; engleski jezik (1)<\/a><\/p>\n<p><a href=\"https:\/\/glazbena.hr\/wp-content\/uploads\/2025\/06\/Hodogram_srednje_izvan-kandidati-1.pdf\">Hodogram_srednje_izvan kandidati (1)<\/a><\/p>\n<p><a href=\"https:\/\/glazbena.hr\/wp-content\/uploads\/2025\/06\/Hodogram_srednje_redoviti-1.pdf\">Hodogram_srednje_redoviti (1)<\/a><\/p>\n<p><a href=\"https:\/\/glazbena.hr\/wp-content\/uploads\/2025\/06\/Hodogram_srednje_ucenici-s-teskocama-1.pdf\">Hodogram_srednje_u\u010denici s te\u0161ko\u0107ama (1)<\/a><\/p>\n<p><a href=\"https:\/\/glazbena.hr\/wp-content\/uploads\/2025\/06\/Odluka-o-upisu-ucenika-u-1.-razred-srednje-skole-u-sk.-god.-2025.2026.-1.pdf\">Odluka o upisu u\u010denika u 1. razred srednje \u0161kole u \u0161k. god. 2025.2026. (1)<\/a><\/p>\n<p><a href=\"https:\/\/glazbena.hr\/wp-content\/uploads\/2025\/06\/Prijavnica-za-prijamni-ispit-upis-u-I.-pripremni-razred-glazbene-srednje-skole-13-2.doc\">Prijavnica-za-prijamni-ispit-upis-u-I.-pripremni-razred-glazbene-srednje-\u0161kole <\/a><\/p>\n<p>&nbsp;<\/p>\n<p>&nbsp;<\/p>\n<p>&nbsp;<\/p>\n","protected":false},"excerpt":{"rendered":"<p>Pripremno obrazovanje traje dvije godine i prvenstveno je namijenjeno u\u010denicima bez prethodno zavr\u0161enog osnovnog glazbenog obrazovanja. U prvi razred pripremnog obrazovanja mogu se upisati kandidati nakon uspje\u0161no polo\u017eenog prijamnog ispita glazbene darovitosti (ispit sluha, glazbenog pam\u0107enja i ritma). U prvi razred pripremnog obrazovanja mogu se upisati kandidati do navr\u0161enih 15 godina \u017eivota, a iznimku \u010dine [&hellip;]<\/p>\n","protected":false},"author":5,"featured_media":0,"parent":0,"menu_order":0,"comment_status":"closed","ping_status":"closed","template":"","meta":{"footnotes":""},"class_list":["post-30901","page","type-page","status-publish","hentry"],"translation":{"provider":"WPGlobus","version":"3.0.0","language":"gb","enabled_languages":["hr","gb"],"languages":{"hr":{"title":true,"content":true,"excerpt":false},"gb":{"title":false,"content":false,"excerpt":false}}},"_links":{"self":[{"href":"https:\/\/glazbena.hr\/gb\/wp-json\/wp\/v2\/pages\/30901","targetHints":{"allow":["GET"]}}],"collection":[{"href":"https:\/\/glazbena.hr\/gb\/wp-json\/wp\/v2\/pages"}],"about":[{"href":"https:\/\/glazbena.hr\/gb\/wp-json\/wp\/v2\/types\/page"}],"author":[{"embeddable":true,"href":"https:\/\/glazbena.hr\/gb\/wp-json\/wp\/v2\/users\/5"}],"replies":[{"embeddable":true,"href":"https:\/\/glazbena.hr\/gb\/wp-json\/wp\/v2\/comments?post=30901"}],"version-history":[{"count":10,"href":"https:\/\/glazbena.hr\/gb\/wp-json\/wp\/v2\/pages\/30901\/revisions"}],"predecessor-version":[{"id":39387,"href":"https:\/\/glazbena.hr\/gb\/wp-json\/wp\/v2\/pages\/30901\/revisions\/39387"}],"wp:attachment":[{"href":"https:\/\/glazbena.hr\/gb\/wp-json\/wp\/v2\/media?parent=30901"}],"curies":[{"name":"wp","href":"https:\/\/api.w.org\/{rel}","templated":true}]}}