{"id":34876,"date":"2024-10-14T17:03:47","date_gmt":"2024-10-14T16:03:47","guid":{"rendered":"https:\/\/glazbena.hr\/?page_id=34876"},"modified":"2025-09-13T12:15:28","modified_gmt":"2025-09-13T11:15:28","slug":"2024-2025","status":"publish","type":"page","link":"https:\/\/glazbena.hr\/gb\/2024-2025\/","title":{"rendered":"2024.\/2025."},"content":{"rendered":"<p><a href=\"https:\/\/glazbena.hr\/wp-content\/uploads\/2025\/09\/20250705-Online-Contest-In-Performing-Arts-Thalia-Award.pdf\" target=\"_blank\" rel=\"noopener\">05.07.2025. &#8211; Online Contest In Performing Arts Thalia Award<\/a><\/p>\n<p><a href=\"https:\/\/glazbena.hr\/wp-content\/uploads\/2025\/07\/20250606-XII.-medunarodno-pijanisticko-natjecanje-ULJUS-Smederevo-Srbija.pdf\" target=\"_blank\" rel=\"noopener\">06.06.2025. &#8211; XII. me\u0111unarodno pijanisti\u010dko natjecanje ULJUS &#8211; Smederevo &#8211; Srbija<\/a><\/p>\n<p><a href=\"https:\/\/glazbena.hr\/wp-content\/uploads\/2025\/07\/20250602-VI.-medunarodni-festival-Skala-Brcko-BIH.pdf\" target=\"_blank\" rel=\"noopener\">02.06.2025. &#8211; VI. me\u0111unarodni festival \u201cSkala\u201d &#8211; Br\u010dko &#8211; BIH<\/a><\/p>\n<p><a href=\"https:\/\/glazbena.hr\/wp-content\/uploads\/2025\/06\/20250602-Korosko-klavirsko-temkomovanje-Radlje-ob-Dravi-Slovenija-1.pdf\" target=\"_blank\" rel=\"noopener\">02.06.2025. &#8211; Koro\u0161ko klavirsko tekmovanje &#8211; Radlje ob Dravi &#8211; Slovenija<\/a><\/p>\n<p><a href=\"https:\/\/glazbena.hr\/wp-content\/uploads\/2025\/07\/20250601-Medunarodno-gitarsko-natjecanju-Kastav-Strings-2025-Kastav-Hrvatska.pdf\" target=\"_blank\" rel=\"noopener\">01.06.2025. &#8211; Me\u0111unarodno gitarsko natjecanju Kastav Strings 2025 &#8211; Kastav &#8211; Hrvatska<\/a><\/p>\n<p><a href=\"https:\/\/glazbena.hr\/wp-content\/uploads\/2025\/06\/20250531-15.-medunarodni-festival-Muzicko-prolece-Smederevo-online-Srbija.pdf\" target=\"_blank\" rel=\"noopener\">31.05.2025. &#8211; 15. me\u0111unarodni festival Muzi\u010dko prole\u0107e &#8211; Smederevo (online) &#8211; Srbija<\/a><\/p>\n<p><a href=\"https:\/\/glazbena.hr\/wp-content\/uploads\/2025\/06\/20250518-Medunarodno-natjecanje-za-mlade-klaviriste-Una-Corda-Kastav-Hrvatska.pdf\" target=\"_blank\" rel=\"noopener\">18.05.2025. &#8211; Me\u0111unarodno natjecanje za mlade klaviriste Una Corda &#8211; Kastav &#8211; Hrvatska<\/a><\/p>\n<p><a href=\"https:\/\/glazbena.hr\/wp-content\/uploads\/2025\/07\/20250518-1.-Medunarodno-natjecanje-iz-solfeggia-i-teorije-glazbe-DO-MI-SOL-Pirot-Srbija.pdf\" target=\"_blank\" rel=\"noopener\">18.05.2025.- 1. Me\u0111unarodno natjecanje iz solfeggia i teorije glazbe DO-MI-SOL &#8211; Pirot &#8211; Srbija<\/a><\/p>\n<p><a href=\"https:\/\/glazbena.hr\/wp-content\/uploads\/2025\/06\/20250508-V.-International-Competition-of-the-Accordion-Players-Concord-of-Sounds-online-Latvija.pdf\" target=\"_blank\" rel=\"noopener\">08.05.2025. &#8211; V. International Competition of the Accordion Players Concord of Sounds &#8211; online &#8211; Latvija<\/a><\/p>\n<p><a href=\"https:\/\/glazbena.hr\/wp-content\/uploads\/2025\/06\/20250504-Piano-Pyramid-finale-MD-Lisinski-Zagreb-Hrvatska.pdf\" target=\"_blank\" rel=\"noopener\">04.05.2025. &#8211; Piano Pyramid &#8211; finale MD Lisinski &#8211; Zagreb &#8211; Hrvatska<\/a><\/p>\n<p><a href=\"https:\/\/glazbena.hr\/wp-content\/uploads\/2025\/05\/20250509-48.-medunarodni-susret-harmonikasa-Pula-Hrvatska.pdf\" target=\"_blank\" rel=\"noopener\">09.5.2025. &#8211; 48. me\u0111unarodni susret harmonika\u0161a &#8211; Pula &#8211; Hrvatska<\/a><\/p>\n<p><a href=\"https:\/\/glazbena.hr\/wp-content\/uploads\/2025\/05\/20250504-7.-medunarodno-natjecanje-mladih-solista-i-ansambala-LOVE-CLAVI-Samobor-Hrvatska.pdf\" target=\"_blank\" rel=\"noopener\">04.05.2025. &#8211; 7. me\u0111unarodno natjecanje mladih solista i ansambala LOVE CLAVI &#8211; Samobor &#8211; Hrvatska<\/a><\/p>\n<p><a href=\"https:\/\/glazbena.hr\/wp-content\/uploads\/2025\/05\/20250427-3.-medunarodno-natjecanje-iz-solfeggia-i-teorije-glazbe-DO-RE-MI-FA.-Drnis-Hrvatska.pdf\" target=\"_blank\" rel=\"noopener\">27.04.2025. &#8211; 3. me\u0111unarodno natjecanje iz solfeggia i teorije glazbe DO, RE, MI, FA&#8230; &#8211; Drni\u0161 &#8211; Hrvatska<\/a><\/p>\n<p><a href=\"https:\/\/glazbena.hr\/wp-content\/uploads\/2025\/06\/20250413-XVIII.-Medunarodno-natjecanje-mladih-glazbenika-Giovani-Musicisti-\u2013-Citta-di-Treviso-2025-Treviso-Italija.pdf\" target=\"_blank\" rel=\"noopener\">13.04.2025. &#8211; XVIII. Me\u0111unarodno natjecanje mladih glazbenika Giovani Musicisti \u2013 Citt\u00e0 di Treviso 2025 &#8211; Treviso &#8211; Italija<\/a><\/p>\n<p><a href=\"https:\/\/glazbena.hr\/predskolski-program\/upisi-u-predskolske-programe-u-sk-god-2025-2026\/\" target=\"_blank\" rel=\"noopener\">13.04.2025. &#8211; Accordionfest 2025. &#8211; Vara\u017edin &#8211; Hrvatska<\/a><\/p>\n<p><a href=\"https:\/\/glazbena.hr\/wp-content\/uploads\/2025\/05\/20250407-63.-hrvatsko-natjecanje-ucenika-i-studenata-glazbe-i-plesa-drzavna-razina-solisti-Pozega-Hrvatska.pdf\" target=\"_blank\" rel=\"noopener\">07.04.2025. &#8211; 63. hrvatsko natjecanje u\u010denika i studenata glazbe i plesa &#8211; dr\u017eavna razina &#8211; solisti &#8211; Po\u017eega &#8211; Hrvatska<\/a><\/p>\n<p><a href=\"https:\/\/glazbena.hr\/wp-content\/uploads\/2025\/05\/20250406-Medunarodno-pijanisticko-natjecanje-Sergei-Rachmaninoff-Sarajevo-BIH.pdf\" target=\"_blank\" rel=\"noopener\">06.04.2025. &#8211; Me\u0111unarodno pijanisti\u010dko natjecanje Sergei Rachmaninoff &#8211; Sarajevo &#8211; BIH<\/a><\/p>\n<p><a href=\"https:\/\/glazbena.hr\/wp-content\/uploads\/2025\/04\/20250404-International-Music-Masterclass-and-Competition-IMMC-Maribor-Slovenija.pdf\" target=\"_blank\" rel=\"noopener\">04.04.2025.- International Music Masterclass and Competition IMMC &#8211; Maribor &#8211; Slovenija<\/a><\/p>\n<p><a href=\"https:\/\/glazbena.hr\/wp-content\/uploads\/2025\/04\/20250330-IX-Internacionalni-festival-muzike-Primavera-Bijeljina-BIH.pdf\" target=\"_blank\" rel=\"noopener\">30.03.2025. &#8211; IX Internacionalni festival muzike Primavera &#8211; Bijeljina &#8211; BIH<\/a><\/p>\n<p><a href=\"https:\/\/glazbena.hr\/wp-content\/uploads\/2025\/04\/20250328-7th-International-Competiton-Varazdin-Woodwind-Brass-Varazdin-Hrvatska.pdf\" target=\"_blank\" rel=\"noopener\">28.03.2025. &#8211; 7. Me\u0111unarodno natjecanje puha\u010da Vara\u017edin Woodwind &amp; Brass &#8211; Vara\u017edin &#8211; Hrvatska<\/a><\/p>\n<p><a href=\"https:\/\/glazbena.hr\/wp-content\/uploads\/2025\/03\/20250323-Medunarodno-natjecanje-mladih-glazbenika-Sonus-op.9-Krizevci-Hrvatska.pdf\" target=\"_blank\" rel=\"noopener\">23.03.2025. &#8211; Me\u0111unarodno natjecanje mladih glazbenika Sonus op.9 &#8211; Kri\u017eevci &#8211; Hrvatska<\/a><\/p>\n<p><a href=\"https:\/\/glazbena.hr\/wp-content\/uploads\/2025\/05\/20250309-63.-hrvatsko-natjecanje-ucenika-i-studenata-glazbe-i-plesa-zupanijska-razina-solisti-Zagreb-Novska-Hrvatska.pdf\" target=\"_blank\" rel=\"noopener\">09.03.2025.- 63. hrvatsko natjecanje u\u010denika i studenata glazbe i plesa -\u017eupanijska razina &#8211; solisti &#8211; Zagreb &#8211; Novska &#8211; Hrvatska<\/a><\/p>\n<p><a href=\"https:\/\/glazbena.hr\/wp-content\/uploads\/2025\/02\/20250221-Medunarodno-natjecanje-Mladi-Padovec-Novi-Marof-Hrvatska.pdf\" target=\"_blank\" rel=\"noopener\">21.02.2025. &#8211; Me\u0111unarodno natjecanje Mladi Padovec &#8211; Novi Marof &#8211; Hrvatska<\/a><\/p>\n<p><a href=\"https:\/\/glazbena.hr\/wp-content\/uploads\/2025\/02\/20241125-74.-Svjetski-trofej-harmonike-Montargis-Francuska.pdf\" target=\"_blank\" rel=\"noopener\">20241125 &#8211; 74. Svjetski trofej harmonike &#8211; Montargis &#8211; Francuska<\/a><\/p>\n<p><a href=\"https:\/\/glazbena.hr\/wp-content\/uploads\/2025\/02\/20241213-63.-hrvatsko-drzavno-natjecanje-ucenika-i-studenata-glazbe-\u2013drzavna-razina-komorni-sastavi-Pozega-Hrvatska.pdf\" target=\"_blank\" rel=\"noopener\">20241213 &#8211; 63. hrvatsko dr\u017eavno natjecanje u\u010denika i studenata glazbe \u2013dr\u017eavna razina &#8211; komorni sastavi &#8211; Po\u017eega &#8211; Hrvatska<\/a><\/p>\n<p><a href=\"https:\/\/glazbena.hr\/wp-content\/uploads\/2024\/11\/20241108-4.-medunarodno-natjecanje-Dugoselski-Nocturno-Dugo-Selo-Hrvatska.pdf\" target=\"_blank\" rel=\"noopener\">08.11.2024. &#8211; 4. me\u0111unarodno natjecanje Dugoselski Nocturno &#8211; Dugo Selo &#8211; Hrvatska<\/a><\/p>\n<p><a href=\"https:\/\/glazbena.hr\/wp-content\/uploads\/2024\/11\/20241114-63.-hrvatsko-natjecanje-ucenika-i-studenata-glazbe-komorni-sastavi-Opatija-Hrvatska.pdf\" target=\"_blank\" rel=\"noopener\">14.11.2024. &#8211; 63. hrvatsko natjecanje u\u010denika i studenata glazbe &#8211; komorni sastavi &#8211; Opatija &#8211; Hrvatska<\/a><\/p>\n<p><a href=\"https:\/\/glazbena.hr\/wp-content\/uploads\/2024\/11\/20241007-Confederation-Mondiale-de-lAccordeon-online.pdf\" target=\"_blank\" rel=\"noopener\">07.10.2024. &#8211; Conf\u00e9d\u00e9ration Mondiale de l&#8217;Accord\u00e9on &#8211; online<\/a><\/p>\n","protected":false},"excerpt":{"rendered":"<p>05.07.2025. &#8211; Online Contest In Performing Arts Thalia Award 06.06.2025. &#8211; XII. me\u0111unarodno pijanisti\u010dko natjecanje ULJUS &#8211; Smederevo &#8211; Srbija 02.06.2025. &#8211; VI. me\u0111unarodni festival \u201cSkala\u201d &#8211; Br\u010dko &#8211; BIH 02.06.2025. &#8211; Koro\u0161ko klavirsko tekmovanje &#8211; Radlje ob Dravi &#8211; Slovenija 01.06.2025. &#8211; Me\u0111unarodno gitarsko natjecanju Kastav Strings 2025 &#8211; Kastav &#8211; Hrvatska 31.05.2025. &#8211; [&hellip;]<\/p>\n","protected":false},"author":5,"featured_media":0,"parent":0,"menu_order":0,"comment_status":"closed","ping_status":"closed","template":"","meta":{"footnotes":""},"class_list":["post-34876","page","type-page","status-publish","hentry"],"translation":{"provider":"WPGlobus","version":"3.0.0","language":"gb","enabled_languages":["hr","gb"],"languages":{"hr":{"title":true,"content":true,"excerpt":false},"gb":{"title":false,"content":false,"excerpt":false}}},"_links":{"self":[{"href":"https:\/\/glazbena.hr\/gb\/wp-json\/wp\/v2\/pages\/34876","targetHints":{"allow":["GET"]}}],"collection":[{"href":"https:\/\/glazbena.hr\/gb\/wp-json\/wp\/v2\/pages"}],"about":[{"href":"https:\/\/glazbena.hr\/gb\/wp-json\/wp\/v2\/types\/page"}],"author":[{"embeddable":true,"href":"https:\/\/glazbena.hr\/gb\/wp-json\/wp\/v2\/users\/5"}],"replies":[{"embeddable":true,"href":"https:\/\/glazbena.hr\/gb\/wp-json\/wp\/v2\/comments?post=34876"}],"version-history":[{"count":19,"href":"https:\/\/glazbena.hr\/gb\/wp-json\/wp\/v2\/pages\/34876\/revisions"}],"predecessor-version":[{"id":39576,"href":"https:\/\/glazbena.hr\/gb\/wp-json\/wp\/v2\/pages\/34876\/revisions\/39576"}],"wp:attachment":[{"href":"https:\/\/glazbena.hr\/gb\/wp-json\/wp\/v2\/media?parent=34876"}],"curies":[{"name":"wp","href":"https:\/\/api.w.org\/{rel}","templated":true}]}}