{"id":37070,"date":"2024-11-10T17:27:50","date_gmt":"2024-11-10T16:27:50","guid":{"rendered":"https:\/\/glazbena.hr\/?page_id=37070"},"modified":"2025-10-05T13:16:00","modified_gmt":"2025-10-05T12:16:00","slug":"mala-skola-blok-flaute","status":"publish","type":"page","link":"https:\/\/glazbena.hr\/gb\/mala-skola-blok-flaute\/","title":{"rendered":"Mala \u0161kola blok-flaute"},"content":{"rendered":"<p>&nbsp;<\/p>\n<p><img loading=\"lazy\" decoding=\"async\" class=\"aligncenter wp-image-37081 size-large\" src=\"https:\/\/glazbena.hr\/wp-content\/uploads\/2024\/11\/Pocetnica-1-1024x696.jpg\" alt=\"\" width=\"1024\" height=\"696\" srcset=\"https:\/\/glazbena.hr\/wp-content\/uploads\/2024\/11\/Pocetnica-1-1024x696.jpg 1024w, https:\/\/glazbena.hr\/wp-content\/uploads\/2024\/11\/Pocetnica-1-300x204.jpg 300w, https:\/\/glazbena.hr\/wp-content\/uploads\/2024\/11\/Pocetnica-1-768x522.jpg 768w, https:\/\/glazbena.hr\/wp-content\/uploads\/2024\/11\/Pocetnica-1-1536x1044.jpg 1536w, https:\/\/glazbena.hr\/wp-content\/uploads\/2024\/11\/Pocetnica-1.jpg 1600w\" sizes=\"auto, (max-width: 1024px) 100vw, 1024px\" \/><\/p>\n<p>U nakladi Glazbene \u0161kole u Vara\u017edinu izdana je knjiga Po\u010detnica za Malu \u0161kolu Blok-flaute, ud\u017ebenik i pripremna literatura namijenjena pred\u0161kolskom i osnovno\u0161kolskom uzrastu u\u010denika zainteresiranih za poha\u0111anje nastave blok-flaute i flaute.<br \/>\nProjekt izdavanja po\u010detnice za Malu \u0161kolu blok flaute nastao je na inicijativu nastavnice Vlatke Taborsky, koja dugi niz godina uspje\u0161no provodi ovaj pred\u0161kolski program, s obzirom da za navedeni program ne postoje ud\u017ebenici ni pripremna literatura. Cilj nam je ovom po\u010detnicom pru\u017eiti djeci osnovu za daljnji glazbeni razvoj, a glavna je svrha inspirirati i razviti ljubav prema glazbi te potaknuti djecu da u\u017eivaju u njenom izra\u017eavanju.<br \/>\nUz ovaj priru\u010dnik djeca \u0107e ste\u0107i glazbeno predznanje koje \u0107e im biti korisno za u\u010denje svih instrumenata dostupnih u glazbenoj \u0161koli, ne samo puha\u010dih. Ova osnova omogu\u0107uje im \u0161ire razumijevanje glazbe i bolju pripremu za budu\u0107e glazbene izazove. Zahvaljuju\u0107i ovoj po\u010detnici, djeca \u0107e upoznati va\u017ene elemente glazbene terminologije, notnog pisma, glazbene teorije te tehni\u010dke aspekte sviranja. Kreativnost i umjetni\u010dki izraz poti\u010du se skladbama, vje\u017ebama, crte\u017eima, glazbenim igrama i aktivnostima pru\u017eaju\u0107i tako djeci priliku da izraze svoje osje\u0107aje putem glazbe.<br \/>\nPo\u010detnica za blok flautu temelji se na dje\u010djim pjesmama za koje je popratnu glazbu u smislu pratnje komponirala nastavnica Tatjana Jergan Botunac, a ilustracije su djelo umjetnika Borisa Kuzmanovi\u0107a uz recenzije eminentnih pedagoga, profesorice Marine Novak sa Muzi\u010dke akademije u Zagrebu i profesora Mateja Zupana s Akademije za glasbo iz Ljubljane, a klavirske pratnje snimio je nastavnik Danijel Oto.<br \/>\nU dana\u0161njem svijetu preplavljenom razli\u010ditim pozivima i poticajima na sportske aktivnosti, ples, ra\u010dunalne radionice i druge oblike dodatnog obrazovanja, posebno je va\u017eno istaknuti se i privu\u0107i pa\u017enju u podru\u010dju glazbenog obrazovanja. Prvi kontakt s glazbom ima klju\u010dnu ulogu.<br \/>\nUz samu Po\u010detnicu, svakom je kupcu omogu\u0107e pristup web aplikaciji na kojoj se nalazi glazbena pratnja za svaku skladbu. Cijena po\u010detnice iznosi 50 \u20ac.<br \/>\nZa sve informacije vezane za Po\u010detnicu za violinu i kupovinu, molimo vas da nas kontaktirate na mail u nastavku \u2013 <a href=\"info@glazbena.hr\">info@glazbena.hr.<\/a>\u00a0Ukoliko \u017eelite naru\u010diti primjerak po\u010detnice, molimo vas da ispunite podatke u nastavku.<\/p>\n\n<div class=\"wpcf7 no-js\" id=\"wpcf7-f37125-o1\" lang=\"en-US\" dir=\"ltr\" data-wpcf7-id=\"37125\">\n<div class=\"screen-reader-response\"><p role=\"status\" aria-live=\"polite\" aria-atomic=\"true\"><\/p> <ul><\/ul><\/div>\n<form action=\"\/gb\/wp-json\/wp\/v2\/pages\/37070#wpcf7-f37125-o1\" method=\"post\" class=\"wpcf7-form init\" aria-label=\"Contact form\" novalidate=\"novalidate\" data-status=\"init\">\n<fieldset class=\"hidden-fields-container\"><input type=\"hidden\" name=\"_wpcf7\" value=\"37125\" \/><input type=\"hidden\" name=\"_wpcf7_version\" value=\"6.1.1\" \/><input type=\"hidden\" name=\"_wpcf7_locale\" value=\"en_US\" \/><input type=\"hidden\" name=\"_wpcf7_unit_tag\" value=\"wpcf7-f37125-o1\" \/><input type=\"hidden\" name=\"_wpcf7_container_post\" value=\"0\" \/><input type=\"hidden\" name=\"_wpcf7_posted_data_hash\" value=\"\" \/><input type=\"hidden\" name=\"_wpcf7_recaptcha_response\" value=\"\" \/>\n<\/fieldset>\n<p><label>Po\u010detnica:<\/label><br \/>\n<span class=\"wpcf7-form-control-wrap\" data-name=\"radio-993\"><span class=\"wpcf7-form-control wpcf7-radio\"><span class=\"wpcf7-list-item first\"><input type=\"radio\" name=\"radio-993\" value=\"Mala \u0161kola blok-flaute\" \/><span class=\"wpcf7-list-item-label\">Mala \u0161kola blok-flaute<\/span><\/span><span class=\"wpcf7-list-item last\"><input type=\"radio\" name=\"radio-993\" value=\"Mala \u0161kola violine\" \/><span class=\"wpcf7-list-item-label\">Mala \u0161kola violine<\/span><\/span><\/span><\/span>\n<\/p>\n<p><label> Ime i prezime (privatne osobe) ili Institucija (pravne osobe):<br \/>\n<span class=\"wpcf7-form-control-wrap\" data-name=\"your-name\"><input size=\"40\" maxlength=\"400\" class=\"wpcf7-form-control wpcf7-text wpcf7-validates-as-required\" autocomplete=\"name\" aria-required=\"true\" aria-invalid=\"false\" value=\"\" type=\"text\" name=\"your-name\" \/><\/span> <\/label>\n<\/p>\n<p><label> Adresa:<br \/>\n<span class=\"wpcf7-form-control-wrap\" data-name=\"text-235\"><input size=\"40\" maxlength=\"400\" class=\"wpcf7-form-control wpcf7-text wpcf7-validates-as-required\" aria-required=\"true\" aria-invalid=\"false\" value=\"\" type=\"text\" name=\"text-235\" \/><\/span> <\/label>\n<\/p>\n<p><label> OIB:<br \/>\n<span class=\"wpcf7-form-control-wrap\" data-name=\"text-858\"><input size=\"40\" maxlength=\"400\" class=\"wpcf7-form-control wpcf7-text wpcf7-validates-as-required\" aria-required=\"true\" aria-invalid=\"false\" value=\"\" type=\"text\" name=\"text-858\" \/><\/span><\/label>\n<\/p>\n<p><label> Email:<br \/>\n<span class=\"wpcf7-form-control-wrap\" data-name=\"your-email\"><input size=\"40\" maxlength=\"400\" class=\"wpcf7-form-control wpcf7-email wpcf7-validates-as-required wpcf7-text wpcf7-validates-as-email\" autocomplete=\"email\" aria-required=\"true\" aria-invalid=\"false\" value=\"\" type=\"email\" name=\"your-email\" \/><\/span> <\/label>\n<\/p>\n<p><label> Koli\u010dina:<br \/>\n<span class=\"wpcf7-form-control-wrap\" data-name=\"number-836\"><input class=\"wpcf7-form-control wpcf7-number wpcf7-validates-as-required wpcf7-validates-as-number\" aria-required=\"true\" aria-invalid=\"false\" value=\"\" type=\"number\" name=\"number-836\" \/><\/span> <\/label>\n<\/p>\n<p><label> Napomena:<br \/>\n<span class=\"wpcf7-form-control-wrap\" data-name=\"your-message\"><textarea cols=\"40\" rows=\"10\" maxlength=\"2000\" class=\"wpcf7-form-control wpcf7-textarea\" aria-invalid=\"false\" name=\"your-message\"><\/textarea><\/span> <\/label>\n<\/p>\n<span class=\"wpcf7-form-control-wrap recaptcha\" data-name=\"recaptcha\"><span data-sitekey=\"6Lfjz7UUAAAAAP0PjFdAnzhPA1TQ9SR3lvs5d4Z2\" class=\"wpcf7-form-control wpcf7-recaptcha g-recaptcha\"><\/span>\r\n<noscript>\r\n\t<div class=\"grecaptcha-noscript\">\r\n\t\t<iframe loading=\"lazy\" src=\"https:\/\/www.google.com\/recaptcha\/api\/fallback?k=6Lfjz7UUAAAAAP0PjFdAnzhPA1TQ9SR3lvs5d4Z2\" frameborder=\"0\" scrolling=\"no\" width=\"310\" height=\"430\">\r\n\t\t<\/iframe>\r\n\t\t<textarea name=\"g-recaptcha-response\" rows=\"3\" cols=\"40\" placeholder=\"reCaptcha Response Here\">\r\n\t\t<\/textarea>\r\n\t<\/div>\r\n<\/noscript>\r\n<\/span>\n<p><input class=\"wpcf7-form-control wpcf7-submit has-spinner\" type=\"submit\" value=\"Po\u0161alji\" \/>\n<\/p><div class=\"wpcf7-response-output\" aria-hidden=\"true\"><\/div>\n<\/form>\n<\/div>\n\n<p><img loading=\"lazy\" decoding=\"async\" class=\"aligncenter wp-image-32766 size-large\" src=\"https:\/\/glazbena.hr\/wp-content\/uploads\/2024\/09\/Plakat-prezentacija-pocetnice-731x1024.jpg\" alt=\"\" width=\"731\" height=\"1024\" srcset=\"https:\/\/glazbena.hr\/wp-content\/uploads\/2024\/09\/Plakat-prezentacija-pocetnice-731x1024.jpg 731w, https:\/\/glazbena.hr\/wp-content\/uploads\/2024\/09\/Plakat-prezentacija-pocetnice-214x300.jpg 214w, https:\/\/glazbena.hr\/wp-content\/uploads\/2024\/09\/Plakat-prezentacija-pocetnice-768x1075.jpg 768w, https:\/\/glazbena.hr\/wp-content\/uploads\/2024\/09\/Plakat-prezentacija-pocetnice-1097x1536.jpg 1097w, https:\/\/glazbena.hr\/wp-content\/uploads\/2024\/09\/Plakat-prezentacija-pocetnice-1463x2048.jpg 1463w, https:\/\/glazbena.hr\/wp-content\/uploads\/2024\/09\/Plakat-prezentacija-pocetnice-scaled.jpg 1829w\" sizes=\"auto, (max-width: 731px) 100vw, 731px\" \/><\/p>\n","protected":false},"excerpt":{"rendered":"<p>&nbsp; U nakladi Glazbene \u0161kole u Vara\u017edinu izdana je knjiga Po\u010detnica za Malu \u0161kolu Blok-flaute, ud\u017ebenik i pripremna literatura namijenjena pred\u0161kolskom i osnovno\u0161kolskom uzrastu u\u010denika zainteresiranih za poha\u0111anje nastave blok-flaute i flaute. Projekt izdavanja po\u010detnice za Malu \u0161kolu blok flaute nastao je na inicijativu nastavnice Vlatke Taborsky, koja dugi niz godina uspje\u0161no provodi ovaj pred\u0161kolski [&hellip;]<\/p>\n","protected":false},"author":5,"featured_media":0,"parent":0,"menu_order":0,"comment_status":"closed","ping_status":"closed","template":"","meta":{"footnotes":""},"class_list":["post-37070","page","type-page","status-publish","hentry"],"translation":{"provider":"WPGlobus","version":"3.0.0","language":"gb","enabled_languages":["hr","gb"],"languages":{"hr":{"title":true,"content":true,"excerpt":false},"gb":{"title":false,"content":false,"excerpt":false}}},"_links":{"self":[{"href":"https:\/\/glazbena.hr\/gb\/wp-json\/wp\/v2\/pages\/37070","targetHints":{"allow":["GET"]}}],"collection":[{"href":"https:\/\/glazbena.hr\/gb\/wp-json\/wp\/v2\/pages"}],"about":[{"href":"https:\/\/glazbena.hr\/gb\/wp-json\/wp\/v2\/types\/page"}],"author":[{"embeddable":true,"href":"https:\/\/glazbena.hr\/gb\/wp-json\/wp\/v2\/users\/5"}],"replies":[{"embeddable":true,"href":"https:\/\/glazbena.hr\/gb\/wp-json\/wp\/v2\/comments?post=37070"}],"version-history":[{"count":6,"href":"https:\/\/glazbena.hr\/gb\/wp-json\/wp\/v2\/pages\/37070\/revisions"}],"predecessor-version":[{"id":39613,"href":"https:\/\/glazbena.hr\/gb\/wp-json\/wp\/v2\/pages\/37070\/revisions\/39613"}],"wp:attachment":[{"href":"https:\/\/glazbena.hr\/gb\/wp-json\/wp\/v2\/media?parent=37070"}],"curies":[{"name":"wp","href":"https:\/\/api.w.org\/{rel}","templated":true}]}}