{"id":37072,"date":"2024-11-10T17:28:10","date_gmt":"2024-11-10T16:28:10","guid":{"rendered":"https:\/\/glazbena.hr\/?page_id=37072"},"modified":"2025-10-05T13:17:20","modified_gmt":"2025-10-05T12:17:20","slug":"mala-skola-violine","status":"publish","type":"page","link":"https:\/\/glazbena.hr\/gb\/mala-skola-violine\/","title":{"rendered":"Mala \u0161kola violine"},"content":{"rendered":"<p><img loading=\"lazy\" decoding=\"async\" class=\"aligncenter wp-image-37080 size-large\" src=\"https:\/\/glazbena.hr\/wp-content\/uploads\/2024\/11\/Pocetnica_za_violinu_promocija-5-1024x682.jpg\" alt=\"\" width=\"1024\" height=\"682\" srcset=\"https:\/\/glazbena.hr\/wp-content\/uploads\/2024\/11\/Pocetnica_za_violinu_promocija-5-1024x682.jpg 1024w, https:\/\/glazbena.hr\/wp-content\/uploads\/2024\/11\/Pocetnica_za_violinu_promocija-5-300x200.jpg 300w, https:\/\/glazbena.hr\/wp-content\/uploads\/2024\/11\/Pocetnica_za_violinu_promocija-5-768x511.jpg 768w, https:\/\/glazbena.hr\/wp-content\/uploads\/2024\/11\/Pocetnica_za_violinu_promocija-5-1536x1022.jpg 1536w, https:\/\/glazbena.hr\/wp-content\/uploads\/2024\/11\/Pocetnica_za_violinu_promocija-5.jpg 1600w\" sizes=\"auto, (max-width: 1024px) 100vw, 1024px\" \/><\/p>\n<p>U nakladi Glazbene \u0161kole u Vara\u017edinu izdana je knjiga Po\u010detnica za violinu, ud\u017ebenik i pripremna literatura namijenjena pred\u0161kolskom i osnovno\u0161kolskom uzrastu u\u010denika zainteresiranih za poha\u0111anje nastave violine.<br \/>\nProjekt izdavanja po\u010detnice za Malu \u0161kolu violine nastao je na inicijativu nastavnice Lidije Bobi\u0107 koja dugi niz godina uspje\u0161no provodi ovaj pred\u0161kolski program u Glazbenoj \u0161koli u Vara\u017edinu, s obzirom da za navedeni program ne postoje ud\u017ebenici ni pripremna literatura. Projekt izdavanja po\u010detnice za Malu \u0161kolu violine nastao je na inicijativu nastavnice Lidije Bobi\u0107 koja dugi niz godina uspje\u0161no provodi ovaj pred\u0161kolski program s obzirom da za isti ne postoje ud\u017ebenici ni pripremna literatura. Po\u010detnica za violinu interaktivna je zbirka nastala u vremenskom razdoblju od punih 27 godina, \u0161to ukazuje na kontinuirano dugogodi\u0161nje promi\u0161ljanje autorice s namjerom da se kroz suvremen, zanimljiv, profesionalan i metodi\u010dan pedago\u0161ki rad, nadasve slo\u017een instrument pribli\u017ei najmla\u0111im polaznicima. Pred\u0161kolski programi Glazbene \u0161kole u Vara\u017edinu namijenjeni su prvenstveno djeci od 4 do 7 godina, iako se u slu\u010daju izuzetne nadarenosti i motivacije, upisuju i djeca mla\u0111e dobi. Cilj poduke pred\u0161kolskih programa je pribli\u017eavanje glazbe djeci, poticanje kreativnosti i produktivnosti, upoznavanje s instrumentom u \u0161to ranijoj dobi. Po\u010detnica je izdana u nakladi Glazbene \u0161kole u Vara\u017edinu pod pokroviteljstvom i uz financijsku potporu Vara\u017edinske \u017eupanije. Po\u010detnica za violinu temelji se na dje\u010djim pjesmama Stanislava Femeni\u0107a za koje je glazbu komponirao Davor Bobi\u0107, a ilustracije su djelo akademskog slikara Dra\u017eena Jerabeka, uz recenzije eminentnih pedagoga, profesorice Bogdane Pivnenko sa Kijevskog konzervatorija , profesora Goranu Kon\u010dara i profesora An\u0111elka Krpana sa Muzi\u010dke akademije u Zagrebu i profesora Nenada Merlea iz glazbene \u0161kole Pavla Markovca.<br \/>\nLidija Bobi\u0107 dugogodi\u0161nja je nastavnica na Glazbenoj \u0161koli u Vara\u017edinu. Ve\u0107 godinama uvodi inovacije u svoj nastavni\u010dki rad i pedago\u0161ko djelovanje, a vjerujemo da je inicijativa izdavanja Po\u010detnice za violinu vrhunac njene pedago\u0161ke karijere. Ova interaktivna slikovnica uvodi dijete u svijet sviranja violine kroz sklad glazbenih tonova, pjesni\u010dkih slika i likovnih ilustracija. Pravila sviranja violine mijenjala su se kroz povijest prate\u0107i stilove i njihove umjetni\u010dke zahtjeve. U dana\u0161nje vrijeme mo\u017eemo promatrati razli\u010dite \u0161kole sviranja violine tj. razli\u010dite individualne pristupe instrumentu koji u kona\u010dnici moraju dati isti rezultat. Po\u010detnica je nastala kroz 27 godina pedago\u0161kog rada nastavnice i 18 godina rada s djecom pred\u0161kolskog uzrasta. U svaku pjesmu utkani su zajedni\u010dki trenuci provedeni s u\u010denicima i polaznicima pred\u0161kolskog programa Mala \u0161kola violine, satovi, nastupi i natjecanja. S ponosom mo\u017eemo re\u0107i da su mnogi od u\u010denika koji su prvi u\u010dili svirati violinu po ovoj metodi danas studenti violine. Koncept po\u010detnice mijenjao se s potrebama djece, a ova se ina\u010dica kod njih samih pokazala najprihva\u0107enija.<br \/>\nUz samu Po\u010detnicu, svakom je kupcu omogu\u0107e pristup web aplikaciji na kojoj se nalazi glazbena pratnja za svaku skladbu. Cijena po\u010detnice iznosi 20 \u20ac.<br \/>\nZa sve informacije vezane za Po\u010detnicu za violinu i kupovinu, molimo vas da nas kontaktirate na mail u nastavku \u2013<a href=\"mailto:info@glazbena.hr\">info@glazbena.hr<\/a>. Ukoliko \u017eelite naru\u010diti primjerak po\u010detnice, molimo vas da ispunite podatke u nastavku.<\/p>\n\n<div class=\"wpcf7 no-js\" id=\"wpcf7-f37125-o1\" lang=\"en-US\" dir=\"ltr\" data-wpcf7-id=\"37125\">\n<div class=\"screen-reader-response\"><p role=\"status\" aria-live=\"polite\" aria-atomic=\"true\"><\/p> <ul><\/ul><\/div>\n<form action=\"\/gb\/wp-json\/wp\/v2\/pages\/37072#wpcf7-f37125-o1\" method=\"post\" class=\"wpcf7-form init\" aria-label=\"Contact form\" novalidate=\"novalidate\" data-status=\"init\">\n<fieldset class=\"hidden-fields-container\"><input type=\"hidden\" name=\"_wpcf7\" value=\"37125\" \/><input type=\"hidden\" name=\"_wpcf7_version\" value=\"6.1.1\" \/><input type=\"hidden\" name=\"_wpcf7_locale\" value=\"en_US\" \/><input type=\"hidden\" name=\"_wpcf7_unit_tag\" value=\"wpcf7-f37125-o1\" \/><input type=\"hidden\" name=\"_wpcf7_container_post\" value=\"0\" \/><input type=\"hidden\" name=\"_wpcf7_posted_data_hash\" value=\"\" \/><input type=\"hidden\" name=\"_wpcf7_recaptcha_response\" value=\"\" \/>\n<\/fieldset>\n<p><label>Po\u010detnica:<\/label><br \/>\n<span class=\"wpcf7-form-control-wrap\" data-name=\"radio-993\"><span class=\"wpcf7-form-control wpcf7-radio\"><span class=\"wpcf7-list-item first\"><input type=\"radio\" name=\"radio-993\" value=\"Mala \u0161kola blok-flaute\" \/><span class=\"wpcf7-list-item-label\">Mala \u0161kola blok-flaute<\/span><\/span><span class=\"wpcf7-list-item last\"><input type=\"radio\" name=\"radio-993\" value=\"Mala \u0161kola violine\" \/><span class=\"wpcf7-list-item-label\">Mala \u0161kola violine<\/span><\/span><\/span><\/span>\n<\/p>\n<p><label> Ime i prezime (privatne osobe) ili Institucija (pravne osobe):<br \/>\n<span class=\"wpcf7-form-control-wrap\" data-name=\"your-name\"><input size=\"40\" maxlength=\"400\" class=\"wpcf7-form-control wpcf7-text wpcf7-validates-as-required\" autocomplete=\"name\" aria-required=\"true\" aria-invalid=\"false\" value=\"\" type=\"text\" name=\"your-name\" \/><\/span> <\/label>\n<\/p>\n<p><label> Adresa:<br \/>\n<span class=\"wpcf7-form-control-wrap\" data-name=\"text-235\"><input size=\"40\" maxlength=\"400\" class=\"wpcf7-form-control wpcf7-text wpcf7-validates-as-required\" aria-required=\"true\" aria-invalid=\"false\" value=\"\" type=\"text\" name=\"text-235\" \/><\/span> <\/label>\n<\/p>\n<p><label> OIB:<br \/>\n<span class=\"wpcf7-form-control-wrap\" data-name=\"text-858\"><input size=\"40\" maxlength=\"400\" class=\"wpcf7-form-control wpcf7-text wpcf7-validates-as-required\" aria-required=\"true\" aria-invalid=\"false\" value=\"\" type=\"text\" name=\"text-858\" \/><\/span><\/label>\n<\/p>\n<p><label> Email:<br \/>\n<span class=\"wpcf7-form-control-wrap\" data-name=\"your-email\"><input size=\"40\" maxlength=\"400\" class=\"wpcf7-form-control wpcf7-email wpcf7-validates-as-required wpcf7-text wpcf7-validates-as-email\" autocomplete=\"email\" aria-required=\"true\" aria-invalid=\"false\" value=\"\" type=\"email\" name=\"your-email\" \/><\/span> <\/label>\n<\/p>\n<p><label> Koli\u010dina:<br \/>\n<span class=\"wpcf7-form-control-wrap\" data-name=\"number-836\"><input class=\"wpcf7-form-control wpcf7-number wpcf7-validates-as-required wpcf7-validates-as-number\" aria-required=\"true\" aria-invalid=\"false\" value=\"\" type=\"number\" name=\"number-836\" \/><\/span> <\/label>\n<\/p>\n<p><label> Napomena:<br \/>\n<span class=\"wpcf7-form-control-wrap\" data-name=\"your-message\"><textarea cols=\"40\" rows=\"10\" maxlength=\"2000\" class=\"wpcf7-form-control wpcf7-textarea\" aria-invalid=\"false\" name=\"your-message\"><\/textarea><\/span> <\/label>\n<\/p>\n<span class=\"wpcf7-form-control-wrap recaptcha\" data-name=\"recaptcha\"><span data-sitekey=\"6Lfjz7UUAAAAAP0PjFdAnzhPA1TQ9SR3lvs5d4Z2\" class=\"wpcf7-form-control wpcf7-recaptcha g-recaptcha\"><\/span>\r\n<noscript>\r\n\t<div class=\"grecaptcha-noscript\">\r\n\t\t<iframe loading=\"lazy\" src=\"https:\/\/www.google.com\/recaptcha\/api\/fallback?k=6Lfjz7UUAAAAAP0PjFdAnzhPA1TQ9SR3lvs5d4Z2\" frameborder=\"0\" scrolling=\"no\" width=\"310\" height=\"430\">\r\n\t\t<\/iframe>\r\n\t\t<textarea name=\"g-recaptcha-response\" rows=\"3\" cols=\"40\" placeholder=\"reCaptcha Response Here\">\r\n\t\t<\/textarea>\r\n\t<\/div>\r\n<\/noscript>\r\n<\/span>\n<p><input class=\"wpcf7-form-control wpcf7-submit has-spinner\" type=\"submit\" value=\"Po\u0161alji\" \/>\n<\/p><div class=\"wpcf7-response-output\" aria-hidden=\"true\"><\/div>\n<\/form>\n<\/div>\n\n","protected":false},"excerpt":{"rendered":"<p>U nakladi Glazbene \u0161kole u Vara\u017edinu izdana je knjiga Po\u010detnica za violinu, ud\u017ebenik i pripremna literatura namijenjena pred\u0161kolskom i osnovno\u0161kolskom uzrastu u\u010denika zainteresiranih za poha\u0111anje nastave violine. Projekt izdavanja po\u010detnice za Malu \u0161kolu violine nastao je na inicijativu nastavnice Lidije Bobi\u0107 koja dugi niz godina uspje\u0161no provodi ovaj pred\u0161kolski program u Glazbenoj \u0161koli u Vara\u017edinu, [&hellip;]<\/p>\n","protected":false},"author":5,"featured_media":0,"parent":0,"menu_order":0,"comment_status":"closed","ping_status":"closed","template":"","meta":{"footnotes":""},"class_list":["post-37072","page","type-page","status-publish","hentry"],"translation":{"provider":"WPGlobus","version":"3.0.0","language":"gb","enabled_languages":["hr","gb"],"languages":{"hr":{"title":true,"content":true,"excerpt":false},"gb":{"title":false,"content":false,"excerpt":false}}},"_links":{"self":[{"href":"https:\/\/glazbena.hr\/gb\/wp-json\/wp\/v2\/pages\/37072","targetHints":{"allow":["GET"]}}],"collection":[{"href":"https:\/\/glazbena.hr\/gb\/wp-json\/wp\/v2\/pages"}],"about":[{"href":"https:\/\/glazbena.hr\/gb\/wp-json\/wp\/v2\/types\/page"}],"author":[{"embeddable":true,"href":"https:\/\/glazbena.hr\/gb\/wp-json\/wp\/v2\/users\/5"}],"replies":[{"embeddable":true,"href":"https:\/\/glazbena.hr\/gb\/wp-json\/wp\/v2\/comments?post=37072"}],"version-history":[{"count":5,"href":"https:\/\/glazbena.hr\/gb\/wp-json\/wp\/v2\/pages\/37072\/revisions"}],"predecessor-version":[{"id":39614,"href":"https:\/\/glazbena.hr\/gb\/wp-json\/wp\/v2\/pages\/37072\/revisions\/39614"}],"wp:attachment":[{"href":"https:\/\/glazbena.hr\/gb\/wp-json\/wp\/v2\/media?parent=37072"}],"curies":[{"name":"wp","href":"https:\/\/api.w.org\/{rel}","templated":true}]}}