{"id":37076,"date":"2024-11-10T17:33:21","date_gmt":"2024-11-10T16:33:21","guid":{"rendered":"https:\/\/glazbena.hr\/?page_id=37076"},"modified":"2024-11-10T18:13:42","modified_gmt":"2024-11-10T17:13:42","slug":"izdanja","status":"publish","type":"page","link":"https:\/\/glazbena.hr\/gb\/izdanja\/","title":{"rendered":"Izdanja"},"content":{"rendered":"<p>Pred\u0161kolski programi Glazbene \u0161kole u Vara\u017edinu namijenjeni su prvenstveno djeci od 4 do 7 godina, iako se u slu\u010daju izuzetne nadarenosti i motivacije, upisuju i djeca mla\u0111e dobi. Cilj poduke pred\u0161kolskih programa je pribli\u017eavanje glazbe djeci, poticanje kreativnosti i produktivnosti, upoznavanje s instrumentom u \u0161to ranijoj dobi, a velikoj ve\u0107ini slu\u010dajeva polaznici pred\u0161kolskih programa nastavljaju svoje obrazovanje i u osnovnoj glazbenoj \u0161koli.<br \/>\nGlazbena \u0161kola u Vara\u017edinu izdala je dvije knjige, Po\u010detnicu za Malu \u0161kolu violine i Po\u010detnicu za Malu \u0161kole blok-flaute koje su namijenjene polaznicima pred\u0161kolskih programa, ali i onim starijim polaznicima osnovne glazbene \u0161kole. Cilj nam je ovom po\u010detnicom pru\u017eiti djeci osnovu za daljnji glazbeni razvoj, a glavna je svrha inspirirati i razviti ljubav prema glazbi te potaknuti djecu da u\u017eivaju u njenom izra\u017eavanju. Uz ove priru\u010dnike djeca \u0107e ste\u0107i glazbeno predznanje koje \u0107e im biti korisno za u\u010denje svih instrumenata dostupnih u glazbenoj \u0161koli, ne samo puha\u0107ih. Ova osnova omogu\u0107it \u0107e im \u0161ire razumijevanje glazbe i bolju pripremu za budu\u0107e glazbene izazove. Zahvaljuju\u0107i ovim po\u010detnicama, djeca \u0107e upoznati va\u017ene elemente glazbene terminologije, notnog pisma, glazbene teorije te tehni\u010dke aspekte sviranja. Kreativnost i umjetni\u010dki izraz poti\u010du se skladbama, vje\u017ebama, crte\u017eima, glazbenim igrama i aktivnostima pru\u017eaju\u0107i tako djeci priliku da izraze svoje osje\u0107aje putem glazbe.<\/p>\n<p>&nbsp;<\/p>\n<p><img loading=\"lazy\" decoding=\"async\" class=\"alignnone wp-image-37084 size-large\" src=\"https:\/\/glazbena.hr\/wp-content\/uploads\/2024\/11\/Pocetnica-23-1024x621.jpg\" alt=\"\" width=\"1024\" height=\"621\" srcset=\"https:\/\/glazbena.hr\/wp-content\/uploads\/2024\/11\/Pocetnica-23-1024x621.jpg 1024w, https:\/\/glazbena.hr\/wp-content\/uploads\/2024\/11\/Pocetnica-23-300x182.jpg 300w, https:\/\/glazbena.hr\/wp-content\/uploads\/2024\/11\/Pocetnica-23-768x466.jpg 768w, https:\/\/glazbena.hr\/wp-content\/uploads\/2024\/11\/Pocetnica-23-1536x932.jpg 1536w, https:\/\/glazbena.hr\/wp-content\/uploads\/2024\/11\/Pocetnica-23.jpg 1600w\" sizes=\"auto, (max-width: 1024px) 100vw, 1024px\" \/><\/p>\n<p><img loading=\"lazy\" decoding=\"async\" class=\"alignnone wp-image-37082 size-large\" src=\"https:\/\/glazbena.hr\/wp-content\/uploads\/2024\/11\/Pocetnica-28-1024x645.jpg\" alt=\"\" width=\"1024\" height=\"645\" srcset=\"https:\/\/glazbena.hr\/wp-content\/uploads\/2024\/11\/Pocetnica-28-1024x645.jpg 1024w, https:\/\/glazbena.hr\/wp-content\/uploads\/2024\/11\/Pocetnica-28-300x189.jpg 300w, https:\/\/glazbena.hr\/wp-content\/uploads\/2024\/11\/Pocetnica-28-768x484.jpg 768w, https:\/\/glazbena.hr\/wp-content\/uploads\/2024\/11\/Pocetnica-28-1536x968.jpg 1536w, https:\/\/glazbena.hr\/wp-content\/uploads\/2024\/11\/Pocetnica-28.jpg 1600w\" sizes=\"auto, (max-width: 1024px) 100vw, 1024px\" \/><\/p>\n<p><img loading=\"lazy\" decoding=\"async\" class=\"alignnone wp-image-37079 size-large\" src=\"https:\/\/glazbena.hr\/wp-content\/uploads\/2024\/11\/Pocetnica_za_violinu_promocija-26-1024x569.jpg\" alt=\"\" width=\"1024\" height=\"569\" srcset=\"https:\/\/glazbena.hr\/wp-content\/uploads\/2024\/11\/Pocetnica_za_violinu_promocija-26-1024x569.jpg 1024w, https:\/\/glazbena.hr\/wp-content\/uploads\/2024\/11\/Pocetnica_za_violinu_promocija-26-300x167.jpg 300w, https:\/\/glazbena.hr\/wp-content\/uploads\/2024\/11\/Pocetnica_za_violinu_promocija-26-768x427.jpg 768w, https:\/\/glazbena.hr\/wp-content\/uploads\/2024\/11\/Pocetnica_za_violinu_promocija-26-1536x853.jpg 1536w, https:\/\/glazbena.hr\/wp-content\/uploads\/2024\/11\/Pocetnica_za_violinu_promocija-26.jpg 1600w\" sizes=\"auto, (max-width: 1024px) 100vw, 1024px\" \/><\/p>\n<p><img loading=\"lazy\" decoding=\"async\" class=\"alignnone wp-image-37083 size-large\" src=\"https:\/\/glazbena.hr\/wp-content\/uploads\/2024\/11\/Pocetnica_za_violinu_promocija-40-1024x661.jpg\" alt=\"\" width=\"1024\" height=\"661\" srcset=\"https:\/\/glazbena.hr\/wp-content\/uploads\/2024\/11\/Pocetnica_za_violinu_promocija-40-1024x661.jpg 1024w, https:\/\/glazbena.hr\/wp-content\/uploads\/2024\/11\/Pocetnica_za_violinu_promocija-40-300x194.jpg 300w, https:\/\/glazbena.hr\/wp-content\/uploads\/2024\/11\/Pocetnica_za_violinu_promocija-40-768x496.jpg 768w, https:\/\/glazbena.hr\/wp-content\/uploads\/2024\/11\/Pocetnica_za_violinu_promocija-40-1536x992.jpg 1536w, https:\/\/glazbena.hr\/wp-content\/uploads\/2024\/11\/Pocetnica_za_violinu_promocija-40.jpg 1600w\" sizes=\"auto, (max-width: 1024px) 100vw, 1024px\" \/><\/p>\n<p>&nbsp;<\/p>\n","protected":false},"excerpt":{"rendered":"<p>Pred\u0161kolski programi Glazbene \u0161kole u Vara\u017edinu namijenjeni su prvenstveno djeci od 4 do 7 godina, iako se u slu\u010daju izuzetne nadarenosti i motivacije, upisuju i djeca mla\u0111e dobi. Cilj poduke pred\u0161kolskih programa je pribli\u017eavanje glazbe djeci, poticanje kreativnosti i produktivnosti, upoznavanje s instrumentom u \u0161to ranijoj dobi, a velikoj ve\u0107ini slu\u010dajeva polaznici pred\u0161kolskih programa nastavljaju [&hellip;]<\/p>\n","protected":false},"author":5,"featured_media":0,"parent":0,"menu_order":0,"comment_status":"closed","ping_status":"closed","template":"","meta":{"footnotes":""},"class_list":["post-37076","page","type-page","status-publish","hentry"],"translation":{"provider":"WPGlobus","version":"3.0.0","language":"gb","enabled_languages":["hr","gb"],"languages":{"hr":{"title":true,"content":true,"excerpt":false},"gb":{"title":false,"content":false,"excerpt":false}}},"_links":{"self":[{"href":"https:\/\/glazbena.hr\/gb\/wp-json\/wp\/v2\/pages\/37076","targetHints":{"allow":["GET"]}}],"collection":[{"href":"https:\/\/glazbena.hr\/gb\/wp-json\/wp\/v2\/pages"}],"about":[{"href":"https:\/\/glazbena.hr\/gb\/wp-json\/wp\/v2\/types\/page"}],"author":[{"embeddable":true,"href":"https:\/\/glazbena.hr\/gb\/wp-json\/wp\/v2\/users\/5"}],"replies":[{"embeddable":true,"href":"https:\/\/glazbena.hr\/gb\/wp-json\/wp\/v2\/comments?post=37076"}],"version-history":[{"count":3,"href":"https:\/\/glazbena.hr\/gb\/wp-json\/wp\/v2\/pages\/37076\/revisions"}],"predecessor-version":[{"id":37093,"href":"https:\/\/glazbena.hr\/gb\/wp-json\/wp\/v2\/pages\/37076\/revisions\/37093"}],"wp:attachment":[{"href":"https:\/\/glazbena.hr\/gb\/wp-json\/wp\/v2\/media?parent=37076"}],"curies":[{"name":"wp","href":"https:\/\/api.w.org\/{rel}","templated":true}]}}