{"id":374,"date":"2016-05-10T08:53:51","date_gmt":"2016-05-10T08:53:51","guid":{"rendered":"http:\/\/melody.ancorathemes.com\/?page_id=374"},"modified":"2017-05-12T09:38:33","modified_gmt":"2017-05-12T09:38:33","slug":"portfolio-2-columns","status":"publish","type":"page","link":"https:\/\/glazbena.hr\/gb\/portfolio-2-columns\/","title":{"rendered":"Portfolio 2 columns"},"content":{"rendered":"<p>[vc_row][vc_column]<div id=\"sc_blogger_2096244432\" class=\"sc_blogger layout_portfolio_2 template_portfolio  sc_blogger_horizontal\"><div class=\"isotope_wrap\" data-columns=\"2\">\t\t\t<div class=\"isotope_item isotope_item_portfolio isotope_item_portfolio_2 isotope_column_2\t\t\t\t\t\t\">\n\t\t\t\t<div class=\"post_item post_item_portfolio post_item_portfolio_2\t\t\t\t\tpost_format_standard odd\">\n\t\n\t\t\t\t\t<div class=\"post_content isotope_item_content ih-item colored square effect_shift left_to_right\">\n\t\t\t\t\t\t\t\t\t\t\t\t<div class=\"post_featured img \">\n\t\t\t\t\t\t\t\t\t\t\t\t\t<\/div>\n\t\t\t\t\t\t\t\t\n\t\t\t\t\t\t\t<div class=\"post_info_wrap info\"><div class=\"info-back\">\n\t\t\n\t\t\t\t\t\t\t\t<h4 class=\"post_title\"><a href=\"https:\/\/glazbena.hr\/gb\/privatni-ispiti\/ispiti-prema-osobnim-potrebama-u-sk-god-2025-2026\/\">Ispiti prema osobnim potrebama u \u0161k. god. 2025.2026.<\/a><\/h4>\t\t\n\t\t\t\t\t\t\t\t<div class=\"post_descr\">\n\t\t\t\t\t\t\t\t<p class=\"post_info\">\n\t\t\t<span class=\"post_info_item post_info_posted\"> <a href=\"https:\/\/glazbena.hr\/gb\/privatni-ispiti\/ispiti-prema-osobnim-potrebama-u-sk-god-2025-2026\/\" class=\"post_info_date\">6 days ago<\/a><\/span>\n\t\t\t\t<span class=\"post_info_item post_info_counters\">\t<a class=\"post_counters_item post_counters_comments icon-comment\" title=\"Comments - 0\" href=\"https:\/\/glazbena.hr\/gb\/privatni-ispiti\/ispiti-prema-osobnim-potrebama-u-sk-god-2025-2026\/#respond\"><span class=\"post_counters_number\">0 comments<\/span><\/a>\n\t<\/span>\n\t\t<\/p><p><a href=\"https:\/\/glazbena.hr\/gb\/privatni-ispiti\/ispiti-prema-osobnim-potrebama-u-sk-god-2025-2026\/\">Rokovi za polaganje ispita prema osobnim potrebama u \u0161k. god. 2025.2026<\/a><\/p><p class=\"post_buttons\"><\/p>\t\t\t\t\t\t\t\t<\/div>\n\t\t\t\t\t\t\t<\/div><\/div>\t<!-- \/.info-back \/.info -->\n\t\t\t\t\t\t\t\t\t\t\t\t\t\t\t\t\t\t<\/div>\t\t\t\t<!-- \/.post_content -->\n\t\t\t\t<\/div>\t<!-- \/.post_item -->\n\t\t\t<\/div>\t\t\t\t\t\t<!-- \/.isotope_item -->\n\t\t\t\t\t\t<div class=\"isotope_item isotope_item_portfolio isotope_item_portfolio_2 isotope_column_2\t\t\t\t\t\t\">\n\t\t\t\t<div class=\"post_item post_item_portfolio post_item_portfolio_2\t\t\t\t\tpost_format_standard even\">\n\t\n\t\t\t\t\t<div class=\"post_content isotope_item_content ih-item colored square effect_shift left_to_right\">\n\t\t\t\t\t\t\t\t\t\t\t\t<div class=\"post_featured img \">\n\t\t\t\t\t\t\t\t\t\t\t\t\t<\/div>\n\t\t\t\t\t\t\t\t\n\t\t\t\t\t\t\t<div class=\"post_info_wrap info\"><div class=\"info-back\">\n\t\t\n\t\t\t\t\t\t\t\t<h4 class=\"post_title\"><a href=\"https:\/\/glazbena.hr\/gb\/najava-dogadanja\/marco-ottaviani-koncert-otvorenja-medunarodnog-natjecanje-pijanista-memorijal-jurica-murai-murai-grand-prix\/\">Marco Ottaviani &#8211; koncert otvorenja Me\u0111unarodnog natjecanje pijanista Memorijal Jurica Murai &#038; Murai Grand Prix<\/a><\/h4>\t\t\n\t\t\t\t\t\t\t\t<div class=\"post_descr\">\n\t\t\t\t\t\t\t\t<p class=\"post_info\">\n\t\t\t<span class=\"post_info_item post_info_posted\"> <a href=\"https:\/\/glazbena.hr\/gb\/najava-dogadanja\/marco-ottaviani-koncert-otvorenja-medunarodnog-natjecanje-pijanista-memorijal-jurica-murai-murai-grand-prix\/\" class=\"post_info_date\">9 days ago<\/a><\/span>\n\t\t\t\t<span class=\"post_info_item post_info_counters\">\t<a class=\"post_counters_item post_counters_comments icon-comment\" title=\"Comments - 0\" href=\"https:\/\/glazbena.hr\/gb\/najava-dogadanja\/marco-ottaviani-koncert-otvorenja-medunarodnog-natjecanje-pijanista-memorijal-jurica-murai-murai-grand-prix\/#respond\"><span class=\"post_counters_number\">0 comments<\/span><\/a>\n\t<\/span>\n\t\t<\/p><p><a href=\"https:\/\/glazbena.hr\/gb\/najava-dogadanja\/marco-ottaviani-koncert-otvorenja-medunarodnog-natjecanje-pijanista-memorijal-jurica-murai-murai-grand-prix\/\">Koncertom otvorenja 8. travnja 2026. godine u 19.00 sati u Glazbenoj \u0161koli u Vara\u017edinu sve\u010dano zapo\u010dinje 7. Me\u0111unarodno natjecanje pijanista Memorijal Jurica Murai &amp; Murai Grand Prix 2026. Na otvorenju \u0107e nastupiti laureat Murai Grand Prixa 2024., mladi talijanski pijanist Marco Ottaviani. Marco Ottaviani jedan je od najistaknutijih pijanista mla\u0111e generacije, koji se ve\u0107 istaknuo <\/a><\/p><p class=\"post_buttons\"><\/p>\t\t\t\t\t\t\t\t<\/div>\n\t\t\t\t\t\t\t<\/div><\/div>\t<!-- \/.info-back \/.info -->\n\t\t\t\t\t\t\t\t\t\t\t\t\t\t\t\t\t\t<\/div>\t\t\t\t<!-- \/.post_content -->\n\t\t\t\t<\/div>\t<!-- \/.post_item -->\n\t\t\t<\/div>\t\t\t\t\t\t<!-- \/.isotope_item -->\n\t\t\t\t\t\t<div class=\"isotope_item isotope_item_portfolio isotope_item_portfolio_2 isotope_column_2\t\t\t\t\t\t\">\n\t\t\t\t<div class=\"post_item post_item_portfolio post_item_portfolio_2\t\t\t\t\tpost_format_standard odd\">\n\t\n\t\t\t\t\t<div class=\"post_content isotope_item_content ih-item colored square effect_shift left_to_right\">\n\t\t\t\t\t\t\t\t\t\t\t\t<div class=\"post_featured img \">\n\t\t\t\t\t\t\t\t\t\t\t\t\t<\/div>\n\t\t\t\t\t\t\t\t\n\t\t\t\t\t\t\t<div class=\"post_info_wrap info\"><div class=\"info-back\">\n\t\t\n\t\t\t\t\t\t\t\t<h4 class=\"post_title\"><a href=\"https:\/\/glazbena.hr\/gb\/najava-dogadanja\/ivan-jalsovec-solisticki-koncert\/\">Ivan Jal\u0161ovec &#8211; solisti\u010dki koncert<\/a><\/h4>\t\t\n\t\t\t\t\t\t\t\t<div class=\"post_descr\">\n\t\t\t\t\t\t\t\t<p class=\"post_info\">\n\t\t\t<span class=\"post_info_item post_info_posted\"> <a href=\"https:\/\/glazbena.hr\/gb\/najava-dogadanja\/ivan-jalsovec-solisticki-koncert\/\" class=\"post_info_date\">9 days ago<\/a><\/span>\n\t\t\t\t<span class=\"post_info_item post_info_counters\">\t<a class=\"post_counters_item post_counters_comments icon-comment\" title=\"Comments - 0\" href=\"https:\/\/glazbena.hr\/gb\/najava-dogadanja\/ivan-jalsovec-solisticki-koncert\/#respond\"><span class=\"post_counters_number\">0 comments<\/span><\/a>\n\t<\/span>\n\t\t<\/p><p><a href=\"https:\/\/glazbena.hr\/gb\/najava-dogadanja\/ivan-jalsovec-solisticki-koncert\/\">Ivan Jal\u0161ovec, u\u010denik 3. razreda srednje glazbene \u0161kole odr\u017eat \u0107e prvi samostalni solisti\u010dkog koncert u utorak, 7. travnja 2026. godine u 19.30 sati u Velikoj koncertnoj dvorani Glazbene \u0161kole u Vara\u017edinu. Ivan Jal\u0161ovec isti\u010de se kao iznimno muzikalan i predan mladi umjetnik, dobitnik brojnih nagrada na dr\u017eavnim i me\u0111unarodnim natjecanjima. Uz klavir se bavi i <\/a><\/p><p class=\"post_buttons\"><\/p>\t\t\t\t\t\t\t\t<\/div>\n\t\t\t\t\t\t\t<\/div><\/div>\t<!-- \/.info-back \/.info -->\n\t\t\t\t\t\t\t\t\t\t\t\t\t\t\t\t\t\t<\/div>\t\t\t\t<!-- \/.post_content -->\n\t\t\t\t<\/div>\t<!-- \/.post_item -->\n\t\t\t<\/div>\t\t\t\t\t\t<!-- \/.isotope_item -->\n\t\t\t\t\t\t<div class=\"isotope_item isotope_item_portfolio isotope_item_portfolio_2 isotope_column_2\t\t\t\t\t\t\">\n\t\t\t\t<div class=\"post_item post_item_portfolio post_item_portfolio_2\t\t\t\t\tpost_format_standard even\">\n\t\n\t\t\t\t\t<div class=\"post_content isotope_item_content ih-item colored square effect_shift left_to_right\">\n\t\t\t\t\t\t\t\t\t\t\t\t<div class=\"post_featured img \">\n\t\t\t\t\t\t\t\t\t\t\t\t\t<\/div>\n\t\t\t\t\t\t\t\t\n\t\t\t\t\t\t\t<div class=\"post_info_wrap info\"><div class=\"info-back\">\n\t\t\n\t\t\t\t\t\t\t\t<h4 class=\"post_title\"><a href=\"https:\/\/glazbena.hr\/gb\/aktivnosti\/projekt-instrumentarij-radionica-19-03-2026\/\">Projekt \u201cInstrumentarij\u201d, radionica 19.03.2026.<\/a><\/h4>\t\t\n\t\t\t\t\t\t\t\t<div class=\"post_descr\">\n\t\t\t\t\t\t\t\t<p class=\"post_info\">\n\t\t\t<span class=\"post_info_item post_info_posted\"> <a href=\"https:\/\/glazbena.hr\/gb\/aktivnosti\/projekt-instrumentarij-radionica-19-03-2026\/\" class=\"post_info_date\">10 days ago<\/a><\/span>\n\t\t\t\t<span class=\"post_info_item post_info_counters\">\t<a class=\"post_counters_item post_counters_comments icon-comment\" title=\"Comments - 0\" href=\"https:\/\/glazbena.hr\/gb\/aktivnosti\/projekt-instrumentarij-radionica-19-03-2026\/#respond\"><span class=\"post_counters_number\">0 comments<\/span><\/a>\n\t<\/span>\n\t\t<\/p><p><a href=\"https:\/\/glazbena.hr\/gb\/aktivnosti\/projekt-instrumentarij-radionica-19-03-2026\/\">U sklopu \u0161kolskog projekta \u201eInstrumentarij\u201c, u Velikoj koncertnoj dvorani Glazbene \u0161kole u Vara\u017edinu 19. o\u017eujka 2026. godine odr\u017eana je edukativna i interaktivna radionica upoznavanja instrumenata za djecu Dje\u010djeg vrti\u0107a Vara\u017edin, objekt Koprivni\u010dka \u2013 skupina Vlaki\u0107i. Kroz kratak koncert i radionicu, vrti\u0107arci su imali priliku upoznati zvuk i posebnosti razli\u010ditih glazbenih instrumenata: fagota, violine, tube, trombona, <\/a><\/p><p class=\"post_buttons\"><\/p>\t\t\t\t\t\t\t\t<\/div>\n\t\t\t\t\t\t\t<\/div><\/div>\t<!-- \/.info-back \/.info -->\n\t\t\t\t\t\t\t\t\t\t\t\t\t\t\t\t\t\t<\/div>\t\t\t\t<!-- \/.post_content -->\n\t\t\t\t<\/div>\t<!-- \/.post_item -->\n\t\t\t<\/div>\t\t\t\t\t\t<!-- \/.isotope_item -->\n\t\t\t\t\t\t<div class=\"isotope_item isotope_item_portfolio isotope_item_portfolio_2 isotope_column_2\t\t\t\t\t\t\">\n\t\t\t\t<div class=\"post_item post_item_portfolio post_item_portfolio_2\t\t\t\t\tpost_format_standard odd\">\n\t\n\t\t\t\t\t<div class=\"post_content isotope_item_content ih-item colored square effect_shift left_to_right\">\n\t\t\t\t\t\t\t\t\t\t\t\t<div class=\"post_featured img \">\n\t\t\t\t\t\t\t\t\t\t\t\t\t<\/div>\n\t\t\t\t\t\t\t\t\n\t\t\t\t\t\t\t<div class=\"post_info_wrap info\"><div class=\"info-back\">\n\t\t\n\t\t\t\t\t\t\t\t<h4 class=\"post_title\"><a href=\"https:\/\/glazbena.hr\/gb\/najava-dogadanja\/medunarodno-natjecanje-pijanista-memorijal-jurica-murai-murai-grand-prix-3\/\">Me\u0111unarodno natjecanje pijanista Memorijal Jurica Murai &#038; Murai Grand Prix<\/a><\/h4>\t\t\n\t\t\t\t\t\t\t\t<div class=\"post_descr\">\n\t\t\t\t\t\t\t\t<p class=\"post_info\">\n\t\t\t<span class=\"post_info_item post_info_posted\"> <a href=\"https:\/\/glazbena.hr\/gb\/najava-dogadanja\/medunarodno-natjecanje-pijanista-memorijal-jurica-murai-murai-grand-prix-3\/\" class=\"post_info_date\">14 days ago<\/a><\/span>\n\t\t\t\t<span class=\"post_info_item post_info_counters\">\t<a class=\"post_counters_item post_counters_comments icon-comment\" title=\"Comments - 0\" href=\"https:\/\/glazbena.hr\/gb\/najava-dogadanja\/medunarodno-natjecanje-pijanista-memorijal-jurica-murai-murai-grand-prix-3\/#respond\"><span class=\"post_counters_number\">0 comments<\/span><\/a>\n\t<\/span>\n\t\t<\/p><p><a href=\"https:\/\/glazbena.hr\/gb\/najava-dogadanja\/medunarodno-natjecanje-pijanista-memorijal-jurica-murai-murai-grand-prix-3\/\">Glazbena \u0161kola u Vara\u017edinu najavljuje 7. Me\u0111unarodno natjecanje pijanista Memorijal Jurica Murai &amp; Murai Grand Prix 2026, koje \u0107e se odr\u017eati od 9. do 15. travnja 2026. godine. Ovo ugledno natjecanje, utemeljeno 2015. godine, okuplja mlade pijaniste iz cijeloga svijeta s ciljem razvoja umjetni\u010dkog talenta, me\u0111unarodne suradnje i promocije glazbene umjetnosti. Natjecanje nosi ime istaknutog <\/a><\/p><p class=\"post_buttons\"><\/p>\t\t\t\t\t\t\t\t<\/div>\n\t\t\t\t\t\t\t<\/div><\/div>\t<!-- \/.info-back \/.info -->\n\t\t\t\t\t\t\t\t\t\t\t\t\t\t\t\t\t\t<\/div>\t\t\t\t<!-- \/.post_content -->\n\t\t\t\t<\/div>\t<!-- \/.post_item -->\n\t\t\t<\/div>\t\t\t\t\t\t<!-- \/.isotope_item -->\n\t\t\t\t\t\t<div class=\"isotope_item isotope_item_portfolio isotope_item_portfolio_2 isotope_column_2\t\t\t\t\t\t\">\n\t\t\t\t<div class=\"post_item post_item_portfolio post_item_portfolio_2\t\t\t\t\tpost_format_standard even last\">\n\t\n\t\t\t\t\t<div class=\"post_content isotope_item_content ih-item colored square effect_shift left_to_right\">\n\t\t\t\t\t\t\t\t\t\t\t\t<div class=\"post_featured img \">\n\t\t\t\t\t\t\t\t\t\t\t\t\t<\/div>\n\t\t\t\t\t\t\t\t\n\t\t\t\t\t\t\t<div class=\"post_info_wrap info\"><div class=\"info-back\">\n\t\t\n\t\t\t\t\t\t\t\t<h4 class=\"post_title\"><a href=\"https:\/\/glazbena.hr\/gb\/najava-dogadanja\/murai-ususret-groznjanu\/\">Murai \u2013 Ususret Gro\u017enjanu<\/a><\/h4>\t\t\n\t\t\t\t\t\t\t\t<div class=\"post_descr\">\n\t\t\t\t\t\t\t\t<p class=\"post_info\">\n\t\t\t<span class=\"post_info_item post_info_posted\"> <a href=\"https:\/\/glazbena.hr\/gb\/najava-dogadanja\/murai-ususret-groznjanu\/\" class=\"post_info_date\">17 days ago<\/a><\/span>\n\t\t\t\t<span class=\"post_info_item post_info_counters\">\t<a class=\"post_counters_item post_counters_comments icon-comment\" title=\"Comments - 0\" href=\"https:\/\/glazbena.hr\/gb\/najava-dogadanja\/murai-ususret-groznjanu\/#respond\"><span class=\"post_counters_number\">0 comments<\/span><\/a>\n\t<\/span>\n\t\t<\/p><p><a href=\"https:\/\/glazbena.hr\/gb\/najava-dogadanja\/murai-ususret-groznjanu\/\">Hrvatska glazbena mlade\u017e u suradnji s Glazbenom \u0161kolom u Vara\u017edinu organizira seminar Murai \u2013 Ususret Gro\u017enjanu. Seminar je namijenjen pijanistima, u\u010denicima glazbenih \u0161kola i studentima koji \u017eele usavr\u0161iti svoj repertoar za ispite, natjecanja i koncertne nastupe. Seminare \u0107e dr\u017eati eminentni pijanisti i pedagozi &#8211; Dragomir Brati\u0107, Federico Gianello i Andrea Turini. Tijekom seminara polaznici \u0107e <\/a><\/p><p class=\"post_buttons\"><\/p>\t\t\t\t\t\t\t\t<\/div>\n\t\t\t\t\t\t\t<\/div><\/div>\t<!-- \/.info-back \/.info -->\n\t\t\t\t\t\t\t\t\t\t\t\t\t\t\t\t\t\t<\/div>\t\t\t\t<!-- \/.post_content -->\n\t\t\t\t<\/div>\t<!-- \/.post_item -->\n\t\t\t<\/div>\t\t\t\t\t\t<!-- \/.isotope_item -->\n\t\t\t<\/div><\/div>[\/vc_column][\/vc_row]<\/p>\n","protected":false},"excerpt":{"rendered":"<p>[vc_row][vc_column][\/vc_column][\/vc_row]<\/p>\n","protected":false},"author":11,"featured_media":0,"parent":0,"menu_order":0,"comment_status":"closed","ping_status":"closed","template":"","meta":{"footnotes":""},"class_list":["post-374","page","type-page","status-publish","hentry"],"translation":{"provider":"WPGlobus","version":"3.0.0","language":"gb","enabled_languages":["hr","gb"],"languages":{"hr":{"title":true,"content":true,"excerpt":false},"gb":{"title":false,"content":false,"excerpt":false}}},"_links":{"self":[{"href":"https:\/\/glazbena.hr\/gb\/wp-json\/wp\/v2\/pages\/374","targetHints":{"allow":["GET"]}}],"collection":[{"href":"https:\/\/glazbena.hr\/gb\/wp-json\/wp\/v2\/pages"}],"about":[{"href":"https:\/\/glazbena.hr\/gb\/wp-json\/wp\/v2\/types\/page"}],"author":[{"embeddable":true,"href":"https:\/\/glazbena.hr\/gb\/wp-json\/wp\/v2\/users\/11"}],"replies":[{"embeddable":true,"href":"https:\/\/glazbena.hr\/gb\/wp-json\/wp\/v2\/comments?post=374"}],"version-history":[{"count":0,"href":"https:\/\/glazbena.hr\/gb\/wp-json\/wp\/v2\/pages\/374\/revisions"}],"wp:attachment":[{"href":"https:\/\/glazbena.hr\/gb\/wp-json\/wp\/v2\/media?parent=374"}],"curies":[{"name":"wp","href":"https:\/\/api.w.org\/{rel}","templated":true}]}}