{"id":39483,"date":"2025-08-22T08:37:55","date_gmt":"2025-08-22T07:37:55","guid":{"rendered":"https:\/\/glazbena.hr\/?page_id=39483"},"modified":"2025-08-22T11:50:50","modified_gmt":"2025-08-22T10:50:50","slug":"brosura-glazbena-skola-u-varazdinu","status":"publish","type":"page","link":"https:\/\/glazbena.hr\/gb\/brosura-glazbena-skola-u-varazdinu\/","title":{"rendered":"Glazbena \u0161kola u Vara\u017edinu &#8211; 2024.\/2025."},"content":{"rendered":"<p>[vc_row][vc_column][vc_column_text]Svojim rastom i razvojem, suradnjama, projektima, vara\u017edinska Glazbena \u0161kola daleko je prerasla svoje okvire. Odgojiv\u0161i generacije u\u010denika koji su izgradili uspje\u0161ne karijere solista, komornih i orkestralnih glazbenika i glazbenih pedagoga koji su svoj rad ostvarivali i ostvaruju diljem Hrvatske i \u0161ire, utjecaj Glazbene \u0161kole u Vara\u017edinu odavno je nadi\u0161ao okvire hrvatskog glazbenog prostora.<\/p>\n<p>U nastavku imate prilike vidjeti samo jedan mali dio izuzetno uspje\u0161ne \u0161kolske godine 2024.\/2025. koju su obilje\u017eile mnogobrojne suradnje, me\u0111unarodni projekti, me\u0111unarodna natjecanja, zapa\u017eeni rezultati u\u010denika \u0160kole na natjecanjima i jo\u0161 mnogo toga, \u0161to sve samo dodatno potvr\u0111uju zna\u010daj Vara\u017edinske glazbene \u0161kole, \u0161kole koju \u010desto opisuju kao rasadnik talenata, a koja \u0107e 2028. godine proslaviti svoju 200 godi\u0161njicu postojanja.<\/p>\n<p>S po\u010detkom nove \u0161kolske godine \u010deka nas velik broj doga\u0111anja, koncerata, projekata te Vas pozivamo sve da i dalje redovito pratite rad u\u010denika i nastavnika Glazbene \u0161kole u Vara\u017edinu![\/vc_column_text][\/vc_column][\/vc_row][vc_row][vc_column][vc_column_text]<iframe loading=\"lazy\" src=\"https:\/\/online.fliphtml5.com\/yrrka\/fnem\/#p=1\" width=\"100%\" height=\"600\" frameborder=\"0\" allowfullscreen=\"allowfullscreen\"><\/iframe><br \/>\n[\/vc_column_text][\/vc_column][\/vc_row]<\/p>\n","protected":false},"excerpt":{"rendered":"<p>[vc_row][vc_column][vc_column_text]Svojim rastom i razvojem, suradnjama, projektima, vara\u017edinska Glazbena \u0161kola daleko je prerasla svoje okvire. Odgojiv\u0161i generacije u\u010denika koji su izgradili uspje\u0161ne karijere solista, komornih i orkestralnih glazbenika i glazbenih pedagoga koji su svoj rad ostvarivali i ostvaruju diljem Hrvatske i \u0161ire, utjecaj Glazbene \u0161kole u Vara\u017edinu odavno je nadi\u0161ao okvire hrvatskog glazbenog prostora. U nastavku [&hellip;]<\/p>\n","protected":false},"author":5,"featured_media":0,"parent":0,"menu_order":0,"comment_status":"closed","ping_status":"closed","template":"","meta":{"footnotes":""},"class_list":["post-39483","page","type-page","status-publish","hentry"],"translation":{"provider":"WPGlobus","version":"3.0.0","language":"gb","enabled_languages":["hr","gb"],"languages":{"hr":{"title":true,"content":true,"excerpt":false},"gb":{"title":false,"content":false,"excerpt":false}}},"_links":{"self":[{"href":"https:\/\/glazbena.hr\/gb\/wp-json\/wp\/v2\/pages\/39483","targetHints":{"allow":["GET"]}}],"collection":[{"href":"https:\/\/glazbena.hr\/gb\/wp-json\/wp\/v2\/pages"}],"about":[{"href":"https:\/\/glazbena.hr\/gb\/wp-json\/wp\/v2\/types\/page"}],"author":[{"embeddable":true,"href":"https:\/\/glazbena.hr\/gb\/wp-json\/wp\/v2\/users\/5"}],"replies":[{"embeddable":true,"href":"https:\/\/glazbena.hr\/gb\/wp-json\/wp\/v2\/comments?post=39483"}],"version-history":[{"count":5,"href":"https:\/\/glazbena.hr\/gb\/wp-json\/wp\/v2\/pages\/39483\/revisions"}],"predecessor-version":[{"id":39488,"href":"https:\/\/glazbena.hr\/gb\/wp-json\/wp\/v2\/pages\/39483\/revisions\/39488"}],"wp:attachment":[{"href":"https:\/\/glazbena.hr\/gb\/wp-json\/wp\/v2\/media?parent=39483"}],"curies":[{"name":"wp","href":"https:\/\/api.w.org\/{rel}","templated":true}]}}