{"id":39579,"date":"2025-09-16T12:05:20","date_gmt":"2025-09-16T11:05:20","guid":{"rendered":"https:\/\/glazbena.hr\/?page_id=39579"},"modified":"2025-09-16T12:05:20","modified_gmt":"2025-09-16T11:05:20","slug":"srpanj-2025-2","status":"publish","type":"page","link":"https:\/\/glazbena.hr\/gb\/srpanj-2025-2\/","title":{"rendered":"Srpanj 2025"},"content":{"rendered":"<p>[vc_row][vc_column][vc_column_text]GLAZBENA \u0160KOLA U VARA\u017dDINU, Kapucinski trg 8, Vara\u017edin<br \/>\nOIB:53107915745<\/p>\n<p>Sukladno \u010dlanku 6. stavku 1. Naputka o okvirnom sadr\u017eaju, minimalnom skupu podataka te na\u010dinu javne objave informacija o tro\u0161enju sredstava na mre\u017enim stranicama jedinica lokalne i podru\u010dne (regionalne) samouprave<br \/>\nte prora\u010dunskih i izvanprora\u010dunskih korisnika dr\u017eavnog prora\u010duna i jedinica lokalne i podru\u010dne (regionalne) samouprave (Narodne novine br. 59\/2023) Glazbena \u0161kola u Vara\u017edinu dana 20. kolovoza 2025. godine objavljuje<\/p>\n<p style=\"text-align: center;\"><strong>Izvje\u0161\u0107e o tro\u0161enju sredstava za mjesec srpanj 2025. godine <\/strong><\/p>\n<p>[\/vc_column_text][\/vc_column][\/vc_row][vc_row][vc_column][vc_column_text]Godina: 2025. Datum dokumenta: od 01.07.2025. do 31.07.2025.<\/p>\n[table \u201c22\u201d not found \/]<br \/>\n\n<p>* Ostale isplate sa \u017eiro ra\u010duna Glazbene \u0161kole u Vara\u017edinu objavljene su na slu\u017ebenoj stranici Vara\u017edinske \u017eupanije &#8211; Isplate iz prora\u010duna [\/vc_column_text][\/vc_column][\/vc_row]<\/p>\n","protected":false},"excerpt":{"rendered":"<p>[vc_row][vc_column][vc_column_text]GLAZBENA \u0160KOLA U VARA\u017dDINU, Kapucinski trg 8, Vara\u017edin OIB:53107915745 Sukladno \u010dlanku 6. stavku 1. Naputka o okvirnom sadr\u017eaju, minimalnom skupu podataka te na\u010dinu javne objave informacija o tro\u0161enju sredstava na mre\u017enim stranicama jedinica lokalne i podru\u010dne (regionalne) samouprave te prora\u010dunskih i izvanprora\u010dunskih korisnika dr\u017eavnog prora\u010duna i jedinica lokalne i podru\u010dne (regionalne) samouprave (Narodne novine br. [&hellip;]<\/p>\n","protected":false},"author":5,"featured_media":0,"parent":0,"menu_order":0,"comment_status":"closed","ping_status":"closed","template":"","meta":{"footnotes":""},"class_list":["post-39579","page","type-page","status-publish","hentry"],"translation":{"provider":"WPGlobus","version":"3.0.0","language":"gb","enabled_languages":["hr","gb"],"languages":{"hr":{"title":true,"content":true,"excerpt":false},"gb":{"title":false,"content":false,"excerpt":false}}},"_links":{"self":[{"href":"https:\/\/glazbena.hr\/gb\/wp-json\/wp\/v2\/pages\/39579","targetHints":{"allow":["GET"]}}],"collection":[{"href":"https:\/\/glazbena.hr\/gb\/wp-json\/wp\/v2\/pages"}],"about":[{"href":"https:\/\/glazbena.hr\/gb\/wp-json\/wp\/v2\/types\/page"}],"author":[{"embeddable":true,"href":"https:\/\/glazbena.hr\/gb\/wp-json\/wp\/v2\/users\/5"}],"replies":[{"embeddable":true,"href":"https:\/\/glazbena.hr\/gb\/wp-json\/wp\/v2\/comments?post=39579"}],"version-history":[{"count":1,"href":"https:\/\/glazbena.hr\/gb\/wp-json\/wp\/v2\/pages\/39579\/revisions"}],"predecessor-version":[{"id":39582,"href":"https:\/\/glazbena.hr\/gb\/wp-json\/wp\/v2\/pages\/39579\/revisions\/39582"}],"wp:attachment":[{"href":"https:\/\/glazbena.hr\/gb\/wp-json\/wp\/v2\/media?parent=39579"}],"curies":[{"name":"wp","href":"https:\/\/api.w.org\/{rel}","templated":true}]}}