{"id":39811,"date":"2025-11-08T15:37:00","date_gmt":"2025-11-08T14:37:00","guid":{"rendered":"https:\/\/glazbena.hr\/?page_id=39811"},"modified":"2026-04-02T13:58:18","modified_gmt":"2026-04-02T12:58:18","slug":"2025-2026","status":"publish","type":"page","link":"https:\/\/glazbena.hr\/gb\/2025-2026\/","title":{"rendered":"2025.\/2026."},"content":{"rendered":"<p>&nbsp;<\/p>\n<p><a href=\"https:\/\/glazbena.hr\/wp-content\/uploads\/2026\/04\/20260329-Medunarodno-natjecanje-za-mlade-klaviriste-\u201eDamir-Sekosan-Osijek-Hrvatska.pdf\" target=\"_blank\" rel=\"noopener\">20260329 &#8211; Me\u0111unarodno natjecanje za mlade klaviriste \u201eDamir Seko\u0161an\u201c &#8211; Osijek &#8211; Hrvatska<\/a><\/p>\n<p><a href=\"https:\/\/glazbena.hr\/wp-content\/uploads\/2026\/04\/20260328-International-Music-Masterclass-and-Competition-IMMCC-Maribor-Slovenija.pdf\" target=\"_blank\" rel=\"noopener\">20260328 &#8211; International Music Masterclass and Competition IMMCC- Maribor &#8211; Slovenija<\/a><\/p>\n<p><a href=\"https:\/\/glazbena.hr\/wp-content\/uploads\/2026\/04\/20260315-Medunarodno-natjecanje-mladih-glazbenika-Sonus-op.-10-Krizevci-Hrvatska-1.pdf\" target=\"_blank\" rel=\"noopener\">20260315 &#8211; Me\u0111unarodno natjecanje mladih glazbenika Sonus op. 10 &#8211; Kri\u017eevci &#8211; Hrvatska <\/a><\/p>\n<p><a href=\"https:\/\/glazbena.hr\/wp-content\/uploads\/2026\/03\/20260303-64.-hrvatsko-natjecanje-ucenika-i-studenata-glazbe-i-plesa-zupanijska-razina-solisti-Zagreb-Hrvatska.pdf\" target=\"_blank\" rel=\"noopener\">20260303 &#8211; 64. hrvatsko natjecanje u\u010denika i studenata glazbe i plesa &#8211; \u017eupanijska razina &#8211; solisti &#8211; Zagreb Hrvatska<\/a><\/p>\n<p><a href=\"https:\/\/glazbena.hr\/wp-content\/uploads\/2026\/03\/20260213-11.-medunarodno-natjecanje-Mladi-Padovec-Novi-Marof-Hrvatska.pdf\" target=\"_blank\" rel=\"noopener\">20260213 &#8211; 11. me\u0111unarodno natjecanje Mladi Padovec &#8211; Novi Marof &#8211; Hrvatska<\/a><\/p>\n<p><a href=\"https:\/\/glazbena.hr\/wp-content\/uploads\/2025\/12\/20251213-64.-hrvatsko-natjecanje-ucenika-i-studenata-glazbe-KOMORNI-SASTAVI-drzavna-razina-Karlovac-Hrvatska.pdf\" target=\"_blank\" rel=\"noopener\">20251213 &#8211; 64. hrvatsko natjecanje u\u010denika i studenata glazbe &#8211; KOMORNI SASTAVI &#8211; dr\u017eavna razina &#8211; Karlovac &#8211; Hrvatska<\/a><\/p>\n<p><a href=\"https:\/\/glazbena.hr\/wp-content\/uploads\/2025\/12\/20251128-IX.-Medunarodno-natjecanje-flautista-Flauta-Aurea-Dugo-Selo-Hrvatska.pdf\" target=\"_blank\" rel=\"noopener\">20251128 &#8211; IX. Me\u0111unarodno natjecanje flautista Flauta Aurea &#8211; Dugo Selo &#8211; Hrvatska<\/a><\/p>\n<p><a href=\"https:\/\/glazbena.hr\/wp-content\/uploads\/2025\/11\/20251107-5.-glazbeno-medunarodno-natjecanje-Dugoselski-Nocturno-Dugo-Selo-Hrvatska.pdf\">20251107 &#8211; 5. glazbeno me\u0111unarodno natjecanje Dugoselski Nocturno &#8211; Dugo Selo &#8211; Hrvatska<\/a><\/p>\n<p><a href=\"https:\/\/glazbena.hr\/wp-content\/uploads\/2025\/11\/20251105-64.-hrvatsko-natjecanje-ucenika-i-studenata-glazbe-zupanijska-razina-komorni-sastavi-Lovran-Hrvatska.pdf\" target=\"_blank\" rel=\"noopener\">05.11.2025. &#8211; 64. hrvatsko natjecanje u\u010denika i studenata glazbe -\u017eupanijska razina &#8211; komorni sastavi &#8211; Lovran &#8211; Hrvatska<\/a><\/p>\n","protected":false},"excerpt":{"rendered":"<p>&nbsp; 20260329 &#8211; Me\u0111unarodno natjecanje za mlade klaviriste \u201eDamir Seko\u0161an\u201c &#8211; Osijek &#8211; Hrvatska 20260328 &#8211; International Music Masterclass and Competition IMMCC- Maribor &#8211; Slovenija 20260315 &#8211; Me\u0111unarodno natjecanje mladih glazbenika Sonus op. 10 &#8211; Kri\u017eevci &#8211; Hrvatska 20260303 &#8211; 64. hrvatsko natjecanje u\u010denika i studenata glazbe i plesa &#8211; \u017eupanijska razina &#8211; solisti &#8211; [&hellip;]<\/p>\n","protected":false},"author":5,"featured_media":0,"parent":0,"menu_order":0,"comment_status":"closed","ping_status":"closed","template":"","meta":{"footnotes":""},"class_list":["post-39811","page","type-page","status-publish","hentry"],"translation":{"provider":"WPGlobus","version":"3.0.0","language":"gb","enabled_languages":["hr","gb"],"languages":{"hr":{"title":true,"content":true,"excerpt":false},"gb":{"title":false,"content":false,"excerpt":false}}},"_links":{"self":[{"href":"https:\/\/glazbena.hr\/gb\/wp-json\/wp\/v2\/pages\/39811","targetHints":{"allow":["GET"]}}],"collection":[{"href":"https:\/\/glazbena.hr\/gb\/wp-json\/wp\/v2\/pages"}],"about":[{"href":"https:\/\/glazbena.hr\/gb\/wp-json\/wp\/v2\/types\/page"}],"author":[{"embeddable":true,"href":"https:\/\/glazbena.hr\/gb\/wp-json\/wp\/v2\/users\/5"}],"replies":[{"embeddable":true,"href":"https:\/\/glazbena.hr\/gb\/wp-json\/wp\/v2\/comments?post=39811"}],"version-history":[{"count":8,"href":"https:\/\/glazbena.hr\/gb\/wp-json\/wp\/v2\/pages\/39811\/revisions"}],"predecessor-version":[{"id":40762,"href":"https:\/\/glazbena.hr\/gb\/wp-json\/wp\/v2\/pages\/39811\/revisions\/40762"}],"wp:attachment":[{"href":"https:\/\/glazbena.hr\/gb\/wp-json\/wp\/v2\/media?parent=39811"}],"curies":[{"name":"wp","href":"https:\/\/api.w.org\/{rel}","templated":true}]}}