{"id":40493,"date":"2026-02-10T12:41:38","date_gmt":"2026-02-10T11:41:38","guid":{"rendered":"https:\/\/glazbena.hr\/?page_id=40493"},"modified":"2026-02-10T12:41:38","modified_gmt":"2026-02-10T11:41:38","slug":"prosinac-2025","status":"publish","type":"page","link":"https:\/\/glazbena.hr\/gb\/prosinac-2025\/","title":{"rendered":"Prosinac 2025."},"content":{"rendered":"<p>[vc_row][vc_column][vc_column_text]GLAZBENA \u0160KOLA U VARA\u017dDINU, Kapucinski trg 8, Vara\u017edin<br \/>\nOIB:53107915745<\/p>\n<p>Sukladno \u010dlanku 6. stavku 1. Naputka o okvirnom sadr\u017eaju, minimalnom skupu podataka te na\u010dinu javne objave informacija o tro\u0161enju sredstava na mre\u017enim stranicama jedinica lokalne i podru\u010dne (regionalne) samouprave te prora\u010dunskih i izvanprora\u010dunskih korisnika dr\u017eavnog prora\u010duna i jedinica lokalne i podru\u010dne (regionalne) samouprave (Narodne novine br. 59\/2023) Glazbena \u0161kola u Vara\u017edinu dana 20.sije\u010dnja 2026. godine objavljuje<\/p>\n<p style=\"text-align: center;\"><strong>Izvje\u0161\u0107e o tro\u0161enju sredstava za mjesec prosinac 2025. godine<\/strong><\/p>\n<p>[\/vc_column_text][\/vc_column][\/vc_row][vc_row][vc_column][vc_column_text]Godina: 2025. Datum dokumenta: od 01.12.2025. do 31.12.2025.<\/p>\n\n<table id=\"tablepress-30\" class=\"tablepress tablepress-id-30\">\n<thead>\n<tr class=\"row-1\">\n\t<th class=\"column-1\">Redni broj<\/th><th class=\"column-2\">Datum isplate<\/th><th class=\"column-3\">Naziv primatelja<\/th><th class=\"column-4\">OIB<\/th><th class=\"column-5\">Sjedi\u0161te<\/th><th class=\"column-6\">Iznos<\/th><th class=\"column-7\">Valuta<\/th><th class=\"column-8\">Vrsta rashoda<\/th><th class=\"column-9\">Naziv konta<\/th><th class=\"column-10\">Naziv isplatitelja<\/th>\n<\/tr>\n<\/thead>\n<tbody class=\"row-striping row-hover\">\n<tr class=\"row-2\">\n\t<td class=\"column-1\"><\/td><td class=\"column-2\">04.12.2025.<\/td><td class=\"column-3\">Zaposlenici Glazbene \u0161kole u Vara\u017edinu<\/td><td class=\"column-4\"><\/td><td class=\"column-5\"><\/td><td class=\"column-6\">6,900.00<\/td><td class=\"column-7\">eur<\/td><td class=\"column-8\">3121<\/td><td class=\"column-9\">Dar za djecu 2025.<\/td><td class=\"column-10\">MZO<\/td>\n<\/tr>\n<tr class=\"row-3\">\n\t<td class=\"column-1\"><\/td><td class=\"column-2\">10.12.2025.<\/td><td class=\"column-3\">Zaposlenici Glazbene \u0161kole u Vara\u017edinu<\/td><td class=\"column-4\"><\/td><td class=\"column-5\"><\/td><td class=\"column-6\">318,945.67<\/td><td class=\"column-7\">eur<\/td><td class=\"column-8\">3111<\/td><td class=\"column-9\">Pla\u0107e za redovan rad<\/td><td class=\"column-10\">MZO<\/td>\n<\/tr>\n<tr class=\"row-4\">\n\t<td class=\"column-1\"><\/td><td class=\"column-2\">10.12.2025.<\/td><td class=\"column-3\">Vanjski suradnici<\/td><td class=\"column-4\"><\/td><td class=\"column-5\"><\/td><td class=\"column-6\">2,543.74<\/td><td class=\"column-7\">eur<\/td><td class=\"column-8\">3237<\/td><td class=\"column-9\">Ugovori o djelu<\/td><td class=\"column-10\">MZO<\/td>\n<\/tr>\n<tr class=\"row-5\">\n\t<td class=\"column-1\"><\/td><td class=\"column-2\">19.12.2025.<\/td><td class=\"column-3\">Zaposlenici Glazbene \u0161kole u Vara\u017edinu<\/td><td class=\"column-4\"><\/td><td class=\"column-5\"><\/td><td class=\"column-6\">34,235.04<\/td><td class=\"column-7\"><\/td><td class=\"column-8\">3121<\/td><td class=\"column-9\">Bo\u017ei\u0107nica 2025.<\/td><td class=\"column-10\">MZO<\/td>\n<\/tr>\n<tr class=\"row-6\">\n\t<td class=\"column-1\">UKUPNO<\/td><td class=\"column-2\"><\/td><td class=\"column-3\"><\/td><td class=\"column-4\"><\/td><td class=\"column-5\"><\/td><td class=\"column-6\">355,724.45<\/td><td class=\"column-7\">eur<\/td><td class=\"column-8\"><\/td><td class=\"column-9\"><\/td><td class=\"column-10\"><\/td>\n<\/tr>\n<\/tbody>\n<\/table>\n<!-- #tablepress-30 from cache -->\n<p>* Ostale isplate sa \u017eiro ra\u010duna Glazbene \u0161kole u Vara\u017edinu objavljene su na slu\u017ebenoj stranici Vara\u017edinske \u017eupanije &#8211; Isplate iz prora\u010duna[\/vc_column_text][\/vc_column][\/vc_row]<\/p>\n","protected":false},"excerpt":{"rendered":"<p>[vc_row][vc_column][vc_column_text]GLAZBENA \u0160KOLA U VARA\u017dDINU, Kapucinski trg 8, Vara\u017edin OIB:53107915745 Sukladno \u010dlanku 6. stavku 1. Naputka o okvirnom sadr\u017eaju, minimalnom skupu podataka te na\u010dinu javne objave informacija o tro\u0161enju sredstava na mre\u017enim stranicama jedinica lokalne i podru\u010dne (regionalne) samouprave te prora\u010dunskih i izvanprora\u010dunskih korisnika dr\u017eavnog prora\u010duna i jedinica lokalne i podru\u010dne (regionalne) samouprave (Narodne novine br. [&hellip;]<\/p>\n","protected":false},"author":524,"featured_media":0,"parent":0,"menu_order":0,"comment_status":"closed","ping_status":"closed","template":"","meta":{"footnotes":""},"class_list":["post-40493","page","type-page","status-publish","hentry"],"translation":{"provider":"WPGlobus","version":"3.0.0","language":"gb","enabled_languages":["hr","gb"],"languages":{"hr":{"title":true,"content":true,"excerpt":false},"gb":{"title":false,"content":false,"excerpt":false}}},"_links":{"self":[{"href":"https:\/\/glazbena.hr\/gb\/wp-json\/wp\/v2\/pages\/40493","targetHints":{"allow":["GET"]}}],"collection":[{"href":"https:\/\/glazbena.hr\/gb\/wp-json\/wp\/v2\/pages"}],"about":[{"href":"https:\/\/glazbena.hr\/gb\/wp-json\/wp\/v2\/types\/page"}],"author":[{"embeddable":true,"href":"https:\/\/glazbena.hr\/gb\/wp-json\/wp\/v2\/users\/524"}],"replies":[{"embeddable":true,"href":"https:\/\/glazbena.hr\/gb\/wp-json\/wp\/v2\/comments?post=40493"}],"version-history":[{"count":1,"href":"https:\/\/glazbena.hr\/gb\/wp-json\/wp\/v2\/pages\/40493\/revisions"}],"predecessor-version":[{"id":40494,"href":"https:\/\/glazbena.hr\/gb\/wp-json\/wp\/v2\/pages\/40493\/revisions\/40494"}],"wp:attachment":[{"href":"https:\/\/glazbena.hr\/gb\/wp-json\/wp\/v2\/media?parent=40493"}],"curies":[{"name":"wp","href":"https:\/\/api.w.org\/{rel}","templated":true}]}}