{"id":4462,"date":"2019-09-28T16:48:00","date_gmt":"2019-09-28T14:48:00","guid":{"rendered":"https:\/\/glazbena.hr\/?page_id=4462"},"modified":"2025-01-04T19:55:49","modified_gmt":"2025-01-04T18:55:49","slug":"procelnik-odjela","status":"publish","type":"page","link":"https:\/\/glazbena.hr\/gb\/procelnik-odjela\/","title":{"rendered":"Vara\u017edinske toplice regional department"},"content":{"rendered":"<p><strong>HEAD OF THE DEPARTEMENT<\/strong><\/p>\n<p>&nbsp;<\/p>\n<p><strong>Tomislav Ratkovi\u0107<\/strong><\/p>\n<p><img loading=\"lazy\" decoding=\"async\" class=\"alignnone size-medium wp-image-37407\" src=\"https:\/\/glazbena.hr\/wp-content\/uploads\/2024\/12\/Tomislav-Ratkovic-foto-Nikola-Zver-192x300.jpg\" alt=\"\" width=\"192\" height=\"300\" srcset=\"https:\/\/glazbena.hr\/wp-content\/uploads\/2024\/12\/Tomislav-Ratkovic-foto-Nikola-Zver-192x300.jpg 192w, https:\/\/glazbena.hr\/wp-content\/uploads\/2024\/12\/Tomislav-Ratkovic-foto-Nikola-Zver-655x1024.jpg 655w, https:\/\/glazbena.hr\/wp-content\/uploads\/2024\/12\/Tomislav-Ratkovic-foto-Nikola-Zver-768x1200.jpg 768w, https:\/\/glazbena.hr\/wp-content\/uploads\/2024\/12\/Tomislav-Ratkovic-foto-Nikola-Zver.jpg 819w\" sizes=\"auto, (max-width: 192px) 100vw, 192px\" \/><\/p>\n<p>Tomislav Ratkovi\u0107 was born on April 9, 1981 in Vara\u017edin, where he graduated from music high school in the class of teacher Darko Navoj. He graduated from the Academy of Music in Zagreb &#8211; studied trumpet in the class of professor Stanko Selak. During his studies, he regularly participated in the concerts of the Academy of Music with the academy symphony orchestra (performances in C. Orff &#8211; Carmina Burana, A. Honeger &#8211; Ivana Orleanska, L. von Beethoven &#8211; 9th symphony) At the same academy, he completed his master&#8217;s degree in trumpet in 2008 in the class of professor Marin Zoki\u0107. He attended seminars in Gro\u017enjan and Novi Mesto with professor S. Arnold and James Thompson, in Vara\u017edin, at the baroque music seminars &#8220;Aestas musica&#8221;, seminar of professor Reinhold Friedrich, seminars by Guido Segers &#8211; trumpeter of the Munich Philharmonic, Kiril Soldatov and many other famous soloists and pedagogues. At the first competition of young trumpeters in Croatia, he won the 1st prize in the 3rd category. At the international Woodwind &amp; Brass competition in Vara\u017edin in 2017, in the Grand Prix II category (from 29 to 36 years old), he won first prize with 99 points and third place in the final of the competition. On the occasion of the celebration of the 170th anniversary of the Vara\u017edin school of Music, he played with accompaniment of the Zagreb Philharmonic Orchestra. From 2003 to 2016, he was a trumpet teacher at the Po\u017eega Music School, where, in addition to teaching trumpet, he also led the school brass orchestra and Brass Quintet for a time. From 2016 to 2020, he was a trumpet teacher at the Fortunat Pintari\u0107 Art School in Koprivnica and since 2020 he has been a trumpet teacher at the Vara\u017edin School of Music.<\/p>\n<p>He has lectured at numerous trumpet seminars organized by the Association of Amateur Wind Orchestras of Slavonia and Baranja (Po\u017eega, Nova Gradi\u0161ka, Na\u0161ice, Slavonski Brod and \u0110akovo).<\/p>\n<p>He also participated in the work of the Summer Music Camp in Maru\u0161evec, holding artistic trumpet lessons. In addition to solo recitals and concerts, of which the performances at the Vara\u017edin Baroque Evenings and the Heferer cycle are particularly noteworthy, he regularly collaborates with the Vara\u017edin Chamber Orchestra and the Cantus ensemble. He has also performed several concerts with Zagreb Philharmonic Orchestra.<\/p>\n<p>Since 2021, he has been a member of the Cultural Council of the City of Vara\u017edin.<\/p>\n","protected":false},"excerpt":{"rendered":"<p>HEAD OF THE DEPARTEMENT &nbsp; Tomislav Ratkovi\u0107 Tomislav Ratkovi\u0107 was born on April 9, 1981 in Vara\u017edin, where he graduated from music high school in the class of teacher Darko Navoj. He graduated from the Academy of Music in Zagreb &#8211; studied trumpet in the class of professor Stanko Selak. During his studies, he regularly [&hellip;]<\/p>\n","protected":false},"author":11,"featured_media":0,"parent":0,"menu_order":0,"comment_status":"closed","ping_status":"closed","template":"","meta":{"footnotes":""},"class_list":["post-4462","page","type-page","status-publish","hentry"],"translation":{"provider":"WPGlobus","version":"3.0.0","language":"gb","enabled_languages":["hr","gb"],"languages":{"hr":{"title":true,"content":true,"excerpt":false},"gb":{"title":true,"content":true,"excerpt":false}}},"_links":{"self":[{"href":"https:\/\/glazbena.hr\/gb\/wp-json\/wp\/v2\/pages\/4462","targetHints":{"allow":["GET"]}}],"collection":[{"href":"https:\/\/glazbena.hr\/gb\/wp-json\/wp\/v2\/pages"}],"about":[{"href":"https:\/\/glazbena.hr\/gb\/wp-json\/wp\/v2\/types\/page"}],"author":[{"embeddable":true,"href":"https:\/\/glazbena.hr\/gb\/wp-json\/wp\/v2\/users\/11"}],"replies":[{"embeddable":true,"href":"https:\/\/glazbena.hr\/gb\/wp-json\/wp\/v2\/comments?post=4462"}],"version-history":[{"count":9,"href":"https:\/\/glazbena.hr\/gb\/wp-json\/wp\/v2\/pages\/4462\/revisions"}],"predecessor-version":[{"id":37682,"href":"https:\/\/glazbena.hr\/gb\/wp-json\/wp\/v2\/pages\/4462\/revisions\/37682"}],"wp:attachment":[{"href":"https:\/\/glazbena.hr\/gb\/wp-json\/wp\/v2\/media?parent=4462"}],"curies":[{"name":"wp","href":"https:\/\/api.w.org\/{rel}","templated":true}]}}