{"id":4469,"date":"2019-09-28T16:50:54","date_gmt":"2019-09-28T14:50:54","guid":{"rendered":"https:\/\/glazbena.hr\/?page_id=4469"},"modified":"2025-03-10T19:53:01","modified_gmt":"2025-03-10T18:53:01","slug":"profesori-3","status":"publish","type":"page","link":"https:\/\/glazbena.hr\/gb\/profesori-3\/","title":{"rendered":"Teachers"},"content":{"rendered":"<p><img loading=\"lazy\" decoding=\"async\" class=\"aligncenter wp-image-4481\" src=\"https:\/\/glazbena.hr\/wp-content\/uploads\/2019\/09\/saksofon-300x200.jpg\" alt=\"\" width=\"350\" height=\"234\" srcset=\"https:\/\/glazbena.hr\/wp-content\/uploads\/2019\/09\/saksofon-300x200.jpg 300w, https:\/\/glazbena.hr\/wp-content\/uploads\/2019\/09\/saksofon-768x513.jpg 768w, https:\/\/glazbena.hr\/wp-content\/uploads\/2019\/09\/saksofon-1024x684.jpg 1024w, https:\/\/glazbena.hr\/wp-content\/uploads\/2019\/09\/saksofon.jpg 1400w\" sizes=\"auto, (max-width: 350px) 100vw, 350px\" \/><\/p>\n<p style=\"text-align: center;\">Karmen Antunovi\u0107, M.Mus.- Accordion<br \/>\nDaniel \u0110un\u0111u\u0161, BA &#8211; Saxophone<br \/>\nVedran Lesar, M. Musicol. &#8211; Solfege, Choir, Music theory<br \/>\nSilvija Novak, M.Mus. &#8211; Piano<br \/>\nMiodrag Paravinja, teacher \u2013 Tamburitza, Solfeggio<br \/>\nAna Pavlina Kopjar, teacher &#8211; Piano<br \/>\nNinoslav Plantak, teacher &#8211; Tamburitza<br \/>\nM.Art. Tomislav Ratkovi\u0107 &#8211; Trumpet<br \/>\nMarko \u0160antek, M.Mus. &#8211; Piano<br \/>\n<img loading=\"lazy\" decoding=\"async\" class=\"aligncenter wp-image-4482\" src=\"https:\/\/glazbena.hr\/wp-content\/uploads\/2019\/09\/Koncert_ucenika_VBV-31-300x200.jpg\" alt=\"\" width=\"350\" height=\"234\" srcset=\"https:\/\/glazbena.hr\/wp-content\/uploads\/2019\/09\/Koncert_ucenika_VBV-31-300x200.jpg 300w, https:\/\/glazbena.hr\/wp-content\/uploads\/2019\/09\/Koncert_ucenika_VBV-31-768x513.jpg 768w, https:\/\/glazbena.hr\/wp-content\/uploads\/2019\/09\/Koncert_ucenika_VBV-31-1024x684.jpg 1024w, https:\/\/glazbena.hr\/wp-content\/uploads\/2019\/09\/Koncert_ucenika_VBV-31.jpg 1600w\" sizes=\"auto, (max-width: 350px) 100vw, 350px\" \/><\/p>\n","protected":false},"excerpt":{"rendered":"<p>Karmen Antunovi\u0107, M.Mus.- Accordion Daniel \u0110un\u0111u\u0161, BA &#8211; Saxophone Vedran Lesar, M. Musicol. &#8211; Solfege, Choir, Music theory Silvija Novak, M.Mus. &#8211; Piano Miodrag Paravinja, teacher \u2013 Tamburitza, Solfeggio Ana Pavlina Kopjar, teacher &#8211; Piano Ninoslav Plantak, teacher &#8211; Tamburitza M.Art. Tomislav Ratkovi\u0107 &#8211; Trumpet Marko \u0160antek, M.Mus. &#8211; Piano<\/p>\n","protected":false},"author":11,"featured_media":0,"parent":0,"menu_order":0,"comment_status":"closed","ping_status":"closed","template":"","meta":{"footnotes":""},"class_list":["post-4469","page","type-page","status-publish","hentry"],"translation":{"provider":"WPGlobus","version":"3.0.0","language":"gb","enabled_languages":["hr","gb"],"languages":{"hr":{"title":true,"content":true,"excerpt":false},"gb":{"title":true,"content":true,"excerpt":false}}},"_links":{"self":[{"href":"https:\/\/glazbena.hr\/gb\/wp-json\/wp\/v2\/pages\/4469","targetHints":{"allow":["GET"]}}],"collection":[{"href":"https:\/\/glazbena.hr\/gb\/wp-json\/wp\/v2\/pages"}],"about":[{"href":"https:\/\/glazbena.hr\/gb\/wp-json\/wp\/v2\/types\/page"}],"author":[{"embeddable":true,"href":"https:\/\/glazbena.hr\/gb\/wp-json\/wp\/v2\/users\/11"}],"replies":[{"embeddable":true,"href":"https:\/\/glazbena.hr\/gb\/wp-json\/wp\/v2\/comments?post=4469"}],"version-history":[{"count":8,"href":"https:\/\/glazbena.hr\/gb\/wp-json\/wp\/v2\/pages\/4469\/revisions"}],"predecessor-version":[{"id":38213,"href":"https:\/\/glazbena.hr\/gb\/wp-json\/wp\/v2\/pages\/4469\/revisions\/38213"}],"wp:attachment":[{"href":"https:\/\/glazbena.hr\/gb\/wp-json\/wp\/v2\/media?parent=4469"}],"curies":[{"name":"wp","href":"https:\/\/api.w.org\/{rel}","templated":true}]}}