{"id":4471,"date":"2019-09-28T16:51:19","date_gmt":"2019-09-28T14:51:19","guid":{"rendered":"https:\/\/glazbena.hr\/?page_id=4471"},"modified":"2021-05-05T10:30:15","modified_gmt":"2021-05-05T08:30:15","slug":"2019-2020","status":"publish","type":"page","link":"https:\/\/glazbena.hr\/gb\/2019-2020\/","title":{"rendered":"2019.\/2020."},"content":{"rendered":"<p><a href=\"https:\/\/glazbena.hr\/wp-content\/uploads\/2020\/12\/20200530-6.-medunarodno-takmicenje-iz-teorijskih-predmeta-Beograd-Srbija.xls.pdf\">30.05.2020. &#8211; 6. me\u0111unarodno takmi\u010denje iz teorijskih predmeta &#8211; Beograd &#8211; Srbija.xls<\/a><\/p>\n<p><a href=\"https:\/\/glazbena.hr\/wp-content\/uploads\/2020\/05\/20200524-6.-me\u0111unarodno-natjecanje-iz-solfeggia-i-teorije-glazbe-Beograd-Srbija.pdf\">24.05.2020. &#8211; 6. me\u0111unarodno natjecanje iz solfeggia i teorije glazbe &#8211; Beograd &#8211; Srbija<\/a><\/p>\n<p><a href=\"https:\/\/glazbena.hr\/wp-content\/uploads\/2020\/12\/20200310-Medunarodno-natjecanje-Davorin-Jenko-Beograd-Srbija.pdf\">10.03.2020. &#8211; Me\u0111unarodno natjecanje Davorin Jenko &#8211; Beograd &#8211; Srbija<\/a><\/p>\n<p><a href=\"https:\/\/glazbena.hr\/wp-content\/uploads\/2020\/02\/20200222-II.-me\u0111unarodno-natjecanje-zborova-Istria-Cantat-Pula-Hrvatska.pdf\">22.02.2020. &#8211; II. me\u0111unarodno natjecanje zborova Istria Cantat &#8211; Pula &#8211; Hrvatska<\/a><\/p>\n<p><a href=\"https:\/\/glazbena.hr\/wp-content\/uploads\/2020\/02\/20200216-26.-me\u0111unarodno-natjecanje-Mladi-virtuozi-Zagreb-Hrvatska.pdf\">16.02.2020. &#8211; 26. me\u0111unarodno natjecanje Mladi virtuozi &#8211; Zagreb &#8211; Hrvatska<\/a><\/p>\n<p><a href=\"https:\/\/glazbena.hr\/wp-content\/uploads\/2020\/02\/20200205-XVII.-International-Competition-Davorin-Jenko-2020-Beograd-Srbija-1.pdf\">05.02.2020. &#8211; Me\u0111unarodno natjecanje Davorin Jenko 2020 &#8211; Beograd &#8211; Srbija<\/a><\/p>\n<p><a href=\"https:\/\/glazbena.hr\/wp-content\/uploads\/2021\/05\/202003-International-Music-Competition-Beograd-Srbija-online.pdf\">03.02.2021. &#8211; International Music Competition &#8211; Beograd &#8211; Srbija &#8211; online<\/a><\/p>\n<p><a href=\"https:\/\/glazbena.hr\/wp-content\/uploads\/2020\/02\/20200203-Slovenski-izbor-za-Euroviziju-mladih-glazbenika-2020-Ljubljana-Slovenija.pdf\">03.02.2020. &#8211; Slovenski izbor za Euroviziju mladih glazbenika 2020 &#8211; Ljubljana &#8211; Slovenija<\/a><\/p>\n<p><a href=\"https:\/\/glazbena.hr\/wp-content\/uploads\/2020\/02\/20200201-Hrvatski-izbor-za-Euroviziju-mladih-glazbenika-2020-Zagreb-Hrvatska.pdf\">01.02.2020. &#8211; Hrvatski izbor za Euroviziju mladih glazbenika 2020 &#8211; Zagreb &#8211; Hrvatska<\/a><\/p>\n<p><a href=\"https:\/\/glazbena.hr\/wp-content\/uploads\/2020\/01\/20200126-9.-me\u0111unarodno-natjecanje-za-pijaniste-Ivan-Rijavec-Roga\u0161ka-Slatina-Slovenija.pdf\">26.01.2020. &#8211; 9. me\u0111unarodno natjecanje za pijaniste Ivan Rijavec &#8211; Roga\u0161ka Slatina &#8211; Slovenija<\/a><\/p>\n<p><a href=\"https:\/\/glazbena.hr\/wp-content\/uploads\/2020\/01\/20200125-3.-hrvatska-glazbena-olimpijada-Pregrada-Hrvatska.pdf\">25.01.2020. &#8211; 3. hrvatska glazbena olimpijada &#8211; Pregrada &#8211; Hrvatska<\/a><\/p>\n<p><a href=\"https:\/\/glazbena.hr\/wp-content\/uploads\/2019\/12\/20191117-6.-Internationalen-Bela-Bartok-Klavierwettbewerb-Graz-Austrija-1.pdf\">17.11.2019. &#8211; 6. Internationalen Bela Bartok Klavierwettbewerb &#8211; Graz &#8211; Austrija<\/a><\/p>\n<p><a href=\"https:\/\/glazbena.hr\/wp-content\/uploads\/2019\/11\/20191115-54th-International-Antonin-Dvorak-Singing-Competition-Karlovy-Vary-\u010ce\u0161ka.pdf\">15.11.2019. &#8211; 54th International Antonin Dvorak Singing Competition &#8211; Karlovy Vary &#8211; \u010ce\u0161ka<\/a><\/p>\n<p><a href=\"https:\/\/glazbena.hr\/wp-content\/uploads\/2019\/09\/20190907-1.-me\u0111unarodno-natjecanje-za-mlade-orgulja\u0161e-Fondazione-Friuli-Udine-Italija.pdf\">07.09.2019 &#8211; 1. me\u0111unarodno natjecanje za mlade orgulja\u0161e Fondazione Friuli &#8211; Udine &#8211; Italija<\/a><\/p>\n","protected":false},"excerpt":{"rendered":"<p>30.05.2020. &#8211; 6. me\u0111unarodno takmi\u010denje iz teorijskih predmeta &#8211; Beograd &#8211; Srbija.xls 24.05.2020. &#8211; 6. me\u0111unarodno natjecanje iz solfeggia i teorije glazbe &#8211; Beograd &#8211; Srbija 10.03.2020. &#8211; Me\u0111unarodno natjecanje Davorin Jenko &#8211; Beograd &#8211; Srbija 22.02.2020. &#8211; II. me\u0111unarodno natjecanje zborova Istria Cantat &#8211; Pula &#8211; Hrvatska 16.02.2020. &#8211; 26. me\u0111unarodno natjecanje Mladi virtuozi [&hellip;]<\/p>\n","protected":false},"author":11,"featured_media":0,"parent":0,"menu_order":0,"comment_status":"closed","ping_status":"closed","template":"","meta":{"footnotes":""},"class_list":["post-4471","page","type-page","status-publish","hentry"],"translation":{"provider":"WPGlobus","version":"3.0.0","language":"gb","enabled_languages":["hr","gb"],"languages":{"hr":{"title":true,"content":true,"excerpt":false},"gb":{"title":false,"content":false,"excerpt":false}}},"_links":{"self":[{"href":"https:\/\/glazbena.hr\/gb\/wp-json\/wp\/v2\/pages\/4471","targetHints":{"allow":["GET"]}}],"collection":[{"href":"https:\/\/glazbena.hr\/gb\/wp-json\/wp\/v2\/pages"}],"about":[{"href":"https:\/\/glazbena.hr\/gb\/wp-json\/wp\/v2\/types\/page"}],"author":[{"embeddable":true,"href":"https:\/\/glazbena.hr\/gb\/wp-json\/wp\/v2\/users\/11"}],"replies":[{"embeddable":true,"href":"https:\/\/glazbena.hr\/gb\/wp-json\/wp\/v2\/comments?post=4471"}],"version-history":[{"count":3,"href":"https:\/\/glazbena.hr\/gb\/wp-json\/wp\/v2\/pages\/4471\/revisions"}],"predecessor-version":[{"id":15399,"href":"https:\/\/glazbena.hr\/gb\/wp-json\/wp\/v2\/pages\/4471\/revisions\/15399"}],"wp:attachment":[{"href":"https:\/\/glazbena.hr\/gb\/wp-json\/wp\/v2\/media?parent=4471"}],"curies":[{"name":"wp","href":"https:\/\/api.w.org\/{rel}","templated":true}]}}