{"id":4665,"date":"2019-09-15T17:55:57","date_gmt":"2019-09-15T15:55:57","guid":{"rendered":"https:\/\/glazbena.hr\/?page_id=4665"},"modified":"2023-01-19T12:44:48","modified_gmt":"2023-01-19T10:44:48","slug":"ucenici-osnovna-skola","status":"publish","type":"page","link":"https:\/\/glazbena.hr\/gb\/ucenici-osnovna-skola\/","title":{"rendered":"U\u010denici &#8211; osnovna \u0161kola"},"content":{"rendered":"<p><a href=\"https:\/\/glazbena.hr\/wp-content\/uploads\/2023\/01\/pilot-projekta-besplatnoga-javnog-zeljeznickog-prijevoza-djece-i-ucenika-osnovnih-i-srednjih-skola-na-podrucju-RH.pdf\" target=\"_blank\" rel=\"noopener\">Pilot-projekta besplatnoga javnog \u017eeljezni\u010dkog prijevoza djece i u\u010denika osnovnih i srednjih \u0161kola na podru\u010dju RH<\/a><\/p>\n<p><a href=\"https:\/\/glazbena.hr\/wp-content\/uploads\/2022\/09\/Dopis-za-roditelje-pocetak-skolske-godine-2022-2023..pdf\" target=\"_blank\" rel=\"noopener\">Dopis za roditelje &#8211; po\u010detak \u0161kolske godine 2022-2023.<\/a><\/p>\n<p><a href=\"https:\/\/glazbena.hr\/wp-content\/uploads\/2022\/09\/Dopis-Osiguranje-ucenika-2022.2023.pdf\" target=\"_blank\" rel=\"noopener\">Dopis &#8211; Osiguranje u\u010denika &#8211; 2022.2023<\/a><\/p>\n<p><a href=\"https:\/\/glazbena.hr\/wp-content\/uploads\/2022\/08\/OSNOVNA-GLAZBENA-SKOLA-organizacija-1.-dana-nastave-1.pdf\" target=\"_blank\" rel=\"noopener\">OSNOVNA GLAZBENA \u0160KOLA &#8211; organizacija 1. dana nastave<\/a><\/p>\n<p><a href=\"https:\/\/glazbena.hr\/wp-content\/uploads\/2022\/08\/PODRUCNI-ODJELI-organizacija-1.-dana-nastave.pdf\" target=\"_blank\" rel=\"noopener\">PODRU\u010cNI ODJELI &#8211; organizacija 1. dana nastave<\/a><\/p>\n<p><a href=\"https:\/\/glazbena.hr\/wp-content\/uploads\/2021\/09\/Postupanje-s-bliskim-kontaktima-u-odgojno-obrazovnim-ustanovama-Mjera-zdravstvenog-nadzora-u-samoizolaciji-1.pdf\">Postupanje-s-bliskim-kontaktima-u-odgojno-obrazovnim-ustanovama-Mjera-zdravstvenog-nadzora-u-samoizolaciji (1)<\/a><\/p>\n<p><a href=\"https:\/\/glazbena.hr\/wp-content\/uploads\/2021\/09\/Upute-za-sprjecavanje-i-suzbijanje-epidemije-bolesti-COVID-19-vezano-uz-rad-predskolskih-ustanova-osnovnih-i-srednjih-skola-u-skolskoj-godini-2021.-2022..pdf\">Upute-za-sprje\u010davanje-i-suzbijanje-epidemije-bolesti-COVID-19-vezano-uz-rad-pred\u0161kolskih-ustanova-osnovnih-i-srednjih-\u0161kola-u-\u0161kolskoj-godini-2021.-2022.<\/a><\/p>\n<p><a href=\"https:\/\/glazbena.hr\/wp-content\/uploads\/2021\/09\/Dopis-Osiguranje-ucenika-2021.2022.pdf\">Dopis &#8211; Osiguranje u\u010denika &#8211; 2021.2022<\/a><\/p>\n<p><a href=\"https:\/\/glazbena.hr\/wp-content\/uploads\/2021\/09\/Dopis-za-roditelje-pocetak-skolske-godine-2021-2022..pdf\">Dopis za roditelje &#8211; po\u010detak \u0161kolske godine 2021-2022.<\/a><\/p>\n<p><a href=\"https:\/\/glazbena.hr\/wp-content\/uploads\/2021\/05\/Odluka-o-organizaciji-nastave-od-17.-svibnja-2021.-godine.pdf\">Odluka o organizaciji nastave od 17. svibnja 2021. godine<\/a><\/p>\n<p><a href=\"https:\/\/glazbena.hr\/wp-content\/uploads\/2021\/04\/Odluka-o-organizaciji-nastave-od-3.-do-8.-svibnja-2021.pdf\">Odluka o organizaciji nastave od 3. do 8. svibnja 2021<\/a><\/p>\n<p><a href=\"https:\/\/glazbena.hr\/wp-content\/uploads\/2021\/04\/Odluka-o-organizaciji-nastave-od-26.-do-30.-travnja-2021..pdf\">Odluka o organizaciji nastave od 26. do 30. travnja 2021.<\/a><\/p>\n<p><a href=\"https:\/\/glazbena.hr\/wp-content\/uploads\/2021\/04\/Odluka-o-organizaciji-nastave-od-19.04.2021.-do-24.04.2021..pdf\">Odluka o organizaciji nastave od 19.04.2021. do 24.04.2021.<\/a><\/p>\n<p><a href=\"https:\/\/glazbena.hr\/wp-content\/uploads\/2021\/04\/Odluka-o-organizaciji-nastave-od-12.-do-17.-travnja-2021..pdf\">Odluka o organizaciji nastave od 12. do 17. travnja 2021.<\/a><\/p>\n<p><a href=\"https:\/\/glazbena.hr\/wp-content\/uploads\/2021\/03\/Odluka-o-promjeni-organizacije-nastave-od-29.-ozujka-do-1.-travnja-2021.-godine.pdf\">Odluka o promjeni organizacije nastave od 29. o\u017eujka do 1. travnja 2021. godine<\/a><\/p>\n<p><a href=\"https:\/\/glazbena.hr\/wp-content\/uploads\/2021\/03\/Odluka-o-organizaciji-nastave-od-22.-ozujka-do-1.-travnja-2021..pdf\">Odluka o organizaciji nastave od 22. o\u017eujka do 1. travnja 2021.<\/a><a href=\"https:\/\/glazbena.hr\/wp-content\/uploads\/2021\/03\/Odluka-o-organizaciji-nastave-od-10.-do-20.-ozujka-2021.-godine.pdf\">Odluka o organizaciji nastave od 10. do 20. o\u017eujka 2021. godine<\/a><\/p>\n<p><a href=\"https:\/\/glazbena.hr\/wp-content\/uploads\/2021\/02\/Odluka-o-organizaciji-nastave-od-1.-ozujka-2021.-godine.pdf\">Odluka o organizaciji nastave od 1. o\u017eujka 2021. godine<\/a><\/p>\n<p><a href=\"https:\/\/glazbena.hr\/wp-content\/uploads\/2021\/01\/Odluka-o-organizaciji-nastave-od-01.02.-do-12.2.2021..pdf\">Odluka o organizaciji nastave od 01.02. do 12.2.2021.<\/a><\/p>\n<p><a href=\"https:\/\/glazbena.hr\/wp-content\/uploads\/2021\/02\/Odluka-o-organizaciji-nastave-u-Glazbenoj-skoli-u-Varazdinu-od-15.02.-do-28.2.2021..pdf\">Odluka o organizaciji nastave u Glazbenoj \u0161koli u Vara\u017edinu od 15.02. do 28.2.2021.<\/a><\/p>\n<p><a href=\"https:\/\/glazbena.hr\/wp-content\/uploads\/2021\/01\/NOVO-Odluka-o-organizaciji-rada-Glazbene-skole-u-Varazdinu-od-18.01.-do-31.01.2021..pdf\">NOVO &#8211; Odluka o organizaciji rada Glazbene \u0161kole u Vara\u017edinu od 18.01. do 31.01.2021.<\/a><\/p>\n<p><a href=\"https:\/\/glazbena.hr\/wp-content\/uploads\/2021\/01\/Odluka-o-organizaciji-rada-Glazbene-skole-u-Varazdinu-od-18.01.-do-31.01.2021..pdf\">Odluka o organizaciji rada Glazbene \u0161kole u Vara\u017edinu od 18.01. do 31.01.2021.<\/a><\/p>\n<p><a href=\"https:\/\/glazbena.hr\/wp-content\/uploads\/2020\/12\/Odluka-o-promjeni-organizacije-rada-od-3.12.2020.pdf\">Odluka o promjeni organizacije rada od 3.12.2020<\/a><\/p>\n<p><a href=\"https:\/\/glazbena.hr\/wp-content\/uploads\/2020\/11\/Odluka-o-promjeni-organizacije-rada-od-21.11.2020-1.pdf\">Odluka o promjeni organizacije rada od 21.11.2020 (1)<\/a><\/p>\n<p><a href=\"https:\/\/glazbena.hr\/wp-content\/uploads\/2020\/11\/Odluka-o-promjeni-organizacije-rada-od-21.11.2020.pdf\">Odluka o promjeni organizacije rada od 21.11.2020<\/a><\/p>\n<p><a href=\"https:\/\/glazbena.hr\/wp-content\/uploads\/2020\/11\/Odluka-o-promjeni-organizacije-rada-od-9.11.-do-22.11.2020..pdf\">Odluka o promjeni organizacije rada od 9.11. do 22.11.2020.<\/a><\/p>\n<p><a href=\"https:\/\/glazbena.hr\/wp-content\/uploads\/2020\/10\/UPUTE-ZA-ONLINE-NASTAVU-i-YAMMER-POVEZNICE-ZA-SVAKI-RAZRED.pdf\">UPUTE ZA ONLINE NASTAVU i YAMMER POVEZNICE ZA SVAKI RAZRED<\/a><\/p>\n<p><a href=\"https:\/\/glazbena.hr\/wp-content\/uploads\/2020\/10\/Preporuke-Zavoda-za-javno-zdravstvo-za-roditelje-za-nize-razrede-samoizolacija-i-karantena.pdf\">Preporuke Zavoda za javno zdravstvo za roditelje za ni\u017ee razrede &#8211; samoizolacija i karantena<\/a><\/p>\n<p><a href=\"https:\/\/glazbena.hr\/wp-content\/uploads\/2020\/10\/Preporuke-Zavoda-za-javno-zdravstvo-za-roditelje-za-vise-razrede-i-sredje-skole-samoizolacija-i-karantena.pdf\">Preporuke Zavoda za javno zdravstvo za roditelje za vi\u0161e razrede i srednje \u0161kole &#8211; samoizolacija i karantena<\/a><\/p>\n<p><a href=\"https:\/\/glazbena.hr\/wp-content\/uploads\/2020\/10\/Vijece-ucenika-poziv-5.10.2020.-u-1645-sati.pdf\">Vije\u0107e u\u010denika &#8211; poziv &#8211; 5.10.2020. u 16,45 sati<\/a><\/p>\n<p><a href=\"https:\/\/glazbena.hr\/wp-content\/uploads\/2020\/10\/Vijece-roditelja-poziv-5.10.2020.-u-1730-sati.pdf\">Vije\u0107e roditelja &#8211; poziv &#8211; 5.10.2020. u 17,30 sati<\/a><\/p>\n<p><a href=\"https:\/\/glazbena.hr\/wp-content\/uploads\/2020\/09\/aplikacija-za-izdavanje-potvrda-o-\u0161kolovanju.pdf\">Aplikacija za izdavanje potvrda o \u0161kolovanju<\/a><\/p>\n<p><a href=\"https:\/\/glazbena.hr\/wp-content\/uploads\/2020\/09\/Odjel-za-puha\u010dke-instrumente-raspored-novoupisanih-u\u010denika.pdf\">Odjel za puha\u010dke instrumente &#8211; raspored novoupisanih u\u010denika<\/a><\/p>\n<p><a href=\"https:\/\/glazbena.hr\/wp-content\/uploads\/2020\/09\/Klavir-raspored-u\u010denika-1.r.-osnovne-glazbene-\u0161kole.pdf\">Klavir &#8211; raspored u\u010denika 1.r. osnovne glazbene \u0161kole<\/a><\/p>\n<p><a href=\"https:\/\/glazbena.hr\/wp-content\/uploads\/2020\/09\/Upute-o-realizaciji-nastave-2020.-2021..pdf\">Upute o realizaciji nastave 2020.-2021.<\/a><\/p>\n<p><a href=\"https:\/\/glazbena.hr\/wp-content\/uploads\/2020\/08\/Vije\u0107e-u\u010denika-2.-rujna-2020.-u-1630-sati.pdf\">Vije\u0107e u\u010denika &#8211; 2. rujna 2020. u 16,30 sati<\/a><\/p>\n<p><a href=\"https:\/\/glazbena.hr\/wp-content\/uploads\/2020\/08\/Vije\u0107e-roditelja-2.-rujna-2020.-u-1730-sati.pdf\">Vije\u0107e roditelja &#8211; 2. rujna 2020. u 17,30 sati<\/a><\/p>\n<p><a href=\"https:\/\/glazbena.hr\/wp-content\/uploads\/2020\/07\/Podjela-svjedod\u017ebi-i-upis-u-vi\u0161i-razred-o\u0161-s\u0161-i-pr..pdf\">Podjela svjedod\u017ebi i upis u vi\u0161i razred &#8211; osnovna \u0161kola, srednja \u0161kola i pripremno obrazovanje<\/a><\/p>\n<p><a href=\"https:\/\/glazbena.hr\/wp-content\/uploads\/2020\/06\/Obavijest-o-polaganju-ispita-iz-predmeta-zbor-za-u\u010denike-osnovne-glazbene-\u0161kole.pdf\">Obavijest o polaganju ispita iz predmeta zbor za u\u010denike osnovne glazbene \u0161kole<\/a><\/p>\n<p><a href=\"https:\/\/glazbena.hr\/wp-content\/uploads\/2020\/06\/Polaganje-ispita-iz-predmeta-Zbor-za-osnovnu-glazbenu-\u0161kolu.pdf\">Polaganje ispita iz predmeta Zbor za osnovnu glazbenu \u0161kolu<\/a><\/p>\n<p><a href=\"https:\/\/glazbena.hr\/wp-content\/uploads\/2020\/01\/Za\u0161tita-sigurnosti-djece-na-internetu-i-u-svijetu-mre\u017enih-tehnologija.pdf\">Za\u0161tita sigurnosti djece na internetu i u svijetu mre\u017enih tehnologija<\/a><\/p>\n<p><a href=\"https:\/\/glazbena.hr\/wp-content\/uploads\/2019\/10\/Jesenski-praznici.pdf\">Jesenski praznici<\/a><\/p>\n<p><a href=\"https:\/\/glazbena.hr\/wp-content\/uploads\/2019\/10\/Organizacija-odgojno-obrazovnog-rada-u-Glazbenoj-\u0161koli-u-Vara\u017edinu-21.-listopada-2019.pdf\">Organizacija odgojno &#8211; obrazovnog rada u Glazbenoj \u0161koli u Vara\u017edinu &#8211; 21. listopada 2019<\/a><\/p>\n<p><a href=\"https:\/\/glazbena.hr\/wp-content\/uploads\/2019\/10\/Vije\u0107e-roditelja-i-Vije\u0107e-u\u010denika-4.-listopada-2019..pdf\">Vije\u0107e roditelja i Vije\u0107e u\u010denika &#8211; 4. listopada 2019.<\/a><\/p>\n<p><a href=\"https:\/\/glazbena.hr\/wp-content\/uploads\/2019\/09\/Obavijest-za-zbor.pdf\">Obavijest za zbor<\/a><\/p>\n<p><a href=\"https:\/\/glazbena.hr\/wp-content\/uploads\/2019\/09\/Termini-RODITELJSKIH-SASTANAKA-za-OSNOVNU-glazbenu-\u0161kolu-u-VARA\u017dDINU-I-PODRU\u010cNE-ODJELE.pdf\">Termini roditeljskih sastanaka za osnovnu glazbenu \u0161kolu u Vara\u017edinu I Podru\u010dne odjele<\/a><\/p>\n<p><a href=\"https:\/\/glazbena.hr\/wp-content\/uploads\/2019\/09\/PODRU\u010cNI-ODJELI-OG\u0160-Organizacija-1.-dana-nastave-9.-rujna-2019..pdf\">Podru\u010dni odjeli &#8211; OG\u0160 &#8211; Organizacija 1. dana nastave &#8211; 9. rujna 2019.<\/a><\/p>\n<p><a href=\"https:\/\/glazbena.hr\/wp-content\/uploads\/2019\/09\/RASPORED-U\u010cENIKA-1.-RAZREDA-OSNOVNE-GLAZBENE-\u0160KOLE-ZA-NASTAVNI-PREDMET-SOLFEGGIO-9.-RUJNA-2019..pdf\">Raspored u\u010denika 1. razreda osnovne glazbene \u0161kole za nastavni predmet solfeggio &#8211; 9. rujna 2019.<\/a><\/p>\n<p><a href=\"https:\/\/glazbena.hr\/wp-content\/uploads\/2019\/09\/OSNOVNA-GLAZBENA-\u0160KOLA-1.-DAN-9.-RUJNA-2019.-DOGOVOR-ZA-NASTAVU.pdf\">Osnovna glazbena \u0161kola &#8211; dogovor za nastavu &#8211; 9. rujan 2019.<\/a><\/p>\n<p><a href=\"https:\/\/glazbena.hr\/wp-content\/uploads\/2019\/08\/Termini-Popravnih-i-Predmetnih-Razrednih-Ispita-jesenski-rok.pdf\">Termini Popravnih i Predmetnih-Razrednih Ispita &#8211; jesenski rok<\/a><\/p>\n<p><a href=\"https:\/\/glazbena.hr\/wp-content\/uploads\/2019\/06\/Termini-Dopunskog-rada-i-Razrednih-ispita-ljetni-rok-2018.-2019..pdf\">Termini Dopunskog rada i Razrednih ispita &#8211; ljetni rok 2018.-2019.<\/a><\/p>\n<p><a href=\"https:\/\/glazbena.hr\/wp-content\/uploads\/2019\/06\/Podjela-svjedod\u017ebi-za-osnovnu-glazbenu-\u0161kolu-pripremno-obrazovanje-i-srednju-glazbenu-\u0161kolu-te-podru\u010dne-odjele.pdf\">Podjela svjedod\u017ebi za osnovnu glazbenu \u0161kolu, pripremno obrazovanje i srednju glazbenu \u0161kolu te podru\u010dne odjele<\/a><\/p>\n","protected":false},"excerpt":{"rendered":"<p>Pilot-projekta besplatnoga javnog \u017eeljezni\u010dkog prijevoza djece i u\u010denika osnovnih i srednjih \u0161kola na podru\u010dju RH Dopis za roditelje &#8211; po\u010detak \u0161kolske godine 2022-2023. Dopis &#8211; Osiguranje u\u010denika &#8211; 2022.2023 OSNOVNA GLAZBENA \u0160KOLA &#8211; organizacija 1. dana nastave PODRU\u010cNI ODJELI &#8211; organizacija 1. dana nastave Postupanje-s-bliskim-kontaktima-u-odgojno-obrazovnim-ustanovama-Mjera-zdravstvenog-nadzora-u-samoizolaciji (1) Upute-za-sprje\u010davanje-i-suzbijanje-epidemije-bolesti-COVID-19-vezano-uz-rad-pred\u0161kolskih-ustanova-osnovnih-i-srednjih-\u0161kola-u-\u0161kolskoj-godini-2021.-2022. Dopis &#8211; Osiguranje u\u010denika &#8211; 2021.2022 Dopis za [&hellip;]<\/p>\n","protected":false},"author":11,"featured_media":0,"parent":0,"menu_order":0,"comment_status":"closed","ping_status":"closed","template":"","meta":{"footnotes":""},"class_list":["post-4665","page","type-page","status-publish","hentry"],"translation":{"provider":"WPGlobus","version":"3.0.0","language":"gb","enabled_languages":["hr","gb"],"languages":{"hr":{"title":true,"content":true,"excerpt":false},"gb":{"title":false,"content":false,"excerpt":false}}},"_links":{"self":[{"href":"https:\/\/glazbena.hr\/gb\/wp-json\/wp\/v2\/pages\/4665","targetHints":{"allow":["GET"]}}],"collection":[{"href":"https:\/\/glazbena.hr\/gb\/wp-json\/wp\/v2\/pages"}],"about":[{"href":"https:\/\/glazbena.hr\/gb\/wp-json\/wp\/v2\/types\/page"}],"author":[{"embeddable":true,"href":"https:\/\/glazbena.hr\/gb\/wp-json\/wp\/v2\/users\/11"}],"replies":[{"embeddable":true,"href":"https:\/\/glazbena.hr\/gb\/wp-json\/wp\/v2\/comments?post=4665"}],"version-history":[{"count":11,"href":"https:\/\/glazbena.hr\/gb\/wp-json\/wp\/v2\/pages\/4665\/revisions"}],"predecessor-version":[{"id":23016,"href":"https:\/\/glazbena.hr\/gb\/wp-json\/wp\/v2\/pages\/4665\/revisions\/23016"}],"wp:attachment":[{"href":"https:\/\/glazbena.hr\/gb\/wp-json\/wp\/v2\/media?parent=4665"}],"curies":[{"name":"wp","href":"https:\/\/api.w.org\/{rel}","templated":true}]}}