{"id":4667,"date":"2019-09-15T17:56:28","date_gmt":"2019-09-15T15:56:28","guid":{"rendered":"https:\/\/glazbena.hr\/?page_id=4667"},"modified":"2023-01-19T12:46:18","modified_gmt":"2023-01-19T10:46:18","slug":"ucenici-srednja-skola","status":"publish","type":"page","link":"https:\/\/glazbena.hr\/gb\/ucenici-srednja-skola\/","title":{"rendered":"U\u010denici &#8211; srednja \u0161kola"},"content":{"rendered":"<p><a href=\"https:\/\/glazbena.hr\/wp-content\/uploads\/2023\/01\/pilot-projekta-besplatnoga-javnog-zeljeznickog-prijevoza-djece-i-ucenika-osnovnih-i-srednjih-skola-na-podrucju-RH.pdf\" target=\"_blank\" rel=\"noopener\">Pilot-projekta besplatnoga javnog \u017eeljezni\u010dkog prijevoza djece i u\u010denika osnovnih i srednjih \u0161kola na podru\u010dju RH<\/a><\/p>\n<p><a href=\"https:\/\/glazbena.hr\/wp-content\/uploads\/2022\/09\/Dopis-za-roditelje-pocetak-skolske-godine-2022-2023..pdf\" target=\"_blank\" rel=\"noopener\">Dopis za roditelje &#8211; po\u010detak \u0161kolske godine 2022-2023.<\/a><\/p>\n<p><a href=\"https:\/\/glazbena.hr\/wp-content\/uploads\/2022\/09\/Dopis-Osiguranje-ucenika-2022.2023.pdf\" target=\"_blank\" rel=\"noopener\">Dopis &#8211; Osiguranje u\u010denika &#8211; 2022.2023<\/a><\/p>\n<p><a href=\"https:\/\/glazbena.hr\/wp-content\/uploads\/2022\/08\/SREDNJA-GLAZBENA-SKOLA-organizacija-1.-dana-nastave.pdf\" target=\"_blank\" rel=\"noopener\">SREDNJA GLAZBENA \u0160KOLA &#8211; organizacija 1. dana nastave<\/a><\/p>\n<p><a href=\"https:\/\/glazbena.hr\/wp-content\/uploads\/2021\/09\/Dopis-za-roditelje-pocetak-skolske-godine-2021-2022..pdf\">Dopis za roditelje &#8211; po\u010detak \u0161kolske godine 2021-2022.<\/a><\/p>\n<p><a href=\"https:\/\/glazbena.hr\/wp-content\/uploads\/2021\/09\/Dopis-Osiguranje-ucenika-2021.2022.pdf\">Dopis &#8211; Osiguranje u\u010denika &#8211; 2021.2022<\/a><\/p>\n<p><a href=\"https:\/\/glazbena.hr\/wp-content\/uploads\/2021\/09\/Upute-za-sprjecavanje-i-suzbijanje-epidemije-bolesti-COVID-19-vezano-uz-rad-predskolskih-ustanova-osnovnih-i-srednjih-skola-u-skolskoj-godini-2021.-2022..pdf\">Upute-za-sprje\u010davanje-i-suzbijanje-epidemije-bolesti-COVID-19-vezano-uz-rad-pred\u0161kolskih-ustanova-osnovnih-i-srednjih-\u0161kola-u-\u0161kolskoj-godini-2021.-2022.<\/a><\/p>\n<p><a href=\"https:\/\/glazbena.hr\/wp-content\/uploads\/2021\/09\/Postupanje-s-bliskim-kontaktima-u-odgojno-obrazovnim-ustanovama-Mjera-zdravstvenog-nadzora-u-samoizolaciji-1.pdf\">Postupanje-s-bliskim-kontaktima-u-odgojno-obrazovnim-ustanovama-Mjera-zdravstvenog-nadzora-u-samoizolaciji<\/a><\/p>\n<p><a href=\"https:\/\/glazbena.hr\/wp-content\/uploads\/2021\/05\/Odluka-o-organizaciji-nastave-od-17.-svibnja-2021.-godine.pdf\">Odluka o organizaciji nastave od 17. svibnja 2021. godine<\/a><\/p>\n<p><a href=\"https:\/\/glazbena.hr\/wp-content\/uploads\/2021\/04\/Odluka-o-organizaciji-nastave-od-26.-do-30.-travnja-2021..pdf\">Odluka o organizaciji nastave od 26. do 30. travnja 2021.<\/a><\/p>\n<p><a href=\"https:\/\/glazbena.hr\/wp-content\/uploads\/2021\/04\/Odluka-o-organizaciji-nastave-od-19.04.2021.-do-24.04.2021..pdf\">Odluka o organizaciji nastave od 19.04.2021. do 24.04.2021.<\/a><\/p>\n<p><a href=\"https:\/\/glazbena.hr\/wp-content\/uploads\/2021\/04\/Odluka-o-organizaciji-nastave-od-12.-do-17.-travnja-2021..pdf\">Odluka o organizaciji nastave od 12. do 17. travnja 2021.<\/a><\/p>\n<p><a href=\"https:\/\/glazbena.hr\/wp-content\/uploads\/2021\/04\/Raspored-4.-A-skolske-godine-2020.-2021.-od-12.-travnja-2021.-godine.pdf\">Raspored 4. A &#8211; \u0161kolske godine 2020.-2021. od 12. travnja 2021. godine<\/a><\/p>\n<p><a href=\"https:\/\/glazbena.hr\/wp-content\/uploads\/2021\/04\/Odluka-o-organizaciji-nastave-od-12.-do-17.-travnja-2021..pdf\">Odluka o organizaciji nastave od 12. do 17. travnja 2021.<\/a><\/p>\n<p><a href=\"https:\/\/glazbena.hr\/wp-content\/uploads\/2021\/03\/Odluka-o-promjeni-organizacije-nastave-od-29.-ozujka-do-1.-travnja-2021.-godine.pdf\">Odluka o promjeni organizacije nastave od 29. o\u017eujka do 1. travnja 2021. godine<\/a><\/p>\n<p><a href=\"https:\/\/glazbena.hr\/wp-content\/uploads\/2021\/03\/Odluka-o-organizaciji-nastave-od-22.-ozujka-do-1.-travnja-2021..pdf\">Odluka o organizaciji nastave od 22. o\u017eujka do 1. travnja 2021.<\/a><\/p>\n<p><a href=\"https:\/\/glazbena.hr\/wp-content\/uploads\/2021\/03\/Odluka-o-organizaciji-nastave-od-10.-do-20.-ozujka-2021.-godine.pdf\">Odluka o organizaciji nastave od 10. do 20. o\u017eujka 2021. godine<\/a><\/p>\n<p><a href=\"https:\/\/glazbena.hr\/wp-content\/uploads\/2021\/02\/Odluka-o-organizaciji-nastave-od-1.-ozujka-2021.-godine.pdf\">Odluka o organizaciji nastave od 1. o\u017eujka 2021. godine<\/a><\/p>\n<p><a href=\"https:\/\/glazbena.hr\/wp-content\/uploads\/2021\/02\/Raspored-skolske-godine-2020.-2021.-4.A-od-15.2.2021..pdf\">Raspored \u0161kolske godine 2020. &#8211; 2021. &#8211; 4.A &#8211; od 15.2.2021.<\/a><\/p>\n<p><a href=\"https:\/\/glazbena.hr\/wp-content\/uploads\/2021\/02\/Raspored-skolske-godine-2020.-2021.-od-15.2.2021.-1.-i-3.-razredi-online.pdf\">Raspored \u0161kolske godine 2020. &#8211; 2021. &#8211; od 15.2.2021. (1. i 3. razredi &#8211; online)<\/a><\/p>\n<p><a href=\"https:\/\/glazbena.hr\/wp-content\/uploads\/2021\/02\/Raspored-skolske-godine-2020.-2021.-4.A-od-15.2.2021.-1.pdf\">Raspored \u0161kolske godine 2020. &#8211; 2021. &#8211; 4.A &#8211; od 15.2.2021.<\/a><\/p>\n<p><a href=\"https:\/\/glazbena.hr\/wp-content\/uploads\/2021\/02\/Odluka-o-organizaciji-nastave-u-Glazbenoj-skoli-u-Varazdinu-od-15.02.-do-28.2.2021..pdf\">Odluka o organizaciji nastave u Glazbenoj \u0161koli u Vara\u017edinu od 15.02. do 28.2.2021<\/a><\/p>\n<p><a href=\"https:\/\/glazbena.hr\/wp-content\/uploads\/2021\/01\/Odluka-o-organizaciji-nastave-od-01.02.-do-12.2.2021..pdf\">Odluka o organizaciji nastave od 01.02. do 12.2.2021.<\/a><\/p>\n<p><a href=\"https:\/\/glazbena.hr\/wp-content\/uploads\/2021\/01\/Raspored-skolske-godine-2020.-2021.-4.A.pdf\">Raspored \u0161kolske godine 2020. &#8211; 2021. &#8211; 4.A<\/a><\/p>\n<p><a href=\"https:\/\/glazbena.hr\/wp-content\/uploads\/2021\/01\/NOVO-Odluka-o-organizaciji-rada-Glazbene-skole-u-Varazdinu-od-18.01.-do-31.01.2021..pdf\">NOVO &#8211; Odluka o organizaciji rada Glazbene \u0161kole u Vara\u017edinu od 18.01. do 31.01.2021.<\/a><\/p>\n<p><a href=\"https:\/\/glazbena.hr\/wp-content\/uploads\/2021\/01\/Odluka-o-organizaciji-rada-Glazbene-skole-u-Varazdinu-od-18.01.-do-31.01.2021..pdf\">Odluka o organizaciji rada Glazbene \u0161kole u Vara\u017edinu od 18.01. do 31.01.2021.<\/a><\/p>\n<p><a href=\"https:\/\/glazbena.hr\/wp-content\/uploads\/2020\/11\/Odluka-o-promjeni-organizacije-rada-od-21.11.2020-1.pdf\">Odluka o promjeni organizacije rada od 21.11.2020 <\/a><\/p>\n<p><a href=\"https:\/\/glazbena.hr\/wp-content\/uploads\/2020\/10\/Preporuke-Zavoda-za-javno-zdravstvo-za-roditelje-za-vise-razrede-i-sredje-skole-samoizolacija-i-karantena.pdf\">Preporuke Zavoda za javno zdravstvo za roditelje za vi\u0161e razrede i srednje \u0161kole &#8211; samoizolacija i karantena<\/a><\/p>\n<p><a href=\"https:\/\/glazbena.hr\/wp-content\/uploads\/2020\/10\/Poziv-za-sufinanciranje-skolske-prehrane-u-sk.god_.-2020.2021.pdf\">Poziv za sufinanciranje \u0161kolske prehrane u \u0161kolskoj godini 2020. &#8211; 2021.<\/a><\/p>\n<p><a href=\"https:\/\/glazbena.hr\/wp-content\/uploads\/2020\/10\/Vijece-ucenika-poziv-5.10.2020.-u-1645-sati.pdf\">Vije\u0107e u\u010denika &#8211; poziv &#8211; 5.10.2020. u 16,45 sati<\/a><\/p>\n<p><a href=\"https:\/\/glazbena.hr\/wp-content\/uploads\/2020\/10\/Vijece-roditelja-poziv-5.10.2020.-u-1730-sati.pdf\">Vije\u0107e roditelja &#8211; poziv &#8211; 5.10.2020. u 17,30 sati<\/a><\/p>\n<p><a href=\"https:\/\/glazbena.hr\/wp-content\/uploads\/2020\/09\/aplikacija-za-izdavanje-potvrda-o-\u0161kolovanju.pdf\">Aplikacija za izdavanje potvrda o \u0161kolovanju<\/a><\/p>\n<p><a href=\"https:\/\/glazbena.hr\/wp-content\/uploads\/2020\/09\/Odjel-za-puha\u010dke-instrumente-raspored-novoupisanih-u\u010denika.pdf\">Odjel za puha\u010dke instrumente &#8211; raspored novoupisanih u\u010denika<\/a><\/p>\n<p><a href=\"https:\/\/glazbena.hr\/wp-content\/uploads\/2020\/09\/Upute-o-realizaciji-nastave-2020.-2021..pdf\">Upute o realizaciji nastave 2020.-2021.<\/a><\/p>\n<p><a href=\"https:\/\/glazbena.hr\/wp-content\/uploads\/2020\/08\/Vije\u0107e-u\u010denika-2.-rujna-2020.-u-1630-sati.pdf\">Vije\u0107e u\u010denika &#8211; 2. rujna 2020. u 16,30 sati<\/a><\/p>\n<p><a href=\"https:\/\/glazbena.hr\/wp-content\/uploads\/2020\/08\/Vije\u0107e-roditelja-2.-rujna-2020.-u-1730-sati.pdf\">Vije\u0107e roditelja &#8211; 2. rujna 2020. u 17,30 sati<\/a><\/p>\n<p><a href=\"https:\/\/glazbena.hr\/wp-content\/uploads\/2020\/07\/Podjela-svjedod\u017ebi-i-upis-u-vi\u0161i-razred-o\u0161-s\u0161-i-pr..pdf\">Podjela svjedod\u017ebi i upis u vi\u0161i razred &#8211; osnovna \u0161kola, srednja \u0161kola i pripremno obrazovanje<\/a><\/p>\n<p><a href=\"https:\/\/glazbena.hr\/wp-content\/uploads\/2020\/06\/Popis-ud\u017ebenika-za-op\u0107eobrazovne-predmete-za-\u0161k.god_.-2020.2021.pdf\">Popis ud\u017ebenika za op\u0107eobrazovne predmete za \u0161k.god. 2020.2021<\/a><\/p>\n<p><a href=\"https:\/\/glazbena.hr\/wp-content\/uploads\/2020\/06\/CIVZ_brosura.pdf\">CIVZ_brosura<\/a><\/p>\n<p><a href=\"https:\/\/glazbena.hr\/wp-content\/uploads\/2020\/06\/OBAVIJEST-O-POLAGANJU-ISPITA-IZ-PREDMETA-ZBORA-ZA-SREDNJU-GLAZBENU-\u0160KOLU-I-PRIPREMNO-OBRAZOVANJE.pdf\">Obavijest o polaganju ispita iz predmeta zbor za srednju glazbenu \u0161kolu i pripremno obrazovanje <\/a><\/p>\n<p><a href=\"https:\/\/glazbena.hr\/wp-content\/uploads\/2020\/06\/Brosura_Odaberi-svoju-skolu.pdf\">Bro\u0161ura_Odaberi svoju \u0161kolu<\/a><\/p>\n<p><a href=\"https:\/\/glazbena.hr\/wp-content\/uploads\/2020\/06\/Poveznice-za-polaganje-razrednog-ispita-iz-predmeta-Zbor-za-srednju-\u0161kolu.pdf\">Poveznica za polaganje razrednog ispita iz predmeta Zbor za srednju \u0161kolu<\/a><\/p>\n<p><a href=\"https:\/\/glazbena.hr\/wp-content\/uploads\/2020\/01\/2.-Priru\u010dnik-za-prijavu-ispita-Dr\u017eavne-mature-za-kandidate-2010_2019..pdf\">Priru\u010dnik-za-prijavu-ispita-Dr\u017eavne-mature-za-kandidate-2010_2019.<\/a><\/p>\n<p><a href=\"https:\/\/glazbena.hr\/wp-content\/uploads\/2020\/01\/Za\u0161tita-sigurnosti-djece-na-internetu-i-u-svijetu-mre\u017enih-tehnologija.pdf\">Za\u0161tita sigurnosti djece na internetu i u svijetu mre\u017enih tehnologija<\/a><\/p>\n<p><a href=\"https:\/\/glazbena.hr\/wp-content\/uploads\/2019\/10\/Jesenski-praznici.pdf\">Jesenski praznici<\/a><\/p>\n<p><a href=\"https:\/\/glazbena.hr\/wp-content\/uploads\/2019\/10\/Organizacija-odgojno-obrazovnog-rada-u-Glazbenoj-\u0161koli-u-Vara\u017edinu-21.-listopada-2019.pdf\">Organizacija odgojno &#8211; obrazovnog rada u Glazbenoj \u0161koli u Vara\u017edinu &#8211; 21. listopada 2019<\/a><\/p>\n<p><a href=\"https:\/\/glazbena.hr\/wp-content\/uploads\/2019\/10\/Vije\u0107e-roditelja-i-Vije\u0107e-u\u010denika-4.-listopada-2019..pdf\">Vije\u0107e roditelja i Vije\u0107e u\u010denika &#8211; 4. listopada 2019.<\/a><\/p>\n<p><a href=\"https:\/\/glazbena.hr\/wp-content\/uploads\/2019\/09\/OBAVIJEST-za-U\u010cENIKE-A-RAZREDA-SREDNJE-GLAZBENE-\u0160KOLE-OP\u0106EOBRAZOVNI-PREDMETI.pdf\">Obavijest za u\u010denike A razreda srednje glazbene \u0161kole (op\u0107eobrazovni predmeti)<\/a><\/p>\n<p><a href=\"https:\/\/glazbena.hr\/wp-content\/uploads\/2019\/09\/TALIJANSKI-JEZIK-1.-RAZRED-PRIPREMNOG-OBRAZOVANJA-OBAVIJEST-O-ODR\u017dAVANJU-NASTAVE.pdf\">Talijanski jezik &#8211; 1. razred pripremnog obrazovanja &#8211; obavijest o odr\u017eavanju nastave<\/a><\/p>\n<p><a href=\"https:\/\/glazbena.hr\/wp-content\/uploads\/2019\/09\/SREDNJA-GLAZBENA-\u0160KOLA-1.-DAN-9.-RUJNA-2019.-DOGOVOR-ZA-NASTAVU.pdf\">Srednja glazbena \u0161kola- dogovor za nastavu &#8211; 9. rujna 2019. <\/a><\/p>\n<p><a href=\"https:\/\/glazbena.hr\/wp-content\/uploads\/2019\/08\/Termini-Popravnih-i-Predmetnih-Razrednih-Ispita-jesenski-rok.pdf\">Termini Popravnih i Predmetnih-Razrednih Ispita &#8211; jesenski rok<\/a><\/p>\n<p><a href=\"https:\/\/glazbena.hr\/wp-content\/uploads\/2019\/06\/Termini-Dopunskog-rada-i-Razrednih-ispita-ljetni-rok-2018.-2019..pdf\">Termini Dopunskog rada i Razrednih ispita &#8211; ljetni rok 2018.-2019.<\/a><\/p>\n<p><a href=\"https:\/\/glazbena.hr\/wp-content\/uploads\/2019\/06\/Podjela-svjedod\u017ebi-za-osnovnu-glazbenu-\u0161kolu-pripremno-obrazovanje-i-srednju-glazbenu-\u0161kolu-te-podru\u010dne-odjele.pdf\">Podjela svjedod\u017ebi za osnovnu glazbenu \u0161kolu, pripremno obrazovanje i srednju glazbenu \u0161kolu te podru\u010dne odjele<\/a><\/p>\n<p>&nbsp;<\/p>\n","protected":false},"excerpt":{"rendered":"<p>Pilot-projekta besplatnoga javnog \u017eeljezni\u010dkog prijevoza djece i u\u010denika osnovnih i srednjih \u0161kola na podru\u010dju RH Dopis za roditelje &#8211; po\u010detak \u0161kolske godine 2022-2023. Dopis &#8211; Osiguranje u\u010denika &#8211; 2022.2023 SREDNJA GLAZBENA \u0160KOLA &#8211; organizacija 1. dana nastave Dopis za roditelje &#8211; po\u010detak \u0161kolske godine 2021-2022. Dopis &#8211; Osiguranje u\u010denika &#8211; 2021.2022 Upute-za-sprje\u010davanje-i-suzbijanje-epidemije-bolesti-COVID-19-vezano-uz-rad-pred\u0161kolskih-ustanova-osnovnih-i-srednjih-\u0161kola-u-\u0161kolskoj-godini-2021.-2022. Postupanje-s-bliskim-kontaktima-u-odgojno-obrazovnim-ustanovama-Mjera-zdravstvenog-nadzora-u-samoizolaciji Odluka o [&hellip;]<\/p>\n","protected":false},"author":11,"featured_media":0,"parent":0,"menu_order":0,"comment_status":"closed","ping_status":"closed","template":"","meta":{"footnotes":""},"class_list":["post-4667","page","type-page","status-publish","hentry"],"translation":{"provider":"WPGlobus","version":"3.0.0","language":"gb","enabled_languages":["hr","gb"],"languages":{"hr":{"title":true,"content":true,"excerpt":false},"gb":{"title":false,"content":false,"excerpt":false}}},"_links":{"self":[{"href":"https:\/\/glazbena.hr\/gb\/wp-json\/wp\/v2\/pages\/4667","targetHints":{"allow":["GET"]}}],"collection":[{"href":"https:\/\/glazbena.hr\/gb\/wp-json\/wp\/v2\/pages"}],"about":[{"href":"https:\/\/glazbena.hr\/gb\/wp-json\/wp\/v2\/types\/page"}],"author":[{"embeddable":true,"href":"https:\/\/glazbena.hr\/gb\/wp-json\/wp\/v2\/users\/11"}],"replies":[{"embeddable":true,"href":"https:\/\/glazbena.hr\/gb\/wp-json\/wp\/v2\/comments?post=4667"}],"version-history":[{"count":9,"href":"https:\/\/glazbena.hr\/gb\/wp-json\/wp\/v2\/pages\/4667\/revisions"}],"predecessor-version":[{"id":23017,"href":"https:\/\/glazbena.hr\/gb\/wp-json\/wp\/v2\/pages\/4667\/revisions\/23017"}],"wp:attachment":[{"href":"https:\/\/glazbena.hr\/gb\/wp-json\/wp\/v2\/media?parent=4667"}],"curies":[{"name":"wp","href":"https:\/\/api.w.org\/{rel}","templated":true}]}}