{"id":6013,"date":"2020-02-20T12:54:49","date_gmt":"2020-02-20T10:54:49","guid":{"rendered":"https:\/\/glazbena.hr\/?page_id=6013"},"modified":"2024-04-11T19:24:45","modified_gmt":"2024-04-11T18:24:45","slug":"impressum","status":"publish","type":"page","link":"https:\/\/glazbena.hr\/gb\/impressum\/","title":{"rendered":"Impressum"},"content":{"rendered":"<p><strong>Vara\u017edin School of Music<\/strong><\/p>\n<p><strong>Web design:<\/strong><\/p>\n<p><em>Domagoj Sigur<\/em><\/p>\n<p><em>Sanja Buhin<\/em><\/p>\n<p><strong>Editors:<\/strong><\/p>\n<p><em>Sanja Buhin<\/em><\/p>\n<p><em>Davor Mata\u010di\u0107<\/em><\/p>\n<p><em>Nikola Novak<\/em><\/p>\n<p><strong>Photos:<\/strong><\/p>\n<p>Foto agencija Sjever<\/p>\n<p><strong>Graphic design:<\/strong><\/p>\n<p>Tomislav Sovi\u0107<\/p>\n","protected":false},"excerpt":{"rendered":"<p>Vara\u017edin School of Music Web design: Domagoj Sigur Sanja Buhin Editors: Sanja Buhin Davor Mata\u010di\u0107 Nikola Novak Photos: Foto agencija Sjever Graphic design: Tomislav Sovi\u0107<\/p>\n","protected":false},"author":5,"featured_media":0,"parent":0,"menu_order":0,"comment_status":"closed","ping_status":"closed","template":"","meta":{"footnotes":""},"class_list":["post-6013","page","type-page","status-publish","hentry"],"translation":{"provider":"WPGlobus","version":"3.0.0","language":"gb","enabled_languages":["hr","gb"],"languages":{"hr":{"title":true,"content":true,"excerpt":false},"gb":{"title":true,"content":true,"excerpt":false}}},"_links":{"self":[{"href":"https:\/\/glazbena.hr\/gb\/wp-json\/wp\/v2\/pages\/6013","targetHints":{"allow":["GET"]}}],"collection":[{"href":"https:\/\/glazbena.hr\/gb\/wp-json\/wp\/v2\/pages"}],"about":[{"href":"https:\/\/glazbena.hr\/gb\/wp-json\/wp\/v2\/types\/page"}],"author":[{"embeddable":true,"href":"https:\/\/glazbena.hr\/gb\/wp-json\/wp\/v2\/users\/5"}],"replies":[{"embeddable":true,"href":"https:\/\/glazbena.hr\/gb\/wp-json\/wp\/v2\/comments?post=6013"}],"version-history":[{"count":6,"href":"https:\/\/glazbena.hr\/gb\/wp-json\/wp\/v2\/pages\/6013\/revisions"}],"predecessor-version":[{"id":30451,"href":"https:\/\/glazbena.hr\/gb\/wp-json\/wp\/v2\/pages\/6013\/revisions\/30451"}],"wp:attachment":[{"href":"https:\/\/glazbena.hr\/gb\/wp-json\/wp\/v2\/media?parent=6013"}],"curies":[{"name":"wp","href":"https:\/\/api.w.org\/{rel}","templated":true}]}}