{"id":6278,"date":"2020-04-17T11:07:53","date_gmt":"2020-04-17T09:07:53","guid":{"rendered":"https:\/\/glazbena.hr\/?page_id=6278"},"modified":"2022-07-15T12:47:09","modified_gmt":"2022-07-15T10:47:09","slug":"prijavljivanje-nepravilnosti","status":"publish","type":"page","link":"https:\/\/glazbena.hr\/gb\/prijavljivanje-nepravilnosti\/","title":{"rendered":"Prijavljivanje nepravilnosti"},"content":{"rendered":"<p><a href=\"https:\/\/glazbena.hr\/wp-content\/uploads\/2022\/07\/Odluka-o-imenovanju-povjerljive-osobe-i-osobe-koja-zamjenjuje-povjerljivu-osobu.pdf\" target=\"_blank\" rel=\"noopener\">Odluka o imenovanju povjerljive osobe i osobe koja zamjenjuje povjerljivu osobu<\/a><\/p>\n<p><a href=\"https:\/\/glazbena.hr\/wp-content\/uploads\/2022\/07\/Pravilnik-o-postupku-unutarnjeg-prijavljivanja-nepravilnosti.pdf\" target=\"_blank\" rel=\"noopener\">Pravilnik o postupku unutarnjeg prijavljivanja nepravilnosti<\/a><\/p>\n<p><a href=\"https:\/\/glazbena.hr\/wp-content\/uploads\/2022\/07\/Zakon-o-zastiti-prijavitelja-nepravilnosti.pdf\" target=\"_blank\" rel=\"noopener\">Zakon o za\u0161titi prijavitelja nepravilnosti<\/a><\/p>\n<p><a href=\"https:\/\/glazbena.hr\/wp-content\/uploads\/2020\/04\/Obrazac-prijava-unutarnje-nepravilnosti-u-Glazbenoj-\u0161koli-u-Vara\u017edinu.docx\">Obrazac &#8211; prijava unutarnje nepravilnosti u Glazbenoj \u0161koli u Vara\u017edinu<\/a><\/p>\n<p>&nbsp;<\/p>\n<p>&nbsp;<\/p>\n","protected":false},"excerpt":{"rendered":"<p>Odluka o imenovanju povjerljive osobe i osobe koja zamjenjuje povjerljivu osobu Pravilnik o postupku unutarnjeg prijavljivanja nepravilnosti Zakon o za\u0161titi prijavitelja nepravilnosti Obrazac &#8211; prijava unutarnje nepravilnosti u Glazbenoj \u0161koli u Vara\u017edinu &nbsp; &nbsp;<\/p>\n","protected":false},"author":5,"featured_media":0,"parent":0,"menu_order":0,"comment_status":"closed","ping_status":"closed","template":"","meta":{"footnotes":""},"class_list":["post-6278","page","type-page","status-publish","hentry"],"translation":{"provider":"WPGlobus","version":"3.0.0","language":"gb","enabled_languages":["hr","gb"],"languages":{"hr":{"title":true,"content":true,"excerpt":false},"gb":{"title":false,"content":false,"excerpt":false}}},"_links":{"self":[{"href":"https:\/\/glazbena.hr\/gb\/wp-json\/wp\/v2\/pages\/6278","targetHints":{"allow":["GET"]}}],"collection":[{"href":"https:\/\/glazbena.hr\/gb\/wp-json\/wp\/v2\/pages"}],"about":[{"href":"https:\/\/glazbena.hr\/gb\/wp-json\/wp\/v2\/types\/page"}],"author":[{"embeddable":true,"href":"https:\/\/glazbena.hr\/gb\/wp-json\/wp\/v2\/users\/5"}],"replies":[{"embeddable":true,"href":"https:\/\/glazbena.hr\/gb\/wp-json\/wp\/v2\/comments?post=6278"}],"version-history":[{"count":1,"href":"https:\/\/glazbena.hr\/gb\/wp-json\/wp\/v2\/pages\/6278\/revisions"}],"predecessor-version":[{"id":19873,"href":"https:\/\/glazbena.hr\/gb\/wp-json\/wp\/v2\/pages\/6278\/revisions\/19873"}],"wp:attachment":[{"href":"https:\/\/glazbena.hr\/gb\/wp-json\/wp\/v2\/media?parent=6278"}],"curies":[{"name":"wp","href":"https:\/\/api.w.org\/{rel}","templated":true}]}}