{"id":6310,"date":"2020-04-21T11:17:41","date_gmt":"2020-04-21T09:17:41","guid":{"rendered":"https:\/\/glazbena.hr\/?page_id=6310"},"modified":"2024-11-12T16:11:45","modified_gmt":"2024-11-12T15:11:45","slug":"obrasci","status":"publish","type":"page","link":"https:\/\/glazbena.hr\/gb\/obrasci\/","title":{"rendered":"Obrasci"},"content":{"rendered":"<p>U nastavku mo\u017eete na\u0107i potrebne obrasce Glazbene \u0161kole u Vara\u017edinu.<\/p>\n<p><strong><a href=\"https:\/\/glazbena.hr\/wp-content\/uploads\/2021\/04\/Zahtjev-za-umanjenje-ili-oslobodenje-placanja-participacije.doc\" target=\"_blank\" rel=\"noopener noreferrer\">Zahtjev za umanjenje ili oslobo\u0111enje pla\u0107anja participacije<\/a><\/strong><\/p>\n<p><strong><a href=\"https:\/\/glazbena.hr\/wp-content\/uploads\/2022\/11\/Zahtjev-za-ispis-iz-Glazbene-skole-u-Varazdinu.pdf\" target=\"_blank\" rel=\"noopener\">Zahtjev za ispis iz Glazbene \u0161kole u Vara\u017edinu<\/a><\/strong><\/p>\n<p><strong><a href=\"https:\/\/glazbena.hr\/wp-content\/uploads\/2024\/07\/Obrazac-molbe-za-ucenike-i-roditelje.doc\" target=\"_blank\" rel=\"noopener\">Obrazac molbe za u\u010denike i roditelje<\/a><\/strong><\/p>\n<p><a href=\"https:\/\/glazbena.hr\/wp-content\/uploads\/2023\/10\/2023.-Prijavnica_za_polaganje_ispita-akceleracija-1.doc\" target=\"_blank\" rel=\"noopener\"><strong>Prijavnica<\/strong> <strong>za polaganje ispita-akceleracija<\/strong><\/a><\/p>\n<p><strong><a href=\"https:\/\/glazbena.hr\/wp-content\/uploads\/2024\/11\/Zahtjev-za-izdavanje-duplikata-svjedodzbe.doc\" target=\"_blank\" rel=\"noopener\">Zahtjev za izdavanje duplikata svjedod\u017ebe<\/a><\/strong><\/p>\n<p><strong><a href=\"https:\/\/glazbena.hr\/wp-content\/uploads\/2024\/11\/Uputa-za-izdavanje-duplikata-svjedodzbe.doc\" target=\"_blank\" rel=\"noopener\">Uputa za izdavanje duplikata svjedod\u017ebe<\/a><\/strong><\/p>\n","protected":false},"excerpt":{"rendered":"<p>U nastavku mo\u017eete na\u0107i potrebne obrasce Glazbene \u0161kole u Vara\u017edinu. Zahtjev za umanjenje ili oslobo\u0111enje pla\u0107anja participacije Zahtjev za ispis iz Glazbene \u0161kole u Vara\u017edinu Obrazac molbe za u\u010denike i roditelje Prijavnica za polaganje ispita-akceleracija Zahtjev za izdavanje duplikata svjedod\u017ebe Uputa za izdavanje duplikata svjedod\u017ebe<\/p>\n","protected":false},"author":5,"featured_media":0,"parent":0,"menu_order":0,"comment_status":"closed","ping_status":"closed","template":"","meta":{"footnotes":""},"class_list":["post-6310","page","type-page","status-publish","hentry"],"translation":{"provider":"WPGlobus","version":"3.0.0","language":"gb","enabled_languages":["hr","gb"],"languages":{"hr":{"title":true,"content":true,"excerpt":false},"gb":{"title":false,"content":false,"excerpt":false}}},"_links":{"self":[{"href":"https:\/\/glazbena.hr\/gb\/wp-json\/wp\/v2\/pages\/6310","targetHints":{"allow":["GET"]}}],"collection":[{"href":"https:\/\/glazbena.hr\/gb\/wp-json\/wp\/v2\/pages"}],"about":[{"href":"https:\/\/glazbena.hr\/gb\/wp-json\/wp\/v2\/types\/page"}],"author":[{"embeddable":true,"href":"https:\/\/glazbena.hr\/gb\/wp-json\/wp\/v2\/users\/5"}],"replies":[{"embeddable":true,"href":"https:\/\/glazbena.hr\/gb\/wp-json\/wp\/v2\/comments?post=6310"}],"version-history":[{"count":6,"href":"https:\/\/glazbena.hr\/gb\/wp-json\/wp\/v2\/pages\/6310\/revisions"}],"predecessor-version":[{"id":37110,"href":"https:\/\/glazbena.hr\/gb\/wp-json\/wp\/v2\/pages\/6310\/revisions\/37110"}],"wp:attachment":[{"href":"https:\/\/glazbena.hr\/gb\/wp-json\/wp\/v2\/media?parent=6310"}],"curies":[{"name":"wp","href":"https:\/\/api.w.org\/{rel}","templated":true}]}}