{"id":6327,"date":"2020-04-21T20:43:12","date_gmt":"2020-04-21T18:43:12","guid":{"rendered":"https:\/\/glazbena.hr\/?page_id=6327"},"modified":"2020-05-14T18:48:11","modified_gmt":"2020-05-14T16:48:11","slug":"skolska-vijeca","status":"publish","type":"page","link":"https:\/\/glazbena.hr\/gb\/skolska-vijeca\/","title":{"rendered":"\u0160kolska vije\u0107a"},"content":{"rendered":"<p>U Glazbenoj \u0161koli u Vara\u017edinu postoje sljede\u0107a vije\u0107a, a vi\u0161e o svakom mo\u017eete pro\u010ditati u nastavku.<\/p>\n<p>1. \u0160kolski odbor<br \/>\n2. Vije\u0107e roditelja<br \/>\n3. Vije\u0107e u\u010denika<br \/>\n4. Vije\u0107e voditelja odjela<br \/>\n5. Nastavni\u010dko vije\u0107e<\/p>\n<p>&nbsp;<\/p>\n<p><a href=\"https:\/\/glazbena.hr\/wp-content\/uploads\/2020\/05\/MG_1218.jpg\"><img loading=\"lazy\" decoding=\"async\" class=\"alignleft wp-image-6439 size-large\" src=\"https:\/\/glazbena.hr\/wp-content\/uploads\/2020\/05\/MG_1218-1024x682.jpg\" alt=\"\" width=\"1024\" height=\"682\" srcset=\"https:\/\/glazbena.hr\/wp-content\/uploads\/2020\/05\/MG_1218-1024x682.jpg 1024w, https:\/\/glazbena.hr\/wp-content\/uploads\/2020\/05\/MG_1218-300x200.jpg 300w, https:\/\/glazbena.hr\/wp-content\/uploads\/2020\/05\/MG_1218-768x512.jpg 768w, https:\/\/glazbena.hr\/wp-content\/uploads\/2020\/05\/MG_1218-1536x1023.jpg 1536w, https:\/\/glazbena.hr\/wp-content\/uploads\/2020\/05\/MG_1218.jpg 1732w\" sizes=\"auto, (max-width: 1024px) 100vw, 1024px\" \/><\/a><\/p>\n","protected":false},"excerpt":{"rendered":"<p>U Glazbenoj \u0161koli u Vara\u017edinu postoje sljede\u0107a vije\u0107a, a vi\u0161e o svakom mo\u017eete pro\u010ditati u nastavku. 1. \u0160kolski odbor 2. Vije\u0107e roditelja 3. Vije\u0107e u\u010denika 4. Vije\u0107e voditelja odjela 5. Nastavni\u010dko vije\u0107e &nbsp;<\/p>\n","protected":false},"author":5,"featured_media":0,"parent":0,"menu_order":0,"comment_status":"closed","ping_status":"closed","template":"","meta":{"footnotes":""},"class_list":["post-6327","page","type-page","status-publish","hentry"],"translation":{"provider":"WPGlobus","version":"3.0.0","language":"gb","enabled_languages":["hr","gb"],"languages":{"hr":{"title":true,"content":true,"excerpt":false},"gb":{"title":false,"content":false,"excerpt":false}}},"_links":{"self":[{"href":"https:\/\/glazbena.hr\/gb\/wp-json\/wp\/v2\/pages\/6327","targetHints":{"allow":["GET"]}}],"collection":[{"href":"https:\/\/glazbena.hr\/gb\/wp-json\/wp\/v2\/pages"}],"about":[{"href":"https:\/\/glazbena.hr\/gb\/wp-json\/wp\/v2\/types\/page"}],"author":[{"embeddable":true,"href":"https:\/\/glazbena.hr\/gb\/wp-json\/wp\/v2\/users\/5"}],"replies":[{"embeddable":true,"href":"https:\/\/glazbena.hr\/gb\/wp-json\/wp\/v2\/comments?post=6327"}],"version-history":[{"count":0,"href":"https:\/\/glazbena.hr\/gb\/wp-json\/wp\/v2\/pages\/6327\/revisions"}],"wp:attachment":[{"href":"https:\/\/glazbena.hr\/gb\/wp-json\/wp\/v2\/media?parent=6327"}],"curies":[{"name":"wp","href":"https:\/\/api.w.org\/{rel}","templated":true}]}}