{"id":6461,"date":"2020-05-27T12:04:05","date_gmt":"2020-05-27T10:04:05","guid":{"rendered":"https:\/\/glazbena.hr\/?page_id=6461"},"modified":"2023-06-09T14:10:39","modified_gmt":"2023-06-09T13:10:39","slug":"pretprijava-predskolski-programi","status":"publish","type":"page","link":"https:\/\/glazbena.hr\/gb\/pretprijava-predskolski-programi\/","title":{"rendered":"Pretprijava za upis u pred\u0161kolske programe"},"content":{"rendered":"<p>U pred\u0161kolske programe upisuju se, u pravilu, djeca s najmanje \u010detiri (4), a najvi\u0161e sedam (7) godina starosti.<br \/>\nNatje\u010daj za upis u\u010denika u pred\u0161kolske programe i termini prijemnih audicija bit \u0107e objavljeni na mre\u017enoj stranici i oglasnoj plo\u010di \u0160kole te na Facebook stranici Glazbene \u0161kole u Vara\u017edinu.<br \/>\nZa ljetni upisni rok pretprijave \u0107e biti otvorene od<strong> 10. svibnja 2023. do 5. lipnja 2023. godine. Po zavr\u0161etku pretprijava svi roditelji\/skrbnici bit \u0107e kontaktirani u vezi dogovora to\u010dnog termina prijemne audicije. <\/strong><\/p>\n<p><strong>Zbog velikog interesa rok za pretprijave se produ\u017euje do 8. lipnja 2023.<\/strong><\/p>\n<p><strong>Predvi\u0111eni termini odr\u017eavanja prijemnih audicija i upis u ljetnom upisnom roku:<\/strong><\/p>\n<p><strong>Pred\u0161kolski zbor, Po\u010detni\u010dki solfeggio, Mala \u0161kola blok flaute, Mala \u0161kola violine, Mala \u0161kola klavira \u2013 prijemne audicije od 12. do 15. lipnja 2023.<\/strong><\/p>\n<p><strong>Objava rezultata &#8211; 16. lipnja 2023. godine<\/strong><\/p>\n<p><strong>Upis u\u010denika je planiran 19. i 20. lipnja 2023. godine.<br \/>\n<\/strong><\/p>\n<p>&nbsp;<\/p>\n<p><a href=\"https:\/\/glazbena.hr\/wp-content\/uploads\/2023\/05\/Natjecaj-za-upis-ucenika-u-predskolske-programe-2023.2024.pdf\" target=\"_blank\" rel=\"noopener\">Natje\u010daj za upis u\u010denika u pred\u0161kolske programe &#8211; 2023.2024<\/a><\/p>\n<p><a href=\"https:\/\/glazbena.hr\/wp-content\/uploads\/2023\/05\/Pravilnik-o-organizaciji-i-provodenju-prijemne-audicije-za-upis-kandidata-u-predskolske-programe-od-9.5.2023..pdf\" target=\"_blank\" rel=\"noopener\">Pravilnik o organizaciji i provo\u0111enju prijemne audicije za upis kandidata u pred\u0161kolske programe od 9.5.2023.<\/a><\/p>\n<p><a href=\"https:\/\/glazbena.hr\/wp-content\/uploads\/2023\/05\/Odluke-o-visini-participacije-roditelja-predskolski-programi.pdf\" target=\"_blank\" rel=\"noopener\">Odluke o visini participacije roditelja &#8211; pred\u0161kolski programi<\/a><\/p>\n<p><a href=\"https:\/\/glazbena.hr\/wp-content\/uploads\/2023\/05\/PRIJAVNICA-za-AUDICIJU-predskolski-programi.docx\" target=\"_blank\" rel=\"noopener\">PRIJAVNICA-za-AUDICIJU-pred\u0161kolski programi<\/a><\/p>\n<p><a href=\"https:\/\/glazbena.hr\/wp-content\/uploads\/2023\/05\/Privola-ucenika-Glazebne-skole-u-Varazdinu-za-audiciju-predskolski-programi.doc\" target=\"_blank\" rel=\"noopener\">Privola u\u010denika Glazbene \u0161kole u Vara\u017edinu &#8211; za audiciju &#8211; pred\u0161kolski programi<\/a><\/p>\n<hr \/>\n<p>&nbsp;<\/p>\n","protected":false},"excerpt":{"rendered":"<p>U pred\u0161kolske programe upisuju se, u pravilu, djeca s najmanje \u010detiri (4), a najvi\u0161e sedam (7) godina starosti. Natje\u010daj za upis u\u010denika u pred\u0161kolske programe i termini prijemnih audicija bit \u0107e objavljeni na mre\u017enoj stranici i oglasnoj plo\u010di \u0160kole te na Facebook stranici Glazbene \u0161kole u Vara\u017edinu. Za ljetni upisni rok pretprijave \u0107e biti otvorene [&hellip;]<\/p>\n","protected":false},"author":5,"featured_media":0,"parent":0,"menu_order":0,"comment_status":"closed","ping_status":"closed","template":"","meta":{"footnotes":""},"class_list":["post-6461","page","type-page","status-publish","hentry"],"translation":{"provider":"WPGlobus","version":"3.0.0","language":"gb","enabled_languages":["hr","gb"],"languages":{"hr":{"title":true,"content":true,"excerpt":false},"gb":{"title":false,"content":false,"excerpt":false}}},"_links":{"self":[{"href":"https:\/\/glazbena.hr\/gb\/wp-json\/wp\/v2\/pages\/6461","targetHints":{"allow":["GET"]}}],"collection":[{"href":"https:\/\/glazbena.hr\/gb\/wp-json\/wp\/v2\/pages"}],"about":[{"href":"https:\/\/glazbena.hr\/gb\/wp-json\/wp\/v2\/types\/page"}],"author":[{"embeddable":true,"href":"https:\/\/glazbena.hr\/gb\/wp-json\/wp\/v2\/users\/5"}],"replies":[{"embeddable":true,"href":"https:\/\/glazbena.hr\/gb\/wp-json\/wp\/v2\/comments?post=6461"}],"version-history":[{"count":18,"href":"https:\/\/glazbena.hr\/gb\/wp-json\/wp\/v2\/pages\/6461\/revisions"}],"predecessor-version":[{"id":24569,"href":"https:\/\/glazbena.hr\/gb\/wp-json\/wp\/v2\/pages\/6461\/revisions\/24569"}],"wp:attachment":[{"href":"https:\/\/glazbena.hr\/gb\/wp-json\/wp\/v2\/media?parent=6461"}],"curies":[{"name":"wp","href":"https:\/\/api.w.org\/{rel}","templated":true}]}}